{"id":19559,"date":"2023-05-09T18:00:07","date_gmt":"2023-05-09T16:00:07","guid":{"rendered":"https:\/\/librairie7l.com\/?post_type=product&#038;p=19559"},"modified":"2026-04-17T01:39:01","modified_gmt":"2026-04-16T23:39:01","slug":"louis-benech-douze-jardins-ailleurs","status":"publish","type":"product","link":"https:\/\/librairie7l.com\/en\/produit\/louis-benech-douze-jardins-ailleurs\/","title":{"rendered":"LOUIS BENECH, DOUZE JARDINS AILLEURS"},"content":{"rendered":"<p>Louis Benech est venu au jardin par amour des plantes. Apr\u00e8s des \u00e9tudes de droit, il part travailler en Angleterre comme ouvrier horticole dans les c\u00e9l\u00e8bres p\u00e9pini\u00e8res Hillier. Passionn\u00e9 par ce qu&#8217;il y apprend, il rentre en France et devient jardinier dans une propri\u00e9t\u00e9 priv\u00e9e de Normandie. En 1985, il entame sa carri\u00e8re de paysagiste. Cinq ans plus tard, il est charg\u00e9, avec Pascal Cribier et Fran\u00e7ois Roubaud, du r\u00e9am\u00e9nagement de la partie ancienne du jardin des Tuileries.<br \/>\nIl est lanc\u00e9. Depuis, il a con\u00e7u et r\u00e9alis\u00e9 plus de 400 projets, publics et priv\u00e9s. De la Cor\u00e9e au Panama, au Canada, aux Etats-Unis, en Gr\u00e8ce ou au Maroc. Travaillant essentiellement pour des particuliers, il a \u00e9galement eu comme commanditaires de grandes entreprises telles qu&#8217;Axa, Herm\u00e8s ou Suez. Il a aussi travaill\u00e9 sur de nombreux jardins \u00e9tablis comme les jardins de l&#8217;Elys\u00e9e, du Quai d&#8217;Orsay, le Palais d&#8217;Achilleion \u00e0 Corfou, le domaine de Chaumont-sur-Loire.<br \/>\nOn lui a aussi r\u00e9cemment confi\u00e9 la promenade paysag\u00e8re du quadrilat\u00e8re des Archives Nationales \u00e0 Paris et a r\u00e9alis\u00e9 pour le Ch\u00e2teau de Versailles l&#8217;am\u00e9nagement paysager du Bosquet du Th\u00e9\u00e2tre d&#8217;Eau. Pour chacune de ses r\u00e9alisations Louis Benech s&#8217;attache \u00e0 cr\u00e9er une v\u00e9ritable harmonie entre le projet paysager et l&#8217;environnement architectural ou naturel du site. Id\u00e9alement, il souhaiterait qu&#8217;on ne devine pas qu&#8217;il y est intervenu&#8230;<br \/>\nUne attention particuli\u00e8re est port\u00e9e sur la fa\u00e7on la plus \u00e9conomique de garantir la p\u00e9rennit\u00e9 de ses jardins. L&#8217;\u00e9diteur et le journaliste Eric Jansen ont imagin\u00e9 un ouvrage \u00e9l\u00e9gant et accessible afin de rendre compte de ce travail tout en d\u00e9licatesse.<\/p>\n","protected":false},"excerpt":{"rendered":"<p>Louis Benech est venu au jardin par amour des plantes. Apr\u00e8s des \u00e9tudes de droit, il part travailler en Angleterre comme ouvrier horticole dans les c\u00e9l\u00e8bres p\u00e9pini\u00e8res Hillier. Passionn\u00e9 par ce qu&#8217;il y apprend, il rentre en France et devient jardinier dans une propri\u00e9t\u00e9 priv\u00e9e de Normandie. En 1985, il entame sa carri\u00e8re de paysagiste. [&hellip;]<\/p>\n","protected":false},"featured_media":19557,"template":"","meta":[],"product_cat":[2948,2956],"product_tag":[],"acf":[],"yoast_head":"<!-- This site is optimized with the Yoast SEO plugin v20.11 - https:\/\/yoast.com\/wordpress\/plugins\/seo\/ -->\n<title>LOUIS BENECH, DOUZE JARDINS AILLEURS - Librairie 7L<\/title>\n<meta name=\"robots\" content=\"index, follow, max-snippet:-1, max-image-preview:large, max-video-preview:-1\" \/>\n<link rel=\"canonical\" href=\"https:\/\/librairie7l.com\/en\/produit\/louis-benech-douze-jardins-ailleurs\/\" \/>\n<meta property=\"og:locale\" content=\"en_US\" \/>\n<meta property=\"og:type\" content=\"article\" \/>\n<meta property=\"og:title\" content=\"LOUIS BENECH, DOUZE JARDINS AILLEURS - Librairie 7L\" \/>\n<meta property=\"og:description\" content=\"Louis Benech est venu au jardin par amour des plantes. Apr\u00e8s des \u00e9tudes de droit, il part travailler en Angleterre comme ouvrier horticole dans les c\u00e9l\u00e8bres p\u00e9pini\u00e8res Hillier. Passionn\u00e9 par ce qu&#8217;il y apprend, il rentre en France et devient jardinier dans une propri\u00e9t\u00e9 priv\u00e9e de Normandie. En 1985, il entame sa carri\u00e8re de paysagiste. [&hellip;]\" \/>\n<meta property=\"og:url\" content=\"https:\/\/librairie7l.com\/en\/produit\/louis-benech-douze-jardins-ailleurs\/\" \/>\n<meta property=\"og:site_name\" content=\"Librairie 7L\" \/>\n<meta property=\"article:modified_time\" content=\"2026-04-16T23:39:01+00:00\" \/>\n<meta property=\"og:image\" content=\"https:\/\/librairie7l.com\/wp-content\/uploads\/2020\/08\/9782353403141_1_75.jpg\" \/>\n\t<meta property=\"og:image:width\" content=\"204\" \/>\n\t<meta property=\"og:image:height\" content=\"237\" \/>\n\t<meta property=\"og:image:type\" content=\"image\/jpeg\" \/>\n<meta name=\"twitter:card\" content=\"summary_large_image\" \/>\n<meta name=\"twitter:label1\" content=\"Est. reading time\" \/>\n\t<meta name=\"twitter:data1\" content=\"1 minute\" \/>\n<script type=\"application\/ld+json\" class=\"yoast-schema-graph\">{\"@context\":\"https:\/\/schema.org\",\"@graph\":[{\"@type\":\"WebPage\",\"@id\":\"https:\/\/librairie7l.com\/en\/produit\/louis-benech-douze-jardins-ailleurs\/\",\"url\":\"https:\/\/librairie7l.com\/en\/produit\/louis-benech-douze-jardins-ailleurs\/\",\"name\":\"LOUIS BENECH, DOUZE JARDINS AILLEURS - Librairie 7L\",\"isPartOf\":{\"@id\":\"https:\/\/librairie7l.com\/en\/#website\"},\"datePublished\":\"2023-05-09T16:00:07+00:00\",\"dateModified\":\"2026-04-16T23:39:01+00:00\",\"breadcrumb\":{\"@id\":\"https:\/\/librairie7l.com\/en\/produit\/louis-benech-douze-jardins-ailleurs\/#breadcrumb\"},\"inLanguage\":\"en-US\",\"potentialAction\":[{\"@type\":\"ReadAction\",\"target\":[\"https:\/\/librairie7l.com\/en\/produit\/louis-benech-douze-jardins-ailleurs\/\"]}]},{\"@type\":\"BreadcrumbList\",\"@id\":\"https:\/\/librairie7l.com\/en\/produit\/louis-benech-douze-jardins-ailleurs\/#breadcrumb\",\"itemListElement\":[{\"@type\":\"ListItem\",\"position\":1,\"name\":\"Accueil\",\"item\":\"https:\/\/librairie7l.com\/en\/\"},{\"@type\":\"ListItem\",\"position\":2,\"name\":\"Shop\",\"item\":\"https:\/\/librairie7l.com\/en\/shop\/\"},{\"@type\":\"ListItem\",\"position\":3,\"name\":\"LOUIS BENECH, DOUZE JARDINS AILLEURS\"}]},{\"@type\":\"WebSite\",\"@id\":\"https:\/\/librairie7l.com\/en\/#website\",\"url\":\"https:\/\/librairie7l.com\/en\/\",\"name\":\"Librairie 7L\",\"description\":\"Librairie fond\u00e9e en 1999 par Karl Lagerfeld \u00e0 Paris\",\"publisher\":{\"@id\":\"https:\/\/librairie7l.com\/en\/#organization\"},\"potentialAction\":[{\"@type\":\"SearchAction\",\"target\":{\"@type\":\"EntryPoint\",\"urlTemplate\":\"https:\/\/librairie7l.com\/en\/?s={search_term_string}\"},\"query-input\":\"required name=search_term_string\"}],\"inLanguage\":\"en-US\"},{\"@type\":\"Organization\",\"@id\":\"https:\/\/librairie7l.com\/en\/#organization\",\"name\":\"Librairie 7L\",\"url\":\"https:\/\/librairie7l.com\/en\/\",\"logo\":{\"@type\":\"ImageObject\",\"inLanguage\":\"en-US\",\"@id\":\"https:\/\/librairie7l.com\/en\/#\/schema\/logo\/image\/\",\"url\":\"https:\/\/librairie7l.com\/wp-content\/uploads\/2022\/08\/logo-1.png\",\"contentUrl\":\"https:\/\/librairie7l.com\/wp-content\/uploads\/2022\/08\/logo-1.png\",\"width\":227,\"height\":301,\"caption\":\"Librairie 7L\"},\"image\":{\"@id\":\"https:\/\/librairie7l.com\/en\/#\/schema\/logo\/image\/\"}}]}<\/script>\n<!-- \/ Yoast SEO plugin. -->","yoast_head_json":{"title":"LOUIS BENECH, DOUZE JARDINS AILLEURS - Librairie 7L","robots":{"index":"index","follow":"follow","max-snippet":"max-snippet:-1","max-image-preview":"max-image-preview:large","max-video-preview":"max-video-preview:-1"},"canonical":"https:\/\/librairie7l.com\/en\/produit\/louis-benech-douze-jardins-ailleurs\/","og_locale":"en_US","og_type":"article","og_title":"LOUIS BENECH, DOUZE JARDINS AILLEURS - Librairie 7L","og_description":"Louis Benech est venu au jardin par amour des plantes. Apr\u00e8s des \u00e9tudes de droit, il part travailler en Angleterre comme ouvrier horticole dans les c\u00e9l\u00e8bres p\u00e9pini\u00e8res Hillier. Passionn\u00e9 par ce qu&#8217;il y apprend, il rentre en France et devient jardinier dans une propri\u00e9t\u00e9 priv\u00e9e de Normandie. En 1985, il entame sa carri\u00e8re de paysagiste. [&hellip;]","og_url":"https:\/\/librairie7l.com\/en\/produit\/louis-benech-douze-jardins-ailleurs\/","og_site_name":"Librairie 7L","article_modified_time":"2026-04-16T23:39:01+00:00","og_image":[{"width":204,"height":237,"url":"https:\/\/librairie7l.com\/wp-content\/uploads\/2020\/08\/9782353403141_1_75.jpg","type":"image\/jpeg"}],"twitter_card":"summary_large_image","twitter_misc":{"Est. reading time":"1 minute"},"schema":{"@context":"https:\/\/schema.org","@graph":[{"@type":"WebPage","@id":"https:\/\/librairie7l.com\/en\/produit\/louis-benech-douze-jardins-ailleurs\/","url":"https:\/\/librairie7l.com\/en\/produit\/louis-benech-douze-jardins-ailleurs\/","name":"LOUIS BENECH, DOUZE JARDINS AILLEURS - Librairie 7L","isPartOf":{"@id":"https:\/\/librairie7l.com\/en\/#website"},"datePublished":"2023-05-09T16:00:07+00:00","dateModified":"2026-04-16T23:39:01+00:00","breadcrumb":{"@id":"https:\/\/librairie7l.com\/en\/produit\/louis-benech-douze-jardins-ailleurs\/#breadcrumb"},"inLanguage":"en-US","potentialAction":[{"@type":"ReadAction","target":["https:\/\/librairie7l.com\/en\/produit\/louis-benech-douze-jardins-ailleurs\/"]}]},{"@type":"BreadcrumbList","@id":"https:\/\/librairie7l.com\/en\/produit\/louis-benech-douze-jardins-ailleurs\/#breadcrumb","itemListElement":[{"@type":"ListItem","position":1,"name":"Accueil","item":"https:\/\/librairie7l.com\/en\/"},{"@type":"ListItem","position":2,"name":"Shop","item":"https:\/\/librairie7l.com\/en\/shop\/"},{"@type":"ListItem","position":3,"name":"LOUIS BENECH, DOUZE JARDINS AILLEURS"}]},{"@type":"WebSite","@id":"https:\/\/librairie7l.com\/en\/#website","url":"https:\/\/librairie7l.com\/en\/","name":"Librairie 7L","description":"Librairie fond\u00e9e en 1999 par Karl Lagerfeld \u00e0 Paris","publisher":{"@id":"https:\/\/librairie7l.com\/en\/#organization"},"potentialAction":[{"@type":"SearchAction","target":{"@type":"EntryPoint","urlTemplate":"https:\/\/librairie7l.com\/en\/?s={search_term_string}"},"query-input":"required name=search_term_string"}],"inLanguage":"en-US"},{"@type":"Organization","@id":"https:\/\/librairie7l.com\/en\/#organization","name":"Librairie 7L","url":"https:\/\/librairie7l.com\/en\/","logo":{"@type":"ImageObject","inLanguage":"en-US","@id":"https:\/\/librairie7l.com\/en\/#\/schema\/logo\/image\/","url":"https:\/\/librairie7l.com\/wp-content\/uploads\/2022\/08\/logo-1.png","contentUrl":"https:\/\/librairie7l.com\/wp-content\/uploads\/2022\/08\/logo-1.png","width":227,"height":301,"caption":"Librairie 7L"},"image":{"@id":"https:\/\/librairie7l.com\/en\/#\/schema\/logo\/image\/"}}]}},"_links":{"self":[{"href":"https:\/\/librairie7l.com\/en\/wp-json\/wp\/v2\/product\/19559"}],"collection":[{"href":"https:\/\/librairie7l.com\/en\/wp-json\/wp\/v2\/product"}],"about":[{"href":"https:\/\/librairie7l.com\/en\/wp-json\/wp\/v2\/types\/product"}],"wp:featuredmedia":[{"embeddable":true,"href":"https:\/\/librairie7l.com\/en\/wp-json\/wp\/v2\/media\/19557"}],"wp:attachment":[{"href":"https:\/\/librairie7l.com\/en\/wp-json\/wp\/v2\/media?parent=19559"}],"wp:term":[{"taxonomy":"product_cat","embeddable":true,"href":"https:\/\/librairie7l.com\/en\/wp-json\/wp\/v2\/product_cat?post=19559"},{"taxonomy":"product_tag","embeddable":true,"href":"https:\/\/librairie7l.com\/en\/wp-json\/wp\/v2\/product_tag?post=19559"}],"curies":[{"name":"wp","href":"https:\/\/api.w.org\/{rel}","templated":true}]}}