{"id":19599,"date":"2023-05-09T18:00:39","date_gmt":"2023-05-09T16:00:39","guid":{"rendered":"https:\/\/librairie7l.com\/?post_type=product&#038;p=19599"},"modified":"2026-04-17T06:03:28","modified_gmt":"2026-04-17T04:03:28","slug":"lescalier-de-cristal-le-luxe-a-paris-1809-1923","status":"publish","type":"product","link":"https:\/\/librairie7l.com\/en\/produit\/lescalier-de-cristal-le-luxe-a-paris-1809-1923\/","title":{"rendered":"L&#8217;ESCALIER DE CRISTAL : LE LUXE \u00c0 PARIS 1809-1923"},"content":{"rendered":"<p>L&#8217;Escalier de cristal, un magasin de grande renomm\u00e9e qui, du Palais- Royal \u00e0 l&#8217;Op\u00e9ra, s&#8217;est maintenu de l&#8217;Empire jusqu&#8217;\u00e0 1923. Il s&#8217;inscrit dans une histoire familiale, dont l&#8217;un des auteurs de ce livre est l&#8217;h\u00e9ritier.<br \/>\nL&#8217;histoire commence par l&#8217;entr\u00e9e en sc\u00e8ne de Mme D\u00e9sarnaud. En assemblant de fa\u00e7on originale et spectaculaire le cristal taill\u00e9 et le bronze dor\u00e9, elle acquiert rapidement une grande renomm\u00e9e. Durant le Premier Empire, elle fait installer un escalier surprenant et f\u00e9\u00e9rique dont le nom seul ne pouvait qu&#8217;exciter la curiosit\u00e9 du public et des chroniqueurs. Sous la monarchie de Juillet, \u00c9mile Pannier reprend le magasin avec brio. Ses deux fils, Georges et Henry, dot\u00e9s d&#8217;une solide formation, deviennent des hommes de go\u00fbt. Captateurs et cr\u00e9ateurs de modes, ils parviennent \u00e0 maintenir, dans le domaine de la d\u00e9coration, une tradition de haute qualit\u00e9, en essayant parall\u00e8lement de s&#8217;adapter aux modes du jour.<br \/>\nNotre ouvrage permettra, nous l&#8217;esp\u00e9rons, de faire mieux conna\u00eetre l&#8217;histoire du commerce du luxe, et plus largement celle de la bourgeoisie, de son ascension, de ses conduites, de ses pratiques et de ses go\u00fbts.<\/p>\n","protected":false},"excerpt":{"rendered":"<p>L&#8217;Escalier de cristal, un magasin de grande renomm\u00e9e qui, du Palais- Royal \u00e0 l&#8217;Op\u00e9ra, s&#8217;est maintenu de l&#8217;Empire jusqu&#8217;\u00e0 1923. Il s&#8217;inscrit dans une histoire familiale, dont l&#8217;un des auteurs de ce livre est l&#8217;h\u00e9ritier. L&#8217;histoire commence par l&#8217;entr\u00e9e en sc\u00e8ne de Mme D\u00e9sarnaud. En assemblant de fa\u00e7on originale et spectaculaire le cristal taill\u00e9 et [&hellip;]<\/p>\n","protected":false},"featured_media":19597,"template":"","meta":[],"product_cat":[2948,2952],"product_tag":[],"acf":[],"yoast_head":"<!-- This site is optimized with the Yoast SEO plugin v20.11 - https:\/\/yoast.com\/wordpress\/plugins\/seo\/ -->\n<title>L&#039;ESCALIER DE CRISTAL : LE LUXE \u00c0 PARIS 1809-1923 - Librairie 7L<\/title>\n<meta name=\"robots\" content=\"index, follow, max-snippet:-1, max-image-preview:large, max-video-preview:-1\" \/>\n<link rel=\"canonical\" href=\"https:\/\/librairie7l.com\/en\/produit\/lescalier-de-cristal-le-luxe-a-paris-1809-1923\/\" \/>\n<meta property=\"og:locale\" content=\"en_US\" \/>\n<meta property=\"og:type\" content=\"article\" \/>\n<meta property=\"og:title\" content=\"L&#039;ESCALIER DE CRISTAL : LE LUXE \u00c0 PARIS 1809-1923 - Librairie 7L\" \/>\n<meta property=\"og:description\" content=\"L&#8217;Escalier de cristal, un magasin de grande renomm\u00e9e qui, du Palais- Royal \u00e0 l&#8217;Op\u00e9ra, s&#8217;est maintenu de l&#8217;Empire jusqu&#8217;\u00e0 1923. Il s&#8217;inscrit dans une histoire familiale, dont l&#8217;un des auteurs de ce livre est l&#8217;h\u00e9ritier. L&#8217;histoire commence par l&#8217;entr\u00e9e en sc\u00e8ne de Mme D\u00e9sarnaud. En assemblant de fa\u00e7on originale et spectaculaire le cristal taill\u00e9 et [&hellip;]\" \/>\n<meta property=\"og:url\" content=\"https:\/\/librairie7l.com\/en\/produit\/lescalier-de-cristal-le-luxe-a-paris-1809-1923\/\" \/>\n<meta property=\"og:site_name\" content=\"Librairie 7L\" \/>\n<meta property=\"article:modified_time\" content=\"2026-04-17T04:03:28+00:00\" \/>\n<meta property=\"og:image\" content=\"https:\/\/librairie7l.com\/wp-content\/uploads\/2021\/12\/9791096561339_1_75.jpg\" \/>\n\t<meta property=\"og:image:width\" content=\"434\" \/>\n\t<meta property=\"og:image:height\" content=\"506\" \/>\n\t<meta property=\"og:image:type\" content=\"image\/jpeg\" \/>\n<meta name=\"twitter:card\" content=\"summary_large_image\" \/>\n<meta name=\"twitter:label1\" content=\"Est. reading time\" \/>\n\t<meta name=\"twitter:data1\" content=\"1 minute\" \/>\n<script type=\"application\/ld+json\" class=\"yoast-schema-graph\">{\"@context\":\"https:\/\/schema.org\",\"@graph\":[{\"@type\":\"WebPage\",\"@id\":\"https:\/\/librairie7l.com\/en\/produit\/lescalier-de-cristal-le-luxe-a-paris-1809-1923\/\",\"url\":\"https:\/\/librairie7l.com\/en\/produit\/lescalier-de-cristal-le-luxe-a-paris-1809-1923\/\",\"name\":\"L'ESCALIER DE CRISTAL : LE LUXE \u00c0 PARIS 1809-1923 - Librairie 7L\",\"isPartOf\":{\"@id\":\"https:\/\/librairie7l.com\/en\/#website\"},\"datePublished\":\"2023-05-09T16:00:39+00:00\",\"dateModified\":\"2026-04-17T04:03:28+00:00\",\"breadcrumb\":{\"@id\":\"https:\/\/librairie7l.com\/en\/produit\/lescalier-de-cristal-le-luxe-a-paris-1809-1923\/#breadcrumb\"},\"inLanguage\":\"en-US\",\"potentialAction\":[{\"@type\":\"ReadAction\",\"target\":[\"https:\/\/librairie7l.com\/en\/produit\/lescalier-de-cristal-le-luxe-a-paris-1809-1923\/\"]}]},{\"@type\":\"BreadcrumbList\",\"@id\":\"https:\/\/librairie7l.com\/en\/produit\/lescalier-de-cristal-le-luxe-a-paris-1809-1923\/#breadcrumb\",\"itemListElement\":[{\"@type\":\"ListItem\",\"position\":1,\"name\":\"Accueil\",\"item\":\"https:\/\/librairie7l.com\/en\/\"},{\"@type\":\"ListItem\",\"position\":2,\"name\":\"Shop\",\"item\":\"https:\/\/librairie7l.com\/en\/shop\/\"},{\"@type\":\"ListItem\",\"position\":3,\"name\":\"L&#8217;ESCALIER DE CRISTAL : LE LUXE \u00c0 PARIS 1809-1923\"}]},{\"@type\":\"WebSite\",\"@id\":\"https:\/\/librairie7l.com\/en\/#website\",\"url\":\"https:\/\/librairie7l.com\/en\/\",\"name\":\"Librairie 7L\",\"description\":\"Librairie fond\u00e9e en 1999 par Karl Lagerfeld \u00e0 Paris\",\"publisher\":{\"@id\":\"https:\/\/librairie7l.com\/en\/#organization\"},\"potentialAction\":[{\"@type\":\"SearchAction\",\"target\":{\"@type\":\"EntryPoint\",\"urlTemplate\":\"https:\/\/librairie7l.com\/en\/?s={search_term_string}\"},\"query-input\":\"required name=search_term_string\"}],\"inLanguage\":\"en-US\"},{\"@type\":\"Organization\",\"@id\":\"https:\/\/librairie7l.com\/en\/#organization\",\"name\":\"Librairie 7L\",\"url\":\"https:\/\/librairie7l.com\/en\/\",\"logo\":{\"@type\":\"ImageObject\",\"inLanguage\":\"en-US\",\"@id\":\"https:\/\/librairie7l.com\/en\/#\/schema\/logo\/image\/\",\"url\":\"https:\/\/librairie7l.com\/wp-content\/uploads\/2022\/08\/logo-1.png\",\"contentUrl\":\"https:\/\/librairie7l.com\/wp-content\/uploads\/2022\/08\/logo-1.png\",\"width\":227,\"height\":301,\"caption\":\"Librairie 7L\"},\"image\":{\"@id\":\"https:\/\/librairie7l.com\/en\/#\/schema\/logo\/image\/\"}}]}<\/script>\n<!-- \/ Yoast SEO plugin. -->","yoast_head_json":{"title":"L'ESCALIER DE CRISTAL : LE LUXE \u00c0 PARIS 1809-1923 - Librairie 7L","robots":{"index":"index","follow":"follow","max-snippet":"max-snippet:-1","max-image-preview":"max-image-preview:large","max-video-preview":"max-video-preview:-1"},"canonical":"https:\/\/librairie7l.com\/en\/produit\/lescalier-de-cristal-le-luxe-a-paris-1809-1923\/","og_locale":"en_US","og_type":"article","og_title":"L'ESCALIER DE CRISTAL : LE LUXE \u00c0 PARIS 1809-1923 - Librairie 7L","og_description":"L&#8217;Escalier de cristal, un magasin de grande renomm\u00e9e qui, du Palais- Royal \u00e0 l&#8217;Op\u00e9ra, s&#8217;est maintenu de l&#8217;Empire jusqu&#8217;\u00e0 1923. Il s&#8217;inscrit dans une histoire familiale, dont l&#8217;un des auteurs de ce livre est l&#8217;h\u00e9ritier. L&#8217;histoire commence par l&#8217;entr\u00e9e en sc\u00e8ne de Mme D\u00e9sarnaud. En assemblant de fa\u00e7on originale et spectaculaire le cristal taill\u00e9 et [&hellip;]","og_url":"https:\/\/librairie7l.com\/en\/produit\/lescalier-de-cristal-le-luxe-a-paris-1809-1923\/","og_site_name":"Librairie 7L","article_modified_time":"2026-04-17T04:03:28+00:00","og_image":[{"width":434,"height":506,"url":"https:\/\/librairie7l.com\/wp-content\/uploads\/2021\/12\/9791096561339_1_75.jpg","type":"image\/jpeg"}],"twitter_card":"summary_large_image","twitter_misc":{"Est. reading time":"1 minute"},"schema":{"@context":"https:\/\/schema.org","@graph":[{"@type":"WebPage","@id":"https:\/\/librairie7l.com\/en\/produit\/lescalier-de-cristal-le-luxe-a-paris-1809-1923\/","url":"https:\/\/librairie7l.com\/en\/produit\/lescalier-de-cristal-le-luxe-a-paris-1809-1923\/","name":"L'ESCALIER DE CRISTAL : LE LUXE \u00c0 PARIS 1809-1923 - Librairie 7L","isPartOf":{"@id":"https:\/\/librairie7l.com\/en\/#website"},"datePublished":"2023-05-09T16:00:39+00:00","dateModified":"2026-04-17T04:03:28+00:00","breadcrumb":{"@id":"https:\/\/librairie7l.com\/en\/produit\/lescalier-de-cristal-le-luxe-a-paris-1809-1923\/#breadcrumb"},"inLanguage":"en-US","potentialAction":[{"@type":"ReadAction","target":["https:\/\/librairie7l.com\/en\/produit\/lescalier-de-cristal-le-luxe-a-paris-1809-1923\/"]}]},{"@type":"BreadcrumbList","@id":"https:\/\/librairie7l.com\/en\/produit\/lescalier-de-cristal-le-luxe-a-paris-1809-1923\/#breadcrumb","itemListElement":[{"@type":"ListItem","position":1,"name":"Accueil","item":"https:\/\/librairie7l.com\/en\/"},{"@type":"ListItem","position":2,"name":"Shop","item":"https:\/\/librairie7l.com\/en\/shop\/"},{"@type":"ListItem","position":3,"name":"L&#8217;ESCALIER DE CRISTAL : LE LUXE \u00c0 PARIS 1809-1923"}]},{"@type":"WebSite","@id":"https:\/\/librairie7l.com\/en\/#website","url":"https:\/\/librairie7l.com\/en\/","name":"Librairie 7L","description":"Librairie fond\u00e9e en 1999 par Karl Lagerfeld \u00e0 Paris","publisher":{"@id":"https:\/\/librairie7l.com\/en\/#organization"},"potentialAction":[{"@type":"SearchAction","target":{"@type":"EntryPoint","urlTemplate":"https:\/\/librairie7l.com\/en\/?s={search_term_string}"},"query-input":"required name=search_term_string"}],"inLanguage":"en-US"},{"@type":"Organization","@id":"https:\/\/librairie7l.com\/en\/#organization","name":"Librairie 7L","url":"https:\/\/librairie7l.com\/en\/","logo":{"@type":"ImageObject","inLanguage":"en-US","@id":"https:\/\/librairie7l.com\/en\/#\/schema\/logo\/image\/","url":"https:\/\/librairie7l.com\/wp-content\/uploads\/2022\/08\/logo-1.png","contentUrl":"https:\/\/librairie7l.com\/wp-content\/uploads\/2022\/08\/logo-1.png","width":227,"height":301,"caption":"Librairie 7L"},"image":{"@id":"https:\/\/librairie7l.com\/en\/#\/schema\/logo\/image\/"}}]}},"_links":{"self":[{"href":"https:\/\/librairie7l.com\/en\/wp-json\/wp\/v2\/product\/19599"}],"collection":[{"href":"https:\/\/librairie7l.com\/en\/wp-json\/wp\/v2\/product"}],"about":[{"href":"https:\/\/librairie7l.com\/en\/wp-json\/wp\/v2\/types\/product"}],"wp:featuredmedia":[{"embeddable":true,"href":"https:\/\/librairie7l.com\/en\/wp-json\/wp\/v2\/media\/19597"}],"wp:attachment":[{"href":"https:\/\/librairie7l.com\/en\/wp-json\/wp\/v2\/media?parent=19599"}],"wp:term":[{"taxonomy":"product_cat","embeddable":true,"href":"https:\/\/librairie7l.com\/en\/wp-json\/wp\/v2\/product_cat?post=19599"},{"taxonomy":"product_tag","embeddable":true,"href":"https:\/\/librairie7l.com\/en\/wp-json\/wp\/v2\/product_tag?post=19599"}],"curies":[{"name":"wp","href":"https:\/\/api.w.org\/{rel}","templated":true}]}}