{"id":19643,"date":"2023-05-09T18:01:18","date_gmt":"2023-05-09T16:01:18","guid":{"rendered":"https:\/\/librairie7l.com\/?post_type=product&#038;p=19643"},"modified":"2026-05-09T07:46:04","modified_gmt":"2026-05-09T05:46:04","slug":"inside-views","status":"publish","type":"product","link":"https:\/\/librairie7l.com\/en\/produit\/inside-views\/","title":{"rendered":"INSIDE VIEWS"},"content":{"rendered":"<p>En 2004, Floriane de Lass\u00e9e e \u00e9tudiante au sein de l&#8217;International Center of Photography, \u00e0 New York. Elle a 25 ans et d\u00e9couvre les formes d&#8217;une ville \u00e0 la verticale, qui ne dort jamais, aux prises avec les lumi\u00e8res de l&#8217;hyper-consommation qui d\u00e9corent \u00e0 l&#8217;infni les fa\u00e7ades des immeubles et des gra eciels.<br \/>\nLa nuit, ses fa\u00e7ades deviennent des miroirs o\u00f9 des feux incandescents se refl \u00e8tent tandis que, par endroits, d&#8217;un \u00e9tage \u00e0 l&#8217;autre, des fen\u00eatres s&#8217;ouvrent sur l&#8217;intimit\u00e9 d&#8217;int\u00e9rieurs alors d\u00e9voil\u00e9s.<br \/>\nSi la ville, dehors, e foisonnante, v\u00e9ritable fourmili\u00e8re \u00e0 ciel ouvert, comment dire le vide, le silence, la solitude de ces vies cach\u00e9es, dedans, derri\u00e8re ces fa\u00e7ades-miroirs ? Comment montrer ce e tension palpable entre le mouvement perp\u00e9tuel des m\u00e9galopoles du 21e si\u00e8cle et la sid\u00e9ration des particules \u00e9l\u00e9mentaires dont il semble se jouer, quand chacun e rentr\u00e9 chez soi, \u00e0 l&#8217;abri des regards, si ce n&#8217;e celui, discret, d&#8217;une photographe aux aguets ?<br \/>\nAvec des mises en sc\u00e8ne sophi iqu\u00e9es, Floriane de Lass\u00e9e a continu\u00e9 d&#8217;explorer les contradi ions de nos vies contemporaines, de plus en plus citadines, entre besoin de faire corps avec la ville et d\u00e9shumanisation d&#8217;un anonymat solitaire, parfois choisi, souvent impos\u00e9.<br \/>\nInside Views e donc la r\u00e9tro e ive tr\u00e8s a endue de ce travail men\u00e9 de 2004 \u00e0 2014, et qui re e d&#8217;une cruelle a ualit\u00e9 alors que la pand\u00e9mie a jet\u00e9 pendant plusieurs mois son ombre dramatique sur la marche du monde et sur nos exi ences.<br \/>\n11 villes : New York, Las Vegas, Tokyo, I anbul, Duba\u00ef, Bombay, Paris, Moscou, Macao, P\u00e9kin et Shangha\u00ef.<\/p>\n","protected":false},"excerpt":{"rendered":"<p>En 2004, Floriane de Lass\u00e9e e \u00e9tudiante au sein de l&#8217;International Center of Photography, \u00e0 New York. Elle a 25 ans et d\u00e9couvre les formes d&#8217;une ville \u00e0 la verticale, qui ne dort jamais, aux prises avec les lumi\u00e8res de l&#8217;hyper-consommation qui d\u00e9corent \u00e0 l&#8217;infni les fa\u00e7ades des immeubles et des gra eciels. La nuit, [&hellip;]<\/p>\n","protected":false},"featured_media":19641,"template":"","meta":[],"product_cat":[2948,2958],"product_tag":[],"acf":[],"yoast_head":"<!-- This site is optimized with the Yoast SEO plugin v20.11 - https:\/\/yoast.com\/wordpress\/plugins\/seo\/ -->\n<title>INSIDE VIEWS - Librairie 7L<\/title>\n<meta name=\"robots\" content=\"index, follow, max-snippet:-1, max-image-preview:large, max-video-preview:-1\" \/>\n<link rel=\"canonical\" href=\"https:\/\/librairie7l.com\/en\/produit\/inside-views\/\" \/>\n<meta property=\"og:locale\" content=\"en_US\" \/>\n<meta property=\"og:type\" content=\"article\" \/>\n<meta property=\"og:title\" content=\"INSIDE VIEWS - Librairie 7L\" \/>\n<meta property=\"og:description\" content=\"En 2004, Floriane de Lass\u00e9e e \u00e9tudiante au sein de l&#8217;International Center of Photography, \u00e0 New York. Elle a 25 ans et d\u00e9couvre les formes d&#8217;une ville \u00e0 la verticale, qui ne dort jamais, aux prises avec les lumi\u00e8res de l&#8217;hyper-consommation qui d\u00e9corent \u00e0 l&#8217;infni les fa\u00e7ades des immeubles et des gra eciels. La nuit, [&hellip;]\" \/>\n<meta property=\"og:url\" content=\"https:\/\/librairie7l.com\/en\/produit\/inside-views\/\" \/>\n<meta property=\"og:site_name\" content=\"Librairie 7L\" \/>\n<meta property=\"article:modified_time\" content=\"2026-05-09T05:46:04+00:00\" \/>\n<meta property=\"og:image\" content=\"https:\/\/librairie7l.com\/wp-content\/uploads\/2022\/05\/9782490952267_1_75.jpg\" \/>\n\t<meta property=\"og:image:width\" content=\"400\" \/>\n\t<meta property=\"og:image:height\" content=\"330\" \/>\n\t<meta property=\"og:image:type\" content=\"image\/jpeg\" \/>\n<meta name=\"twitter:card\" content=\"summary_large_image\" \/>\n<meta name=\"twitter:label1\" content=\"Est. reading time\" \/>\n\t<meta name=\"twitter:data1\" content=\"1 minute\" \/>\n<script type=\"application\/ld+json\" class=\"yoast-schema-graph\">{\"@context\":\"https:\/\/schema.org\",\"@graph\":[{\"@type\":\"WebPage\",\"@id\":\"https:\/\/librairie7l.com\/en\/produit\/inside-views\/\",\"url\":\"https:\/\/librairie7l.com\/en\/produit\/inside-views\/\",\"name\":\"INSIDE VIEWS - Librairie 7L\",\"isPartOf\":{\"@id\":\"https:\/\/librairie7l.com\/en\/#website\"},\"datePublished\":\"2023-05-09T16:01:18+00:00\",\"dateModified\":\"2026-05-09T05:46:04+00:00\",\"breadcrumb\":{\"@id\":\"https:\/\/librairie7l.com\/en\/produit\/inside-views\/#breadcrumb\"},\"inLanguage\":\"en-US\",\"potentialAction\":[{\"@type\":\"ReadAction\",\"target\":[\"https:\/\/librairie7l.com\/en\/produit\/inside-views\/\"]}]},{\"@type\":\"BreadcrumbList\",\"@id\":\"https:\/\/librairie7l.com\/en\/produit\/inside-views\/#breadcrumb\",\"itemListElement\":[{\"@type\":\"ListItem\",\"position\":1,\"name\":\"Accueil\",\"item\":\"https:\/\/librairie7l.com\/en\/\"},{\"@type\":\"ListItem\",\"position\":2,\"name\":\"Shop\",\"item\":\"https:\/\/librairie7l.com\/en\/shop\/\"},{\"@type\":\"ListItem\",\"position\":3,\"name\":\"INSIDE VIEWS\"}]},{\"@type\":\"WebSite\",\"@id\":\"https:\/\/librairie7l.com\/en\/#website\",\"url\":\"https:\/\/librairie7l.com\/en\/\",\"name\":\"Librairie 7L\",\"description\":\"Librairie fond\u00e9e en 1999 par Karl Lagerfeld \u00e0 Paris\",\"publisher\":{\"@id\":\"https:\/\/librairie7l.com\/en\/#organization\"},\"potentialAction\":[{\"@type\":\"SearchAction\",\"target\":{\"@type\":\"EntryPoint\",\"urlTemplate\":\"https:\/\/librairie7l.com\/en\/?s={search_term_string}\"},\"query-input\":\"required name=search_term_string\"}],\"inLanguage\":\"en-US\"},{\"@type\":\"Organization\",\"@id\":\"https:\/\/librairie7l.com\/en\/#organization\",\"name\":\"Librairie 7L\",\"url\":\"https:\/\/librairie7l.com\/en\/\",\"logo\":{\"@type\":\"ImageObject\",\"inLanguage\":\"en-US\",\"@id\":\"https:\/\/librairie7l.com\/en\/#\/schema\/logo\/image\/\",\"url\":\"https:\/\/librairie7l.com\/wp-content\/uploads\/2022\/08\/logo-1.png\",\"contentUrl\":\"https:\/\/librairie7l.com\/wp-content\/uploads\/2022\/08\/logo-1.png\",\"width\":227,\"height\":301,\"caption\":\"Librairie 7L\"},\"image\":{\"@id\":\"https:\/\/librairie7l.com\/en\/#\/schema\/logo\/image\/\"}}]}<\/script>\n<!-- \/ Yoast SEO plugin. -->","yoast_head_json":{"title":"INSIDE VIEWS - Librairie 7L","robots":{"index":"index","follow":"follow","max-snippet":"max-snippet:-1","max-image-preview":"max-image-preview:large","max-video-preview":"max-video-preview:-1"},"canonical":"https:\/\/librairie7l.com\/en\/produit\/inside-views\/","og_locale":"en_US","og_type":"article","og_title":"INSIDE VIEWS - Librairie 7L","og_description":"En 2004, Floriane de Lass\u00e9e e \u00e9tudiante au sein de l&#8217;International Center of Photography, \u00e0 New York. Elle a 25 ans et d\u00e9couvre les formes d&#8217;une ville \u00e0 la verticale, qui ne dort jamais, aux prises avec les lumi\u00e8res de l&#8217;hyper-consommation qui d\u00e9corent \u00e0 l&#8217;infni les fa\u00e7ades des immeubles et des gra eciels. La nuit, [&hellip;]","og_url":"https:\/\/librairie7l.com\/en\/produit\/inside-views\/","og_site_name":"Librairie 7L","article_modified_time":"2026-05-09T05:46:04+00:00","og_image":[{"width":400,"height":330,"url":"https:\/\/librairie7l.com\/wp-content\/uploads\/2022\/05\/9782490952267_1_75.jpg","type":"image\/jpeg"}],"twitter_card":"summary_large_image","twitter_misc":{"Est. reading time":"1 minute"},"schema":{"@context":"https:\/\/schema.org","@graph":[{"@type":"WebPage","@id":"https:\/\/librairie7l.com\/en\/produit\/inside-views\/","url":"https:\/\/librairie7l.com\/en\/produit\/inside-views\/","name":"INSIDE VIEWS - Librairie 7L","isPartOf":{"@id":"https:\/\/librairie7l.com\/en\/#website"},"datePublished":"2023-05-09T16:01:18+00:00","dateModified":"2026-05-09T05:46:04+00:00","breadcrumb":{"@id":"https:\/\/librairie7l.com\/en\/produit\/inside-views\/#breadcrumb"},"inLanguage":"en-US","potentialAction":[{"@type":"ReadAction","target":["https:\/\/librairie7l.com\/en\/produit\/inside-views\/"]}]},{"@type":"BreadcrumbList","@id":"https:\/\/librairie7l.com\/en\/produit\/inside-views\/#breadcrumb","itemListElement":[{"@type":"ListItem","position":1,"name":"Accueil","item":"https:\/\/librairie7l.com\/en\/"},{"@type":"ListItem","position":2,"name":"Shop","item":"https:\/\/librairie7l.com\/en\/shop\/"},{"@type":"ListItem","position":3,"name":"INSIDE VIEWS"}]},{"@type":"WebSite","@id":"https:\/\/librairie7l.com\/en\/#website","url":"https:\/\/librairie7l.com\/en\/","name":"Librairie 7L","description":"Librairie fond\u00e9e en 1999 par Karl Lagerfeld \u00e0 Paris","publisher":{"@id":"https:\/\/librairie7l.com\/en\/#organization"},"potentialAction":[{"@type":"SearchAction","target":{"@type":"EntryPoint","urlTemplate":"https:\/\/librairie7l.com\/en\/?s={search_term_string}"},"query-input":"required name=search_term_string"}],"inLanguage":"en-US"},{"@type":"Organization","@id":"https:\/\/librairie7l.com\/en\/#organization","name":"Librairie 7L","url":"https:\/\/librairie7l.com\/en\/","logo":{"@type":"ImageObject","inLanguage":"en-US","@id":"https:\/\/librairie7l.com\/en\/#\/schema\/logo\/image\/","url":"https:\/\/librairie7l.com\/wp-content\/uploads\/2022\/08\/logo-1.png","contentUrl":"https:\/\/librairie7l.com\/wp-content\/uploads\/2022\/08\/logo-1.png","width":227,"height":301,"caption":"Librairie 7L"},"image":{"@id":"https:\/\/librairie7l.com\/en\/#\/schema\/logo\/image\/"}}]}},"_links":{"self":[{"href":"https:\/\/librairie7l.com\/en\/wp-json\/wp\/v2\/product\/19643"}],"collection":[{"href":"https:\/\/librairie7l.com\/en\/wp-json\/wp\/v2\/product"}],"about":[{"href":"https:\/\/librairie7l.com\/en\/wp-json\/wp\/v2\/types\/product"}],"wp:featuredmedia":[{"embeddable":true,"href":"https:\/\/librairie7l.com\/en\/wp-json\/wp\/v2\/media\/19641"}],"wp:attachment":[{"href":"https:\/\/librairie7l.com\/en\/wp-json\/wp\/v2\/media?parent=19643"}],"wp:term":[{"taxonomy":"product_cat","embeddable":true,"href":"https:\/\/librairie7l.com\/en\/wp-json\/wp\/v2\/product_cat?post=19643"},{"taxonomy":"product_tag","embeddable":true,"href":"https:\/\/librairie7l.com\/en\/wp-json\/wp\/v2\/product_tag?post=19643"}],"curies":[{"name":"wp","href":"https:\/\/api.w.org\/{rel}","templated":true}]}}