{"id":19751,"date":"2023-05-09T18:02:43","date_gmt":"2023-05-09T16:02:43","guid":{"rendered":"https:\/\/librairie7l.com\/?post_type=product&#038;p=19751"},"modified":"2026-04-26T20:58:10","modified_gmt":"2026-04-26T18:58:10","slug":"foulards-du-mouchoir-au-carre-de-soie","status":"publish","type":"product","link":"https:\/\/librairie7l.com\/en\/produit\/foulards-du-mouchoir-au-carre-de-soie\/","title":{"rendered":"FOULARDS ; DU MOUCHOIR AU CARR\u00c9 DE SOIE"},"content":{"rendered":"<p>Port\u00e9 indiff\u00e9remment par les femmes et par les hommes, le foulard &#8211; appel\u00e9 \u00ab fichu \u00bb ou \u00ab mouchoir \u00bb jusqu&#8217;au XIXe si\u00e8cle &#8211; se plie \u00e0 des usages aussi vari\u00e9s que ses formes. Avant de devenir cet accessoire \u00e9l\u00e9gant qui finit une tenue, il nous prot\u00e8ge et nous r\u00e9chauffe, couvre notre t\u00eate et notre cou, se fait signe de ralliement ou de distinction. Un temps oubli\u00e9 au fond de nos armoires, le foulard revient aujourd&#8217;hui \u00e0 la mode : dans les boutiques, sur les podiums des d\u00e9fil\u00e9s, dans des collections capsules&#8230; Tous les couturiers en cr\u00e9ent, toutes les marques le d\u00e9clinent. Ce livre raconte l&#8217;histoire de cet accessoire de l&#8217;Antiquit\u00e9 \u00e0 nos jours et pr\u00e9sente pr\u00e8s de 300 pi\u00e8ces class\u00e9es par motifs, les foulards anonymes c\u00f4toyant les carr\u00e9s les plus c\u00e9l\u00e8bres.<\/p>\n","protected":false},"excerpt":{"rendered":"<p>Port\u00e9 indiff\u00e9remment par les femmes et par les hommes, le foulard &#8211; appel\u00e9 \u00ab fichu \u00bb ou \u00ab mouchoir \u00bb jusqu&#8217;au XIXe si\u00e8cle &#8211; se plie \u00e0 des usages aussi vari\u00e9s que ses formes. Avant de devenir cet accessoire \u00e9l\u00e9gant qui finit une tenue, il nous prot\u00e8ge et nous r\u00e9chauffe, couvre notre t\u00eate et notre [&hellip;]<\/p>\n","protected":false},"featured_media":19749,"template":"","meta":[],"product_cat":[2948,2957],"product_tag":[],"acf":[],"yoast_head":"<!-- This site is optimized with the Yoast SEO plugin v20.11 - https:\/\/yoast.com\/wordpress\/plugins\/seo\/ -->\n<title>FOULARDS ; DU MOUCHOIR AU CARR\u00c9 DE SOIE - Librairie 7L<\/title>\n<meta name=\"robots\" content=\"index, follow, max-snippet:-1, max-image-preview:large, max-video-preview:-1\" \/>\n<link rel=\"canonical\" href=\"https:\/\/librairie7l.com\/en\/produit\/foulards-du-mouchoir-au-carre-de-soie\/\" \/>\n<meta property=\"og:locale\" content=\"en_US\" \/>\n<meta property=\"og:type\" content=\"article\" \/>\n<meta property=\"og:title\" content=\"FOULARDS ; DU MOUCHOIR AU CARR\u00c9 DE SOIE - Librairie 7L\" \/>\n<meta property=\"og:description\" content=\"Port\u00e9 indiff\u00e9remment par les femmes et par les hommes, le foulard &#8211; appel\u00e9 \u00ab fichu \u00bb ou \u00ab mouchoir \u00bb jusqu&#8217;au XIXe si\u00e8cle &#8211; se plie \u00e0 des usages aussi vari\u00e9s que ses formes. Avant de devenir cet accessoire \u00e9l\u00e9gant qui finit une tenue, il nous prot\u00e8ge et nous r\u00e9chauffe, couvre notre t\u00eate et notre [&hellip;]\" \/>\n<meta property=\"og:url\" content=\"https:\/\/librairie7l.com\/en\/produit\/foulards-du-mouchoir-au-carre-de-soie\/\" \/>\n<meta property=\"og:site_name\" content=\"Librairie 7L\" \/>\n<meta property=\"article:modified_time\" content=\"2026-04-26T18:58:10+00:00\" \/>\n<meta property=\"og:image\" content=\"https:\/\/librairie7l.com\/wp-content\/uploads\/2020\/10\/9782732493756_1_75.jpg\" \/>\n\t<meta property=\"og:image:width\" content=\"400\" \/>\n\t<meta property=\"og:image:height\" content=\"400\" \/>\n\t<meta property=\"og:image:type\" content=\"image\/jpeg\" \/>\n<meta name=\"twitter:card\" content=\"summary_large_image\" \/>\n<meta name=\"twitter:label1\" content=\"Est. reading time\" \/>\n\t<meta name=\"twitter:data1\" content=\"1 minute\" \/>\n<script type=\"application\/ld+json\" class=\"yoast-schema-graph\">{\"@context\":\"https:\/\/schema.org\",\"@graph\":[{\"@type\":\"WebPage\",\"@id\":\"https:\/\/librairie7l.com\/en\/produit\/foulards-du-mouchoir-au-carre-de-soie\/\",\"url\":\"https:\/\/librairie7l.com\/en\/produit\/foulards-du-mouchoir-au-carre-de-soie\/\",\"name\":\"FOULARDS ; DU MOUCHOIR AU CARR\u00c9 DE SOIE - Librairie 7L\",\"isPartOf\":{\"@id\":\"https:\/\/librairie7l.com\/en\/#website\"},\"datePublished\":\"2023-05-09T16:02:43+00:00\",\"dateModified\":\"2026-04-26T18:58:10+00:00\",\"breadcrumb\":{\"@id\":\"https:\/\/librairie7l.com\/en\/produit\/foulards-du-mouchoir-au-carre-de-soie\/#breadcrumb\"},\"inLanguage\":\"en-US\",\"potentialAction\":[{\"@type\":\"ReadAction\",\"target\":[\"https:\/\/librairie7l.com\/en\/produit\/foulards-du-mouchoir-au-carre-de-soie\/\"]}]},{\"@type\":\"BreadcrumbList\",\"@id\":\"https:\/\/librairie7l.com\/en\/produit\/foulards-du-mouchoir-au-carre-de-soie\/#breadcrumb\",\"itemListElement\":[{\"@type\":\"ListItem\",\"position\":1,\"name\":\"Accueil\",\"item\":\"https:\/\/librairie7l.com\/en\/\"},{\"@type\":\"ListItem\",\"position\":2,\"name\":\"Shop\",\"item\":\"https:\/\/librairie7l.com\/en\/shop\/\"},{\"@type\":\"ListItem\",\"position\":3,\"name\":\"FOULARDS ; DU MOUCHOIR AU CARR\u00c9 DE SOIE\"}]},{\"@type\":\"WebSite\",\"@id\":\"https:\/\/librairie7l.com\/en\/#website\",\"url\":\"https:\/\/librairie7l.com\/en\/\",\"name\":\"Librairie 7L\",\"description\":\"Librairie fond\u00e9e en 1999 par Karl Lagerfeld \u00e0 Paris\",\"publisher\":{\"@id\":\"https:\/\/librairie7l.com\/en\/#organization\"},\"potentialAction\":[{\"@type\":\"SearchAction\",\"target\":{\"@type\":\"EntryPoint\",\"urlTemplate\":\"https:\/\/librairie7l.com\/en\/?s={search_term_string}\"},\"query-input\":\"required name=search_term_string\"}],\"inLanguage\":\"en-US\"},{\"@type\":\"Organization\",\"@id\":\"https:\/\/librairie7l.com\/en\/#organization\",\"name\":\"Librairie 7L\",\"url\":\"https:\/\/librairie7l.com\/en\/\",\"logo\":{\"@type\":\"ImageObject\",\"inLanguage\":\"en-US\",\"@id\":\"https:\/\/librairie7l.com\/en\/#\/schema\/logo\/image\/\",\"url\":\"https:\/\/librairie7l.com\/wp-content\/uploads\/2022\/08\/logo-1.png\",\"contentUrl\":\"https:\/\/librairie7l.com\/wp-content\/uploads\/2022\/08\/logo-1.png\",\"width\":227,\"height\":301,\"caption\":\"Librairie 7L\"},\"image\":{\"@id\":\"https:\/\/librairie7l.com\/en\/#\/schema\/logo\/image\/\"}}]}<\/script>\n<!-- \/ Yoast SEO plugin. -->","yoast_head_json":{"title":"FOULARDS ; DU MOUCHOIR AU CARR\u00c9 DE SOIE - Librairie 7L","robots":{"index":"index","follow":"follow","max-snippet":"max-snippet:-1","max-image-preview":"max-image-preview:large","max-video-preview":"max-video-preview:-1"},"canonical":"https:\/\/librairie7l.com\/en\/produit\/foulards-du-mouchoir-au-carre-de-soie\/","og_locale":"en_US","og_type":"article","og_title":"FOULARDS ; DU MOUCHOIR AU CARR\u00c9 DE SOIE - Librairie 7L","og_description":"Port\u00e9 indiff\u00e9remment par les femmes et par les hommes, le foulard &#8211; appel\u00e9 \u00ab fichu \u00bb ou \u00ab mouchoir \u00bb jusqu&#8217;au XIXe si\u00e8cle &#8211; se plie \u00e0 des usages aussi vari\u00e9s que ses formes. Avant de devenir cet accessoire \u00e9l\u00e9gant qui finit une tenue, il nous prot\u00e8ge et nous r\u00e9chauffe, couvre notre t\u00eate et notre [&hellip;]","og_url":"https:\/\/librairie7l.com\/en\/produit\/foulards-du-mouchoir-au-carre-de-soie\/","og_site_name":"Librairie 7L","article_modified_time":"2026-04-26T18:58:10+00:00","og_image":[{"width":400,"height":400,"url":"https:\/\/librairie7l.com\/wp-content\/uploads\/2020\/10\/9782732493756_1_75.jpg","type":"image\/jpeg"}],"twitter_card":"summary_large_image","twitter_misc":{"Est. reading time":"1 minute"},"schema":{"@context":"https:\/\/schema.org","@graph":[{"@type":"WebPage","@id":"https:\/\/librairie7l.com\/en\/produit\/foulards-du-mouchoir-au-carre-de-soie\/","url":"https:\/\/librairie7l.com\/en\/produit\/foulards-du-mouchoir-au-carre-de-soie\/","name":"FOULARDS ; DU MOUCHOIR AU CARR\u00c9 DE SOIE - Librairie 7L","isPartOf":{"@id":"https:\/\/librairie7l.com\/en\/#website"},"datePublished":"2023-05-09T16:02:43+00:00","dateModified":"2026-04-26T18:58:10+00:00","breadcrumb":{"@id":"https:\/\/librairie7l.com\/en\/produit\/foulards-du-mouchoir-au-carre-de-soie\/#breadcrumb"},"inLanguage":"en-US","potentialAction":[{"@type":"ReadAction","target":["https:\/\/librairie7l.com\/en\/produit\/foulards-du-mouchoir-au-carre-de-soie\/"]}]},{"@type":"BreadcrumbList","@id":"https:\/\/librairie7l.com\/en\/produit\/foulards-du-mouchoir-au-carre-de-soie\/#breadcrumb","itemListElement":[{"@type":"ListItem","position":1,"name":"Accueil","item":"https:\/\/librairie7l.com\/en\/"},{"@type":"ListItem","position":2,"name":"Shop","item":"https:\/\/librairie7l.com\/en\/shop\/"},{"@type":"ListItem","position":3,"name":"FOULARDS ; DU MOUCHOIR AU CARR\u00c9 DE SOIE"}]},{"@type":"WebSite","@id":"https:\/\/librairie7l.com\/en\/#website","url":"https:\/\/librairie7l.com\/en\/","name":"Librairie 7L","description":"Librairie fond\u00e9e en 1999 par Karl Lagerfeld \u00e0 Paris","publisher":{"@id":"https:\/\/librairie7l.com\/en\/#organization"},"potentialAction":[{"@type":"SearchAction","target":{"@type":"EntryPoint","urlTemplate":"https:\/\/librairie7l.com\/en\/?s={search_term_string}"},"query-input":"required name=search_term_string"}],"inLanguage":"en-US"},{"@type":"Organization","@id":"https:\/\/librairie7l.com\/en\/#organization","name":"Librairie 7L","url":"https:\/\/librairie7l.com\/en\/","logo":{"@type":"ImageObject","inLanguage":"en-US","@id":"https:\/\/librairie7l.com\/en\/#\/schema\/logo\/image\/","url":"https:\/\/librairie7l.com\/wp-content\/uploads\/2022\/08\/logo-1.png","contentUrl":"https:\/\/librairie7l.com\/wp-content\/uploads\/2022\/08\/logo-1.png","width":227,"height":301,"caption":"Librairie 7L"},"image":{"@id":"https:\/\/librairie7l.com\/en\/#\/schema\/logo\/image\/"}}]}},"_links":{"self":[{"href":"https:\/\/librairie7l.com\/en\/wp-json\/wp\/v2\/product\/19751"}],"collection":[{"href":"https:\/\/librairie7l.com\/en\/wp-json\/wp\/v2\/product"}],"about":[{"href":"https:\/\/librairie7l.com\/en\/wp-json\/wp\/v2\/types\/product"}],"wp:featuredmedia":[{"embeddable":true,"href":"https:\/\/librairie7l.com\/en\/wp-json\/wp\/v2\/media\/19749"}],"wp:attachment":[{"href":"https:\/\/librairie7l.com\/en\/wp-json\/wp\/v2\/media?parent=19751"}],"wp:term":[{"taxonomy":"product_cat","embeddable":true,"href":"https:\/\/librairie7l.com\/en\/wp-json\/wp\/v2\/product_cat?post=19751"},{"taxonomy":"product_tag","embeddable":true,"href":"https:\/\/librairie7l.com\/en\/wp-json\/wp\/v2\/product_tag?post=19751"}],"curies":[{"name":"wp","href":"https:\/\/api.w.org\/{rel}","templated":true}]}}