{"id":19775,"date":"2023-05-09T18:03:04","date_gmt":"2023-05-09T16:03:04","guid":{"rendered":"https:\/\/librairie7l.com\/?post_type=product&#038;p=19775"},"modified":"2026-05-03T06:39:53","modified_gmt":"2026-05-03T04:39:53","slug":"les-decorateurs-des-annees-50","status":"publish","type":"product","link":"https:\/\/librairie7l.com\/en\/produit\/les-decorateurs-des-annees-50\/","title":{"rendered":"LES D\u00c9CORATEURS DES ANN\u00c9ES 50"},"content":{"rendered":"<p>Le renouveau des arts d\u00e9coratifs dans la France d&#8217;apr\u00e8s-guerre est d&#8217;une extr\u00eame diversit\u00e9, du style 40 qui perdure \u00e0 travers les commandes officielles au meuble classique ou n\u00e9oclassique dont le succ\u00e8s est sans pr\u00e9c\u00e9dent. La modernit\u00e9 reste un combat \u00e0 mener apr\u00e8s l&#8217;\u00e9chec de l&#8217;Union des Artistes Modernes (UAM) qui n&#8217;a pas su convaincre. Ce d\u00e9fi est relev\u00e9 par la jeune g\u00e9n\u00e9ration des d\u00e9corateurs pr\u00e9sent\u00e9s dans cet ouvrage. Leur approche r\u00e9pond aux besoins et aux aspirations d&#8217;un pays en pleine reconstruction, avec l&#8217;extraordinaire vitalit\u00e9 qui caract\u00e9rise l&#8217;\u00e9poque.<br \/>\nApr\u00e8s une introduction qui met l&#8217;accent sur l&#8217;alliance d&#8217;esth\u00e9tique, de fantaisie et de rigueur, de cette cr\u00e9ation fran\u00e7aise foisonnante, ce livre s&#8217;organise en quatre parties, chacune pr\u00e9c\u00e9d\u00e9e d&#8217;une introduction qui en d\u00e9finit le contexte historique.<br \/>\n-les ma\u00eetres de l&#8217;entre-deux-guerres, tels qu&#8217;Adnet, Arbus ou Old.<br \/>\n-les repr\u00e9sentants d&#8217;un style 50 en libert\u00e9, ludiques et affranchis de tout discours en \u00abisme\u00bb, Mat\u00e9got, Roy\u00e8re&#8230;<br \/>\n-les grandes figures de la Reconstruction &#8211; Gascoin, Hitier ou Sognot &#8211; qui ont transmis \u00e0 la g\u00e9n\u00e9ration suivante le sens d&#8217;une modernit\u00e9 exigeante et puriste.<br \/>\n-leurs fils spirituels, Gautier-Delaye, Guariche, Motte, Paulin ou Philippon et Lecoq.<br \/>\nOutre ces trente-trois monographies, Patrick Favardin analyse la mise en place de structure d&#8217;\u00e9dition et de diffusion, avec des fabricants comme Airborne, Les Huchers-Minvielle ou Steiner, des galeries comme Steph Simono ou MAI ou encore les Salons.<\/p>\n","protected":false},"excerpt":{"rendered":"<p>Le renouveau des arts d\u00e9coratifs dans la France d&#8217;apr\u00e8s-guerre est d&#8217;une extr\u00eame diversit\u00e9, du style 40 qui perdure \u00e0 travers les commandes officielles au meuble classique ou n\u00e9oclassique dont le succ\u00e8s est sans pr\u00e9c\u00e9dent. La modernit\u00e9 reste un combat \u00e0 mener apr\u00e8s l&#8217;\u00e9chec de l&#8217;Union des Artistes Modernes (UAM) qui n&#8217;a pas su convaincre. Ce [&hellip;]<\/p>\n","protected":false},"featured_media":19773,"template":"","meta":[],"product_cat":[2948,2952],"product_tag":[],"acf":[],"yoast_head":"<!-- This site is optimized with the Yoast SEO plugin v20.11 - https:\/\/yoast.com\/wordpress\/plugins\/seo\/ -->\n<title>LES D\u00c9CORATEURS DES ANN\u00c9ES 50 - Librairie 7L<\/title>\n<meta name=\"robots\" content=\"index, follow, max-snippet:-1, max-image-preview:large, max-video-preview:-1\" \/>\n<link rel=\"canonical\" href=\"https:\/\/librairie7l.com\/en\/produit\/les-decorateurs-des-annees-50\/\" \/>\n<meta property=\"og:locale\" content=\"en_US\" \/>\n<meta property=\"og:type\" content=\"article\" \/>\n<meta property=\"og:title\" content=\"LES D\u00c9CORATEURS DES ANN\u00c9ES 50 - Librairie 7L\" \/>\n<meta property=\"og:description\" content=\"Le renouveau des arts d\u00e9coratifs dans la France d&#8217;apr\u00e8s-guerre est d&#8217;une extr\u00eame diversit\u00e9, du style 40 qui perdure \u00e0 travers les commandes officielles au meuble classique ou n\u00e9oclassique dont le succ\u00e8s est sans pr\u00e9c\u00e9dent. La modernit\u00e9 reste un combat \u00e0 mener apr\u00e8s l&#8217;\u00e9chec de l&#8217;Union des Artistes Modernes (UAM) qui n&#8217;a pas su convaincre. Ce [&hellip;]\" \/>\n<meta property=\"og:url\" content=\"https:\/\/librairie7l.com\/en\/produit\/les-decorateurs-des-annees-50\/\" \/>\n<meta property=\"og:site_name\" content=\"Librairie 7L\" \/>\n<meta property=\"article:modified_time\" content=\"2026-05-03T04:39:53+00:00\" \/>\n<meta property=\"og:image\" content=\"https:\/\/librairie7l.com\/wp-content\/uploads\/2016\/11\/9782376660002_1_75.jpg\" \/>\n\t<meta property=\"og:image:width\" content=\"600\" \/>\n\t<meta property=\"og:image:height\" content=\"820\" \/>\n\t<meta property=\"og:image:type\" content=\"image\/jpeg\" \/>\n<meta name=\"twitter:card\" content=\"summary_large_image\" \/>\n<meta name=\"twitter:label1\" content=\"Est. reading time\" \/>\n\t<meta name=\"twitter:data1\" content=\"1 minute\" \/>\n<script type=\"application\/ld+json\" class=\"yoast-schema-graph\">{\"@context\":\"https:\/\/schema.org\",\"@graph\":[{\"@type\":\"WebPage\",\"@id\":\"https:\/\/librairie7l.com\/en\/produit\/les-decorateurs-des-annees-50\/\",\"url\":\"https:\/\/librairie7l.com\/en\/produit\/les-decorateurs-des-annees-50\/\",\"name\":\"LES D\u00c9CORATEURS DES ANN\u00c9ES 50 - Librairie 7L\",\"isPartOf\":{\"@id\":\"https:\/\/librairie7l.com\/en\/#website\"},\"datePublished\":\"2023-05-09T16:03:04+00:00\",\"dateModified\":\"2026-05-03T04:39:53+00:00\",\"breadcrumb\":{\"@id\":\"https:\/\/librairie7l.com\/en\/produit\/les-decorateurs-des-annees-50\/#breadcrumb\"},\"inLanguage\":\"en-US\",\"potentialAction\":[{\"@type\":\"ReadAction\",\"target\":[\"https:\/\/librairie7l.com\/en\/produit\/les-decorateurs-des-annees-50\/\"]}]},{\"@type\":\"BreadcrumbList\",\"@id\":\"https:\/\/librairie7l.com\/en\/produit\/les-decorateurs-des-annees-50\/#breadcrumb\",\"itemListElement\":[{\"@type\":\"ListItem\",\"position\":1,\"name\":\"Accueil\",\"item\":\"https:\/\/librairie7l.com\/en\/\"},{\"@type\":\"ListItem\",\"position\":2,\"name\":\"Shop\",\"item\":\"https:\/\/librairie7l.com\/en\/shop\/\"},{\"@type\":\"ListItem\",\"position\":3,\"name\":\"LES D\u00c9CORATEURS DES ANN\u00c9ES 50\"}]},{\"@type\":\"WebSite\",\"@id\":\"https:\/\/librairie7l.com\/en\/#website\",\"url\":\"https:\/\/librairie7l.com\/en\/\",\"name\":\"Librairie 7L\",\"description\":\"Librairie fond\u00e9e en 1999 par Karl Lagerfeld \u00e0 Paris\",\"publisher\":{\"@id\":\"https:\/\/librairie7l.com\/en\/#organization\"},\"potentialAction\":[{\"@type\":\"SearchAction\",\"target\":{\"@type\":\"EntryPoint\",\"urlTemplate\":\"https:\/\/librairie7l.com\/en\/?s={search_term_string}\"},\"query-input\":\"required name=search_term_string\"}],\"inLanguage\":\"en-US\"},{\"@type\":\"Organization\",\"@id\":\"https:\/\/librairie7l.com\/en\/#organization\",\"name\":\"Librairie 7L\",\"url\":\"https:\/\/librairie7l.com\/en\/\",\"logo\":{\"@type\":\"ImageObject\",\"inLanguage\":\"en-US\",\"@id\":\"https:\/\/librairie7l.com\/en\/#\/schema\/logo\/image\/\",\"url\":\"https:\/\/librairie7l.com\/wp-content\/uploads\/2022\/08\/logo-1.png\",\"contentUrl\":\"https:\/\/librairie7l.com\/wp-content\/uploads\/2022\/08\/logo-1.png\",\"width\":227,\"height\":301,\"caption\":\"Librairie 7L\"},\"image\":{\"@id\":\"https:\/\/librairie7l.com\/en\/#\/schema\/logo\/image\/\"}}]}<\/script>\n<!-- \/ Yoast SEO plugin. -->","yoast_head_json":{"title":"LES D\u00c9CORATEURS DES ANN\u00c9ES 50 - Librairie 7L","robots":{"index":"index","follow":"follow","max-snippet":"max-snippet:-1","max-image-preview":"max-image-preview:large","max-video-preview":"max-video-preview:-1"},"canonical":"https:\/\/librairie7l.com\/en\/produit\/les-decorateurs-des-annees-50\/","og_locale":"en_US","og_type":"article","og_title":"LES D\u00c9CORATEURS DES ANN\u00c9ES 50 - Librairie 7L","og_description":"Le renouveau des arts d\u00e9coratifs dans la France d&#8217;apr\u00e8s-guerre est d&#8217;une extr\u00eame diversit\u00e9, du style 40 qui perdure \u00e0 travers les commandes officielles au meuble classique ou n\u00e9oclassique dont le succ\u00e8s est sans pr\u00e9c\u00e9dent. La modernit\u00e9 reste un combat \u00e0 mener apr\u00e8s l&#8217;\u00e9chec de l&#8217;Union des Artistes Modernes (UAM) qui n&#8217;a pas su convaincre. Ce [&hellip;]","og_url":"https:\/\/librairie7l.com\/en\/produit\/les-decorateurs-des-annees-50\/","og_site_name":"Librairie 7L","article_modified_time":"2026-05-03T04:39:53+00:00","og_image":[{"width":600,"height":820,"url":"https:\/\/librairie7l.com\/wp-content\/uploads\/2016\/11\/9782376660002_1_75.jpg","type":"image\/jpeg"}],"twitter_card":"summary_large_image","twitter_misc":{"Est. reading time":"1 minute"},"schema":{"@context":"https:\/\/schema.org","@graph":[{"@type":"WebPage","@id":"https:\/\/librairie7l.com\/en\/produit\/les-decorateurs-des-annees-50\/","url":"https:\/\/librairie7l.com\/en\/produit\/les-decorateurs-des-annees-50\/","name":"LES D\u00c9CORATEURS DES ANN\u00c9ES 50 - Librairie 7L","isPartOf":{"@id":"https:\/\/librairie7l.com\/en\/#website"},"datePublished":"2023-05-09T16:03:04+00:00","dateModified":"2026-05-03T04:39:53+00:00","breadcrumb":{"@id":"https:\/\/librairie7l.com\/en\/produit\/les-decorateurs-des-annees-50\/#breadcrumb"},"inLanguage":"en-US","potentialAction":[{"@type":"ReadAction","target":["https:\/\/librairie7l.com\/en\/produit\/les-decorateurs-des-annees-50\/"]}]},{"@type":"BreadcrumbList","@id":"https:\/\/librairie7l.com\/en\/produit\/les-decorateurs-des-annees-50\/#breadcrumb","itemListElement":[{"@type":"ListItem","position":1,"name":"Accueil","item":"https:\/\/librairie7l.com\/en\/"},{"@type":"ListItem","position":2,"name":"Shop","item":"https:\/\/librairie7l.com\/en\/shop\/"},{"@type":"ListItem","position":3,"name":"LES D\u00c9CORATEURS DES ANN\u00c9ES 50"}]},{"@type":"WebSite","@id":"https:\/\/librairie7l.com\/en\/#website","url":"https:\/\/librairie7l.com\/en\/","name":"Librairie 7L","description":"Librairie fond\u00e9e en 1999 par Karl Lagerfeld \u00e0 Paris","publisher":{"@id":"https:\/\/librairie7l.com\/en\/#organization"},"potentialAction":[{"@type":"SearchAction","target":{"@type":"EntryPoint","urlTemplate":"https:\/\/librairie7l.com\/en\/?s={search_term_string}"},"query-input":"required name=search_term_string"}],"inLanguage":"en-US"},{"@type":"Organization","@id":"https:\/\/librairie7l.com\/en\/#organization","name":"Librairie 7L","url":"https:\/\/librairie7l.com\/en\/","logo":{"@type":"ImageObject","inLanguage":"en-US","@id":"https:\/\/librairie7l.com\/en\/#\/schema\/logo\/image\/","url":"https:\/\/librairie7l.com\/wp-content\/uploads\/2022\/08\/logo-1.png","contentUrl":"https:\/\/librairie7l.com\/wp-content\/uploads\/2022\/08\/logo-1.png","width":227,"height":301,"caption":"Librairie 7L"},"image":{"@id":"https:\/\/librairie7l.com\/en\/#\/schema\/logo\/image\/"}}]}},"_links":{"self":[{"href":"https:\/\/librairie7l.com\/en\/wp-json\/wp\/v2\/product\/19775"}],"collection":[{"href":"https:\/\/librairie7l.com\/en\/wp-json\/wp\/v2\/product"}],"about":[{"href":"https:\/\/librairie7l.com\/en\/wp-json\/wp\/v2\/types\/product"}],"wp:featuredmedia":[{"embeddable":true,"href":"https:\/\/librairie7l.com\/en\/wp-json\/wp\/v2\/media\/19773"}],"wp:attachment":[{"href":"https:\/\/librairie7l.com\/en\/wp-json\/wp\/v2\/media?parent=19775"}],"wp:term":[{"taxonomy":"product_cat","embeddable":true,"href":"https:\/\/librairie7l.com\/en\/wp-json\/wp\/v2\/product_cat?post=19775"},{"taxonomy":"product_tag","embeddable":true,"href":"https:\/\/librairie7l.com\/en\/wp-json\/wp\/v2\/product_tag?post=19775"}],"curies":[{"name":"wp","href":"https:\/\/api.w.org\/{rel}","templated":true}]}}