{"id":19791,"date":"2023-05-09T18:03:18","date_gmt":"2023-05-09T16:03:18","guid":{"rendered":"https:\/\/librairie7l.com\/?post_type=product&#038;p=19791"},"modified":"2026-04-16T19:28:29","modified_gmt":"2026-04-16T17:28:29","slug":"ingrid-donat","status":"publish","type":"product","link":"https:\/\/librairie7l.com\/en\/produit\/ingrid-donat\/","title":{"rendered":"INGRID DONAT"},"content":{"rendered":"<p>N\u00e9e dans une famille d&#8217;artistes &#8211; p\u00e8re peintre r\u00e9unionnais, m\u00e8re pianiste, grand-p\u00e8re architecte -, Ingrid Donat a \u00e9t\u00e9 \u00e9lev\u00e9e en Su\u00e8de puis est arriv\u00e9e \u00e0 Paris en 1975. Bri\u00e8vement pass\u00e9e par un cours particulier de dessin, elle fait la connaissance du sculpteur Sylva Bernt, compagne d&#8217;Andr\u00e9 Arbus, qui lui fait d\u00e9couvrir la sculpture et les arts d\u00e9coratifs, mais aussi de personnalit\u00e9s telles que Diego Giacometti, Sam Szafran ou C\u00e9sar qui l&#8217;incitent \u00e0 cr\u00e9er ses propres oeuvres.<br \/>\nPetites figures en papier m\u00e2ch\u00e9, ses sculptures \u00e9voluent au fil du temps et gagnent en technique et en maturit\u00e9, avant qu&#8217;Ingrid Donat ne se tourne vers la cr\u00e9ation de mobilier.<br \/>\nIngrid Donat est marqu\u00e9e par la grande tradition des arts d\u00e9coratifs fran\u00e7ais, notamment par Armand-Albert Rateau, comme par des artistes tels que Gustav Klimt \u00e0 qui elle d\u00e9die une collection en 2002. Son vocabulaire complexe s&#8217;enrichit en embrassant notamment le r\u00e9pertoire d\u00e9coratif africain et cr\u00e9ole. Ses pi\u00e8ces en bronze, en aluminium ou en bois, souvent parchemin\u00e9es &#8211; tables, consoles, biblioth\u00e8ques, panneaux muraux, chaises et luminaires -, sont incrust\u00e9es de motifs, sph\u00e8res ou scarifications tactiles qui donnent \u00e0 ce travail d&#8217;une grande pr\u00e9cision &#8211; sa commode Engrenages est constitu\u00e9e de trois tiroirs d\u00e9clenchant une s\u00e9rie de sept lourds engrenages en bronze visibles sur les c\u00f4t\u00e9s ext\u00e9rieurs du meuble &#8211; une mati\u00e8re et un relief singuliers.<br \/>\nExpos\u00e9e par la galerie Bernard Dulon en France d\u00e8s 1998, elle est rep\u00e9r\u00e9e par Barry Friedman qui montre r\u00e9guli\u00e8rement son oeuvre aux \u00c9tats-Unis \u00e0 partir de 2003. Repr\u00e9sent\u00e9e par la Carpenters Workshop Gallery, Ingrid Donat est tr\u00e8s appr\u00e9ci\u00e9e par les grands d\u00e9corateurs internationaux comme Peter Marino, qui int\u00e8grent ses pi\u00e8ces dans de nombreux am\u00e9nagements pour Dior, Cartier, etc.<\/p>\n","protected":false},"excerpt":{"rendered":"<p>N\u00e9e dans une famille d&#8217;artistes &#8211; p\u00e8re peintre r\u00e9unionnais, m\u00e8re pianiste, grand-p\u00e8re architecte -, Ingrid Donat a \u00e9t\u00e9 \u00e9lev\u00e9e en Su\u00e8de puis est arriv\u00e9e \u00e0 Paris en 1975. Bri\u00e8vement pass\u00e9e par un cours particulier de dessin, elle fait la connaissance du sculpteur Sylva Bernt, compagne d&#8217;Andr\u00e9 Arbus, qui lui fait d\u00e9couvrir la sculpture et les [&hellip;]<\/p>\n","protected":false},"featured_media":19789,"template":"","meta":[],"product_cat":[2948,2952],"product_tag":[],"acf":[],"yoast_head":"<!-- This site is optimized with the Yoast SEO plugin v20.11 - https:\/\/yoast.com\/wordpress\/plugins\/seo\/ -->\n<title>INGRID DONAT - Librairie 7L<\/title>\n<meta name=\"robots\" content=\"index, follow, max-snippet:-1, max-image-preview:large, max-video-preview:-1\" \/>\n<link rel=\"canonical\" href=\"https:\/\/librairie7l.com\/en\/produit\/ingrid-donat\/\" \/>\n<meta property=\"og:locale\" content=\"en_US\" \/>\n<meta property=\"og:type\" content=\"article\" \/>\n<meta property=\"og:title\" content=\"INGRID DONAT - Librairie 7L\" \/>\n<meta property=\"og:description\" content=\"N\u00e9e dans une famille d&#8217;artistes &#8211; p\u00e8re peintre r\u00e9unionnais, m\u00e8re pianiste, grand-p\u00e8re architecte -, Ingrid Donat a \u00e9t\u00e9 \u00e9lev\u00e9e en Su\u00e8de puis est arriv\u00e9e \u00e0 Paris en 1975. Bri\u00e8vement pass\u00e9e par un cours particulier de dessin, elle fait la connaissance du sculpteur Sylva Bernt, compagne d&#8217;Andr\u00e9 Arbus, qui lui fait d\u00e9couvrir la sculpture et les [&hellip;]\" \/>\n<meta property=\"og:url\" content=\"https:\/\/librairie7l.com\/en\/produit\/ingrid-donat\/\" \/>\n<meta property=\"og:site_name\" content=\"Librairie 7L\" \/>\n<meta property=\"article:modified_time\" content=\"2026-04-16T17:28:29+00:00\" \/>\n<meta property=\"og:image\" content=\"https:\/\/librairie7l.com\/wp-content\/uploads\/2016\/11\/9782915542950_1_75.jpg\" \/>\n\t<meta property=\"og:image:width\" content=\"600\" \/>\n\t<meta property=\"og:image:height\" content=\"712\" \/>\n\t<meta property=\"og:image:type\" content=\"image\/jpeg\" \/>\n<meta name=\"twitter:card\" content=\"summary_large_image\" \/>\n<meta name=\"twitter:label1\" content=\"Est. reading time\" \/>\n\t<meta name=\"twitter:data1\" content=\"2 minutes\" \/>\n<script type=\"application\/ld+json\" class=\"yoast-schema-graph\">{\"@context\":\"https:\/\/schema.org\",\"@graph\":[{\"@type\":\"WebPage\",\"@id\":\"https:\/\/librairie7l.com\/en\/produit\/ingrid-donat\/\",\"url\":\"https:\/\/librairie7l.com\/en\/produit\/ingrid-donat\/\",\"name\":\"INGRID DONAT - Librairie 7L\",\"isPartOf\":{\"@id\":\"https:\/\/librairie7l.com\/en\/#website\"},\"datePublished\":\"2023-05-09T16:03:18+00:00\",\"dateModified\":\"2026-04-16T17:28:29+00:00\",\"breadcrumb\":{\"@id\":\"https:\/\/librairie7l.com\/en\/produit\/ingrid-donat\/#breadcrumb\"},\"inLanguage\":\"en-US\",\"potentialAction\":[{\"@type\":\"ReadAction\",\"target\":[\"https:\/\/librairie7l.com\/en\/produit\/ingrid-donat\/\"]}]},{\"@type\":\"BreadcrumbList\",\"@id\":\"https:\/\/librairie7l.com\/en\/produit\/ingrid-donat\/#breadcrumb\",\"itemListElement\":[{\"@type\":\"ListItem\",\"position\":1,\"name\":\"Accueil\",\"item\":\"https:\/\/librairie7l.com\/en\/\"},{\"@type\":\"ListItem\",\"position\":2,\"name\":\"Shop\",\"item\":\"https:\/\/librairie7l.com\/en\/shop\/\"},{\"@type\":\"ListItem\",\"position\":3,\"name\":\"INGRID DONAT\"}]},{\"@type\":\"WebSite\",\"@id\":\"https:\/\/librairie7l.com\/en\/#website\",\"url\":\"https:\/\/librairie7l.com\/en\/\",\"name\":\"Librairie 7L\",\"description\":\"Librairie fond\u00e9e en 1999 par Karl Lagerfeld \u00e0 Paris\",\"publisher\":{\"@id\":\"https:\/\/librairie7l.com\/en\/#organization\"},\"potentialAction\":[{\"@type\":\"SearchAction\",\"target\":{\"@type\":\"EntryPoint\",\"urlTemplate\":\"https:\/\/librairie7l.com\/en\/?s={search_term_string}\"},\"query-input\":\"required name=search_term_string\"}],\"inLanguage\":\"en-US\"},{\"@type\":\"Organization\",\"@id\":\"https:\/\/librairie7l.com\/en\/#organization\",\"name\":\"Librairie 7L\",\"url\":\"https:\/\/librairie7l.com\/en\/\",\"logo\":{\"@type\":\"ImageObject\",\"inLanguage\":\"en-US\",\"@id\":\"https:\/\/librairie7l.com\/en\/#\/schema\/logo\/image\/\",\"url\":\"https:\/\/librairie7l.com\/wp-content\/uploads\/2022\/08\/logo-1.png\",\"contentUrl\":\"https:\/\/librairie7l.com\/wp-content\/uploads\/2022\/08\/logo-1.png\",\"width\":227,\"height\":301,\"caption\":\"Librairie 7L\"},\"image\":{\"@id\":\"https:\/\/librairie7l.com\/en\/#\/schema\/logo\/image\/\"}}]}<\/script>\n<!-- \/ Yoast SEO plugin. -->","yoast_head_json":{"title":"INGRID DONAT - Librairie 7L","robots":{"index":"index","follow":"follow","max-snippet":"max-snippet:-1","max-image-preview":"max-image-preview:large","max-video-preview":"max-video-preview:-1"},"canonical":"https:\/\/librairie7l.com\/en\/produit\/ingrid-donat\/","og_locale":"en_US","og_type":"article","og_title":"INGRID DONAT - Librairie 7L","og_description":"N\u00e9e dans une famille d&#8217;artistes &#8211; p\u00e8re peintre r\u00e9unionnais, m\u00e8re pianiste, grand-p\u00e8re architecte -, Ingrid Donat a \u00e9t\u00e9 \u00e9lev\u00e9e en Su\u00e8de puis est arriv\u00e9e \u00e0 Paris en 1975. Bri\u00e8vement pass\u00e9e par un cours particulier de dessin, elle fait la connaissance du sculpteur Sylva Bernt, compagne d&#8217;Andr\u00e9 Arbus, qui lui fait d\u00e9couvrir la sculpture et les [&hellip;]","og_url":"https:\/\/librairie7l.com\/en\/produit\/ingrid-donat\/","og_site_name":"Librairie 7L","article_modified_time":"2026-04-16T17:28:29+00:00","og_image":[{"width":600,"height":712,"url":"https:\/\/librairie7l.com\/wp-content\/uploads\/2016\/11\/9782915542950_1_75.jpg","type":"image\/jpeg"}],"twitter_card":"summary_large_image","twitter_misc":{"Est. reading time":"2 minutes"},"schema":{"@context":"https:\/\/schema.org","@graph":[{"@type":"WebPage","@id":"https:\/\/librairie7l.com\/en\/produit\/ingrid-donat\/","url":"https:\/\/librairie7l.com\/en\/produit\/ingrid-donat\/","name":"INGRID DONAT - Librairie 7L","isPartOf":{"@id":"https:\/\/librairie7l.com\/en\/#website"},"datePublished":"2023-05-09T16:03:18+00:00","dateModified":"2026-04-16T17:28:29+00:00","breadcrumb":{"@id":"https:\/\/librairie7l.com\/en\/produit\/ingrid-donat\/#breadcrumb"},"inLanguage":"en-US","potentialAction":[{"@type":"ReadAction","target":["https:\/\/librairie7l.com\/en\/produit\/ingrid-donat\/"]}]},{"@type":"BreadcrumbList","@id":"https:\/\/librairie7l.com\/en\/produit\/ingrid-donat\/#breadcrumb","itemListElement":[{"@type":"ListItem","position":1,"name":"Accueil","item":"https:\/\/librairie7l.com\/en\/"},{"@type":"ListItem","position":2,"name":"Shop","item":"https:\/\/librairie7l.com\/en\/shop\/"},{"@type":"ListItem","position":3,"name":"INGRID DONAT"}]},{"@type":"WebSite","@id":"https:\/\/librairie7l.com\/en\/#website","url":"https:\/\/librairie7l.com\/en\/","name":"Librairie 7L","description":"Librairie fond\u00e9e en 1999 par Karl Lagerfeld \u00e0 Paris","publisher":{"@id":"https:\/\/librairie7l.com\/en\/#organization"},"potentialAction":[{"@type":"SearchAction","target":{"@type":"EntryPoint","urlTemplate":"https:\/\/librairie7l.com\/en\/?s={search_term_string}"},"query-input":"required name=search_term_string"}],"inLanguage":"en-US"},{"@type":"Organization","@id":"https:\/\/librairie7l.com\/en\/#organization","name":"Librairie 7L","url":"https:\/\/librairie7l.com\/en\/","logo":{"@type":"ImageObject","inLanguage":"en-US","@id":"https:\/\/librairie7l.com\/en\/#\/schema\/logo\/image\/","url":"https:\/\/librairie7l.com\/wp-content\/uploads\/2022\/08\/logo-1.png","contentUrl":"https:\/\/librairie7l.com\/wp-content\/uploads\/2022\/08\/logo-1.png","width":227,"height":301,"caption":"Librairie 7L"},"image":{"@id":"https:\/\/librairie7l.com\/en\/#\/schema\/logo\/image\/"}}]}},"_links":{"self":[{"href":"https:\/\/librairie7l.com\/en\/wp-json\/wp\/v2\/product\/19791"}],"collection":[{"href":"https:\/\/librairie7l.com\/en\/wp-json\/wp\/v2\/product"}],"about":[{"href":"https:\/\/librairie7l.com\/en\/wp-json\/wp\/v2\/types\/product"}],"wp:featuredmedia":[{"embeddable":true,"href":"https:\/\/librairie7l.com\/en\/wp-json\/wp\/v2\/media\/19789"}],"wp:attachment":[{"href":"https:\/\/librairie7l.com\/en\/wp-json\/wp\/v2\/media?parent=19791"}],"wp:term":[{"taxonomy":"product_cat","embeddable":true,"href":"https:\/\/librairie7l.com\/en\/wp-json\/wp\/v2\/product_cat?post=19791"},{"taxonomy":"product_tag","embeddable":true,"href":"https:\/\/librairie7l.com\/en\/wp-json\/wp\/v2\/product_tag?post=19791"}],"curies":[{"name":"wp","href":"https:\/\/api.w.org\/{rel}","templated":true}]}}