{"id":19815,"date":"2023-05-09T18:03:40","date_gmt":"2023-05-09T16:03:40","guid":{"rendered":"https:\/\/librairie7l.com\/?post_type=product&#038;p=19815"},"modified":"2026-04-09T19:35:35","modified_gmt":"2026-04-09T17:35:35","slug":"pierre-legrain","status":"publish","type":"product","link":"https:\/\/librairie7l.com\/en\/produit\/pierre-legrain\/","title":{"rendered":"PIERRE LEGRAIN"},"content":{"rendered":"<p>Les multiples talents de PIERRE-\u00c9MILE LEGRAIN (1888-1929), designer, architecte d&#8217;int\u00e9rieur, relieur, encadreur, paysagiste, en font un personnage aussi myst\u00e9rieux que recherch\u00e9 des bibliophiles, amateurs de beaux-arts et collectionneurs de meubles d&#8217;exception.<br \/>\nForm\u00e9 par Paul Iribe, Pierre Legrain fait la rencontre d\u00e9cisive de Jacques Doucet en 1912. Il cr\u00e9e pour le couturier pr\u00e8s de 400 reliures, de nombreux cadres pour son exceptionnelle collection d&#8217;art moderne &#8211; notamment celui des Demoiselles d&#8217;Avignon -, ainsi qu&#8217;une s\u00e9rie de meubles africano-cubistes. Membre de l&#8217;UAM, dont il dessine le logo, Legrain fr\u00e9quente Andr\u00e9 Breton, Paul \u00c9luard, Jean Cocteau, les sculpteurs Gustave Miklos et Henri Laurens, le peintre Francis Picabia, ou encore la modiste Jeanne Tachard pour laquelle il dessine un jardin.<br \/>\nSon oeuvre rare &#8211; une centaine de meubles et quelques am\u00e9nagements int\u00e9rieurs &#8211; est aujourd&#8217;hui dispers\u00e9e dans des mus\u00e9es ou des collections priv\u00e9es \u00e0 travers le monde.<br \/>\nPremi\u00e8re monographie transversale sur ce cr\u00e9ateur hors normes, cet ouvrage restaure le fil de sa vie, ses nombreuses rencontres avec les avant-gardes artistiques et ses r\u00e9alisations dans tous les domaines, soulignant les liens formels existant entre son travail d&#8217;ensemblier, de relieur et de dessinateur. \u00c0 travers l&#8217;entourage de Legrain &#8211; amis et commanditaires &#8211; , il pr\u00e9sente le contexte artistique exceptionnel dans lequel cette oeuvre si singuli\u00e8re a pu \u00e9clore.<\/p>\n","protected":false},"excerpt":{"rendered":"<p>Les multiples talents de PIERRE-\u00c9MILE LEGRAIN (1888-1929), designer, architecte d&#8217;int\u00e9rieur, relieur, encadreur, paysagiste, en font un personnage aussi myst\u00e9rieux que recherch\u00e9 des bibliophiles, amateurs de beaux-arts et collectionneurs de meubles d&#8217;exception. Form\u00e9 par Paul Iribe, Pierre Legrain fait la rencontre d\u00e9cisive de Jacques Doucet en 1912. Il cr\u00e9e pour le couturier pr\u00e8s de 400 reliures, [&hellip;]<\/p>\n","protected":false},"featured_media":19813,"template":"","meta":[],"product_cat":[2948,2952],"product_tag":[],"acf":[],"yoast_head":"<!-- This site is optimized with the Yoast SEO plugin v20.11 - https:\/\/yoast.com\/wordpress\/plugins\/seo\/ -->\n<title>PIERRE LEGRAIN - Librairie 7L<\/title>\n<meta name=\"robots\" content=\"index, follow, max-snippet:-1, max-image-preview:large, max-video-preview:-1\" \/>\n<link rel=\"canonical\" href=\"https:\/\/librairie7l.com\/en\/produit\/pierre-legrain\/\" \/>\n<meta property=\"og:locale\" content=\"en_US\" \/>\n<meta property=\"og:type\" content=\"article\" \/>\n<meta property=\"og:title\" content=\"PIERRE LEGRAIN - Librairie 7L\" \/>\n<meta property=\"og:description\" content=\"Les multiples talents de PIERRE-\u00c9MILE LEGRAIN (1888-1929), designer, architecte d&#8217;int\u00e9rieur, relieur, encadreur, paysagiste, en font un personnage aussi myst\u00e9rieux que recherch\u00e9 des bibliophiles, amateurs de beaux-arts et collectionneurs de meubles d&#8217;exception. Form\u00e9 par Paul Iribe, Pierre Legrain fait la rencontre d\u00e9cisive de Jacques Doucet en 1912. Il cr\u00e9e pour le couturier pr\u00e8s de 400 reliures, [&hellip;]\" \/>\n<meta property=\"og:url\" content=\"https:\/\/librairie7l.com\/en\/produit\/pierre-legrain\/\" \/>\n<meta property=\"og:site_name\" content=\"Librairie 7L\" \/>\n<meta property=\"article:modified_time\" content=\"2026-04-09T17:35:35+00:00\" \/>\n<meta property=\"og:image\" content=\"https:\/\/librairie7l.com\/wp-content\/uploads\/2019\/12\/9782376660170_1_75.jpg\" \/>\n\t<meta property=\"og:image:width\" content=\"262\" \/>\n\t<meta property=\"og:image:height\" content=\"345\" \/>\n\t<meta property=\"og:image:type\" content=\"image\/jpeg\" \/>\n<meta name=\"twitter:card\" content=\"summary_large_image\" \/>\n<meta name=\"twitter:label1\" content=\"Est. reading time\" \/>\n\t<meta name=\"twitter:data1\" content=\"1 minute\" \/>\n<script type=\"application\/ld+json\" class=\"yoast-schema-graph\">{\"@context\":\"https:\/\/schema.org\",\"@graph\":[{\"@type\":\"WebPage\",\"@id\":\"https:\/\/librairie7l.com\/en\/produit\/pierre-legrain\/\",\"url\":\"https:\/\/librairie7l.com\/en\/produit\/pierre-legrain\/\",\"name\":\"PIERRE LEGRAIN - Librairie 7L\",\"isPartOf\":{\"@id\":\"https:\/\/librairie7l.com\/en\/#website\"},\"datePublished\":\"2023-05-09T16:03:40+00:00\",\"dateModified\":\"2026-04-09T17:35:35+00:00\",\"breadcrumb\":{\"@id\":\"https:\/\/librairie7l.com\/en\/produit\/pierre-legrain\/#breadcrumb\"},\"inLanguage\":\"en-US\",\"potentialAction\":[{\"@type\":\"ReadAction\",\"target\":[\"https:\/\/librairie7l.com\/en\/produit\/pierre-legrain\/\"]}]},{\"@type\":\"BreadcrumbList\",\"@id\":\"https:\/\/librairie7l.com\/en\/produit\/pierre-legrain\/#breadcrumb\",\"itemListElement\":[{\"@type\":\"ListItem\",\"position\":1,\"name\":\"Accueil\",\"item\":\"https:\/\/librairie7l.com\/en\/\"},{\"@type\":\"ListItem\",\"position\":2,\"name\":\"Shop\",\"item\":\"https:\/\/librairie7l.com\/en\/shop\/\"},{\"@type\":\"ListItem\",\"position\":3,\"name\":\"PIERRE LEGRAIN\"}]},{\"@type\":\"WebSite\",\"@id\":\"https:\/\/librairie7l.com\/en\/#website\",\"url\":\"https:\/\/librairie7l.com\/en\/\",\"name\":\"Librairie 7L\",\"description\":\"Librairie fond\u00e9e en 1999 par Karl Lagerfeld \u00e0 Paris\",\"publisher\":{\"@id\":\"https:\/\/librairie7l.com\/en\/#organization\"},\"potentialAction\":[{\"@type\":\"SearchAction\",\"target\":{\"@type\":\"EntryPoint\",\"urlTemplate\":\"https:\/\/librairie7l.com\/en\/?s={search_term_string}\"},\"query-input\":\"required name=search_term_string\"}],\"inLanguage\":\"en-US\"},{\"@type\":\"Organization\",\"@id\":\"https:\/\/librairie7l.com\/en\/#organization\",\"name\":\"Librairie 7L\",\"url\":\"https:\/\/librairie7l.com\/en\/\",\"logo\":{\"@type\":\"ImageObject\",\"inLanguage\":\"en-US\",\"@id\":\"https:\/\/librairie7l.com\/en\/#\/schema\/logo\/image\/\",\"url\":\"https:\/\/librairie7l.com\/wp-content\/uploads\/2022\/08\/logo-1.png\",\"contentUrl\":\"https:\/\/librairie7l.com\/wp-content\/uploads\/2022\/08\/logo-1.png\",\"width\":227,\"height\":301,\"caption\":\"Librairie 7L\"},\"image\":{\"@id\":\"https:\/\/librairie7l.com\/en\/#\/schema\/logo\/image\/\"}}]}<\/script>\n<!-- \/ Yoast SEO plugin. -->","yoast_head_json":{"title":"PIERRE LEGRAIN - Librairie 7L","robots":{"index":"index","follow":"follow","max-snippet":"max-snippet:-1","max-image-preview":"max-image-preview:large","max-video-preview":"max-video-preview:-1"},"canonical":"https:\/\/librairie7l.com\/en\/produit\/pierre-legrain\/","og_locale":"en_US","og_type":"article","og_title":"PIERRE LEGRAIN - Librairie 7L","og_description":"Les multiples talents de PIERRE-\u00c9MILE LEGRAIN (1888-1929), designer, architecte d&#8217;int\u00e9rieur, relieur, encadreur, paysagiste, en font un personnage aussi myst\u00e9rieux que recherch\u00e9 des bibliophiles, amateurs de beaux-arts et collectionneurs de meubles d&#8217;exception. Form\u00e9 par Paul Iribe, Pierre Legrain fait la rencontre d\u00e9cisive de Jacques Doucet en 1912. Il cr\u00e9e pour le couturier pr\u00e8s de 400 reliures, [&hellip;]","og_url":"https:\/\/librairie7l.com\/en\/produit\/pierre-legrain\/","og_site_name":"Librairie 7L","article_modified_time":"2026-04-09T17:35:35+00:00","og_image":[{"width":262,"height":345,"url":"https:\/\/librairie7l.com\/wp-content\/uploads\/2019\/12\/9782376660170_1_75.jpg","type":"image\/jpeg"}],"twitter_card":"summary_large_image","twitter_misc":{"Est. reading time":"1 minute"},"schema":{"@context":"https:\/\/schema.org","@graph":[{"@type":"WebPage","@id":"https:\/\/librairie7l.com\/en\/produit\/pierre-legrain\/","url":"https:\/\/librairie7l.com\/en\/produit\/pierre-legrain\/","name":"PIERRE LEGRAIN - Librairie 7L","isPartOf":{"@id":"https:\/\/librairie7l.com\/en\/#website"},"datePublished":"2023-05-09T16:03:40+00:00","dateModified":"2026-04-09T17:35:35+00:00","breadcrumb":{"@id":"https:\/\/librairie7l.com\/en\/produit\/pierre-legrain\/#breadcrumb"},"inLanguage":"en-US","potentialAction":[{"@type":"ReadAction","target":["https:\/\/librairie7l.com\/en\/produit\/pierre-legrain\/"]}]},{"@type":"BreadcrumbList","@id":"https:\/\/librairie7l.com\/en\/produit\/pierre-legrain\/#breadcrumb","itemListElement":[{"@type":"ListItem","position":1,"name":"Accueil","item":"https:\/\/librairie7l.com\/en\/"},{"@type":"ListItem","position":2,"name":"Shop","item":"https:\/\/librairie7l.com\/en\/shop\/"},{"@type":"ListItem","position":3,"name":"PIERRE LEGRAIN"}]},{"@type":"WebSite","@id":"https:\/\/librairie7l.com\/en\/#website","url":"https:\/\/librairie7l.com\/en\/","name":"Librairie 7L","description":"Librairie fond\u00e9e en 1999 par Karl Lagerfeld \u00e0 Paris","publisher":{"@id":"https:\/\/librairie7l.com\/en\/#organization"},"potentialAction":[{"@type":"SearchAction","target":{"@type":"EntryPoint","urlTemplate":"https:\/\/librairie7l.com\/en\/?s={search_term_string}"},"query-input":"required name=search_term_string"}],"inLanguage":"en-US"},{"@type":"Organization","@id":"https:\/\/librairie7l.com\/en\/#organization","name":"Librairie 7L","url":"https:\/\/librairie7l.com\/en\/","logo":{"@type":"ImageObject","inLanguage":"en-US","@id":"https:\/\/librairie7l.com\/en\/#\/schema\/logo\/image\/","url":"https:\/\/librairie7l.com\/wp-content\/uploads\/2022\/08\/logo-1.png","contentUrl":"https:\/\/librairie7l.com\/wp-content\/uploads\/2022\/08\/logo-1.png","width":227,"height":301,"caption":"Librairie 7L"},"image":{"@id":"https:\/\/librairie7l.com\/en\/#\/schema\/logo\/image\/"}}]}},"_links":{"self":[{"href":"https:\/\/librairie7l.com\/en\/wp-json\/wp\/v2\/product\/19815"}],"collection":[{"href":"https:\/\/librairie7l.com\/en\/wp-json\/wp\/v2\/product"}],"about":[{"href":"https:\/\/librairie7l.com\/en\/wp-json\/wp\/v2\/types\/product"}],"wp:featuredmedia":[{"embeddable":true,"href":"https:\/\/librairie7l.com\/en\/wp-json\/wp\/v2\/media\/19813"}],"wp:attachment":[{"href":"https:\/\/librairie7l.com\/en\/wp-json\/wp\/v2\/media?parent=19815"}],"wp:term":[{"taxonomy":"product_cat","embeddable":true,"href":"https:\/\/librairie7l.com\/en\/wp-json\/wp\/v2\/product_cat?post=19815"},{"taxonomy":"product_tag","embeddable":true,"href":"https:\/\/librairie7l.com\/en\/wp-json\/wp\/v2\/product_tag?post=19815"}],"curies":[{"name":"wp","href":"https:\/\/api.w.org\/{rel}","templated":true}]}}