{"id":19847,"date":"2023-05-09T18:04:07","date_gmt":"2023-05-09T16:04:07","guid":{"rendered":"https:\/\/librairie7l.com\/?post_type=product&#038;p=19847"},"modified":"2026-04-04T01:37:53","modified_gmt":"2026-04-03T23:37:53","slug":"la-villa-kerylos-2","status":"publish","type":"product","link":"https:\/\/librairie7l.com\/en\/produit\/la-villa-kerylos-2\/","title":{"rendered":"LA VILLA K\u00c9RYLOS"},"content":{"rendered":"<p>Situ\u00e9e sur la pointe rocheuse de la baie des Fourmis \u00e0 Beaulieu-sur-Mer (Alpes Maritimes), la Villa K\u00e9rylos est une invitation au voyage et un hommage \u00e0 la civilisation grecque, d\u00e9crite dans cet te ouvrage par l&#8217;un de ses meilleurs connaisseurs : Adrien Goetz.<br \/>\nCon\u00e7ue et r\u00e9alis\u00e9e entre 1902 et 1908 sur le mod\u00e8le des maisons nobles de l&#8217;\u00eele de D\u00e9los, la villa K\u00e9rylos n&#8217;est pas une simple reproduction, mais une r\u00e9invention de la Gr\u00e8ce antique. Loin du pastiche, il s&#8217;agissait pour Th\u00e9odore Reinach, le commanditaire, et Emmanuel Pontremoli, l&#8217;architecte, de cr\u00e9er une oeuvre originale en  pensant grec . La demeure allie avec subtilit\u00e9 le luxe antique et le confort moderne propre aux villas de la Belle \u00c9poque. Elle est con\u00e7ue comme une oeuvre d&#8217;art totale et les meubles, la vaisselle, les tissus, le d\u00e9cor ont \u00e9t\u00e9 restitu\u00e9s dans le m\u00eame esprit. La villa K\u00e9rylos est l&#8217;aboutissement d&#8217;une recherche \u00e0 la fois artistique et intellectuelle.<\/p>\n<p> Cet album abondamment illustr\u00e9 revient sur l&#8217;histoire de cette cr\u00e9ation originale et permet de d\u00e9couvrir la richesse et la subtilit\u00e9 de ses d\u00e9cors. L&#8217;auteur, Adrien Goetz, grand connaisseur de la villa, guide le lecteur dans une visite d\u00e9taill\u00e9e, enrichie par sa connaissance intime des lieux.<\/p>\n","protected":false},"excerpt":{"rendered":"<p>Situ\u00e9e sur la pointe rocheuse de la baie des Fourmis \u00e0 Beaulieu-sur-Mer (Alpes Maritimes), la Villa K\u00e9rylos est une invitation au voyage et un hommage \u00e0 la civilisation grecque, d\u00e9crite dans cet te ouvrage par l&#8217;un de ses meilleurs connaisseurs : Adrien Goetz. Con\u00e7ue et r\u00e9alis\u00e9e entre 1902 et 1908 sur le mod\u00e8le des maisons [&hellip;]<\/p>\n","protected":false},"featured_media":19845,"template":"","meta":[],"product_cat":[2948,2950],"product_tag":[],"acf":[],"yoast_head":"<!-- This site is optimized with the Yoast SEO plugin v20.11 - https:\/\/yoast.com\/wordpress\/plugins\/seo\/ -->\n<title>LA VILLA K\u00c9RYLOS - Librairie 7L<\/title>\n<meta name=\"robots\" content=\"index, follow, max-snippet:-1, max-image-preview:large, max-video-preview:-1\" \/>\n<link rel=\"canonical\" href=\"https:\/\/librairie7l.com\/en\/produit\/la-villa-kerylos-2\/\" \/>\n<meta property=\"og:locale\" content=\"en_US\" \/>\n<meta property=\"og:type\" content=\"article\" \/>\n<meta property=\"og:title\" content=\"LA VILLA K\u00c9RYLOS - Librairie 7L\" \/>\n<meta property=\"og:description\" content=\"Situ\u00e9e sur la pointe rocheuse de la baie des Fourmis \u00e0 Beaulieu-sur-Mer (Alpes Maritimes), la Villa K\u00e9rylos est une invitation au voyage et un hommage \u00e0 la civilisation grecque, d\u00e9crite dans cet te ouvrage par l&#8217;un de ses meilleurs connaisseurs : Adrien Goetz. Con\u00e7ue et r\u00e9alis\u00e9e entre 1902 et 1908 sur le mod\u00e8le des maisons [&hellip;]\" \/>\n<meta property=\"og:url\" content=\"https:\/\/librairie7l.com\/en\/produit\/la-villa-kerylos-2\/\" \/>\n<meta property=\"og:site_name\" content=\"Librairie 7L\" \/>\n<meta property=\"article:modified_time\" content=\"2026-04-03T23:37:53+00:00\" \/>\n<meta property=\"og:image\" content=\"https:\/\/librairie7l.com\/wp-content\/uploads\/2019\/06\/9782757705230_1_75.jpg\" \/>\n\t<meta property=\"og:image:width\" content=\"600\" \/>\n\t<meta property=\"og:image:height\" content=\"637\" \/>\n\t<meta property=\"og:image:type\" content=\"image\/jpeg\" \/>\n<meta name=\"twitter:card\" content=\"summary_large_image\" \/>\n<meta name=\"twitter:label1\" content=\"Est. reading time\" \/>\n\t<meta name=\"twitter:data1\" content=\"1 minute\" \/>\n<script type=\"application\/ld+json\" class=\"yoast-schema-graph\">{\"@context\":\"https:\/\/schema.org\",\"@graph\":[{\"@type\":\"WebPage\",\"@id\":\"https:\/\/librairie7l.com\/en\/produit\/la-villa-kerylos-2\/\",\"url\":\"https:\/\/librairie7l.com\/en\/produit\/la-villa-kerylos-2\/\",\"name\":\"LA VILLA K\u00c9RYLOS - Librairie 7L\",\"isPartOf\":{\"@id\":\"https:\/\/librairie7l.com\/en\/#website\"},\"datePublished\":\"2023-05-09T16:04:07+00:00\",\"dateModified\":\"2026-04-03T23:37:53+00:00\",\"breadcrumb\":{\"@id\":\"https:\/\/librairie7l.com\/en\/produit\/la-villa-kerylos-2\/#breadcrumb\"},\"inLanguage\":\"en-US\",\"potentialAction\":[{\"@type\":\"ReadAction\",\"target\":[\"https:\/\/librairie7l.com\/en\/produit\/la-villa-kerylos-2\/\"]}]},{\"@type\":\"BreadcrumbList\",\"@id\":\"https:\/\/librairie7l.com\/en\/produit\/la-villa-kerylos-2\/#breadcrumb\",\"itemListElement\":[{\"@type\":\"ListItem\",\"position\":1,\"name\":\"Accueil\",\"item\":\"https:\/\/librairie7l.com\/en\/\"},{\"@type\":\"ListItem\",\"position\":2,\"name\":\"Shop\",\"item\":\"https:\/\/librairie7l.com\/en\/shop\/\"},{\"@type\":\"ListItem\",\"position\":3,\"name\":\"LA VILLA K\u00c9RYLOS\"}]},{\"@type\":\"WebSite\",\"@id\":\"https:\/\/librairie7l.com\/en\/#website\",\"url\":\"https:\/\/librairie7l.com\/en\/\",\"name\":\"Librairie 7L\",\"description\":\"Librairie fond\u00e9e en 1999 par Karl Lagerfeld \u00e0 Paris\",\"publisher\":{\"@id\":\"https:\/\/librairie7l.com\/en\/#organization\"},\"potentialAction\":[{\"@type\":\"SearchAction\",\"target\":{\"@type\":\"EntryPoint\",\"urlTemplate\":\"https:\/\/librairie7l.com\/en\/?s={search_term_string}\"},\"query-input\":\"required name=search_term_string\"}],\"inLanguage\":\"en-US\"},{\"@type\":\"Organization\",\"@id\":\"https:\/\/librairie7l.com\/en\/#organization\",\"name\":\"Librairie 7L\",\"url\":\"https:\/\/librairie7l.com\/en\/\",\"logo\":{\"@type\":\"ImageObject\",\"inLanguage\":\"en-US\",\"@id\":\"https:\/\/librairie7l.com\/en\/#\/schema\/logo\/image\/\",\"url\":\"https:\/\/librairie7l.com\/wp-content\/uploads\/2022\/08\/logo-1.png\",\"contentUrl\":\"https:\/\/librairie7l.com\/wp-content\/uploads\/2022\/08\/logo-1.png\",\"width\":227,\"height\":301,\"caption\":\"Librairie 7L\"},\"image\":{\"@id\":\"https:\/\/librairie7l.com\/en\/#\/schema\/logo\/image\/\"}}]}<\/script>\n<!-- \/ Yoast SEO plugin. -->","yoast_head_json":{"title":"LA VILLA K\u00c9RYLOS - Librairie 7L","robots":{"index":"index","follow":"follow","max-snippet":"max-snippet:-1","max-image-preview":"max-image-preview:large","max-video-preview":"max-video-preview:-1"},"canonical":"https:\/\/librairie7l.com\/en\/produit\/la-villa-kerylos-2\/","og_locale":"en_US","og_type":"article","og_title":"LA VILLA K\u00c9RYLOS - Librairie 7L","og_description":"Situ\u00e9e sur la pointe rocheuse de la baie des Fourmis \u00e0 Beaulieu-sur-Mer (Alpes Maritimes), la Villa K\u00e9rylos est une invitation au voyage et un hommage \u00e0 la civilisation grecque, d\u00e9crite dans cet te ouvrage par l&#8217;un de ses meilleurs connaisseurs : Adrien Goetz. Con\u00e7ue et r\u00e9alis\u00e9e entre 1902 et 1908 sur le mod\u00e8le des maisons [&hellip;]","og_url":"https:\/\/librairie7l.com\/en\/produit\/la-villa-kerylos-2\/","og_site_name":"Librairie 7L","article_modified_time":"2026-04-03T23:37:53+00:00","og_image":[{"width":600,"height":637,"url":"https:\/\/librairie7l.com\/wp-content\/uploads\/2019\/06\/9782757705230_1_75.jpg","type":"image\/jpeg"}],"twitter_card":"summary_large_image","twitter_misc":{"Est. reading time":"1 minute"},"schema":{"@context":"https:\/\/schema.org","@graph":[{"@type":"WebPage","@id":"https:\/\/librairie7l.com\/en\/produit\/la-villa-kerylos-2\/","url":"https:\/\/librairie7l.com\/en\/produit\/la-villa-kerylos-2\/","name":"LA VILLA K\u00c9RYLOS - Librairie 7L","isPartOf":{"@id":"https:\/\/librairie7l.com\/en\/#website"},"datePublished":"2023-05-09T16:04:07+00:00","dateModified":"2026-04-03T23:37:53+00:00","breadcrumb":{"@id":"https:\/\/librairie7l.com\/en\/produit\/la-villa-kerylos-2\/#breadcrumb"},"inLanguage":"en-US","potentialAction":[{"@type":"ReadAction","target":["https:\/\/librairie7l.com\/en\/produit\/la-villa-kerylos-2\/"]}]},{"@type":"BreadcrumbList","@id":"https:\/\/librairie7l.com\/en\/produit\/la-villa-kerylos-2\/#breadcrumb","itemListElement":[{"@type":"ListItem","position":1,"name":"Accueil","item":"https:\/\/librairie7l.com\/en\/"},{"@type":"ListItem","position":2,"name":"Shop","item":"https:\/\/librairie7l.com\/en\/shop\/"},{"@type":"ListItem","position":3,"name":"LA VILLA K\u00c9RYLOS"}]},{"@type":"WebSite","@id":"https:\/\/librairie7l.com\/en\/#website","url":"https:\/\/librairie7l.com\/en\/","name":"Librairie 7L","description":"Librairie fond\u00e9e en 1999 par Karl Lagerfeld \u00e0 Paris","publisher":{"@id":"https:\/\/librairie7l.com\/en\/#organization"},"potentialAction":[{"@type":"SearchAction","target":{"@type":"EntryPoint","urlTemplate":"https:\/\/librairie7l.com\/en\/?s={search_term_string}"},"query-input":"required name=search_term_string"}],"inLanguage":"en-US"},{"@type":"Organization","@id":"https:\/\/librairie7l.com\/en\/#organization","name":"Librairie 7L","url":"https:\/\/librairie7l.com\/en\/","logo":{"@type":"ImageObject","inLanguage":"en-US","@id":"https:\/\/librairie7l.com\/en\/#\/schema\/logo\/image\/","url":"https:\/\/librairie7l.com\/wp-content\/uploads\/2022\/08\/logo-1.png","contentUrl":"https:\/\/librairie7l.com\/wp-content\/uploads\/2022\/08\/logo-1.png","width":227,"height":301,"caption":"Librairie 7L"},"image":{"@id":"https:\/\/librairie7l.com\/en\/#\/schema\/logo\/image\/"}}]}},"_links":{"self":[{"href":"https:\/\/librairie7l.com\/en\/wp-json\/wp\/v2\/product\/19847"}],"collection":[{"href":"https:\/\/librairie7l.com\/en\/wp-json\/wp\/v2\/product"}],"about":[{"href":"https:\/\/librairie7l.com\/en\/wp-json\/wp\/v2\/types\/product"}],"wp:featuredmedia":[{"embeddable":true,"href":"https:\/\/librairie7l.com\/en\/wp-json\/wp\/v2\/media\/19845"}],"wp:attachment":[{"href":"https:\/\/librairie7l.com\/en\/wp-json\/wp\/v2\/media?parent=19847"}],"wp:term":[{"taxonomy":"product_cat","embeddable":true,"href":"https:\/\/librairie7l.com\/en\/wp-json\/wp\/v2\/product_cat?post=19847"},{"taxonomy":"product_tag","embeddable":true,"href":"https:\/\/librairie7l.com\/en\/wp-json\/wp\/v2\/product_tag?post=19847"}],"curies":[{"name":"wp","href":"https:\/\/api.w.org\/{rel}","templated":true}]}}