{"id":19895,"date":"2023-05-09T18:04:47","date_gmt":"2023-05-09T16:04:47","guid":{"rendered":"https:\/\/librairie7l.com\/?post_type=product&#038;p=19895"},"modified":"2026-04-08T15:26:01","modified_gmt":"2026-04-08T13:26:01","slug":"transanatolia","status":"publish","type":"product","link":"https:\/\/librairie7l.com\/en\/produit\/transanatolia\/","title":{"rendered":"TRANSANATOLIA"},"content":{"rendered":"<p>TRANSANATOLIA est une p\u00e9r\u00e9grination aux confins de l\u00b4Anatolie. Pendant 5 ans, Mathias Depardon photographie la nouvelle Turquie, jusqu\u00b4aux confins du Caucase. Des zones urbaines r\u00e9cemment install\u00e9es dans l\u00b4ouest d\u00b4Istanbul, au Kurdistan turc o\u00f9 couve la r\u00e9volution civile et s\u00e9vit une v\u00e9ritable guerre de l\u00b4eau : il questionne la notion de p\u00e9riph\u00e9ries et de fronti\u00e8res. Ces lieux recul\u00e9s aident \u00e0 comprendre les grandes mutations qui agitent la r\u00e9gion. \u00c0 travers des portraits, des paysages, Mathias Depardon sonde un pays tiraill\u00e9 entre modernisation \u00e0 tout crin et r\u00e9miniscence ottomanes. Dans ce livre le photographe tente d\u00b4imager les fronti\u00e8res du coeur \u00e9voqu\u00e9 par le Pr\u00e9sident turc. Pour sonder \u00ab l\u00b4\u00e2me turque \u00bb et percevoir toute la complexit\u00e9 de sa construction identitaire, il faut se projeter \u00e0 ses fronti\u00e8res et m\u00eame au-del\u00e0. En Azerba\u00efdjan ou en Crim\u00e9e, la Turquie reste la \u00ab m\u00e8re patrie \u00bb. Elle rayonne, diffuse son \u00ab soft power \u00bb des Balkans \u00e0 l\u00b4Asie, de la mer Noire \u00e0 la mer Rouge.<\/p>\n","protected":false},"excerpt":{"rendered":"<p>TRANSANATOLIA est une p\u00e9r\u00e9grination aux confins de l\u00b4Anatolie. Pendant 5 ans, Mathias Depardon photographie la nouvelle Turquie, jusqu\u00b4aux confins du Caucase. Des zones urbaines r\u00e9cemment install\u00e9es dans l\u00b4ouest d\u00b4Istanbul, au Kurdistan turc o\u00f9 couve la r\u00e9volution civile et s\u00e9vit une v\u00e9ritable guerre de l\u00b4eau : il questionne la notion de p\u00e9riph\u00e9ries et de fronti\u00e8res. Ces [&hellip;]<\/p>\n","protected":false},"featured_media":19893,"template":"","meta":[],"product_cat":[2948,2958],"product_tag":[],"acf":[],"yoast_head":"<!-- This site is optimized with the Yoast SEO plugin v20.11 - https:\/\/yoast.com\/wordpress\/plugins\/seo\/ -->\n<title>TRANSANATOLIA - Librairie 7L<\/title>\n<meta name=\"robots\" content=\"index, follow, max-snippet:-1, max-image-preview:large, max-video-preview:-1\" \/>\n<link rel=\"canonical\" href=\"https:\/\/librairie7l.com\/en\/produit\/transanatolia\/\" \/>\n<meta property=\"og:locale\" content=\"en_US\" \/>\n<meta property=\"og:type\" content=\"article\" \/>\n<meta property=\"og:title\" content=\"TRANSANATOLIA - Librairie 7L\" \/>\n<meta property=\"og:description\" content=\"TRANSANATOLIA est une p\u00e9r\u00e9grination aux confins de l\u00b4Anatolie. Pendant 5 ans, Mathias Depardon photographie la nouvelle Turquie, jusqu\u00b4aux confins du Caucase. Des zones urbaines r\u00e9cemment install\u00e9es dans l\u00b4ouest d\u00b4Istanbul, au Kurdistan turc o\u00f9 couve la r\u00e9volution civile et s\u00e9vit une v\u00e9ritable guerre de l\u00b4eau : il questionne la notion de p\u00e9riph\u00e9ries et de fronti\u00e8res. Ces [&hellip;]\" \/>\n<meta property=\"og:url\" content=\"https:\/\/librairie7l.com\/en\/produit\/transanatolia\/\" \/>\n<meta property=\"og:site_name\" content=\"Librairie 7L\" \/>\n<meta property=\"article:modified_time\" content=\"2026-04-08T13:26:01+00:00\" \/>\n<meta property=\"og:image\" content=\"https:\/\/librairie7l.com\/wp-content\/uploads\/2020\/11\/9791092265934_1_75.jpg\" \/>\n\t<meta property=\"og:image:width\" content=\"315\" \/>\n\t<meta property=\"og:image:height\" content=\"420\" \/>\n\t<meta property=\"og:image:type\" content=\"image\/jpeg\" \/>\n<meta name=\"twitter:card\" content=\"summary_large_image\" \/>\n<meta name=\"twitter:label1\" content=\"Est. reading time\" \/>\n\t<meta name=\"twitter:data1\" content=\"1 minute\" \/>\n<script type=\"application\/ld+json\" class=\"yoast-schema-graph\">{\"@context\":\"https:\/\/schema.org\",\"@graph\":[{\"@type\":\"WebPage\",\"@id\":\"https:\/\/librairie7l.com\/en\/produit\/transanatolia\/\",\"url\":\"https:\/\/librairie7l.com\/en\/produit\/transanatolia\/\",\"name\":\"TRANSANATOLIA - Librairie 7L\",\"isPartOf\":{\"@id\":\"https:\/\/librairie7l.com\/en\/#website\"},\"datePublished\":\"2023-05-09T16:04:47+00:00\",\"dateModified\":\"2026-04-08T13:26:01+00:00\",\"breadcrumb\":{\"@id\":\"https:\/\/librairie7l.com\/en\/produit\/transanatolia\/#breadcrumb\"},\"inLanguage\":\"en-US\",\"potentialAction\":[{\"@type\":\"ReadAction\",\"target\":[\"https:\/\/librairie7l.com\/en\/produit\/transanatolia\/\"]}]},{\"@type\":\"BreadcrumbList\",\"@id\":\"https:\/\/librairie7l.com\/en\/produit\/transanatolia\/#breadcrumb\",\"itemListElement\":[{\"@type\":\"ListItem\",\"position\":1,\"name\":\"Accueil\",\"item\":\"https:\/\/librairie7l.com\/en\/\"},{\"@type\":\"ListItem\",\"position\":2,\"name\":\"Shop\",\"item\":\"https:\/\/librairie7l.com\/en\/shop\/\"},{\"@type\":\"ListItem\",\"position\":3,\"name\":\"TRANSANATOLIA\"}]},{\"@type\":\"WebSite\",\"@id\":\"https:\/\/librairie7l.com\/en\/#website\",\"url\":\"https:\/\/librairie7l.com\/en\/\",\"name\":\"Librairie 7L\",\"description\":\"Librairie fond\u00e9e en 1999 par Karl Lagerfeld \u00e0 Paris\",\"publisher\":{\"@id\":\"https:\/\/librairie7l.com\/en\/#organization\"},\"potentialAction\":[{\"@type\":\"SearchAction\",\"target\":{\"@type\":\"EntryPoint\",\"urlTemplate\":\"https:\/\/librairie7l.com\/en\/?s={search_term_string}\"},\"query-input\":\"required name=search_term_string\"}],\"inLanguage\":\"en-US\"},{\"@type\":\"Organization\",\"@id\":\"https:\/\/librairie7l.com\/en\/#organization\",\"name\":\"Librairie 7L\",\"url\":\"https:\/\/librairie7l.com\/en\/\",\"logo\":{\"@type\":\"ImageObject\",\"inLanguage\":\"en-US\",\"@id\":\"https:\/\/librairie7l.com\/en\/#\/schema\/logo\/image\/\",\"url\":\"https:\/\/librairie7l.com\/wp-content\/uploads\/2022\/08\/logo-1.png\",\"contentUrl\":\"https:\/\/librairie7l.com\/wp-content\/uploads\/2022\/08\/logo-1.png\",\"width\":227,\"height\":301,\"caption\":\"Librairie 7L\"},\"image\":{\"@id\":\"https:\/\/librairie7l.com\/en\/#\/schema\/logo\/image\/\"}}]}<\/script>\n<!-- \/ Yoast SEO plugin. -->","yoast_head_json":{"title":"TRANSANATOLIA - Librairie 7L","robots":{"index":"index","follow":"follow","max-snippet":"max-snippet:-1","max-image-preview":"max-image-preview:large","max-video-preview":"max-video-preview:-1"},"canonical":"https:\/\/librairie7l.com\/en\/produit\/transanatolia\/","og_locale":"en_US","og_type":"article","og_title":"TRANSANATOLIA - Librairie 7L","og_description":"TRANSANATOLIA est une p\u00e9r\u00e9grination aux confins de l\u00b4Anatolie. Pendant 5 ans, Mathias Depardon photographie la nouvelle Turquie, jusqu\u00b4aux confins du Caucase. Des zones urbaines r\u00e9cemment install\u00e9es dans l\u00b4ouest d\u00b4Istanbul, au Kurdistan turc o\u00f9 couve la r\u00e9volution civile et s\u00e9vit une v\u00e9ritable guerre de l\u00b4eau : il questionne la notion de p\u00e9riph\u00e9ries et de fronti\u00e8res. Ces [&hellip;]","og_url":"https:\/\/librairie7l.com\/en\/produit\/transanatolia\/","og_site_name":"Librairie 7L","article_modified_time":"2026-04-08T13:26:01+00:00","og_image":[{"width":315,"height":420,"url":"https:\/\/librairie7l.com\/wp-content\/uploads\/2020\/11\/9791092265934_1_75.jpg","type":"image\/jpeg"}],"twitter_card":"summary_large_image","twitter_misc":{"Est. reading time":"1 minute"},"schema":{"@context":"https:\/\/schema.org","@graph":[{"@type":"WebPage","@id":"https:\/\/librairie7l.com\/en\/produit\/transanatolia\/","url":"https:\/\/librairie7l.com\/en\/produit\/transanatolia\/","name":"TRANSANATOLIA - Librairie 7L","isPartOf":{"@id":"https:\/\/librairie7l.com\/en\/#website"},"datePublished":"2023-05-09T16:04:47+00:00","dateModified":"2026-04-08T13:26:01+00:00","breadcrumb":{"@id":"https:\/\/librairie7l.com\/en\/produit\/transanatolia\/#breadcrumb"},"inLanguage":"en-US","potentialAction":[{"@type":"ReadAction","target":["https:\/\/librairie7l.com\/en\/produit\/transanatolia\/"]}]},{"@type":"BreadcrumbList","@id":"https:\/\/librairie7l.com\/en\/produit\/transanatolia\/#breadcrumb","itemListElement":[{"@type":"ListItem","position":1,"name":"Accueil","item":"https:\/\/librairie7l.com\/en\/"},{"@type":"ListItem","position":2,"name":"Shop","item":"https:\/\/librairie7l.com\/en\/shop\/"},{"@type":"ListItem","position":3,"name":"TRANSANATOLIA"}]},{"@type":"WebSite","@id":"https:\/\/librairie7l.com\/en\/#website","url":"https:\/\/librairie7l.com\/en\/","name":"Librairie 7L","description":"Librairie fond\u00e9e en 1999 par Karl Lagerfeld \u00e0 Paris","publisher":{"@id":"https:\/\/librairie7l.com\/en\/#organization"},"potentialAction":[{"@type":"SearchAction","target":{"@type":"EntryPoint","urlTemplate":"https:\/\/librairie7l.com\/en\/?s={search_term_string}"},"query-input":"required name=search_term_string"}],"inLanguage":"en-US"},{"@type":"Organization","@id":"https:\/\/librairie7l.com\/en\/#organization","name":"Librairie 7L","url":"https:\/\/librairie7l.com\/en\/","logo":{"@type":"ImageObject","inLanguage":"en-US","@id":"https:\/\/librairie7l.com\/en\/#\/schema\/logo\/image\/","url":"https:\/\/librairie7l.com\/wp-content\/uploads\/2022\/08\/logo-1.png","contentUrl":"https:\/\/librairie7l.com\/wp-content\/uploads\/2022\/08\/logo-1.png","width":227,"height":301,"caption":"Librairie 7L"},"image":{"@id":"https:\/\/librairie7l.com\/en\/#\/schema\/logo\/image\/"}}]}},"_links":{"self":[{"href":"https:\/\/librairie7l.com\/en\/wp-json\/wp\/v2\/product\/19895"}],"collection":[{"href":"https:\/\/librairie7l.com\/en\/wp-json\/wp\/v2\/product"}],"about":[{"href":"https:\/\/librairie7l.com\/en\/wp-json\/wp\/v2\/types\/product"}],"wp:featuredmedia":[{"embeddable":true,"href":"https:\/\/librairie7l.com\/en\/wp-json\/wp\/v2\/media\/19893"}],"wp:attachment":[{"href":"https:\/\/librairie7l.com\/en\/wp-json\/wp\/v2\/media?parent=19895"}],"wp:term":[{"taxonomy":"product_cat","embeddable":true,"href":"https:\/\/librairie7l.com\/en\/wp-json\/wp\/v2\/product_cat?post=19895"},{"taxonomy":"product_tag","embeddable":true,"href":"https:\/\/librairie7l.com\/en\/wp-json\/wp\/v2\/product_tag?post=19895"}],"curies":[{"name":"wp","href":"https:\/\/api.w.org\/{rel}","templated":true}]}}