{"id":19919,"date":"2023-05-09T18:05:06","date_gmt":"2023-05-09T16:05:06","guid":{"rendered":"https:\/\/librairie7l.com\/?post_type=product&#038;p=19919"},"modified":"2026-04-30T11:10:02","modified_gmt":"2026-04-30T09:10:02","slug":"the-great-ballets-russes-and-modern-art","status":"publish","type":"product","link":"https:\/\/librairie7l.com\/en\/produit\/the-great-ballets-russes-and-modern-art\/","title":{"rendered":"THE GREAT BALLETS RUSSES AND MODERN ART"},"content":{"rendered":"<p>The Great Ballets Russes and Modern Art \u00e9tudie l&#8217;influence qu&#8217;eut la compagnie de ballet de Serge\u00ef Diaghilev sur les arts du spectacle et de la performance par une approche pluridisciplinaire du ballet, faisant appel \u00e0 des artistes tels que Picasso ou Matisse pour la conception de d\u00e9cors ou de costumes. Ce livre pr\u00e9sente des oeuvres et \u00e9l\u00e9ments graphiques issus de Ballets Russes ayant ainsi particip\u00e9 \u00e0 la fin du 19e si\u00e8cle et au d\u00e9but du 20e si\u00e8cle au d\u00e9veloppement de l&#8217;art moderne.<\/p>\n","protected":false},"excerpt":{"rendered":"<p>The Great Ballets Russes and Modern Art \u00e9tudie l&#8217;influence qu&#8217;eut la compagnie de ballet de Serge\u00ef Diaghilev sur les arts du spectacle et de la performance par une approche pluridisciplinaire du ballet, faisant appel \u00e0 des artistes tels que Picasso ou Matisse pour la conception de d\u00e9cors ou de costumes. Ce livre pr\u00e9sente des oeuvres [&hellip;]<\/p>\n","protected":false},"featured_media":19917,"template":"","meta":[],"product_cat":[2948,2953],"product_tag":[],"acf":[],"yoast_head":"<!-- This site is optimized with the Yoast SEO plugin v20.11 - https:\/\/yoast.com\/wordpress\/plugins\/seo\/ -->\n<title>THE GREAT BALLETS RUSSES AND MODERN ART - Librairie 7L<\/title>\n<meta name=\"robots\" content=\"index, follow, max-snippet:-1, max-image-preview:large, max-video-preview:-1\" \/>\n<link rel=\"canonical\" href=\"https:\/\/librairie7l.com\/en\/produit\/the-great-ballets-russes-and-modern-art\/\" \/>\n<meta property=\"og:locale\" content=\"en_US\" \/>\n<meta property=\"og:type\" content=\"article\" \/>\n<meta property=\"og:title\" content=\"THE GREAT BALLETS RUSSES AND MODERN ART - Librairie 7L\" \/>\n<meta property=\"og:description\" content=\"The Great Ballets Russes and Modern Art \u00e9tudie l&#8217;influence qu&#8217;eut la compagnie de ballet de Serge\u00ef Diaghilev sur les arts du spectacle et de la performance par une approche pluridisciplinaire du ballet, faisant appel \u00e0 des artistes tels que Picasso ou Matisse pour la conception de d\u00e9cors ou de costumes. Ce livre pr\u00e9sente des oeuvres [&hellip;]\" \/>\n<meta property=\"og:url\" content=\"https:\/\/librairie7l.com\/en\/produit\/the-great-ballets-russes-and-modern-art\/\" \/>\n<meta property=\"og:site_name\" content=\"Librairie 7L\" \/>\n<meta property=\"article:modified_time\" content=\"2026-04-30T09:10:02+00:00\" \/>\n<meta property=\"og:image\" content=\"https:\/\/librairie7l.com\/wp-content\/uploads\/2021\/05\/9784756252876_1_75.jpg\" \/>\n\t<meta property=\"og:image:width\" content=\"244\" \/>\n\t<meta property=\"og:image:height\" content=\"337\" \/>\n\t<meta property=\"og:image:type\" content=\"image\/jpeg\" \/>\n<meta name=\"twitter:card\" content=\"summary_large_image\" \/>\n<script type=\"application\/ld+json\" class=\"yoast-schema-graph\">{\"@context\":\"https:\/\/schema.org\",\"@graph\":[{\"@type\":\"WebPage\",\"@id\":\"https:\/\/librairie7l.com\/en\/produit\/the-great-ballets-russes-and-modern-art\/\",\"url\":\"https:\/\/librairie7l.com\/en\/produit\/the-great-ballets-russes-and-modern-art\/\",\"name\":\"THE GREAT BALLETS RUSSES AND MODERN ART - Librairie 7L\",\"isPartOf\":{\"@id\":\"https:\/\/librairie7l.com\/en\/#website\"},\"datePublished\":\"2023-05-09T16:05:06+00:00\",\"dateModified\":\"2026-04-30T09:10:02+00:00\",\"breadcrumb\":{\"@id\":\"https:\/\/librairie7l.com\/en\/produit\/the-great-ballets-russes-and-modern-art\/#breadcrumb\"},\"inLanguage\":\"en-US\",\"potentialAction\":[{\"@type\":\"ReadAction\",\"target\":[\"https:\/\/librairie7l.com\/en\/produit\/the-great-ballets-russes-and-modern-art\/\"]}]},{\"@type\":\"BreadcrumbList\",\"@id\":\"https:\/\/librairie7l.com\/en\/produit\/the-great-ballets-russes-and-modern-art\/#breadcrumb\",\"itemListElement\":[{\"@type\":\"ListItem\",\"position\":1,\"name\":\"Accueil\",\"item\":\"https:\/\/librairie7l.com\/en\/\"},{\"@type\":\"ListItem\",\"position\":2,\"name\":\"Shop\",\"item\":\"https:\/\/librairie7l.com\/en\/shop\/\"},{\"@type\":\"ListItem\",\"position\":3,\"name\":\"THE GREAT BALLETS RUSSES AND MODERN ART\"}]},{\"@type\":\"WebSite\",\"@id\":\"https:\/\/librairie7l.com\/en\/#website\",\"url\":\"https:\/\/librairie7l.com\/en\/\",\"name\":\"Librairie 7L\",\"description\":\"Librairie fond\u00e9e en 1999 par Karl Lagerfeld \u00e0 Paris\",\"publisher\":{\"@id\":\"https:\/\/librairie7l.com\/en\/#organization\"},\"potentialAction\":[{\"@type\":\"SearchAction\",\"target\":{\"@type\":\"EntryPoint\",\"urlTemplate\":\"https:\/\/librairie7l.com\/en\/?s={search_term_string}\"},\"query-input\":\"required name=search_term_string\"}],\"inLanguage\":\"en-US\"},{\"@type\":\"Organization\",\"@id\":\"https:\/\/librairie7l.com\/en\/#organization\",\"name\":\"Librairie 7L\",\"url\":\"https:\/\/librairie7l.com\/en\/\",\"logo\":{\"@type\":\"ImageObject\",\"inLanguage\":\"en-US\",\"@id\":\"https:\/\/librairie7l.com\/en\/#\/schema\/logo\/image\/\",\"url\":\"https:\/\/librairie7l.com\/wp-content\/uploads\/2022\/08\/logo-1.png\",\"contentUrl\":\"https:\/\/librairie7l.com\/wp-content\/uploads\/2022\/08\/logo-1.png\",\"width\":227,\"height\":301,\"caption\":\"Librairie 7L\"},\"image\":{\"@id\":\"https:\/\/librairie7l.com\/en\/#\/schema\/logo\/image\/\"}}]}<\/script>\n<!-- \/ Yoast SEO plugin. -->","yoast_head_json":{"title":"THE GREAT BALLETS RUSSES AND MODERN ART - Librairie 7L","robots":{"index":"index","follow":"follow","max-snippet":"max-snippet:-1","max-image-preview":"max-image-preview:large","max-video-preview":"max-video-preview:-1"},"canonical":"https:\/\/librairie7l.com\/en\/produit\/the-great-ballets-russes-and-modern-art\/","og_locale":"en_US","og_type":"article","og_title":"THE GREAT BALLETS RUSSES AND MODERN ART - Librairie 7L","og_description":"The Great Ballets Russes and Modern Art \u00e9tudie l&#8217;influence qu&#8217;eut la compagnie de ballet de Serge\u00ef Diaghilev sur les arts du spectacle et de la performance par une approche pluridisciplinaire du ballet, faisant appel \u00e0 des artistes tels que Picasso ou Matisse pour la conception de d\u00e9cors ou de costumes. Ce livre pr\u00e9sente des oeuvres [&hellip;]","og_url":"https:\/\/librairie7l.com\/en\/produit\/the-great-ballets-russes-and-modern-art\/","og_site_name":"Librairie 7L","article_modified_time":"2026-04-30T09:10:02+00:00","og_image":[{"width":244,"height":337,"url":"https:\/\/librairie7l.com\/wp-content\/uploads\/2021\/05\/9784756252876_1_75.jpg","type":"image\/jpeg"}],"twitter_card":"summary_large_image","schema":{"@context":"https:\/\/schema.org","@graph":[{"@type":"WebPage","@id":"https:\/\/librairie7l.com\/en\/produit\/the-great-ballets-russes-and-modern-art\/","url":"https:\/\/librairie7l.com\/en\/produit\/the-great-ballets-russes-and-modern-art\/","name":"THE GREAT BALLETS RUSSES AND MODERN ART - Librairie 7L","isPartOf":{"@id":"https:\/\/librairie7l.com\/en\/#website"},"datePublished":"2023-05-09T16:05:06+00:00","dateModified":"2026-04-30T09:10:02+00:00","breadcrumb":{"@id":"https:\/\/librairie7l.com\/en\/produit\/the-great-ballets-russes-and-modern-art\/#breadcrumb"},"inLanguage":"en-US","potentialAction":[{"@type":"ReadAction","target":["https:\/\/librairie7l.com\/en\/produit\/the-great-ballets-russes-and-modern-art\/"]}]},{"@type":"BreadcrumbList","@id":"https:\/\/librairie7l.com\/en\/produit\/the-great-ballets-russes-and-modern-art\/#breadcrumb","itemListElement":[{"@type":"ListItem","position":1,"name":"Accueil","item":"https:\/\/librairie7l.com\/en\/"},{"@type":"ListItem","position":2,"name":"Shop","item":"https:\/\/librairie7l.com\/en\/shop\/"},{"@type":"ListItem","position":3,"name":"THE GREAT BALLETS RUSSES AND MODERN ART"}]},{"@type":"WebSite","@id":"https:\/\/librairie7l.com\/en\/#website","url":"https:\/\/librairie7l.com\/en\/","name":"Librairie 7L","description":"Librairie fond\u00e9e en 1999 par Karl Lagerfeld \u00e0 Paris","publisher":{"@id":"https:\/\/librairie7l.com\/en\/#organization"},"potentialAction":[{"@type":"SearchAction","target":{"@type":"EntryPoint","urlTemplate":"https:\/\/librairie7l.com\/en\/?s={search_term_string}"},"query-input":"required name=search_term_string"}],"inLanguage":"en-US"},{"@type":"Organization","@id":"https:\/\/librairie7l.com\/en\/#organization","name":"Librairie 7L","url":"https:\/\/librairie7l.com\/en\/","logo":{"@type":"ImageObject","inLanguage":"en-US","@id":"https:\/\/librairie7l.com\/en\/#\/schema\/logo\/image\/","url":"https:\/\/librairie7l.com\/wp-content\/uploads\/2022\/08\/logo-1.png","contentUrl":"https:\/\/librairie7l.com\/wp-content\/uploads\/2022\/08\/logo-1.png","width":227,"height":301,"caption":"Librairie 7L"},"image":{"@id":"https:\/\/librairie7l.com\/en\/#\/schema\/logo\/image\/"}}]}},"_links":{"self":[{"href":"https:\/\/librairie7l.com\/en\/wp-json\/wp\/v2\/product\/19919"}],"collection":[{"href":"https:\/\/librairie7l.com\/en\/wp-json\/wp\/v2\/product"}],"about":[{"href":"https:\/\/librairie7l.com\/en\/wp-json\/wp\/v2\/types\/product"}],"wp:featuredmedia":[{"embeddable":true,"href":"https:\/\/librairie7l.com\/en\/wp-json\/wp\/v2\/media\/19917"}],"wp:attachment":[{"href":"https:\/\/librairie7l.com\/en\/wp-json\/wp\/v2\/media?parent=19919"}],"wp:term":[{"taxonomy":"product_cat","embeddable":true,"href":"https:\/\/librairie7l.com\/en\/wp-json\/wp\/v2\/product_cat?post=19919"},{"taxonomy":"product_tag","embeddable":true,"href":"https:\/\/librairie7l.com\/en\/wp-json\/wp\/v2\/product_tag?post=19919"}],"curies":[{"name":"wp","href":"https:\/\/api.w.org\/{rel}","templated":true}]}}