{"id":19943,"date":"2023-05-09T18:05:26","date_gmt":"2023-05-09T16:05:26","guid":{"rendered":"https:\/\/librairie7l.com\/?post_type=product&#038;p=19943"},"modified":"2026-04-26T20:53:32","modified_gmt":"2026-04-26T18:53:32","slug":"atours-romanesques-et-modes-troubadour-1804-1848","status":"publish","type":"product","link":"https:\/\/librairie7l.com\/en\/produit\/atours-romanesques-et-modes-troubadour-1804-1848\/","title":{"rendered":"ATOURS ROMANESQUES ET MODES TROUBADOUR, 1804-1848"},"content":{"rendered":"<p>Ce livre propose de d\u00e9couvrir les origines et les attributs des modes troubadour qui se sont d\u00e9velopp\u00e9es dans la premi\u00e8re moiti\u00e9 du XIXe si\u00e8cle.<br \/>\nLe terme \u00ab troubadour \u00bb est associ\u00e9 \u00e0 la peinture de style anecdotique qui s&#8217;inspire, d\u00e8s le d\u00e9but du XIXe si\u00e8cle, de sujets historiques souvent repr\u00e9sent\u00e9s dans des situations \u00e9mouvantes. L&#8217;engouement pour le Moyen \u00c2ge, la Renaissance et le XVIIe si\u00e8cle s&#8217;\u00e9tend alors \u00e0 l&#8217;architecture, \u00e0 la sculpture, aux arts d\u00e9coratifs, au th\u00e9\u00e2tre et \u00e0 la mode.<br \/>\nLes artistes et les artisans renouvellent ainsi la cr\u00e9ation en puisant dans la litt\u00e9rature et dans l&#8217;iconographie d&#8217;une \u00e9poque pass\u00e9e id\u00e9alis\u00e9e et fantasm\u00e9e.<br \/>\nDans le domaine de la mode, volumes, coupes, couleurs, ornements et accessoires d&#8217;autrefois sont mis au go\u00fbt du jour. Des d\u00e9tails s&#8217;int\u00e8grent aux v\u00eatements dont les manches sont crev\u00e9es et ballonn\u00e9es, les encolures sont d\u00e9gag\u00e9es, les collets en dentelle pliss\u00e9e et les toques inspir\u00e9es des costumes d&#8217;\u00e9poque r\u00e9apparaissent, tandis que les \u00e9toffes \u00e9paisses et color\u00e9es comme le velours sont ressuscit\u00e9es. Ces formes revisit\u00e9es sont pr\u00e9sentes dans les tenues des femmes, des hommes et des enfants mais aussi dans les accessoires, les parures et les coiffes.<br \/>\nCet ouvrage s&#8217;appuie sur des sources \u00e9crites et sur de nombreuses revues, comme le Journal des dames et des modes, accompagn\u00e9es d&#8217;illustrations qui offrent un t\u00e9moignage fid\u00e8le de l&#8217;enthousiasme gagn\u00e9 par l&#8217;ensemble de la soci\u00e9t\u00e9 de l&#8217;\u00e9poque pour l&#8217;univers pittoresque des troubadours.<br \/>\nCon\u00e7u pour satisfaire tout \u00e0 la fois l&#8217;int\u00e9r\u00eat des \u00e9tudiants, des amateurs, des chercheurs et des sp\u00e9cialistes, ce livre explore un sujet m\u00e9connu et passionnant de l&#8217;histoire des modes et du go\u00fbt.<\/p>\n","protected":false},"excerpt":{"rendered":"<p>Ce livre propose de d\u00e9couvrir les origines et les attributs des modes troubadour qui se sont d\u00e9velopp\u00e9es dans la premi\u00e8re moiti\u00e9 du XIXe si\u00e8cle. Le terme \u00ab troubadour \u00bb est associ\u00e9 \u00e0 la peinture de style anecdotique qui s&#8217;inspire, d\u00e8s le d\u00e9but du XIXe si\u00e8cle, de sujets historiques souvent repr\u00e9sent\u00e9s dans des situations \u00e9mouvantes. L&#8217;engouement [&hellip;]<\/p>\n","protected":false},"featured_media":19941,"template":"","meta":[],"product_cat":[2948,2957],"product_tag":[],"acf":[],"yoast_head":"<!-- This site is optimized with the Yoast SEO plugin v20.11 - https:\/\/yoast.com\/wordpress\/plugins\/seo\/ -->\n<title>ATOURS ROMANESQUES ET MODES TROUBADOUR, 1804-1848 - Librairie 7L<\/title>\n<meta name=\"robots\" content=\"index, follow, max-snippet:-1, max-image-preview:large, max-video-preview:-1\" \/>\n<link rel=\"canonical\" href=\"https:\/\/librairie7l.com\/en\/produit\/atours-romanesques-et-modes-troubadour-1804-1848\/\" \/>\n<meta property=\"og:locale\" content=\"en_US\" \/>\n<meta property=\"og:type\" content=\"article\" \/>\n<meta property=\"og:title\" content=\"ATOURS ROMANESQUES ET MODES TROUBADOUR, 1804-1848 - Librairie 7L\" \/>\n<meta property=\"og:description\" content=\"Ce livre propose de d\u00e9couvrir les origines et les attributs des modes troubadour qui se sont d\u00e9velopp\u00e9es dans la premi\u00e8re moiti\u00e9 du XIXe si\u00e8cle. Le terme \u00ab troubadour \u00bb est associ\u00e9 \u00e0 la peinture de style anecdotique qui s&#8217;inspire, d\u00e8s le d\u00e9but du XIXe si\u00e8cle, de sujets historiques souvent repr\u00e9sent\u00e9s dans des situations \u00e9mouvantes. L&#8217;engouement [&hellip;]\" \/>\n<meta property=\"og:url\" content=\"https:\/\/librairie7l.com\/en\/produit\/atours-romanesques-et-modes-troubadour-1804-1848\/\" \/>\n<meta property=\"og:site_name\" content=\"Librairie 7L\" \/>\n<meta property=\"article:modified_time\" content=\"2026-04-26T18:53:32+00:00\" \/>\n<meta property=\"og:image\" content=\"https:\/\/librairie7l.com\/wp-content\/uploads\/2021\/12\/9782916914985_1_75.jpg\" \/>\n\t<meta property=\"og:image:width\" content=\"600\" \/>\n\t<meta property=\"og:image:height\" content=\"860\" \/>\n\t<meta property=\"og:image:type\" content=\"image\/jpeg\" \/>\n<meta name=\"twitter:card\" content=\"summary_large_image\" \/>\n<meta name=\"twitter:label1\" content=\"Est. reading time\" \/>\n\t<meta name=\"twitter:data1\" content=\"2 minutes\" \/>\n<script type=\"application\/ld+json\" class=\"yoast-schema-graph\">{\"@context\":\"https:\/\/schema.org\",\"@graph\":[{\"@type\":\"WebPage\",\"@id\":\"https:\/\/librairie7l.com\/en\/produit\/atours-romanesques-et-modes-troubadour-1804-1848\/\",\"url\":\"https:\/\/librairie7l.com\/en\/produit\/atours-romanesques-et-modes-troubadour-1804-1848\/\",\"name\":\"ATOURS ROMANESQUES ET MODES TROUBADOUR, 1804-1848 - Librairie 7L\",\"isPartOf\":{\"@id\":\"https:\/\/librairie7l.com\/en\/#website\"},\"datePublished\":\"2023-05-09T16:05:26+00:00\",\"dateModified\":\"2026-04-26T18:53:32+00:00\",\"breadcrumb\":{\"@id\":\"https:\/\/librairie7l.com\/en\/produit\/atours-romanesques-et-modes-troubadour-1804-1848\/#breadcrumb\"},\"inLanguage\":\"en-US\",\"potentialAction\":[{\"@type\":\"ReadAction\",\"target\":[\"https:\/\/librairie7l.com\/en\/produit\/atours-romanesques-et-modes-troubadour-1804-1848\/\"]}]},{\"@type\":\"BreadcrumbList\",\"@id\":\"https:\/\/librairie7l.com\/en\/produit\/atours-romanesques-et-modes-troubadour-1804-1848\/#breadcrumb\",\"itemListElement\":[{\"@type\":\"ListItem\",\"position\":1,\"name\":\"Accueil\",\"item\":\"https:\/\/librairie7l.com\/en\/\"},{\"@type\":\"ListItem\",\"position\":2,\"name\":\"Shop\",\"item\":\"https:\/\/librairie7l.com\/en\/shop\/\"},{\"@type\":\"ListItem\",\"position\":3,\"name\":\"ATOURS ROMANESQUES ET MODES TROUBADOUR, 1804-1848\"}]},{\"@type\":\"WebSite\",\"@id\":\"https:\/\/librairie7l.com\/en\/#website\",\"url\":\"https:\/\/librairie7l.com\/en\/\",\"name\":\"Librairie 7L\",\"description\":\"Librairie fond\u00e9e en 1999 par Karl Lagerfeld \u00e0 Paris\",\"publisher\":{\"@id\":\"https:\/\/librairie7l.com\/en\/#organization\"},\"potentialAction\":[{\"@type\":\"SearchAction\",\"target\":{\"@type\":\"EntryPoint\",\"urlTemplate\":\"https:\/\/librairie7l.com\/en\/?s={search_term_string}\"},\"query-input\":\"required name=search_term_string\"}],\"inLanguage\":\"en-US\"},{\"@type\":\"Organization\",\"@id\":\"https:\/\/librairie7l.com\/en\/#organization\",\"name\":\"Librairie 7L\",\"url\":\"https:\/\/librairie7l.com\/en\/\",\"logo\":{\"@type\":\"ImageObject\",\"inLanguage\":\"en-US\",\"@id\":\"https:\/\/librairie7l.com\/en\/#\/schema\/logo\/image\/\",\"url\":\"https:\/\/librairie7l.com\/wp-content\/uploads\/2022\/08\/logo-1.png\",\"contentUrl\":\"https:\/\/librairie7l.com\/wp-content\/uploads\/2022\/08\/logo-1.png\",\"width\":227,\"height\":301,\"caption\":\"Librairie 7L\"},\"image\":{\"@id\":\"https:\/\/librairie7l.com\/en\/#\/schema\/logo\/image\/\"}}]}<\/script>\n<!-- \/ Yoast SEO plugin. -->","yoast_head_json":{"title":"ATOURS ROMANESQUES ET MODES TROUBADOUR, 1804-1848 - Librairie 7L","robots":{"index":"index","follow":"follow","max-snippet":"max-snippet:-1","max-image-preview":"max-image-preview:large","max-video-preview":"max-video-preview:-1"},"canonical":"https:\/\/librairie7l.com\/en\/produit\/atours-romanesques-et-modes-troubadour-1804-1848\/","og_locale":"en_US","og_type":"article","og_title":"ATOURS ROMANESQUES ET MODES TROUBADOUR, 1804-1848 - Librairie 7L","og_description":"Ce livre propose de d\u00e9couvrir les origines et les attributs des modes troubadour qui se sont d\u00e9velopp\u00e9es dans la premi\u00e8re moiti\u00e9 du XIXe si\u00e8cle. Le terme \u00ab troubadour \u00bb est associ\u00e9 \u00e0 la peinture de style anecdotique qui s&#8217;inspire, d\u00e8s le d\u00e9but du XIXe si\u00e8cle, de sujets historiques souvent repr\u00e9sent\u00e9s dans des situations \u00e9mouvantes. L&#8217;engouement [&hellip;]","og_url":"https:\/\/librairie7l.com\/en\/produit\/atours-romanesques-et-modes-troubadour-1804-1848\/","og_site_name":"Librairie 7L","article_modified_time":"2026-04-26T18:53:32+00:00","og_image":[{"width":600,"height":860,"url":"https:\/\/librairie7l.com\/wp-content\/uploads\/2021\/12\/9782916914985_1_75.jpg","type":"image\/jpeg"}],"twitter_card":"summary_large_image","twitter_misc":{"Est. reading time":"2 minutes"},"schema":{"@context":"https:\/\/schema.org","@graph":[{"@type":"WebPage","@id":"https:\/\/librairie7l.com\/en\/produit\/atours-romanesques-et-modes-troubadour-1804-1848\/","url":"https:\/\/librairie7l.com\/en\/produit\/atours-romanesques-et-modes-troubadour-1804-1848\/","name":"ATOURS ROMANESQUES ET MODES TROUBADOUR, 1804-1848 - Librairie 7L","isPartOf":{"@id":"https:\/\/librairie7l.com\/en\/#website"},"datePublished":"2023-05-09T16:05:26+00:00","dateModified":"2026-04-26T18:53:32+00:00","breadcrumb":{"@id":"https:\/\/librairie7l.com\/en\/produit\/atours-romanesques-et-modes-troubadour-1804-1848\/#breadcrumb"},"inLanguage":"en-US","potentialAction":[{"@type":"ReadAction","target":["https:\/\/librairie7l.com\/en\/produit\/atours-romanesques-et-modes-troubadour-1804-1848\/"]}]},{"@type":"BreadcrumbList","@id":"https:\/\/librairie7l.com\/en\/produit\/atours-romanesques-et-modes-troubadour-1804-1848\/#breadcrumb","itemListElement":[{"@type":"ListItem","position":1,"name":"Accueil","item":"https:\/\/librairie7l.com\/en\/"},{"@type":"ListItem","position":2,"name":"Shop","item":"https:\/\/librairie7l.com\/en\/shop\/"},{"@type":"ListItem","position":3,"name":"ATOURS ROMANESQUES ET MODES TROUBADOUR, 1804-1848"}]},{"@type":"WebSite","@id":"https:\/\/librairie7l.com\/en\/#website","url":"https:\/\/librairie7l.com\/en\/","name":"Librairie 7L","description":"Librairie fond\u00e9e en 1999 par Karl Lagerfeld \u00e0 Paris","publisher":{"@id":"https:\/\/librairie7l.com\/en\/#organization"},"potentialAction":[{"@type":"SearchAction","target":{"@type":"EntryPoint","urlTemplate":"https:\/\/librairie7l.com\/en\/?s={search_term_string}"},"query-input":"required name=search_term_string"}],"inLanguage":"en-US"},{"@type":"Organization","@id":"https:\/\/librairie7l.com\/en\/#organization","name":"Librairie 7L","url":"https:\/\/librairie7l.com\/en\/","logo":{"@type":"ImageObject","inLanguage":"en-US","@id":"https:\/\/librairie7l.com\/en\/#\/schema\/logo\/image\/","url":"https:\/\/librairie7l.com\/wp-content\/uploads\/2022\/08\/logo-1.png","contentUrl":"https:\/\/librairie7l.com\/wp-content\/uploads\/2022\/08\/logo-1.png","width":227,"height":301,"caption":"Librairie 7L"},"image":{"@id":"https:\/\/librairie7l.com\/en\/#\/schema\/logo\/image\/"}}]}},"_links":{"self":[{"href":"https:\/\/librairie7l.com\/en\/wp-json\/wp\/v2\/product\/19943"}],"collection":[{"href":"https:\/\/librairie7l.com\/en\/wp-json\/wp\/v2\/product"}],"about":[{"href":"https:\/\/librairie7l.com\/en\/wp-json\/wp\/v2\/types\/product"}],"wp:featuredmedia":[{"embeddable":true,"href":"https:\/\/librairie7l.com\/en\/wp-json\/wp\/v2\/media\/19941"}],"wp:attachment":[{"href":"https:\/\/librairie7l.com\/en\/wp-json\/wp\/v2\/media?parent=19943"}],"wp:term":[{"taxonomy":"product_cat","embeddable":true,"href":"https:\/\/librairie7l.com\/en\/wp-json\/wp\/v2\/product_cat?post=19943"},{"taxonomy":"product_tag","embeddable":true,"href":"https:\/\/librairie7l.com\/en\/wp-json\/wp\/v2\/product_tag?post=19943"}],"curies":[{"name":"wp","href":"https:\/\/api.w.org\/{rel}","templated":true}]}}