{"id":20015,"date":"2023-05-09T18:06:24","date_gmt":"2023-05-09T16:06:24","guid":{"rendered":"https:\/\/librairie7l.com\/?post_type=product&#038;p=20015"},"modified":"2026-04-18T20:31:15","modified_gmt":"2026-04-18T18:31:15","slug":"carrie-mae-weems-a-great-turn-in-the-possible","status":"publish","type":"product","link":"https:\/\/librairie7l.com\/en\/produit\/carrie-mae-weems-a-great-turn-in-the-possible\/","title":{"rendered":"CARRIE MAE WEEMS : A GREAT TURN IN THE POSSIBLE"},"content":{"rendered":"<p>The most comprehensive survey of Weems&#8217; genre-defying oeuvre yet published.<\/p>\n<p>One of the most influential American artists working today, Carrie Mae Weems has investigated narratives around family, race, gender, sexism, class and the consequences of power for more than 40 years. Her complex oeuvre&#8211;always ahead of its time, and profoundly formative for younger generations of artists&#8211;has employed photography (for which she is best known), fabric, text, audio, digital images, installation and video. Writing in the New York Times, Holland Cotter succinctly described Weems as &#8220;a superb image maker and a moral force, focused and irrepressible.&#8221; This volume, spanning four decades of work, is the most thorough survey yet published. It includes Weems&#8217; earliest series, such as Family Pictures and Stories, for which she photographed her relatives and close friends; the legendary Kitchen Table Series, in which she posed in a domestic setting; and other critically acclaimed works and series such as Ain&#8217;t Jokin&#8217;, Colored People, From Here I Saw What Happened and I Cried, Not Manet&#8217;s Type, The Jefferson Suite, Monuments, Roaming, Museums, Constructing History (A Class Ponders the Future), Slow Fade to Black and the Obama Project, among many others. Contextualizing these pieces are essays by LaCharles Ward and Fred Moten and a chronology by Raul Mu\u00f1oz. The book also includes a visual essay by Weems that presents a personal selection of her own works from the artist&#8217;s perspective. The accompanying exhibition is organized by Fundaci\u00f3n MAPFRE in collaboration with Fundaci\u00f3n Foto Colectania, Barcelona and W\u00fcrttembergischer Kunstverein, Stuttgart, where the exhibition Carrie Mae Weems. The Evidence Of Things Not Seen took place from April 2 through July 10, 2022.<br \/>\nCarrie Mae Weems (born 1953) has received numerous awards, grants and fellowships, and is represented in public and private collections around the world, including the Metropolitan Museum of Art, the Museum of Fine Arts, Houston, the Museum of Modern Art and the Museum of Contemporary Art, Los Angeles. Weems lives in Brooklyn and Syracuse, New York.<\/p>\n","protected":false},"excerpt":{"rendered":"<p>The most comprehensive survey of Weems&#8217; genre-defying oeuvre yet published. One of the most influential American artists working today, Carrie Mae Weems has investigated narratives around family, race, gender, sexism, class and the consequences of power for more than 40 years. Her complex oeuvre&#8211;always ahead of its time, and profoundly formative for younger generations of [&hellip;]<\/p>\n","protected":false},"featured_media":20013,"template":"","meta":[],"product_cat":[2948,2958],"product_tag":[],"acf":[],"yoast_head":"<!-- This site is optimized with the Yoast SEO plugin v20.11 - https:\/\/yoast.com\/wordpress\/plugins\/seo\/ -->\n<title>CARRIE MAE WEEMS : A GREAT TURN IN THE POSSIBLE - Librairie 7L<\/title>\n<meta name=\"robots\" content=\"index, follow, max-snippet:-1, max-image-preview:large, max-video-preview:-1\" \/>\n<link rel=\"canonical\" href=\"https:\/\/librairie7l.com\/en\/produit\/carrie-mae-weems-a-great-turn-in-the-possible\/\" \/>\n<meta property=\"og:locale\" content=\"en_US\" \/>\n<meta property=\"og:type\" content=\"article\" \/>\n<meta property=\"og:title\" content=\"CARRIE MAE WEEMS : A GREAT TURN IN THE POSSIBLE - Librairie 7L\" \/>\n<meta property=\"og:description\" content=\"The most comprehensive survey of Weems&#8217; genre-defying oeuvre yet published. One of the most influential American artists working today, Carrie Mae Weems has investigated narratives around family, race, gender, sexism, class and the consequences of power for more than 40 years. Her complex oeuvre&#8211;always ahead of its time, and profoundly formative for younger generations of [&hellip;]\" \/>\n<meta property=\"og:url\" content=\"https:\/\/librairie7l.com\/en\/produit\/carrie-mae-weems-a-great-turn-in-the-possible\/\" \/>\n<meta property=\"og:site_name\" content=\"Librairie 7L\" \/>\n<meta property=\"article:modified_time\" content=\"2026-04-18T18:31:15+00:00\" \/>\n<meta property=\"og:image\" content=\"https:\/\/librairie7l.com\/wp-content\/uploads\/2022\/11\/9781636810751_1_75.jpg\" \/>\n\t<meta property=\"og:image:width\" content=\"395\" \/>\n\t<meta property=\"og:image:height\" content=\"500\" \/>\n\t<meta property=\"og:image:type\" content=\"image\/jpeg\" \/>\n<meta name=\"twitter:card\" content=\"summary_large_image\" \/>\n<meta name=\"twitter:label1\" content=\"Est. reading time\" \/>\n\t<meta name=\"twitter:data1\" content=\"2 minutes\" \/>\n<script type=\"application\/ld+json\" class=\"yoast-schema-graph\">{\"@context\":\"https:\/\/schema.org\",\"@graph\":[{\"@type\":\"WebPage\",\"@id\":\"https:\/\/librairie7l.com\/en\/produit\/carrie-mae-weems-a-great-turn-in-the-possible\/\",\"url\":\"https:\/\/librairie7l.com\/en\/produit\/carrie-mae-weems-a-great-turn-in-the-possible\/\",\"name\":\"CARRIE MAE WEEMS : A GREAT TURN IN THE POSSIBLE - Librairie 7L\",\"isPartOf\":{\"@id\":\"https:\/\/librairie7l.com\/en\/#website\"},\"datePublished\":\"2023-05-09T16:06:24+00:00\",\"dateModified\":\"2026-04-18T18:31:15+00:00\",\"breadcrumb\":{\"@id\":\"https:\/\/librairie7l.com\/en\/produit\/carrie-mae-weems-a-great-turn-in-the-possible\/#breadcrumb\"},\"inLanguage\":\"en-US\",\"potentialAction\":[{\"@type\":\"ReadAction\",\"target\":[\"https:\/\/librairie7l.com\/en\/produit\/carrie-mae-weems-a-great-turn-in-the-possible\/\"]}]},{\"@type\":\"BreadcrumbList\",\"@id\":\"https:\/\/librairie7l.com\/en\/produit\/carrie-mae-weems-a-great-turn-in-the-possible\/#breadcrumb\",\"itemListElement\":[{\"@type\":\"ListItem\",\"position\":1,\"name\":\"Accueil\",\"item\":\"https:\/\/librairie7l.com\/en\/\"},{\"@type\":\"ListItem\",\"position\":2,\"name\":\"Shop\",\"item\":\"https:\/\/librairie7l.com\/en\/shop\/\"},{\"@type\":\"ListItem\",\"position\":3,\"name\":\"CARRIE MAE WEEMS : A GREAT TURN IN THE POSSIBLE\"}]},{\"@type\":\"WebSite\",\"@id\":\"https:\/\/librairie7l.com\/en\/#website\",\"url\":\"https:\/\/librairie7l.com\/en\/\",\"name\":\"Librairie 7L\",\"description\":\"Librairie fond\u00e9e en 1999 par Karl Lagerfeld \u00e0 Paris\",\"publisher\":{\"@id\":\"https:\/\/librairie7l.com\/en\/#organization\"},\"potentialAction\":[{\"@type\":\"SearchAction\",\"target\":{\"@type\":\"EntryPoint\",\"urlTemplate\":\"https:\/\/librairie7l.com\/en\/?s={search_term_string}\"},\"query-input\":\"required name=search_term_string\"}],\"inLanguage\":\"en-US\"},{\"@type\":\"Organization\",\"@id\":\"https:\/\/librairie7l.com\/en\/#organization\",\"name\":\"Librairie 7L\",\"url\":\"https:\/\/librairie7l.com\/en\/\",\"logo\":{\"@type\":\"ImageObject\",\"inLanguage\":\"en-US\",\"@id\":\"https:\/\/librairie7l.com\/en\/#\/schema\/logo\/image\/\",\"url\":\"https:\/\/librairie7l.com\/wp-content\/uploads\/2022\/08\/logo-1.png\",\"contentUrl\":\"https:\/\/librairie7l.com\/wp-content\/uploads\/2022\/08\/logo-1.png\",\"width\":227,\"height\":301,\"caption\":\"Librairie 7L\"},\"image\":{\"@id\":\"https:\/\/librairie7l.com\/en\/#\/schema\/logo\/image\/\"}}]}<\/script>\n<!-- \/ Yoast SEO plugin. -->","yoast_head_json":{"title":"CARRIE MAE WEEMS : A GREAT TURN IN THE POSSIBLE - Librairie 7L","robots":{"index":"index","follow":"follow","max-snippet":"max-snippet:-1","max-image-preview":"max-image-preview:large","max-video-preview":"max-video-preview:-1"},"canonical":"https:\/\/librairie7l.com\/en\/produit\/carrie-mae-weems-a-great-turn-in-the-possible\/","og_locale":"en_US","og_type":"article","og_title":"CARRIE MAE WEEMS : A GREAT TURN IN THE POSSIBLE - Librairie 7L","og_description":"The most comprehensive survey of Weems&#8217; genre-defying oeuvre yet published. One of the most influential American artists working today, Carrie Mae Weems has investigated narratives around family, race, gender, sexism, class and the consequences of power for more than 40 years. Her complex oeuvre&#8211;always ahead of its time, and profoundly formative for younger generations of [&hellip;]","og_url":"https:\/\/librairie7l.com\/en\/produit\/carrie-mae-weems-a-great-turn-in-the-possible\/","og_site_name":"Librairie 7L","article_modified_time":"2026-04-18T18:31:15+00:00","og_image":[{"width":395,"height":500,"url":"https:\/\/librairie7l.com\/wp-content\/uploads\/2022\/11\/9781636810751_1_75.jpg","type":"image\/jpeg"}],"twitter_card":"summary_large_image","twitter_misc":{"Est. reading time":"2 minutes"},"schema":{"@context":"https:\/\/schema.org","@graph":[{"@type":"WebPage","@id":"https:\/\/librairie7l.com\/en\/produit\/carrie-mae-weems-a-great-turn-in-the-possible\/","url":"https:\/\/librairie7l.com\/en\/produit\/carrie-mae-weems-a-great-turn-in-the-possible\/","name":"CARRIE MAE WEEMS : A GREAT TURN IN THE POSSIBLE - Librairie 7L","isPartOf":{"@id":"https:\/\/librairie7l.com\/en\/#website"},"datePublished":"2023-05-09T16:06:24+00:00","dateModified":"2026-04-18T18:31:15+00:00","breadcrumb":{"@id":"https:\/\/librairie7l.com\/en\/produit\/carrie-mae-weems-a-great-turn-in-the-possible\/#breadcrumb"},"inLanguage":"en-US","potentialAction":[{"@type":"ReadAction","target":["https:\/\/librairie7l.com\/en\/produit\/carrie-mae-weems-a-great-turn-in-the-possible\/"]}]},{"@type":"BreadcrumbList","@id":"https:\/\/librairie7l.com\/en\/produit\/carrie-mae-weems-a-great-turn-in-the-possible\/#breadcrumb","itemListElement":[{"@type":"ListItem","position":1,"name":"Accueil","item":"https:\/\/librairie7l.com\/en\/"},{"@type":"ListItem","position":2,"name":"Shop","item":"https:\/\/librairie7l.com\/en\/shop\/"},{"@type":"ListItem","position":3,"name":"CARRIE MAE WEEMS : A GREAT TURN IN THE POSSIBLE"}]},{"@type":"WebSite","@id":"https:\/\/librairie7l.com\/en\/#website","url":"https:\/\/librairie7l.com\/en\/","name":"Librairie 7L","description":"Librairie fond\u00e9e en 1999 par Karl Lagerfeld \u00e0 Paris","publisher":{"@id":"https:\/\/librairie7l.com\/en\/#organization"},"potentialAction":[{"@type":"SearchAction","target":{"@type":"EntryPoint","urlTemplate":"https:\/\/librairie7l.com\/en\/?s={search_term_string}"},"query-input":"required name=search_term_string"}],"inLanguage":"en-US"},{"@type":"Organization","@id":"https:\/\/librairie7l.com\/en\/#organization","name":"Librairie 7L","url":"https:\/\/librairie7l.com\/en\/","logo":{"@type":"ImageObject","inLanguage":"en-US","@id":"https:\/\/librairie7l.com\/en\/#\/schema\/logo\/image\/","url":"https:\/\/librairie7l.com\/wp-content\/uploads\/2022\/08\/logo-1.png","contentUrl":"https:\/\/librairie7l.com\/wp-content\/uploads\/2022\/08\/logo-1.png","width":227,"height":301,"caption":"Librairie 7L"},"image":{"@id":"https:\/\/librairie7l.com\/en\/#\/schema\/logo\/image\/"}}]}},"_links":{"self":[{"href":"https:\/\/librairie7l.com\/en\/wp-json\/wp\/v2\/product\/20015"}],"collection":[{"href":"https:\/\/librairie7l.com\/en\/wp-json\/wp\/v2\/product"}],"about":[{"href":"https:\/\/librairie7l.com\/en\/wp-json\/wp\/v2\/types\/product"}],"wp:featuredmedia":[{"embeddable":true,"href":"https:\/\/librairie7l.com\/en\/wp-json\/wp\/v2\/media\/20013"}],"wp:attachment":[{"href":"https:\/\/librairie7l.com\/en\/wp-json\/wp\/v2\/media?parent=20015"}],"wp:term":[{"taxonomy":"product_cat","embeddable":true,"href":"https:\/\/librairie7l.com\/en\/wp-json\/wp\/v2\/product_cat?post=20015"},{"taxonomy":"product_tag","embeddable":true,"href":"https:\/\/librairie7l.com\/en\/wp-json\/wp\/v2\/product_tag?post=20015"}],"curies":[{"name":"wp","href":"https:\/\/api.w.org\/{rel}","templated":true}]}}