{"id":20043,"date":"2023-05-09T18:06:46","date_gmt":"2023-05-09T16:06:46","guid":{"rendered":"https:\/\/librairie7l.com\/?post_type=product&#038;p=20043"},"modified":"2026-04-10T02:00:50","modified_gmt":"2026-04-10T00:00:50","slug":"christine-rebet-escapologie","status":"publish","type":"product","link":"https:\/\/librairie7l.com\/en\/produit\/christine-rebet-escapologie\/","title":{"rendered":"CHRISTINE REBET : ESCAPOLOGIE"},"content":{"rendered":"<p>Christine Rebet est fascin\u00e9e par la prestidigitation et les illusions  d&#8217;optique qui composaient le paysage du divertissement pr\u00e9cin\u00e9matographique. Elle m\u00eale histoire et fiction \u00e0 travers des  univers fantasm\u00e9s, qui jouent avec l&#8217;inconscient des spectateurs au  moyen de dispositifs trompeurs, encore en usage dans la politique  contemporaine et les m\u00e9dias. Le dessin est au coeur de sa pratique  artistique et est intimement li\u00e9 au langage, au mime, comme au son  et \u00e0 la musique. Christine Rebet choisit l&#8217;animation, un m\u00e9dium  hybride o\u00f9 la r\u00e9p\u00e9tition du dessin donne l&#8217;illusion du mouvement,  et cr\u00e9e ce qu&#8217;elle nomme son \u00ab?cin\u00e9ma de papier?\u00bb.<\/p>\n","protected":false},"excerpt":{"rendered":"<p>Christine Rebet est fascin\u00e9e par la prestidigitation et les illusions d&#8217;optique qui composaient le paysage du divertissement pr\u00e9cin\u00e9matographique. Elle m\u00eale histoire et fiction \u00e0 travers des univers fantasm\u00e9s, qui jouent avec l&#8217;inconscient des spectateurs au moyen de dispositifs trompeurs, encore en usage dans la politique contemporaine et les m\u00e9dias. Le dessin est au coeur de [&hellip;]<\/p>\n","protected":false},"featured_media":20041,"template":"","meta":[],"product_cat":[2948,2953],"product_tag":[],"acf":[],"yoast_head":"<!-- This site is optimized with the Yoast SEO plugin v20.11 - https:\/\/yoast.com\/wordpress\/plugins\/seo\/ -->\n<title>CHRISTINE REBET : ESCAPOLOGIE - Librairie 7L<\/title>\n<meta name=\"robots\" content=\"index, follow, max-snippet:-1, max-image-preview:large, max-video-preview:-1\" \/>\n<link rel=\"canonical\" href=\"https:\/\/librairie7l.com\/en\/produit\/christine-rebet-escapologie\/\" \/>\n<meta property=\"og:locale\" content=\"en_US\" \/>\n<meta property=\"og:type\" content=\"article\" \/>\n<meta property=\"og:title\" content=\"CHRISTINE REBET : ESCAPOLOGIE - Librairie 7L\" \/>\n<meta property=\"og:description\" content=\"Christine Rebet est fascin\u00e9e par la prestidigitation et les illusions d&#8217;optique qui composaient le paysage du divertissement pr\u00e9cin\u00e9matographique. Elle m\u00eale histoire et fiction \u00e0 travers des univers fantasm\u00e9s, qui jouent avec l&#8217;inconscient des spectateurs au moyen de dispositifs trompeurs, encore en usage dans la politique contemporaine et les m\u00e9dias. Le dessin est au coeur de [&hellip;]\" \/>\n<meta property=\"og:url\" content=\"https:\/\/librairie7l.com\/en\/produit\/christine-rebet-escapologie\/\" \/>\n<meta property=\"og:site_name\" content=\"Librairie 7L\" \/>\n<meta property=\"article:modified_time\" content=\"2026-04-10T00:00:50+00:00\" \/>\n<meta property=\"og:image\" content=\"https:\/\/librairie7l.com\/wp-content\/uploads\/2023\/03\/9788836653096_1_75.jpg\" \/>\n\t<meta property=\"og:image:width\" content=\"600\" \/>\n\t<meta property=\"og:image:height\" content=\"807\" \/>\n\t<meta property=\"og:image:type\" content=\"image\/jpeg\" \/>\n<meta name=\"twitter:card\" content=\"summary_large_image\" \/>\n<meta name=\"twitter:label1\" content=\"Est. reading time\" \/>\n\t<meta name=\"twitter:data1\" content=\"1 minute\" \/>\n<script type=\"application\/ld+json\" class=\"yoast-schema-graph\">{\"@context\":\"https:\/\/schema.org\",\"@graph\":[{\"@type\":\"WebPage\",\"@id\":\"https:\/\/librairie7l.com\/en\/produit\/christine-rebet-escapologie\/\",\"url\":\"https:\/\/librairie7l.com\/en\/produit\/christine-rebet-escapologie\/\",\"name\":\"CHRISTINE REBET : ESCAPOLOGIE - Librairie 7L\",\"isPartOf\":{\"@id\":\"https:\/\/librairie7l.com\/en\/#website\"},\"datePublished\":\"2023-05-09T16:06:46+00:00\",\"dateModified\":\"2026-04-10T00:00:50+00:00\",\"breadcrumb\":{\"@id\":\"https:\/\/librairie7l.com\/en\/produit\/christine-rebet-escapologie\/#breadcrumb\"},\"inLanguage\":\"en-US\",\"potentialAction\":[{\"@type\":\"ReadAction\",\"target\":[\"https:\/\/librairie7l.com\/en\/produit\/christine-rebet-escapologie\/\"]}]},{\"@type\":\"BreadcrumbList\",\"@id\":\"https:\/\/librairie7l.com\/en\/produit\/christine-rebet-escapologie\/#breadcrumb\",\"itemListElement\":[{\"@type\":\"ListItem\",\"position\":1,\"name\":\"Accueil\",\"item\":\"https:\/\/librairie7l.com\/en\/\"},{\"@type\":\"ListItem\",\"position\":2,\"name\":\"Shop\",\"item\":\"https:\/\/librairie7l.com\/en\/shop\/\"},{\"@type\":\"ListItem\",\"position\":3,\"name\":\"CHRISTINE REBET : ESCAPOLOGIE\"}]},{\"@type\":\"WebSite\",\"@id\":\"https:\/\/librairie7l.com\/en\/#website\",\"url\":\"https:\/\/librairie7l.com\/en\/\",\"name\":\"Librairie 7L\",\"description\":\"Librairie fond\u00e9e en 1999 par Karl Lagerfeld \u00e0 Paris\",\"publisher\":{\"@id\":\"https:\/\/librairie7l.com\/en\/#organization\"},\"potentialAction\":[{\"@type\":\"SearchAction\",\"target\":{\"@type\":\"EntryPoint\",\"urlTemplate\":\"https:\/\/librairie7l.com\/en\/?s={search_term_string}\"},\"query-input\":\"required name=search_term_string\"}],\"inLanguage\":\"en-US\"},{\"@type\":\"Organization\",\"@id\":\"https:\/\/librairie7l.com\/en\/#organization\",\"name\":\"Librairie 7L\",\"url\":\"https:\/\/librairie7l.com\/en\/\",\"logo\":{\"@type\":\"ImageObject\",\"inLanguage\":\"en-US\",\"@id\":\"https:\/\/librairie7l.com\/en\/#\/schema\/logo\/image\/\",\"url\":\"https:\/\/librairie7l.com\/wp-content\/uploads\/2022\/08\/logo-1.png\",\"contentUrl\":\"https:\/\/librairie7l.com\/wp-content\/uploads\/2022\/08\/logo-1.png\",\"width\":227,\"height\":301,\"caption\":\"Librairie 7L\"},\"image\":{\"@id\":\"https:\/\/librairie7l.com\/en\/#\/schema\/logo\/image\/\"}}]}<\/script>\n<!-- \/ Yoast SEO plugin. -->","yoast_head_json":{"title":"CHRISTINE REBET : ESCAPOLOGIE - Librairie 7L","robots":{"index":"index","follow":"follow","max-snippet":"max-snippet:-1","max-image-preview":"max-image-preview:large","max-video-preview":"max-video-preview:-1"},"canonical":"https:\/\/librairie7l.com\/en\/produit\/christine-rebet-escapologie\/","og_locale":"en_US","og_type":"article","og_title":"CHRISTINE REBET : ESCAPOLOGIE - Librairie 7L","og_description":"Christine Rebet est fascin\u00e9e par la prestidigitation et les illusions d&#8217;optique qui composaient le paysage du divertissement pr\u00e9cin\u00e9matographique. Elle m\u00eale histoire et fiction \u00e0 travers des univers fantasm\u00e9s, qui jouent avec l&#8217;inconscient des spectateurs au moyen de dispositifs trompeurs, encore en usage dans la politique contemporaine et les m\u00e9dias. Le dessin est au coeur de [&hellip;]","og_url":"https:\/\/librairie7l.com\/en\/produit\/christine-rebet-escapologie\/","og_site_name":"Librairie 7L","article_modified_time":"2026-04-10T00:00:50+00:00","og_image":[{"width":600,"height":807,"url":"https:\/\/librairie7l.com\/wp-content\/uploads\/2023\/03\/9788836653096_1_75.jpg","type":"image\/jpeg"}],"twitter_card":"summary_large_image","twitter_misc":{"Est. reading time":"1 minute"},"schema":{"@context":"https:\/\/schema.org","@graph":[{"@type":"WebPage","@id":"https:\/\/librairie7l.com\/en\/produit\/christine-rebet-escapologie\/","url":"https:\/\/librairie7l.com\/en\/produit\/christine-rebet-escapologie\/","name":"CHRISTINE REBET : ESCAPOLOGIE - Librairie 7L","isPartOf":{"@id":"https:\/\/librairie7l.com\/en\/#website"},"datePublished":"2023-05-09T16:06:46+00:00","dateModified":"2026-04-10T00:00:50+00:00","breadcrumb":{"@id":"https:\/\/librairie7l.com\/en\/produit\/christine-rebet-escapologie\/#breadcrumb"},"inLanguage":"en-US","potentialAction":[{"@type":"ReadAction","target":["https:\/\/librairie7l.com\/en\/produit\/christine-rebet-escapologie\/"]}]},{"@type":"BreadcrumbList","@id":"https:\/\/librairie7l.com\/en\/produit\/christine-rebet-escapologie\/#breadcrumb","itemListElement":[{"@type":"ListItem","position":1,"name":"Accueil","item":"https:\/\/librairie7l.com\/en\/"},{"@type":"ListItem","position":2,"name":"Shop","item":"https:\/\/librairie7l.com\/en\/shop\/"},{"@type":"ListItem","position":3,"name":"CHRISTINE REBET : ESCAPOLOGIE"}]},{"@type":"WebSite","@id":"https:\/\/librairie7l.com\/en\/#website","url":"https:\/\/librairie7l.com\/en\/","name":"Librairie 7L","description":"Librairie fond\u00e9e en 1999 par Karl Lagerfeld \u00e0 Paris","publisher":{"@id":"https:\/\/librairie7l.com\/en\/#organization"},"potentialAction":[{"@type":"SearchAction","target":{"@type":"EntryPoint","urlTemplate":"https:\/\/librairie7l.com\/en\/?s={search_term_string}"},"query-input":"required name=search_term_string"}],"inLanguage":"en-US"},{"@type":"Organization","@id":"https:\/\/librairie7l.com\/en\/#organization","name":"Librairie 7L","url":"https:\/\/librairie7l.com\/en\/","logo":{"@type":"ImageObject","inLanguage":"en-US","@id":"https:\/\/librairie7l.com\/en\/#\/schema\/logo\/image\/","url":"https:\/\/librairie7l.com\/wp-content\/uploads\/2022\/08\/logo-1.png","contentUrl":"https:\/\/librairie7l.com\/wp-content\/uploads\/2022\/08\/logo-1.png","width":227,"height":301,"caption":"Librairie 7L"},"image":{"@id":"https:\/\/librairie7l.com\/en\/#\/schema\/logo\/image\/"}}]}},"_links":{"self":[{"href":"https:\/\/librairie7l.com\/en\/wp-json\/wp\/v2\/product\/20043"}],"collection":[{"href":"https:\/\/librairie7l.com\/en\/wp-json\/wp\/v2\/product"}],"about":[{"href":"https:\/\/librairie7l.com\/en\/wp-json\/wp\/v2\/types\/product"}],"wp:featuredmedia":[{"embeddable":true,"href":"https:\/\/librairie7l.com\/en\/wp-json\/wp\/v2\/media\/20041"}],"wp:attachment":[{"href":"https:\/\/librairie7l.com\/en\/wp-json\/wp\/v2\/media?parent=20043"}],"wp:term":[{"taxonomy":"product_cat","embeddable":true,"href":"https:\/\/librairie7l.com\/en\/wp-json\/wp\/v2\/product_cat?post=20043"},{"taxonomy":"product_tag","embeddable":true,"href":"https:\/\/librairie7l.com\/en\/wp-json\/wp\/v2\/product_tag?post=20043"}],"curies":[{"name":"wp","href":"https:\/\/api.w.org\/{rel}","templated":true}]}}