{"id":20111,"date":"2023-05-09T18:07:41","date_gmt":"2023-05-09T16:07:41","guid":{"rendered":"https:\/\/librairie7l.com\/?post_type=product&#038;p=20111"},"modified":"2026-04-26T22:21:57","modified_gmt":"2026-04-26T20:21:57","slug":"coco-chanel-une-icone","status":"publish","type":"product","link":"https:\/\/librairie7l.com\/en\/produit\/coco-chanel-une-icone\/","title":{"rendered":"COCO CHANEL ; UNE IC\u00d4NE"},"content":{"rendered":"<p>Figure embl\u00e9matique de la mode, Gabrielle Chanel (1883-1971) est un personnage incontournable qui, par le style simple et \u00e9l\u00e9gant qu&#8217;elle a su cr\u00e9er, marque aujourd&#8217;hui encore les esprits. Elle n&#8217;a eu de cesse de lib\u00e9rer le corps de la femme. Androgyne, \u00e9pur\u00e9e, dynamique et \u00e9l\u00e9gante : un vent de modernit\u00e9 a souffl\u00e9 sur la silhouette Chanel.Depuis ses d\u00e9buts de couseuse jusqu&#8217;\u00e0 sa disparition en 1971, c&#8217;est une femme farouchement ind\u00e9pendante : tour \u00e0 tour avant-gardiste, d\u00e9sireuse de faire \u00e9voluer les codes vestimentaires, puis r\u00e9fractaire \u00e0 la mode du court port\u00e9e aux nues par la jeunesse soixante-huitarde.Plus que jamais au go\u00fbt du jour, cette femme au destin hors du commun est \u00e0 d\u00e9couvrir ou \u00e0 red\u00e9couvrir. Richement illustr\u00e9, ce livre s\u00e9duira autant les inconditionnels de la haute couture que ses amateurs ou simplement les admirateurs de la cr\u00e9atrice.<\/p>\n","protected":false},"excerpt":{"rendered":"<p>Figure embl\u00e9matique de la mode, Gabrielle Chanel (1883-1971) est un personnage incontournable qui, par le style simple et \u00e9l\u00e9gant qu&#8217;elle a su cr\u00e9er, marque aujourd&#8217;hui encore les esprits. Elle n&#8217;a eu de cesse de lib\u00e9rer le corps de la femme. Androgyne, \u00e9pur\u00e9e, dynamique et \u00e9l\u00e9gante : un vent de modernit\u00e9 a souffl\u00e9 sur la silhouette [&hellip;]<\/p>\n","protected":false},"featured_media":20109,"template":"","meta":[],"product_cat":[2948,2957],"product_tag":[],"acf":[],"yoast_head":"<!-- This site is optimized with the Yoast SEO plugin v20.11 - https:\/\/yoast.com\/wordpress\/plugins\/seo\/ -->\n<title>COCO CHANEL ; UNE IC\u00d4NE - Librairie 7L<\/title>\n<meta name=\"robots\" content=\"index, follow, max-snippet:-1, max-image-preview:large, max-video-preview:-1\" \/>\n<link rel=\"canonical\" href=\"https:\/\/librairie7l.com\/en\/produit\/coco-chanel-une-icone\/\" \/>\n<meta property=\"og:locale\" content=\"en_US\" \/>\n<meta property=\"og:type\" content=\"article\" \/>\n<meta property=\"og:title\" content=\"COCO CHANEL ; UNE IC\u00d4NE - Librairie 7L\" \/>\n<meta property=\"og:description\" content=\"Figure embl\u00e9matique de la mode, Gabrielle Chanel (1883-1971) est un personnage incontournable qui, par le style simple et \u00e9l\u00e9gant qu&#8217;elle a su cr\u00e9er, marque aujourd&#8217;hui encore les esprits. Elle n&#8217;a eu de cesse de lib\u00e9rer le corps de la femme. Androgyne, \u00e9pur\u00e9e, dynamique et \u00e9l\u00e9gante : un vent de modernit\u00e9 a souffl\u00e9 sur la silhouette [&hellip;]\" \/>\n<meta property=\"og:url\" content=\"https:\/\/librairie7l.com\/en\/produit\/coco-chanel-une-icone\/\" \/>\n<meta property=\"og:site_name\" content=\"Librairie 7L\" \/>\n<meta property=\"article:modified_time\" content=\"2026-04-26T20:21:57+00:00\" \/>\n<meta property=\"og:image\" content=\"https:\/\/librairie7l.com\/wp-content\/uploads\/2012\/04\/9782732449203_1_75.jpg\" \/>\n\t<meta property=\"og:image:width\" content=\"628\" \/>\n\t<meta property=\"og:image:height\" content=\"854\" \/>\n\t<meta property=\"og:image:type\" content=\"image\/jpeg\" \/>\n<meta name=\"twitter:card\" content=\"summary_large_image\" \/>\n<meta name=\"twitter:label1\" content=\"Est. reading time\" \/>\n\t<meta name=\"twitter:data1\" content=\"1 minute\" \/>\n<script type=\"application\/ld+json\" class=\"yoast-schema-graph\">{\"@context\":\"https:\/\/schema.org\",\"@graph\":[{\"@type\":\"WebPage\",\"@id\":\"https:\/\/librairie7l.com\/en\/produit\/coco-chanel-une-icone\/\",\"url\":\"https:\/\/librairie7l.com\/en\/produit\/coco-chanel-une-icone\/\",\"name\":\"COCO CHANEL ; UNE IC\u00d4NE - Librairie 7L\",\"isPartOf\":{\"@id\":\"https:\/\/librairie7l.com\/en\/#website\"},\"datePublished\":\"2023-05-09T16:07:41+00:00\",\"dateModified\":\"2026-04-26T20:21:57+00:00\",\"breadcrumb\":{\"@id\":\"https:\/\/librairie7l.com\/en\/produit\/coco-chanel-une-icone\/#breadcrumb\"},\"inLanguage\":\"en-US\",\"potentialAction\":[{\"@type\":\"ReadAction\",\"target\":[\"https:\/\/librairie7l.com\/en\/produit\/coco-chanel-une-icone\/\"]}]},{\"@type\":\"BreadcrumbList\",\"@id\":\"https:\/\/librairie7l.com\/en\/produit\/coco-chanel-une-icone\/#breadcrumb\",\"itemListElement\":[{\"@type\":\"ListItem\",\"position\":1,\"name\":\"Accueil\",\"item\":\"https:\/\/librairie7l.com\/en\/\"},{\"@type\":\"ListItem\",\"position\":2,\"name\":\"Shop\",\"item\":\"https:\/\/librairie7l.com\/en\/shop\/\"},{\"@type\":\"ListItem\",\"position\":3,\"name\":\"COCO CHANEL ; UNE IC\u00d4NE\"}]},{\"@type\":\"WebSite\",\"@id\":\"https:\/\/librairie7l.com\/en\/#website\",\"url\":\"https:\/\/librairie7l.com\/en\/\",\"name\":\"Librairie 7L\",\"description\":\"Librairie fond\u00e9e en 1999 par Karl Lagerfeld \u00e0 Paris\",\"publisher\":{\"@id\":\"https:\/\/librairie7l.com\/en\/#organization\"},\"potentialAction\":[{\"@type\":\"SearchAction\",\"target\":{\"@type\":\"EntryPoint\",\"urlTemplate\":\"https:\/\/librairie7l.com\/en\/?s={search_term_string}\"},\"query-input\":\"required name=search_term_string\"}],\"inLanguage\":\"en-US\"},{\"@type\":\"Organization\",\"@id\":\"https:\/\/librairie7l.com\/en\/#organization\",\"name\":\"Librairie 7L\",\"url\":\"https:\/\/librairie7l.com\/en\/\",\"logo\":{\"@type\":\"ImageObject\",\"inLanguage\":\"en-US\",\"@id\":\"https:\/\/librairie7l.com\/en\/#\/schema\/logo\/image\/\",\"url\":\"https:\/\/librairie7l.com\/wp-content\/uploads\/2022\/08\/logo-1.png\",\"contentUrl\":\"https:\/\/librairie7l.com\/wp-content\/uploads\/2022\/08\/logo-1.png\",\"width\":227,\"height\":301,\"caption\":\"Librairie 7L\"},\"image\":{\"@id\":\"https:\/\/librairie7l.com\/en\/#\/schema\/logo\/image\/\"}}]}<\/script>\n<!-- \/ Yoast SEO plugin. -->","yoast_head_json":{"title":"COCO CHANEL ; UNE IC\u00d4NE - Librairie 7L","robots":{"index":"index","follow":"follow","max-snippet":"max-snippet:-1","max-image-preview":"max-image-preview:large","max-video-preview":"max-video-preview:-1"},"canonical":"https:\/\/librairie7l.com\/en\/produit\/coco-chanel-une-icone\/","og_locale":"en_US","og_type":"article","og_title":"COCO CHANEL ; UNE IC\u00d4NE - Librairie 7L","og_description":"Figure embl\u00e9matique de la mode, Gabrielle Chanel (1883-1971) est un personnage incontournable qui, par le style simple et \u00e9l\u00e9gant qu&#8217;elle a su cr\u00e9er, marque aujourd&#8217;hui encore les esprits. Elle n&#8217;a eu de cesse de lib\u00e9rer le corps de la femme. Androgyne, \u00e9pur\u00e9e, dynamique et \u00e9l\u00e9gante : un vent de modernit\u00e9 a souffl\u00e9 sur la silhouette [&hellip;]","og_url":"https:\/\/librairie7l.com\/en\/produit\/coco-chanel-une-icone\/","og_site_name":"Librairie 7L","article_modified_time":"2026-04-26T20:21:57+00:00","og_image":[{"width":628,"height":854,"url":"https:\/\/librairie7l.com\/wp-content\/uploads\/2012\/04\/9782732449203_1_75.jpg","type":"image\/jpeg"}],"twitter_card":"summary_large_image","twitter_misc":{"Est. reading time":"1 minute"},"schema":{"@context":"https:\/\/schema.org","@graph":[{"@type":"WebPage","@id":"https:\/\/librairie7l.com\/en\/produit\/coco-chanel-une-icone\/","url":"https:\/\/librairie7l.com\/en\/produit\/coco-chanel-une-icone\/","name":"COCO CHANEL ; UNE IC\u00d4NE - Librairie 7L","isPartOf":{"@id":"https:\/\/librairie7l.com\/en\/#website"},"datePublished":"2023-05-09T16:07:41+00:00","dateModified":"2026-04-26T20:21:57+00:00","breadcrumb":{"@id":"https:\/\/librairie7l.com\/en\/produit\/coco-chanel-une-icone\/#breadcrumb"},"inLanguage":"en-US","potentialAction":[{"@type":"ReadAction","target":["https:\/\/librairie7l.com\/en\/produit\/coco-chanel-une-icone\/"]}]},{"@type":"BreadcrumbList","@id":"https:\/\/librairie7l.com\/en\/produit\/coco-chanel-une-icone\/#breadcrumb","itemListElement":[{"@type":"ListItem","position":1,"name":"Accueil","item":"https:\/\/librairie7l.com\/en\/"},{"@type":"ListItem","position":2,"name":"Shop","item":"https:\/\/librairie7l.com\/en\/shop\/"},{"@type":"ListItem","position":3,"name":"COCO CHANEL ; UNE IC\u00d4NE"}]},{"@type":"WebSite","@id":"https:\/\/librairie7l.com\/en\/#website","url":"https:\/\/librairie7l.com\/en\/","name":"Librairie 7L","description":"Librairie fond\u00e9e en 1999 par Karl Lagerfeld \u00e0 Paris","publisher":{"@id":"https:\/\/librairie7l.com\/en\/#organization"},"potentialAction":[{"@type":"SearchAction","target":{"@type":"EntryPoint","urlTemplate":"https:\/\/librairie7l.com\/en\/?s={search_term_string}"},"query-input":"required name=search_term_string"}],"inLanguage":"en-US"},{"@type":"Organization","@id":"https:\/\/librairie7l.com\/en\/#organization","name":"Librairie 7L","url":"https:\/\/librairie7l.com\/en\/","logo":{"@type":"ImageObject","inLanguage":"en-US","@id":"https:\/\/librairie7l.com\/en\/#\/schema\/logo\/image\/","url":"https:\/\/librairie7l.com\/wp-content\/uploads\/2022\/08\/logo-1.png","contentUrl":"https:\/\/librairie7l.com\/wp-content\/uploads\/2022\/08\/logo-1.png","width":227,"height":301,"caption":"Librairie 7L"},"image":{"@id":"https:\/\/librairie7l.com\/en\/#\/schema\/logo\/image\/"}}]}},"_links":{"self":[{"href":"https:\/\/librairie7l.com\/en\/wp-json\/wp\/v2\/product\/20111"}],"collection":[{"href":"https:\/\/librairie7l.com\/en\/wp-json\/wp\/v2\/product"}],"about":[{"href":"https:\/\/librairie7l.com\/en\/wp-json\/wp\/v2\/types\/product"}],"wp:featuredmedia":[{"embeddable":true,"href":"https:\/\/librairie7l.com\/en\/wp-json\/wp\/v2\/media\/20109"}],"wp:attachment":[{"href":"https:\/\/librairie7l.com\/en\/wp-json\/wp\/v2\/media?parent=20111"}],"wp:term":[{"taxonomy":"product_cat","embeddable":true,"href":"https:\/\/librairie7l.com\/en\/wp-json\/wp\/v2\/product_cat?post=20111"},{"taxonomy":"product_tag","embeddable":true,"href":"https:\/\/librairie7l.com\/en\/wp-json\/wp\/v2\/product_tag?post=20111"}],"curies":[{"name":"wp","href":"https:\/\/api.w.org\/{rel}","templated":true}]}}