{"id":20127,"date":"2023-05-09T18:07:54","date_gmt":"2023-05-09T16:07:54","guid":{"rendered":"https:\/\/librairie7l.com\/?post_type=product&#038;p=20127"},"modified":"2026-05-03T08:18:07","modified_gmt":"2026-05-03T06:18:07","slug":"chongqing-prix-hsbc-pour-la-photographie-2021","status":"publish","type":"product","link":"https:\/\/librairie7l.com\/en\/produit\/chongqing-prix-hsbc-pour-la-photographie-2021\/","title":{"rendered":"CHONGQING : PRIX HSBC POUR LA PHOTOGRAPHIE 2021"},"content":{"rendered":"<p>Cr\u00e9\u00e9 en 1995, le prix vient de c\u00e9l\u00e9brer sa 25e \u00e9dition en mettant \u00e0 l&#8217;honneur Louise Hon\u00e9e et Charlotte Mano qui ont rejoint Antoine Bruy, Petros Efsthadiadis, Dominic Teufen et Nuno Andrade, pr\u00e9c\u00e9demment publi\u00e9s dans la collection, respectivement en 2018 et 2019.<br \/>\nCe soutien rare et exceptionnel \u00e0 la jeune cr\u00e9ation, sans crit\u00e8re d&#8217;\u00e2ge ni de nationalit\u00e9, rejoint les valeurs que d\u00e9fend l&#8217;Atelier EXB dans l&#8217;envie de d\u00e9couvrir et faire d\u00e9couvrir le travail de jeunes artistes au public. Le choix des laur\u00e9ats est assur\u00e9 par un jury de professionnels au c\u00f4t\u00e9 de Christian Caujolle, directeur artistique du prix, et d&#8217;un conseiller artistique. Ce conseiller, diff\u00e9rent chaque ann\u00e9e, assure \u00e9galement le commissariat des expositions.<\/p>\n","protected":false},"excerpt":{"rendered":"<p>Cr\u00e9\u00e9 en 1995, le prix vient de c\u00e9l\u00e9brer sa 25e \u00e9dition en mettant \u00e0 l&#8217;honneur Louise Hon\u00e9e et Charlotte Mano qui ont rejoint Antoine Bruy, Petros Efsthadiadis, Dominic Teufen et Nuno Andrade, pr\u00e9c\u00e9demment publi\u00e9s dans la collection, respectivement en 2018 et 2019. Ce soutien rare et exceptionnel \u00e0 la jeune cr\u00e9ation, sans crit\u00e8re d&#8217;\u00e2ge ni [&hellip;]<\/p>\n","protected":false},"featured_media":20125,"template":"","meta":[],"product_cat":[2948,2958],"product_tag":[],"acf":[],"yoast_head":"<!-- This site is optimized with the Yoast SEO plugin v20.11 - https:\/\/yoast.com\/wordpress\/plugins\/seo\/ -->\n<title>CHONGQING : PRIX HSBC POUR LA PHOTOGRAPHIE 2021 - Librairie 7L<\/title>\n<meta name=\"robots\" content=\"index, follow, max-snippet:-1, max-image-preview:large, max-video-preview:-1\" \/>\n<link rel=\"canonical\" href=\"https:\/\/librairie7l.com\/en\/produit\/chongqing-prix-hsbc-pour-la-photographie-2021\/\" \/>\n<meta property=\"og:locale\" content=\"en_US\" \/>\n<meta property=\"og:type\" content=\"article\" \/>\n<meta property=\"og:title\" content=\"CHONGQING : PRIX HSBC POUR LA PHOTOGRAPHIE 2021 - Librairie 7L\" \/>\n<meta property=\"og:description\" content=\"Cr\u00e9\u00e9 en 1995, le prix vient de c\u00e9l\u00e9brer sa 25e \u00e9dition en mettant \u00e0 l&#8217;honneur Louise Hon\u00e9e et Charlotte Mano qui ont rejoint Antoine Bruy, Petros Efsthadiadis, Dominic Teufen et Nuno Andrade, pr\u00e9c\u00e9demment publi\u00e9s dans la collection, respectivement en 2018 et 2019. Ce soutien rare et exceptionnel \u00e0 la jeune cr\u00e9ation, sans crit\u00e8re d&#8217;\u00e2ge ni [&hellip;]\" \/>\n<meta property=\"og:url\" content=\"https:\/\/librairie7l.com\/en\/produit\/chongqing-prix-hsbc-pour-la-photographie-2021\/\" \/>\n<meta property=\"og:site_name\" content=\"Librairie 7L\" \/>\n<meta property=\"article:modified_time\" content=\"2026-05-03T06:18:07+00:00\" \/>\n<meta property=\"og:image\" content=\"https:\/\/librairie7l.com\/wp-content\/uploads\/2021\/06\/9782365112925_1_75.jpg\" \/>\n\t<meta property=\"og:image:width\" content=\"600\" \/>\n\t<meta property=\"og:image:height\" content=\"761\" \/>\n\t<meta property=\"og:image:type\" content=\"image\/jpeg\" \/>\n<meta name=\"twitter:card\" content=\"summary_large_image\" \/>\n<meta name=\"twitter:label1\" content=\"Est. reading time\" \/>\n\t<meta name=\"twitter:data1\" content=\"1 minute\" \/>\n<script type=\"application\/ld+json\" class=\"yoast-schema-graph\">{\"@context\":\"https:\/\/schema.org\",\"@graph\":[{\"@type\":\"WebPage\",\"@id\":\"https:\/\/librairie7l.com\/en\/produit\/chongqing-prix-hsbc-pour-la-photographie-2021\/\",\"url\":\"https:\/\/librairie7l.com\/en\/produit\/chongqing-prix-hsbc-pour-la-photographie-2021\/\",\"name\":\"CHONGQING : PRIX HSBC POUR LA PHOTOGRAPHIE 2021 - Librairie 7L\",\"isPartOf\":{\"@id\":\"https:\/\/librairie7l.com\/en\/#website\"},\"datePublished\":\"2023-05-09T16:07:54+00:00\",\"dateModified\":\"2026-05-03T06:18:07+00:00\",\"breadcrumb\":{\"@id\":\"https:\/\/librairie7l.com\/en\/produit\/chongqing-prix-hsbc-pour-la-photographie-2021\/#breadcrumb\"},\"inLanguage\":\"en-US\",\"potentialAction\":[{\"@type\":\"ReadAction\",\"target\":[\"https:\/\/librairie7l.com\/en\/produit\/chongqing-prix-hsbc-pour-la-photographie-2021\/\"]}]},{\"@type\":\"BreadcrumbList\",\"@id\":\"https:\/\/librairie7l.com\/en\/produit\/chongqing-prix-hsbc-pour-la-photographie-2021\/#breadcrumb\",\"itemListElement\":[{\"@type\":\"ListItem\",\"position\":1,\"name\":\"Accueil\",\"item\":\"https:\/\/librairie7l.com\/en\/\"},{\"@type\":\"ListItem\",\"position\":2,\"name\":\"Shop\",\"item\":\"https:\/\/librairie7l.com\/en\/shop\/\"},{\"@type\":\"ListItem\",\"position\":3,\"name\":\"CHONGQING : PRIX HSBC POUR LA PHOTOGRAPHIE 2021\"}]},{\"@type\":\"WebSite\",\"@id\":\"https:\/\/librairie7l.com\/en\/#website\",\"url\":\"https:\/\/librairie7l.com\/en\/\",\"name\":\"Librairie 7L\",\"description\":\"Librairie fond\u00e9e en 1999 par Karl Lagerfeld \u00e0 Paris\",\"publisher\":{\"@id\":\"https:\/\/librairie7l.com\/en\/#organization\"},\"potentialAction\":[{\"@type\":\"SearchAction\",\"target\":{\"@type\":\"EntryPoint\",\"urlTemplate\":\"https:\/\/librairie7l.com\/en\/?s={search_term_string}\"},\"query-input\":\"required name=search_term_string\"}],\"inLanguage\":\"en-US\"},{\"@type\":\"Organization\",\"@id\":\"https:\/\/librairie7l.com\/en\/#organization\",\"name\":\"Librairie 7L\",\"url\":\"https:\/\/librairie7l.com\/en\/\",\"logo\":{\"@type\":\"ImageObject\",\"inLanguage\":\"en-US\",\"@id\":\"https:\/\/librairie7l.com\/en\/#\/schema\/logo\/image\/\",\"url\":\"https:\/\/librairie7l.com\/wp-content\/uploads\/2022\/08\/logo-1.png\",\"contentUrl\":\"https:\/\/librairie7l.com\/wp-content\/uploads\/2022\/08\/logo-1.png\",\"width\":227,\"height\":301,\"caption\":\"Librairie 7L\"},\"image\":{\"@id\":\"https:\/\/librairie7l.com\/en\/#\/schema\/logo\/image\/\"}}]}<\/script>\n<!-- \/ Yoast SEO plugin. -->","yoast_head_json":{"title":"CHONGQING : PRIX HSBC POUR LA PHOTOGRAPHIE 2021 - Librairie 7L","robots":{"index":"index","follow":"follow","max-snippet":"max-snippet:-1","max-image-preview":"max-image-preview:large","max-video-preview":"max-video-preview:-1"},"canonical":"https:\/\/librairie7l.com\/en\/produit\/chongqing-prix-hsbc-pour-la-photographie-2021\/","og_locale":"en_US","og_type":"article","og_title":"CHONGQING : PRIX HSBC POUR LA PHOTOGRAPHIE 2021 - Librairie 7L","og_description":"Cr\u00e9\u00e9 en 1995, le prix vient de c\u00e9l\u00e9brer sa 25e \u00e9dition en mettant \u00e0 l&#8217;honneur Louise Hon\u00e9e et Charlotte Mano qui ont rejoint Antoine Bruy, Petros Efsthadiadis, Dominic Teufen et Nuno Andrade, pr\u00e9c\u00e9demment publi\u00e9s dans la collection, respectivement en 2018 et 2019. Ce soutien rare et exceptionnel \u00e0 la jeune cr\u00e9ation, sans crit\u00e8re d&#8217;\u00e2ge ni [&hellip;]","og_url":"https:\/\/librairie7l.com\/en\/produit\/chongqing-prix-hsbc-pour-la-photographie-2021\/","og_site_name":"Librairie 7L","article_modified_time":"2026-05-03T06:18:07+00:00","og_image":[{"width":600,"height":761,"url":"https:\/\/librairie7l.com\/wp-content\/uploads\/2021\/06\/9782365112925_1_75.jpg","type":"image\/jpeg"}],"twitter_card":"summary_large_image","twitter_misc":{"Est. reading time":"1 minute"},"schema":{"@context":"https:\/\/schema.org","@graph":[{"@type":"WebPage","@id":"https:\/\/librairie7l.com\/en\/produit\/chongqing-prix-hsbc-pour-la-photographie-2021\/","url":"https:\/\/librairie7l.com\/en\/produit\/chongqing-prix-hsbc-pour-la-photographie-2021\/","name":"CHONGQING : PRIX HSBC POUR LA PHOTOGRAPHIE 2021 - Librairie 7L","isPartOf":{"@id":"https:\/\/librairie7l.com\/en\/#website"},"datePublished":"2023-05-09T16:07:54+00:00","dateModified":"2026-05-03T06:18:07+00:00","breadcrumb":{"@id":"https:\/\/librairie7l.com\/en\/produit\/chongqing-prix-hsbc-pour-la-photographie-2021\/#breadcrumb"},"inLanguage":"en-US","potentialAction":[{"@type":"ReadAction","target":["https:\/\/librairie7l.com\/en\/produit\/chongqing-prix-hsbc-pour-la-photographie-2021\/"]}]},{"@type":"BreadcrumbList","@id":"https:\/\/librairie7l.com\/en\/produit\/chongqing-prix-hsbc-pour-la-photographie-2021\/#breadcrumb","itemListElement":[{"@type":"ListItem","position":1,"name":"Accueil","item":"https:\/\/librairie7l.com\/en\/"},{"@type":"ListItem","position":2,"name":"Shop","item":"https:\/\/librairie7l.com\/en\/shop\/"},{"@type":"ListItem","position":3,"name":"CHONGQING : PRIX HSBC POUR LA PHOTOGRAPHIE 2021"}]},{"@type":"WebSite","@id":"https:\/\/librairie7l.com\/en\/#website","url":"https:\/\/librairie7l.com\/en\/","name":"Librairie 7L","description":"Librairie fond\u00e9e en 1999 par Karl Lagerfeld \u00e0 Paris","publisher":{"@id":"https:\/\/librairie7l.com\/en\/#organization"},"potentialAction":[{"@type":"SearchAction","target":{"@type":"EntryPoint","urlTemplate":"https:\/\/librairie7l.com\/en\/?s={search_term_string}"},"query-input":"required name=search_term_string"}],"inLanguage":"en-US"},{"@type":"Organization","@id":"https:\/\/librairie7l.com\/en\/#organization","name":"Librairie 7L","url":"https:\/\/librairie7l.com\/en\/","logo":{"@type":"ImageObject","inLanguage":"en-US","@id":"https:\/\/librairie7l.com\/en\/#\/schema\/logo\/image\/","url":"https:\/\/librairie7l.com\/wp-content\/uploads\/2022\/08\/logo-1.png","contentUrl":"https:\/\/librairie7l.com\/wp-content\/uploads\/2022\/08\/logo-1.png","width":227,"height":301,"caption":"Librairie 7L"},"image":{"@id":"https:\/\/librairie7l.com\/en\/#\/schema\/logo\/image\/"}}]}},"_links":{"self":[{"href":"https:\/\/librairie7l.com\/en\/wp-json\/wp\/v2\/product\/20127"}],"collection":[{"href":"https:\/\/librairie7l.com\/en\/wp-json\/wp\/v2\/product"}],"about":[{"href":"https:\/\/librairie7l.com\/en\/wp-json\/wp\/v2\/types\/product"}],"wp:featuredmedia":[{"embeddable":true,"href":"https:\/\/librairie7l.com\/en\/wp-json\/wp\/v2\/media\/20125"}],"wp:attachment":[{"href":"https:\/\/librairie7l.com\/en\/wp-json\/wp\/v2\/media?parent=20127"}],"wp:term":[{"taxonomy":"product_cat","embeddable":true,"href":"https:\/\/librairie7l.com\/en\/wp-json\/wp\/v2\/product_cat?post=20127"},{"taxonomy":"product_tag","embeddable":true,"href":"https:\/\/librairie7l.com\/en\/wp-json\/wp\/v2\/product_tag?post=20127"}],"curies":[{"name":"wp","href":"https:\/\/api.w.org\/{rel}","templated":true}]}}