{"id":20139,"date":"2023-05-09T18:08:04","date_gmt":"2023-05-09T16:08:04","guid":{"rendered":"https:\/\/librairie7l.com\/?post_type=product&#038;p=20139"},"modified":"2026-04-04T08:03:39","modified_gmt":"2026-04-04T06:03:39","slug":"biarritz-de-la-villa-eugenie-a-lhotel-du-palais","status":"publish","type":"product","link":"https:\/\/librairie7l.com\/en\/produit\/biarritz-de-la-villa-eugenie-a-lhotel-du-palais\/","title":{"rendered":"BIARRITZ, DE LA VILLA EUG\u00c9NIE \u00c0 L&#8217;H\u00d4TEL DU PALAIS"},"content":{"rendered":"<p>Largement illustr\u00e9 de documents originaux, ce livre retrace l&#8217;histoire de la r\u00e9sidence et du domaine que Napol\u00e9on III et l&#8217;Imp\u00e9ratrice Eug\u00e9nie font \u00e9difier \u00e0 Biarritz \u00e0 partir de 1854 et o\u00f9 ils r\u00e9sideront r\u00e9guli\u00e8rement jusqu&#8217;en 1868. En 1870 le Palais imp\u00e9rial \u00e9chappe de peu \u00e0 la destruction en devenant \u00ab villa nationale r\u00e9serv\u00e9e aux bless\u00e9s \u00bb.<br \/>\nLe domaine est vendu par Eug\u00e9nie en 1880 et loti en 1881. La r\u00e9sidence imp\u00e9riale est utilis\u00e9e \u00e0 partir de 1881 comme Casinoh\u00f4tel (le &#8220;Palais de Biarritz&#8221;), avant d&#8217;\u00eatre agrandie et transform\u00e9e en 1894 pour devenir l&#8217;H\u00f4tel du Palais. Ravag\u00e9 par un incendie en 1903, l&#8217;h\u00f4tel renait de ses cendres en 1905 sur les plans d&#8217;Edouard-Jean Niermans, auteur des am\u00e9nagements du Casino Bellevue et sp\u00e9cialiste des h\u00f4tels de luxe (on lui doit entre autres le Negresco \u00e0 Nice, le Palace H\u00f4tel de Madrid, l&#8217;H\u00f4tel de Paris \u00e0 Monte-Carlo&#8230;). Il s&#8217;agit du premier ouvrage exhaustif consacr\u00e9 \u00e0 une ancienne r\u00e9sidence imp\u00e9riale et \u00e0 un palace qui a conquis une r\u00e9putation internationale par la qualit\u00e9 de son accueil, son architecture et son d\u00e9cor, et par sa position unique, au bord de l&#8217;oc\u00e9an. Le livre s&#8217;appuie sur une documentation originale, entre autres les archives de la R\u00e9sidence imp\u00e9riales conserv\u00e9es aux Archives Nationales, jamais publi\u00e9es \u00e0 ce jour. L&#8217;accent est mis sur l&#8217;architecture, la d\u00e9coration int\u00e9rieure et la vie quotidienne au cours des diff\u00e9rentes \u00e9poques, du Second Empire \u00e0 nos jours.<\/p>\n","protected":false},"excerpt":{"rendered":"<p>Largement illustr\u00e9 de documents originaux, ce livre retrace l&#8217;histoire de la r\u00e9sidence et du domaine que Napol\u00e9on III et l&#8217;Imp\u00e9ratrice Eug\u00e9nie font \u00e9difier \u00e0 Biarritz \u00e0 partir de 1854 et o\u00f9 ils r\u00e9sideront r\u00e9guli\u00e8rement jusqu&#8217;en 1868. En 1870 le Palais imp\u00e9rial \u00e9chappe de peu \u00e0 la destruction en devenant \u00ab villa nationale r\u00e9serv\u00e9e aux bless\u00e9s [&hellip;]<\/p>\n","protected":false},"featured_media":20137,"template":"","meta":[],"product_cat":[2948,2950],"product_tag":[],"acf":[],"yoast_head":"<!-- This site is optimized with the Yoast SEO plugin v20.11 - https:\/\/yoast.com\/wordpress\/plugins\/seo\/ -->\n<title>BIARRITZ, DE LA VILLA EUG\u00c9NIE \u00c0 L&#039;H\u00d4TEL DU PALAIS - Librairie 7L<\/title>\n<meta name=\"robots\" content=\"index, follow, max-snippet:-1, max-image-preview:large, max-video-preview:-1\" \/>\n<link rel=\"canonical\" href=\"https:\/\/librairie7l.com\/en\/produit\/biarritz-de-la-villa-eugenie-a-lhotel-du-palais\/\" \/>\n<meta property=\"og:locale\" content=\"en_US\" \/>\n<meta property=\"og:type\" content=\"article\" \/>\n<meta property=\"og:title\" content=\"BIARRITZ, DE LA VILLA EUG\u00c9NIE \u00c0 L&#039;H\u00d4TEL DU PALAIS - Librairie 7L\" \/>\n<meta property=\"og:description\" content=\"Largement illustr\u00e9 de documents originaux, ce livre retrace l&#8217;histoire de la r\u00e9sidence et du domaine que Napol\u00e9on III et l&#8217;Imp\u00e9ratrice Eug\u00e9nie font \u00e9difier \u00e0 Biarritz \u00e0 partir de 1854 et o\u00f9 ils r\u00e9sideront r\u00e9guli\u00e8rement jusqu&#8217;en 1868. En 1870 le Palais imp\u00e9rial \u00e9chappe de peu \u00e0 la destruction en devenant \u00ab villa nationale r\u00e9serv\u00e9e aux bless\u00e9s [&hellip;]\" \/>\n<meta property=\"og:url\" content=\"https:\/\/librairie7l.com\/en\/produit\/biarritz-de-la-villa-eugenie-a-lhotel-du-palais\/\" \/>\n<meta property=\"og:site_name\" content=\"Librairie 7L\" \/>\n<meta property=\"article:modified_time\" content=\"2026-04-04T06:03:39+00:00\" \/>\n<meta property=\"og:image\" content=\"https:\/\/librairie7l.com\/wp-content\/uploads\/2021\/06\/9782871433804_1_75.jpg\" \/>\n\t<meta property=\"og:image:width\" content=\"475\" \/>\n\t<meta property=\"og:image:height\" content=\"434\" \/>\n\t<meta property=\"og:image:type\" content=\"image\/jpeg\" \/>\n<meta name=\"twitter:card\" content=\"summary_large_image\" \/>\n<meta name=\"twitter:label1\" content=\"Est. reading time\" \/>\n\t<meta name=\"twitter:data1\" content=\"1 minute\" \/>\n<script type=\"application\/ld+json\" class=\"yoast-schema-graph\">{\"@context\":\"https:\/\/schema.org\",\"@graph\":[{\"@type\":\"WebPage\",\"@id\":\"https:\/\/librairie7l.com\/en\/produit\/biarritz-de-la-villa-eugenie-a-lhotel-du-palais\/\",\"url\":\"https:\/\/librairie7l.com\/en\/produit\/biarritz-de-la-villa-eugenie-a-lhotel-du-palais\/\",\"name\":\"BIARRITZ, DE LA VILLA EUG\u00c9NIE \u00c0 L'H\u00d4TEL DU PALAIS - Librairie 7L\",\"isPartOf\":{\"@id\":\"https:\/\/librairie7l.com\/en\/#website\"},\"datePublished\":\"2023-05-09T16:08:04+00:00\",\"dateModified\":\"2026-04-04T06:03:39+00:00\",\"breadcrumb\":{\"@id\":\"https:\/\/librairie7l.com\/en\/produit\/biarritz-de-la-villa-eugenie-a-lhotel-du-palais\/#breadcrumb\"},\"inLanguage\":\"en-US\",\"potentialAction\":[{\"@type\":\"ReadAction\",\"target\":[\"https:\/\/librairie7l.com\/en\/produit\/biarritz-de-la-villa-eugenie-a-lhotel-du-palais\/\"]}]},{\"@type\":\"BreadcrumbList\",\"@id\":\"https:\/\/librairie7l.com\/en\/produit\/biarritz-de-la-villa-eugenie-a-lhotel-du-palais\/#breadcrumb\",\"itemListElement\":[{\"@type\":\"ListItem\",\"position\":1,\"name\":\"Accueil\",\"item\":\"https:\/\/librairie7l.com\/en\/\"},{\"@type\":\"ListItem\",\"position\":2,\"name\":\"Shop\",\"item\":\"https:\/\/librairie7l.com\/en\/shop\/\"},{\"@type\":\"ListItem\",\"position\":3,\"name\":\"BIARRITZ, DE LA VILLA EUG\u00c9NIE \u00c0 L&#8217;H\u00d4TEL DU PALAIS\"}]},{\"@type\":\"WebSite\",\"@id\":\"https:\/\/librairie7l.com\/en\/#website\",\"url\":\"https:\/\/librairie7l.com\/en\/\",\"name\":\"Librairie 7L\",\"description\":\"Librairie fond\u00e9e en 1999 par Karl Lagerfeld \u00e0 Paris\",\"publisher\":{\"@id\":\"https:\/\/librairie7l.com\/en\/#organization\"},\"potentialAction\":[{\"@type\":\"SearchAction\",\"target\":{\"@type\":\"EntryPoint\",\"urlTemplate\":\"https:\/\/librairie7l.com\/en\/?s={search_term_string}\"},\"query-input\":\"required name=search_term_string\"}],\"inLanguage\":\"en-US\"},{\"@type\":\"Organization\",\"@id\":\"https:\/\/librairie7l.com\/en\/#organization\",\"name\":\"Librairie 7L\",\"url\":\"https:\/\/librairie7l.com\/en\/\",\"logo\":{\"@type\":\"ImageObject\",\"inLanguage\":\"en-US\",\"@id\":\"https:\/\/librairie7l.com\/en\/#\/schema\/logo\/image\/\",\"url\":\"https:\/\/librairie7l.com\/wp-content\/uploads\/2022\/08\/logo-1.png\",\"contentUrl\":\"https:\/\/librairie7l.com\/wp-content\/uploads\/2022\/08\/logo-1.png\",\"width\":227,\"height\":301,\"caption\":\"Librairie 7L\"},\"image\":{\"@id\":\"https:\/\/librairie7l.com\/en\/#\/schema\/logo\/image\/\"}}]}<\/script>\n<!-- \/ Yoast SEO plugin. -->","yoast_head_json":{"title":"BIARRITZ, DE LA VILLA EUG\u00c9NIE \u00c0 L'H\u00d4TEL DU PALAIS - Librairie 7L","robots":{"index":"index","follow":"follow","max-snippet":"max-snippet:-1","max-image-preview":"max-image-preview:large","max-video-preview":"max-video-preview:-1"},"canonical":"https:\/\/librairie7l.com\/en\/produit\/biarritz-de-la-villa-eugenie-a-lhotel-du-palais\/","og_locale":"en_US","og_type":"article","og_title":"BIARRITZ, DE LA VILLA EUG\u00c9NIE \u00c0 L'H\u00d4TEL DU PALAIS - Librairie 7L","og_description":"Largement illustr\u00e9 de documents originaux, ce livre retrace l&#8217;histoire de la r\u00e9sidence et du domaine que Napol\u00e9on III et l&#8217;Imp\u00e9ratrice Eug\u00e9nie font \u00e9difier \u00e0 Biarritz \u00e0 partir de 1854 et o\u00f9 ils r\u00e9sideront r\u00e9guli\u00e8rement jusqu&#8217;en 1868. En 1870 le Palais imp\u00e9rial \u00e9chappe de peu \u00e0 la destruction en devenant \u00ab villa nationale r\u00e9serv\u00e9e aux bless\u00e9s [&hellip;]","og_url":"https:\/\/librairie7l.com\/en\/produit\/biarritz-de-la-villa-eugenie-a-lhotel-du-palais\/","og_site_name":"Librairie 7L","article_modified_time":"2026-04-04T06:03:39+00:00","og_image":[{"width":475,"height":434,"url":"https:\/\/librairie7l.com\/wp-content\/uploads\/2021\/06\/9782871433804_1_75.jpg","type":"image\/jpeg"}],"twitter_card":"summary_large_image","twitter_misc":{"Est. reading time":"1 minute"},"schema":{"@context":"https:\/\/schema.org","@graph":[{"@type":"WebPage","@id":"https:\/\/librairie7l.com\/en\/produit\/biarritz-de-la-villa-eugenie-a-lhotel-du-palais\/","url":"https:\/\/librairie7l.com\/en\/produit\/biarritz-de-la-villa-eugenie-a-lhotel-du-palais\/","name":"BIARRITZ, DE LA VILLA EUG\u00c9NIE \u00c0 L'H\u00d4TEL DU PALAIS - Librairie 7L","isPartOf":{"@id":"https:\/\/librairie7l.com\/en\/#website"},"datePublished":"2023-05-09T16:08:04+00:00","dateModified":"2026-04-04T06:03:39+00:00","breadcrumb":{"@id":"https:\/\/librairie7l.com\/en\/produit\/biarritz-de-la-villa-eugenie-a-lhotel-du-palais\/#breadcrumb"},"inLanguage":"en-US","potentialAction":[{"@type":"ReadAction","target":["https:\/\/librairie7l.com\/en\/produit\/biarritz-de-la-villa-eugenie-a-lhotel-du-palais\/"]}]},{"@type":"BreadcrumbList","@id":"https:\/\/librairie7l.com\/en\/produit\/biarritz-de-la-villa-eugenie-a-lhotel-du-palais\/#breadcrumb","itemListElement":[{"@type":"ListItem","position":1,"name":"Accueil","item":"https:\/\/librairie7l.com\/en\/"},{"@type":"ListItem","position":2,"name":"Shop","item":"https:\/\/librairie7l.com\/en\/shop\/"},{"@type":"ListItem","position":3,"name":"BIARRITZ, DE LA VILLA EUG\u00c9NIE \u00c0 L&#8217;H\u00d4TEL DU PALAIS"}]},{"@type":"WebSite","@id":"https:\/\/librairie7l.com\/en\/#website","url":"https:\/\/librairie7l.com\/en\/","name":"Librairie 7L","description":"Librairie fond\u00e9e en 1999 par Karl Lagerfeld \u00e0 Paris","publisher":{"@id":"https:\/\/librairie7l.com\/en\/#organization"},"potentialAction":[{"@type":"SearchAction","target":{"@type":"EntryPoint","urlTemplate":"https:\/\/librairie7l.com\/en\/?s={search_term_string}"},"query-input":"required name=search_term_string"}],"inLanguage":"en-US"},{"@type":"Organization","@id":"https:\/\/librairie7l.com\/en\/#organization","name":"Librairie 7L","url":"https:\/\/librairie7l.com\/en\/","logo":{"@type":"ImageObject","inLanguage":"en-US","@id":"https:\/\/librairie7l.com\/en\/#\/schema\/logo\/image\/","url":"https:\/\/librairie7l.com\/wp-content\/uploads\/2022\/08\/logo-1.png","contentUrl":"https:\/\/librairie7l.com\/wp-content\/uploads\/2022\/08\/logo-1.png","width":227,"height":301,"caption":"Librairie 7L"},"image":{"@id":"https:\/\/librairie7l.com\/en\/#\/schema\/logo\/image\/"}}]}},"_links":{"self":[{"href":"https:\/\/librairie7l.com\/en\/wp-json\/wp\/v2\/product\/20139"}],"collection":[{"href":"https:\/\/librairie7l.com\/en\/wp-json\/wp\/v2\/product"}],"about":[{"href":"https:\/\/librairie7l.com\/en\/wp-json\/wp\/v2\/types\/product"}],"wp:featuredmedia":[{"embeddable":true,"href":"https:\/\/librairie7l.com\/en\/wp-json\/wp\/v2\/media\/20137"}],"wp:attachment":[{"href":"https:\/\/librairie7l.com\/en\/wp-json\/wp\/v2\/media?parent=20139"}],"wp:term":[{"taxonomy":"product_cat","embeddable":true,"href":"https:\/\/librairie7l.com\/en\/wp-json\/wp\/v2\/product_cat?post=20139"},{"taxonomy":"product_tag","embeddable":true,"href":"https:\/\/librairie7l.com\/en\/wp-json\/wp\/v2\/product_tag?post=20139"}],"curies":[{"name":"wp","href":"https:\/\/api.w.org\/{rel}","templated":true}]}}