{"id":20159,"date":"2023-05-09T18:08:21","date_gmt":"2023-05-09T16:08:21","guid":{"rendered":"https:\/\/librairie7l.com\/?post_type=product&#038;p=20159"},"modified":"2026-05-03T11:33:44","modified_gmt":"2026-05-03T09:33:44","slug":"decors-dambassades-art-et-diplomatie-francaise-au-xxe-siecle","status":"publish","type":"product","link":"https:\/\/librairie7l.com\/en\/produit\/decors-dambassades-art-et-diplomatie-francaise-au-xxe-siecle\/","title":{"rendered":"D\u00c9CORS D&#8217;AMBASSADES ; ART ET DIPLOMATIE FRANCAISE AU XXE SI\u00c8CLE"},"content":{"rendered":"<p>Premi\u00e8re synth\u00e8se publi\u00e9e sur la d\u00e9coration des ambassades de France, cet ouvrage retrace un si\u00e8cle de diffusion du style fran\u00e7ais \u00e0 l&#8217;\u00e9tranger, des premiers ensembles Art nouveau et Art d\u00e9co au design d&#8217;aujourd&#8217;hui, sans oublier les grandes r\u00e9alisations des ann\u00e9es 1950 et 1960, comme dans l&#8217;Afrique des ind\u00e9pendances.<br \/>\nMoins connus que ceux des paquebots, ces am\u00e9nagements lointains ont pourtant rassembl\u00e9 des cr\u00e9ateurs tout aussi prestigieux, \u00e0 l&#8217;image de Ren\u00e9 Lalique, Louis Majorelle, Jean Dunand, Jacques-\u00c9mile Ruhlmann, Jacques Dumond, Jean Roy\u00e8re, ou encore Jean-Michel Wilmotte ou Paul Chemetov..<br \/>\nLe recours \u00e0 des archives et \u00e0 des fonds photographiques pour partie in\u00e9dits, crois\u00e9s avec des t\u00e9moignages de grands \u00e9crivains ou de peintres (par exemple des repr\u00e9sentations par \u00c9douard Vuillard), a \u00e9galement permis de reconstituer les d\u00e9cors disparus dans les al\u00e9as de l&#8217;histoire &#8211; guerres, r\u00e9volutions, catastrophes naturelles&#8230;<br \/>\nAu fil des pages se dessinent une histoire du go\u00fbt fran\u00e7ais et de son enrichissement au contact des autres cultures, et plus largement l&#8217;image d&#8217;un pays riche de ses savoir-faire et ouvert sur le monde.<\/p>\n","protected":false},"excerpt":{"rendered":"<p>Premi\u00e8re synth\u00e8se publi\u00e9e sur la d\u00e9coration des ambassades de France, cet ouvrage retrace un si\u00e8cle de diffusion du style fran\u00e7ais \u00e0 l&#8217;\u00e9tranger, des premiers ensembles Art nouveau et Art d\u00e9co au design d&#8217;aujourd&#8217;hui, sans oublier les grandes r\u00e9alisations des ann\u00e9es 1950 et 1960, comme dans l&#8217;Afrique des ind\u00e9pendances. Moins connus que ceux des paquebots, ces [&hellip;]<\/p>\n","protected":false},"featured_media":20157,"template":"","meta":[],"product_cat":[2948,2952],"product_tag":[],"acf":[],"yoast_head":"<!-- This site is optimized with the Yoast SEO plugin v20.11 - https:\/\/yoast.com\/wordpress\/plugins\/seo\/ -->\n<title>D\u00c9CORS D&#039;AMBASSADES ; ART ET DIPLOMATIE FRANCAISE AU XXE SI\u00c8CLE - Librairie 7L<\/title>\n<meta name=\"robots\" content=\"index, follow, max-snippet:-1, max-image-preview:large, max-video-preview:-1\" \/>\n<link rel=\"canonical\" href=\"https:\/\/librairie7l.com\/en\/produit\/decors-dambassades-art-et-diplomatie-francaise-au-xxe-siecle\/\" \/>\n<meta property=\"og:locale\" content=\"en_US\" \/>\n<meta property=\"og:type\" content=\"article\" \/>\n<meta property=\"og:title\" content=\"D\u00c9CORS D&#039;AMBASSADES ; ART ET DIPLOMATIE FRANCAISE AU XXE SI\u00c8CLE - Librairie 7L\" \/>\n<meta property=\"og:description\" content=\"Premi\u00e8re synth\u00e8se publi\u00e9e sur la d\u00e9coration des ambassades de France, cet ouvrage retrace un si\u00e8cle de diffusion du style fran\u00e7ais \u00e0 l&#8217;\u00e9tranger, des premiers ensembles Art nouveau et Art d\u00e9co au design d&#8217;aujourd&#8217;hui, sans oublier les grandes r\u00e9alisations des ann\u00e9es 1950 et 1960, comme dans l&#8217;Afrique des ind\u00e9pendances. Moins connus que ceux des paquebots, ces [&hellip;]\" \/>\n<meta property=\"og:url\" content=\"https:\/\/librairie7l.com\/en\/produit\/decors-dambassades-art-et-diplomatie-francaise-au-xxe-siecle\/\" \/>\n<meta property=\"og:site_name\" content=\"Librairie 7L\" \/>\n<meta property=\"article:modified_time\" content=\"2026-05-03T09:33:44+00:00\" \/>\n<meta property=\"og:image\" content=\"https:\/\/librairie7l.com\/wp-content\/uploads\/2019\/11\/9782376660309_1_75.jpg\" \/>\n\t<meta property=\"og:image:width\" content=\"600\" \/>\n\t<meta property=\"og:image:height\" content=\"769\" \/>\n\t<meta property=\"og:image:type\" content=\"image\/jpeg\" \/>\n<meta name=\"twitter:card\" content=\"summary_large_image\" \/>\n<meta name=\"twitter:label1\" content=\"Est. reading time\" \/>\n\t<meta name=\"twitter:data1\" content=\"1 minute\" \/>\n<script type=\"application\/ld+json\" class=\"yoast-schema-graph\">{\"@context\":\"https:\/\/schema.org\",\"@graph\":[{\"@type\":\"WebPage\",\"@id\":\"https:\/\/librairie7l.com\/en\/produit\/decors-dambassades-art-et-diplomatie-francaise-au-xxe-siecle\/\",\"url\":\"https:\/\/librairie7l.com\/en\/produit\/decors-dambassades-art-et-diplomatie-francaise-au-xxe-siecle\/\",\"name\":\"D\u00c9CORS D'AMBASSADES ; ART ET DIPLOMATIE FRANCAISE AU XXE SI\u00c8CLE - Librairie 7L\",\"isPartOf\":{\"@id\":\"https:\/\/librairie7l.com\/en\/#website\"},\"datePublished\":\"2023-05-09T16:08:21+00:00\",\"dateModified\":\"2026-05-03T09:33:44+00:00\",\"breadcrumb\":{\"@id\":\"https:\/\/librairie7l.com\/en\/produit\/decors-dambassades-art-et-diplomatie-francaise-au-xxe-siecle\/#breadcrumb\"},\"inLanguage\":\"en-US\",\"potentialAction\":[{\"@type\":\"ReadAction\",\"target\":[\"https:\/\/librairie7l.com\/en\/produit\/decors-dambassades-art-et-diplomatie-francaise-au-xxe-siecle\/\"]}]},{\"@type\":\"BreadcrumbList\",\"@id\":\"https:\/\/librairie7l.com\/en\/produit\/decors-dambassades-art-et-diplomatie-francaise-au-xxe-siecle\/#breadcrumb\",\"itemListElement\":[{\"@type\":\"ListItem\",\"position\":1,\"name\":\"Accueil\",\"item\":\"https:\/\/librairie7l.com\/en\/\"},{\"@type\":\"ListItem\",\"position\":2,\"name\":\"Shop\",\"item\":\"https:\/\/librairie7l.com\/en\/shop\/\"},{\"@type\":\"ListItem\",\"position\":3,\"name\":\"D\u00c9CORS D&#8217;AMBASSADES ; ART ET DIPLOMATIE FRANCAISE AU XXE SI\u00c8CLE\"}]},{\"@type\":\"WebSite\",\"@id\":\"https:\/\/librairie7l.com\/en\/#website\",\"url\":\"https:\/\/librairie7l.com\/en\/\",\"name\":\"Librairie 7L\",\"description\":\"Librairie fond\u00e9e en 1999 par Karl Lagerfeld \u00e0 Paris\",\"publisher\":{\"@id\":\"https:\/\/librairie7l.com\/en\/#organization\"},\"potentialAction\":[{\"@type\":\"SearchAction\",\"target\":{\"@type\":\"EntryPoint\",\"urlTemplate\":\"https:\/\/librairie7l.com\/en\/?s={search_term_string}\"},\"query-input\":\"required name=search_term_string\"}],\"inLanguage\":\"en-US\"},{\"@type\":\"Organization\",\"@id\":\"https:\/\/librairie7l.com\/en\/#organization\",\"name\":\"Librairie 7L\",\"url\":\"https:\/\/librairie7l.com\/en\/\",\"logo\":{\"@type\":\"ImageObject\",\"inLanguage\":\"en-US\",\"@id\":\"https:\/\/librairie7l.com\/en\/#\/schema\/logo\/image\/\",\"url\":\"https:\/\/librairie7l.com\/wp-content\/uploads\/2022\/08\/logo-1.png\",\"contentUrl\":\"https:\/\/librairie7l.com\/wp-content\/uploads\/2022\/08\/logo-1.png\",\"width\":227,\"height\":301,\"caption\":\"Librairie 7L\"},\"image\":{\"@id\":\"https:\/\/librairie7l.com\/en\/#\/schema\/logo\/image\/\"}}]}<\/script>\n<!-- \/ Yoast SEO plugin. -->","yoast_head_json":{"title":"D\u00c9CORS D'AMBASSADES ; ART ET DIPLOMATIE FRANCAISE AU XXE SI\u00c8CLE - Librairie 7L","robots":{"index":"index","follow":"follow","max-snippet":"max-snippet:-1","max-image-preview":"max-image-preview:large","max-video-preview":"max-video-preview:-1"},"canonical":"https:\/\/librairie7l.com\/en\/produit\/decors-dambassades-art-et-diplomatie-francaise-au-xxe-siecle\/","og_locale":"en_US","og_type":"article","og_title":"D\u00c9CORS D'AMBASSADES ; ART ET DIPLOMATIE FRANCAISE AU XXE SI\u00c8CLE - Librairie 7L","og_description":"Premi\u00e8re synth\u00e8se publi\u00e9e sur la d\u00e9coration des ambassades de France, cet ouvrage retrace un si\u00e8cle de diffusion du style fran\u00e7ais \u00e0 l&#8217;\u00e9tranger, des premiers ensembles Art nouveau et Art d\u00e9co au design d&#8217;aujourd&#8217;hui, sans oublier les grandes r\u00e9alisations des ann\u00e9es 1950 et 1960, comme dans l&#8217;Afrique des ind\u00e9pendances. Moins connus que ceux des paquebots, ces [&hellip;]","og_url":"https:\/\/librairie7l.com\/en\/produit\/decors-dambassades-art-et-diplomatie-francaise-au-xxe-siecle\/","og_site_name":"Librairie 7L","article_modified_time":"2026-05-03T09:33:44+00:00","og_image":[{"width":600,"height":769,"url":"https:\/\/librairie7l.com\/wp-content\/uploads\/2019\/11\/9782376660309_1_75.jpg","type":"image\/jpeg"}],"twitter_card":"summary_large_image","twitter_misc":{"Est. reading time":"1 minute"},"schema":{"@context":"https:\/\/schema.org","@graph":[{"@type":"WebPage","@id":"https:\/\/librairie7l.com\/en\/produit\/decors-dambassades-art-et-diplomatie-francaise-au-xxe-siecle\/","url":"https:\/\/librairie7l.com\/en\/produit\/decors-dambassades-art-et-diplomatie-francaise-au-xxe-siecle\/","name":"D\u00c9CORS D'AMBASSADES ; ART ET DIPLOMATIE FRANCAISE AU XXE SI\u00c8CLE - Librairie 7L","isPartOf":{"@id":"https:\/\/librairie7l.com\/en\/#website"},"datePublished":"2023-05-09T16:08:21+00:00","dateModified":"2026-05-03T09:33:44+00:00","breadcrumb":{"@id":"https:\/\/librairie7l.com\/en\/produit\/decors-dambassades-art-et-diplomatie-francaise-au-xxe-siecle\/#breadcrumb"},"inLanguage":"en-US","potentialAction":[{"@type":"ReadAction","target":["https:\/\/librairie7l.com\/en\/produit\/decors-dambassades-art-et-diplomatie-francaise-au-xxe-siecle\/"]}]},{"@type":"BreadcrumbList","@id":"https:\/\/librairie7l.com\/en\/produit\/decors-dambassades-art-et-diplomatie-francaise-au-xxe-siecle\/#breadcrumb","itemListElement":[{"@type":"ListItem","position":1,"name":"Accueil","item":"https:\/\/librairie7l.com\/en\/"},{"@type":"ListItem","position":2,"name":"Shop","item":"https:\/\/librairie7l.com\/en\/shop\/"},{"@type":"ListItem","position":3,"name":"D\u00c9CORS D&#8217;AMBASSADES ; ART ET DIPLOMATIE FRANCAISE AU XXE SI\u00c8CLE"}]},{"@type":"WebSite","@id":"https:\/\/librairie7l.com\/en\/#website","url":"https:\/\/librairie7l.com\/en\/","name":"Librairie 7L","description":"Librairie fond\u00e9e en 1999 par Karl Lagerfeld \u00e0 Paris","publisher":{"@id":"https:\/\/librairie7l.com\/en\/#organization"},"potentialAction":[{"@type":"SearchAction","target":{"@type":"EntryPoint","urlTemplate":"https:\/\/librairie7l.com\/en\/?s={search_term_string}"},"query-input":"required name=search_term_string"}],"inLanguage":"en-US"},{"@type":"Organization","@id":"https:\/\/librairie7l.com\/en\/#organization","name":"Librairie 7L","url":"https:\/\/librairie7l.com\/en\/","logo":{"@type":"ImageObject","inLanguage":"en-US","@id":"https:\/\/librairie7l.com\/en\/#\/schema\/logo\/image\/","url":"https:\/\/librairie7l.com\/wp-content\/uploads\/2022\/08\/logo-1.png","contentUrl":"https:\/\/librairie7l.com\/wp-content\/uploads\/2022\/08\/logo-1.png","width":227,"height":301,"caption":"Librairie 7L"},"image":{"@id":"https:\/\/librairie7l.com\/en\/#\/schema\/logo\/image\/"}}]}},"_links":{"self":[{"href":"https:\/\/librairie7l.com\/en\/wp-json\/wp\/v2\/product\/20159"}],"collection":[{"href":"https:\/\/librairie7l.com\/en\/wp-json\/wp\/v2\/product"}],"about":[{"href":"https:\/\/librairie7l.com\/en\/wp-json\/wp\/v2\/types\/product"}],"wp:featuredmedia":[{"embeddable":true,"href":"https:\/\/librairie7l.com\/en\/wp-json\/wp\/v2\/media\/20157"}],"wp:attachment":[{"href":"https:\/\/librairie7l.com\/en\/wp-json\/wp\/v2\/media?parent=20159"}],"wp:term":[{"taxonomy":"product_cat","embeddable":true,"href":"https:\/\/librairie7l.com\/en\/wp-json\/wp\/v2\/product_cat?post=20159"},{"taxonomy":"product_tag","embeddable":true,"href":"https:\/\/librairie7l.com\/en\/wp-json\/wp\/v2\/product_tag?post=20159"}],"curies":[{"name":"wp","href":"https:\/\/api.w.org\/{rel}","templated":true}]}}