{"id":20183,"date":"2023-05-09T18:08:39","date_gmt":"2023-05-09T16:08:39","guid":{"rendered":"https:\/\/librairie7l.com\/?post_type=product&#038;p=20183"},"modified":"2026-05-07T08:18:11","modified_gmt":"2026-05-07T06:18:11","slug":"marqueterie-de-paille-assemblages-graphiques","status":"publish","type":"product","link":"https:\/\/librairie7l.com\/en\/produit\/marqueterie-de-paille-assemblages-graphiques\/","title":{"rendered":"MARQUETERIE DE PAILLE ; ASSEMBLAGES GRAPHIQUES"},"content":{"rendered":"<p>Artisanat d&#8217;art tr\u00e8s ancien, la marqueterie de paille occupe une place de choix dans la d\u00e9coration.<br \/>\nG\u00e9n\u00e9ralement appliqu\u00e9e sur des meubles, des boiseries et des objets, elle se pr\u00eate \u00e0 de nombreuses ornementations et peut recouvrir toutes sortes de surfaces, du grand panneau de bois au bouton de mode. Par sa brillance naturelle, la paille joue avec la lumi\u00e8re en offrant un rendu d\u00e9licat. Cet ouvrage pr\u00e9sente les diff\u00e9rentes techniques de marqueterie \u00e0 utiliser en fonction du support d&#8217;application et propose une s\u00e9rie d&#8217;objets \u00e0 r\u00e9aliser en pas \u00e0 pas. Il explique en outre, au sein d&#8217;un catalogue d&#8217;\u00e9chantillons extr\u00eamement complet, comment assembler les formes, choisir les couleurs et jouer sur le sens de la fibre pour cr\u00e9er des motifs g\u00e9om\u00e9triques simples ou \u00e9labor\u00e9s.<\/p>\n","protected":false},"excerpt":{"rendered":"<p>Artisanat d&#8217;art tr\u00e8s ancien, la marqueterie de paille occupe une place de choix dans la d\u00e9coration. G\u00e9n\u00e9ralement appliqu\u00e9e sur des meubles, des boiseries et des objets, elle se pr\u00eate \u00e0 de nombreuses ornementations et peut recouvrir toutes sortes de surfaces, du grand panneau de bois au bouton de mode. Par sa brillance naturelle, la paille [&hellip;]<\/p>\n","protected":false},"featured_media":20181,"template":"","meta":[],"product_cat":[2948,2952],"product_tag":[],"acf":[],"yoast_head":"<!-- This site is optimized with the Yoast SEO plugin v20.11 - https:\/\/yoast.com\/wordpress\/plugins\/seo\/ -->\n<title>MARQUETERIE DE PAILLE ; ASSEMBLAGES GRAPHIQUES - Librairie 7L<\/title>\n<meta name=\"robots\" content=\"index, follow, max-snippet:-1, max-image-preview:large, max-video-preview:-1\" \/>\n<link rel=\"canonical\" href=\"https:\/\/librairie7l.com\/en\/produit\/marqueterie-de-paille-assemblages-graphiques\/\" \/>\n<meta property=\"og:locale\" content=\"en_US\" \/>\n<meta property=\"og:type\" content=\"article\" \/>\n<meta property=\"og:title\" content=\"MARQUETERIE DE PAILLE ; ASSEMBLAGES GRAPHIQUES - Librairie 7L\" \/>\n<meta property=\"og:description\" content=\"Artisanat d&#8217;art tr\u00e8s ancien, la marqueterie de paille occupe une place de choix dans la d\u00e9coration. G\u00e9n\u00e9ralement appliqu\u00e9e sur des meubles, des boiseries et des objets, elle se pr\u00eate \u00e0 de nombreuses ornementations et peut recouvrir toutes sortes de surfaces, du grand panneau de bois au bouton de mode. Par sa brillance naturelle, la paille [&hellip;]\" \/>\n<meta property=\"og:url\" content=\"https:\/\/librairie7l.com\/en\/produit\/marqueterie-de-paille-assemblages-graphiques\/\" \/>\n<meta property=\"og:site_name\" content=\"Librairie 7L\" \/>\n<meta property=\"article:modified_time\" content=\"2026-05-07T06:18:11+00:00\" \/>\n<meta property=\"og:image\" content=\"https:\/\/librairie7l.com\/wp-content\/uploads\/2019\/04\/9782851012180_1_75.jpg\" \/>\n\t<meta property=\"og:image:width\" content=\"600\" \/>\n\t<meta property=\"og:image:height\" content=\"725\" \/>\n\t<meta property=\"og:image:type\" content=\"image\/jpeg\" \/>\n<meta name=\"twitter:card\" content=\"summary_large_image\" \/>\n<meta name=\"twitter:label1\" content=\"Est. reading time\" \/>\n\t<meta name=\"twitter:data1\" content=\"1 minute\" \/>\n<script type=\"application\/ld+json\" class=\"yoast-schema-graph\">{\"@context\":\"https:\/\/schema.org\",\"@graph\":[{\"@type\":\"WebPage\",\"@id\":\"https:\/\/librairie7l.com\/en\/produit\/marqueterie-de-paille-assemblages-graphiques\/\",\"url\":\"https:\/\/librairie7l.com\/en\/produit\/marqueterie-de-paille-assemblages-graphiques\/\",\"name\":\"MARQUETERIE DE PAILLE ; ASSEMBLAGES GRAPHIQUES - Librairie 7L\",\"isPartOf\":{\"@id\":\"https:\/\/librairie7l.com\/en\/#website\"},\"datePublished\":\"2023-05-09T16:08:39+00:00\",\"dateModified\":\"2026-05-07T06:18:11+00:00\",\"breadcrumb\":{\"@id\":\"https:\/\/librairie7l.com\/en\/produit\/marqueterie-de-paille-assemblages-graphiques\/#breadcrumb\"},\"inLanguage\":\"en-US\",\"potentialAction\":[{\"@type\":\"ReadAction\",\"target\":[\"https:\/\/librairie7l.com\/en\/produit\/marqueterie-de-paille-assemblages-graphiques\/\"]}]},{\"@type\":\"BreadcrumbList\",\"@id\":\"https:\/\/librairie7l.com\/en\/produit\/marqueterie-de-paille-assemblages-graphiques\/#breadcrumb\",\"itemListElement\":[{\"@type\":\"ListItem\",\"position\":1,\"name\":\"Accueil\",\"item\":\"https:\/\/librairie7l.com\/en\/\"},{\"@type\":\"ListItem\",\"position\":2,\"name\":\"Shop\",\"item\":\"https:\/\/librairie7l.com\/en\/shop\/\"},{\"@type\":\"ListItem\",\"position\":3,\"name\":\"MARQUETERIE DE PAILLE ; ASSEMBLAGES GRAPHIQUES\"}]},{\"@type\":\"WebSite\",\"@id\":\"https:\/\/librairie7l.com\/en\/#website\",\"url\":\"https:\/\/librairie7l.com\/en\/\",\"name\":\"Librairie 7L\",\"description\":\"Librairie fond\u00e9e en 1999 par Karl Lagerfeld \u00e0 Paris\",\"publisher\":{\"@id\":\"https:\/\/librairie7l.com\/en\/#organization\"},\"potentialAction\":[{\"@type\":\"SearchAction\",\"target\":{\"@type\":\"EntryPoint\",\"urlTemplate\":\"https:\/\/librairie7l.com\/en\/?s={search_term_string}\"},\"query-input\":\"required name=search_term_string\"}],\"inLanguage\":\"en-US\"},{\"@type\":\"Organization\",\"@id\":\"https:\/\/librairie7l.com\/en\/#organization\",\"name\":\"Librairie 7L\",\"url\":\"https:\/\/librairie7l.com\/en\/\",\"logo\":{\"@type\":\"ImageObject\",\"inLanguage\":\"en-US\",\"@id\":\"https:\/\/librairie7l.com\/en\/#\/schema\/logo\/image\/\",\"url\":\"https:\/\/librairie7l.com\/wp-content\/uploads\/2022\/08\/logo-1.png\",\"contentUrl\":\"https:\/\/librairie7l.com\/wp-content\/uploads\/2022\/08\/logo-1.png\",\"width\":227,\"height\":301,\"caption\":\"Librairie 7L\"},\"image\":{\"@id\":\"https:\/\/librairie7l.com\/en\/#\/schema\/logo\/image\/\"}}]}<\/script>\n<!-- \/ Yoast SEO plugin. -->","yoast_head_json":{"title":"MARQUETERIE DE PAILLE ; ASSEMBLAGES GRAPHIQUES - Librairie 7L","robots":{"index":"index","follow":"follow","max-snippet":"max-snippet:-1","max-image-preview":"max-image-preview:large","max-video-preview":"max-video-preview:-1"},"canonical":"https:\/\/librairie7l.com\/en\/produit\/marqueterie-de-paille-assemblages-graphiques\/","og_locale":"en_US","og_type":"article","og_title":"MARQUETERIE DE PAILLE ; ASSEMBLAGES GRAPHIQUES - Librairie 7L","og_description":"Artisanat d&#8217;art tr\u00e8s ancien, la marqueterie de paille occupe une place de choix dans la d\u00e9coration. G\u00e9n\u00e9ralement appliqu\u00e9e sur des meubles, des boiseries et des objets, elle se pr\u00eate \u00e0 de nombreuses ornementations et peut recouvrir toutes sortes de surfaces, du grand panneau de bois au bouton de mode. Par sa brillance naturelle, la paille [&hellip;]","og_url":"https:\/\/librairie7l.com\/en\/produit\/marqueterie-de-paille-assemblages-graphiques\/","og_site_name":"Librairie 7L","article_modified_time":"2026-05-07T06:18:11+00:00","og_image":[{"width":600,"height":725,"url":"https:\/\/librairie7l.com\/wp-content\/uploads\/2019\/04\/9782851012180_1_75.jpg","type":"image\/jpeg"}],"twitter_card":"summary_large_image","twitter_misc":{"Est. reading time":"1 minute"},"schema":{"@context":"https:\/\/schema.org","@graph":[{"@type":"WebPage","@id":"https:\/\/librairie7l.com\/en\/produit\/marqueterie-de-paille-assemblages-graphiques\/","url":"https:\/\/librairie7l.com\/en\/produit\/marqueterie-de-paille-assemblages-graphiques\/","name":"MARQUETERIE DE PAILLE ; ASSEMBLAGES GRAPHIQUES - Librairie 7L","isPartOf":{"@id":"https:\/\/librairie7l.com\/en\/#website"},"datePublished":"2023-05-09T16:08:39+00:00","dateModified":"2026-05-07T06:18:11+00:00","breadcrumb":{"@id":"https:\/\/librairie7l.com\/en\/produit\/marqueterie-de-paille-assemblages-graphiques\/#breadcrumb"},"inLanguage":"en-US","potentialAction":[{"@type":"ReadAction","target":["https:\/\/librairie7l.com\/en\/produit\/marqueterie-de-paille-assemblages-graphiques\/"]}]},{"@type":"BreadcrumbList","@id":"https:\/\/librairie7l.com\/en\/produit\/marqueterie-de-paille-assemblages-graphiques\/#breadcrumb","itemListElement":[{"@type":"ListItem","position":1,"name":"Accueil","item":"https:\/\/librairie7l.com\/en\/"},{"@type":"ListItem","position":2,"name":"Shop","item":"https:\/\/librairie7l.com\/en\/shop\/"},{"@type":"ListItem","position":3,"name":"MARQUETERIE DE PAILLE ; ASSEMBLAGES GRAPHIQUES"}]},{"@type":"WebSite","@id":"https:\/\/librairie7l.com\/en\/#website","url":"https:\/\/librairie7l.com\/en\/","name":"Librairie 7L","description":"Librairie fond\u00e9e en 1999 par Karl Lagerfeld \u00e0 Paris","publisher":{"@id":"https:\/\/librairie7l.com\/en\/#organization"},"potentialAction":[{"@type":"SearchAction","target":{"@type":"EntryPoint","urlTemplate":"https:\/\/librairie7l.com\/en\/?s={search_term_string}"},"query-input":"required name=search_term_string"}],"inLanguage":"en-US"},{"@type":"Organization","@id":"https:\/\/librairie7l.com\/en\/#organization","name":"Librairie 7L","url":"https:\/\/librairie7l.com\/en\/","logo":{"@type":"ImageObject","inLanguage":"en-US","@id":"https:\/\/librairie7l.com\/en\/#\/schema\/logo\/image\/","url":"https:\/\/librairie7l.com\/wp-content\/uploads\/2022\/08\/logo-1.png","contentUrl":"https:\/\/librairie7l.com\/wp-content\/uploads\/2022\/08\/logo-1.png","width":227,"height":301,"caption":"Librairie 7L"},"image":{"@id":"https:\/\/librairie7l.com\/en\/#\/schema\/logo\/image\/"}}]}},"_links":{"self":[{"href":"https:\/\/librairie7l.com\/en\/wp-json\/wp\/v2\/product\/20183"}],"collection":[{"href":"https:\/\/librairie7l.com\/en\/wp-json\/wp\/v2\/product"}],"about":[{"href":"https:\/\/librairie7l.com\/en\/wp-json\/wp\/v2\/types\/product"}],"wp:featuredmedia":[{"embeddable":true,"href":"https:\/\/librairie7l.com\/en\/wp-json\/wp\/v2\/media\/20181"}],"wp:attachment":[{"href":"https:\/\/librairie7l.com\/en\/wp-json\/wp\/v2\/media?parent=20183"}],"wp:term":[{"taxonomy":"product_cat","embeddable":true,"href":"https:\/\/librairie7l.com\/en\/wp-json\/wp\/v2\/product_cat?post=20183"},{"taxonomy":"product_tag","embeddable":true,"href":"https:\/\/librairie7l.com\/en\/wp-json\/wp\/v2\/product_tag?post=20183"}],"curies":[{"name":"wp","href":"https:\/\/api.w.org\/{rel}","templated":true}]}}