{"id":20191,"date":"2023-05-09T18:08:48","date_gmt":"2023-05-09T16:08:48","guid":{"rendered":"https:\/\/librairie7l.com\/?post_type=product&#038;p=20191"},"modified":"2026-04-15T22:36:44","modified_gmt":"2026-04-15T20:36:44","slug":"du-bon-usage-du-jardin-zen","status":"publish","type":"product","link":"https:\/\/librairie7l.com\/en\/produit\/du-bon-usage-du-jardin-zen\/","title":{"rendered":"DU BON USAGE DU JARDIN ZEN"},"content":{"rendered":"<p>Le jardin zen d&#8217;Erik Borja, dans la Dr\u00f4me, est en France l&#8217;exemple le plus abouti et le plus connu de jardin japonais contemporain adapt\u00e9 \u00e0 notre climat. Ce jardin, qui a aujourd&#8217;hui 40 ans, a beaucoup \u00e9volu\u00e9 depuis la parution des derni\u00e8res photos le pr\u00e9sentant, il y a plus de 10 ans. Car, pour Erik Borja, &#8220;La nature est le ma\u00eetre qui nous apprend: le jardin se construit au fur et \u00e0 mesure de la connaissance qu&#8217;on a du climat, d&#8217;une g\u00e9ographie; c&#8217;est un t\u00e2tonnement perp\u00e9tuel du cr\u00e9ateur sur son oeuvre&#8221;.<\/p>\n<p>En s&#8217;appuyant sur les photos r\u00e9centes de Paul Maurer, Erik Borja revient sur son parcours. Il nous d\u00e9voile ce qu&#8217;est pour lui le bon usage du jardin zen, \u00e0 la fois dans la fa\u00e7on de le concevoir, mais aussi dans celle de le visiter et de le vivre. La derni\u00e8re partie du livre est consacr\u00e9e \u00e0 ses derni\u00e8res cr\u00e9ations \u00e0 Paris, en Corse et en Suisse.<\/p>\n","protected":false},"excerpt":{"rendered":"<p>Le jardin zen d&#8217;Erik Borja, dans la Dr\u00f4me, est en France l&#8217;exemple le plus abouti et le plus connu de jardin japonais contemporain adapt\u00e9 \u00e0 notre climat. Ce jardin, qui a aujourd&#8217;hui 40 ans, a beaucoup \u00e9volu\u00e9 depuis la parution des derni\u00e8res photos le pr\u00e9sentant, il y a plus de 10 ans. Car, pour Erik [&hellip;]<\/p>\n","protected":false},"featured_media":20189,"template":"","meta":[],"product_cat":[2948,2956],"product_tag":[],"acf":[],"yoast_head":"<!-- This site is optimized with the Yoast SEO plugin v20.11 - https:\/\/yoast.com\/wordpress\/plugins\/seo\/ -->\n<title>DU BON USAGE DU JARDIN ZEN - Librairie 7L<\/title>\n<meta name=\"robots\" content=\"index, follow, max-snippet:-1, max-image-preview:large, max-video-preview:-1\" \/>\n<link rel=\"canonical\" href=\"https:\/\/librairie7l.com\/en\/produit\/du-bon-usage-du-jardin-zen\/\" \/>\n<meta property=\"og:locale\" content=\"en_US\" \/>\n<meta property=\"og:type\" content=\"article\" \/>\n<meta property=\"og:title\" content=\"DU BON USAGE DU JARDIN ZEN - Librairie 7L\" \/>\n<meta property=\"og:description\" content=\"Le jardin zen d&#8217;Erik Borja, dans la Dr\u00f4me, est en France l&#8217;exemple le plus abouti et le plus connu de jardin japonais contemporain adapt\u00e9 \u00e0 notre climat. Ce jardin, qui a aujourd&#8217;hui 40 ans, a beaucoup \u00e9volu\u00e9 depuis la parution des derni\u00e8res photos le pr\u00e9sentant, il y a plus de 10 ans. Car, pour Erik [&hellip;]\" \/>\n<meta property=\"og:url\" content=\"https:\/\/librairie7l.com\/en\/produit\/du-bon-usage-du-jardin-zen\/\" \/>\n<meta property=\"og:site_name\" content=\"Librairie 7L\" \/>\n<meta property=\"article:modified_time\" content=\"2026-04-15T20:36:44+00:00\" \/>\n<meta property=\"og:image\" content=\"https:\/\/librairie7l.com\/wp-content\/uploads\/2019\/03\/9782379220425_1_75.jpg\" \/>\n\t<meta property=\"og:image:width\" content=\"681\" \/>\n\t<meta property=\"og:image:height\" content=\"600\" \/>\n\t<meta property=\"og:image:type\" content=\"image\/jpeg\" \/>\n<meta name=\"twitter:card\" content=\"summary_large_image\" \/>\n<meta name=\"twitter:label1\" content=\"Est. reading time\" \/>\n\t<meta name=\"twitter:data1\" content=\"1 minute\" \/>\n<script type=\"application\/ld+json\" class=\"yoast-schema-graph\">{\"@context\":\"https:\/\/schema.org\",\"@graph\":[{\"@type\":\"WebPage\",\"@id\":\"https:\/\/librairie7l.com\/en\/produit\/du-bon-usage-du-jardin-zen\/\",\"url\":\"https:\/\/librairie7l.com\/en\/produit\/du-bon-usage-du-jardin-zen\/\",\"name\":\"DU BON USAGE DU JARDIN ZEN - Librairie 7L\",\"isPartOf\":{\"@id\":\"https:\/\/librairie7l.com\/en\/#website\"},\"datePublished\":\"2023-05-09T16:08:48+00:00\",\"dateModified\":\"2026-04-15T20:36:44+00:00\",\"breadcrumb\":{\"@id\":\"https:\/\/librairie7l.com\/en\/produit\/du-bon-usage-du-jardin-zen\/#breadcrumb\"},\"inLanguage\":\"en-US\",\"potentialAction\":[{\"@type\":\"ReadAction\",\"target\":[\"https:\/\/librairie7l.com\/en\/produit\/du-bon-usage-du-jardin-zen\/\"]}]},{\"@type\":\"BreadcrumbList\",\"@id\":\"https:\/\/librairie7l.com\/en\/produit\/du-bon-usage-du-jardin-zen\/#breadcrumb\",\"itemListElement\":[{\"@type\":\"ListItem\",\"position\":1,\"name\":\"Accueil\",\"item\":\"https:\/\/librairie7l.com\/en\/\"},{\"@type\":\"ListItem\",\"position\":2,\"name\":\"Shop\",\"item\":\"https:\/\/librairie7l.com\/en\/shop\/\"},{\"@type\":\"ListItem\",\"position\":3,\"name\":\"DU BON USAGE DU JARDIN ZEN\"}]},{\"@type\":\"WebSite\",\"@id\":\"https:\/\/librairie7l.com\/en\/#website\",\"url\":\"https:\/\/librairie7l.com\/en\/\",\"name\":\"Librairie 7L\",\"description\":\"Librairie fond\u00e9e en 1999 par Karl Lagerfeld \u00e0 Paris\",\"publisher\":{\"@id\":\"https:\/\/librairie7l.com\/en\/#organization\"},\"potentialAction\":[{\"@type\":\"SearchAction\",\"target\":{\"@type\":\"EntryPoint\",\"urlTemplate\":\"https:\/\/librairie7l.com\/en\/?s={search_term_string}\"},\"query-input\":\"required name=search_term_string\"}],\"inLanguage\":\"en-US\"},{\"@type\":\"Organization\",\"@id\":\"https:\/\/librairie7l.com\/en\/#organization\",\"name\":\"Librairie 7L\",\"url\":\"https:\/\/librairie7l.com\/en\/\",\"logo\":{\"@type\":\"ImageObject\",\"inLanguage\":\"en-US\",\"@id\":\"https:\/\/librairie7l.com\/en\/#\/schema\/logo\/image\/\",\"url\":\"https:\/\/librairie7l.com\/wp-content\/uploads\/2022\/08\/logo-1.png\",\"contentUrl\":\"https:\/\/librairie7l.com\/wp-content\/uploads\/2022\/08\/logo-1.png\",\"width\":227,\"height\":301,\"caption\":\"Librairie 7L\"},\"image\":{\"@id\":\"https:\/\/librairie7l.com\/en\/#\/schema\/logo\/image\/\"}}]}<\/script>\n<!-- \/ Yoast SEO plugin. -->","yoast_head_json":{"title":"DU BON USAGE DU JARDIN ZEN - Librairie 7L","robots":{"index":"index","follow":"follow","max-snippet":"max-snippet:-1","max-image-preview":"max-image-preview:large","max-video-preview":"max-video-preview:-1"},"canonical":"https:\/\/librairie7l.com\/en\/produit\/du-bon-usage-du-jardin-zen\/","og_locale":"en_US","og_type":"article","og_title":"DU BON USAGE DU JARDIN ZEN - Librairie 7L","og_description":"Le jardin zen d&#8217;Erik Borja, dans la Dr\u00f4me, est en France l&#8217;exemple le plus abouti et le plus connu de jardin japonais contemporain adapt\u00e9 \u00e0 notre climat. Ce jardin, qui a aujourd&#8217;hui 40 ans, a beaucoup \u00e9volu\u00e9 depuis la parution des derni\u00e8res photos le pr\u00e9sentant, il y a plus de 10 ans. Car, pour Erik [&hellip;]","og_url":"https:\/\/librairie7l.com\/en\/produit\/du-bon-usage-du-jardin-zen\/","og_site_name":"Librairie 7L","article_modified_time":"2026-04-15T20:36:44+00:00","og_image":[{"width":681,"height":600,"url":"https:\/\/librairie7l.com\/wp-content\/uploads\/2019\/03\/9782379220425_1_75.jpg","type":"image\/jpeg"}],"twitter_card":"summary_large_image","twitter_misc":{"Est. reading time":"1 minute"},"schema":{"@context":"https:\/\/schema.org","@graph":[{"@type":"WebPage","@id":"https:\/\/librairie7l.com\/en\/produit\/du-bon-usage-du-jardin-zen\/","url":"https:\/\/librairie7l.com\/en\/produit\/du-bon-usage-du-jardin-zen\/","name":"DU BON USAGE DU JARDIN ZEN - Librairie 7L","isPartOf":{"@id":"https:\/\/librairie7l.com\/en\/#website"},"datePublished":"2023-05-09T16:08:48+00:00","dateModified":"2026-04-15T20:36:44+00:00","breadcrumb":{"@id":"https:\/\/librairie7l.com\/en\/produit\/du-bon-usage-du-jardin-zen\/#breadcrumb"},"inLanguage":"en-US","potentialAction":[{"@type":"ReadAction","target":["https:\/\/librairie7l.com\/en\/produit\/du-bon-usage-du-jardin-zen\/"]}]},{"@type":"BreadcrumbList","@id":"https:\/\/librairie7l.com\/en\/produit\/du-bon-usage-du-jardin-zen\/#breadcrumb","itemListElement":[{"@type":"ListItem","position":1,"name":"Accueil","item":"https:\/\/librairie7l.com\/en\/"},{"@type":"ListItem","position":2,"name":"Shop","item":"https:\/\/librairie7l.com\/en\/shop\/"},{"@type":"ListItem","position":3,"name":"DU BON USAGE DU JARDIN ZEN"}]},{"@type":"WebSite","@id":"https:\/\/librairie7l.com\/en\/#website","url":"https:\/\/librairie7l.com\/en\/","name":"Librairie 7L","description":"Librairie fond\u00e9e en 1999 par Karl Lagerfeld \u00e0 Paris","publisher":{"@id":"https:\/\/librairie7l.com\/en\/#organization"},"potentialAction":[{"@type":"SearchAction","target":{"@type":"EntryPoint","urlTemplate":"https:\/\/librairie7l.com\/en\/?s={search_term_string}"},"query-input":"required name=search_term_string"}],"inLanguage":"en-US"},{"@type":"Organization","@id":"https:\/\/librairie7l.com\/en\/#organization","name":"Librairie 7L","url":"https:\/\/librairie7l.com\/en\/","logo":{"@type":"ImageObject","inLanguage":"en-US","@id":"https:\/\/librairie7l.com\/en\/#\/schema\/logo\/image\/","url":"https:\/\/librairie7l.com\/wp-content\/uploads\/2022\/08\/logo-1.png","contentUrl":"https:\/\/librairie7l.com\/wp-content\/uploads\/2022\/08\/logo-1.png","width":227,"height":301,"caption":"Librairie 7L"},"image":{"@id":"https:\/\/librairie7l.com\/en\/#\/schema\/logo\/image\/"}}]}},"_links":{"self":[{"href":"https:\/\/librairie7l.com\/en\/wp-json\/wp\/v2\/product\/20191"}],"collection":[{"href":"https:\/\/librairie7l.com\/en\/wp-json\/wp\/v2\/product"}],"about":[{"href":"https:\/\/librairie7l.com\/en\/wp-json\/wp\/v2\/types\/product"}],"wp:featuredmedia":[{"embeddable":true,"href":"https:\/\/librairie7l.com\/en\/wp-json\/wp\/v2\/media\/20189"}],"wp:attachment":[{"href":"https:\/\/librairie7l.com\/en\/wp-json\/wp\/v2\/media?parent=20191"}],"wp:term":[{"taxonomy":"product_cat","embeddable":true,"href":"https:\/\/librairie7l.com\/en\/wp-json\/wp\/v2\/product_cat?post=20191"},{"taxonomy":"product_tag","embeddable":true,"href":"https:\/\/librairie7l.com\/en\/wp-json\/wp\/v2\/product_tag?post=20191"}],"curies":[{"name":"wp","href":"https:\/\/api.w.org\/{rel}","templated":true}]}}