{"id":20227,"date":"2023-05-09T18:09:17","date_gmt":"2023-05-09T16:09:17","guid":{"rendered":"https:\/\/librairie7l.com\/?post_type=product&#038;p=20227"},"modified":"2026-04-18T21:14:56","modified_gmt":"2026-04-18T19:14:56","slug":"those-with-a-name-to-come","status":"publish","type":"product","link":"https:\/\/librairie7l.com\/en\/produit\/those-with-a-name-to-come\/","title":{"rendered":"THOSE WITH A NAME TO COME"},"content":{"rendered":"<p>Auteurs : Siouzie Albiach, Mariano Bocanegra, Alejandro Le\u00f3n Cannock, Florence Cuschieri, Juliette George, Marta Gili, Giovanni Battista Martini, Audrey Mot, Fabien Vallos, Juliette Vignon. En 1960, Lisetta Carmi choisit d\u00b4abandonner sa carri\u00e8re de pianiste pour s\u00b4emparer de la photographie. Elle participe alors aux mouvements contestataires de gauche, en r\u00e9action \u00e0 la mont\u00e9e n\u00e9o-fasciste et r\u00e9actionnaire des ann\u00e9es 1960. Inspir\u00e9e par ce contexte, elle utilise l\u00b4appareil photographique comme un outil politique d\u00b4exp\u00e9rience et de partage avec celles et ceux qui aspirent \u00e0 une reconnaissance dans l\u00b4espace social du commun. Sa s\u00e9rie Les Travestis, notamment, d\u00e9peint avec douceur et complicit\u00e9 la vie d\u00b4une communaut\u00e9 transidentitaire de travestis dans l\u00b4ancien ghetto de G\u00eanes. Son regard se pose \u00e9galement sur le monde ouvrier. Ses s\u00e9ries consacr\u00e9es au port de G\u00eanes captent l\u00b4intensit\u00e9 du corps \u00e0 l\u00b4oeuvre et sa rencontre avec celui, gigantesque et d\u00e9vorant, de l\u00b4industrie portuaire.<\/p>\n","protected":false},"excerpt":{"rendered":"<p>Auteurs : Siouzie Albiach, Mariano Bocanegra, Alejandro Le\u00f3n Cannock, Florence Cuschieri, Juliette George, Marta Gili, Giovanni Battista Martini, Audrey Mot, Fabien Vallos, Juliette Vignon. En 1960, Lisetta Carmi choisit d\u00b4abandonner sa carri\u00e8re de pianiste pour s\u00b4emparer de la photographie. Elle participe alors aux mouvements contestataires de gauche, en r\u00e9action \u00e0 la mont\u00e9e n\u00e9o-fasciste et r\u00e9actionnaire [&hellip;]<\/p>\n","protected":false},"featured_media":20225,"template":"","meta":[],"product_cat":[2948,2958],"product_tag":[],"acf":[],"yoast_head":"<!-- This site is optimized with the Yoast SEO plugin v20.11 - https:\/\/yoast.com\/wordpress\/plugins\/seo\/ -->\n<title>THOSE WITH A NAME TO COME - Librairie 7L<\/title>\n<meta name=\"robots\" content=\"index, follow, max-snippet:-1, max-image-preview:large, max-video-preview:-1\" \/>\n<link rel=\"canonical\" href=\"https:\/\/librairie7l.com\/en\/produit\/those-with-a-name-to-come\/\" \/>\n<meta property=\"og:locale\" content=\"en_US\" \/>\n<meta property=\"og:type\" content=\"article\" \/>\n<meta property=\"og:title\" content=\"THOSE WITH A NAME TO COME - Librairie 7L\" \/>\n<meta property=\"og:description\" content=\"Auteurs : Siouzie Albiach, Mariano Bocanegra, Alejandro Le\u00f3n Cannock, Florence Cuschieri, Juliette George, Marta Gili, Giovanni Battista Martini, Audrey Mot, Fabien Vallos, Juliette Vignon. En 1960, Lisetta Carmi choisit d\u00b4abandonner sa carri\u00e8re de pianiste pour s\u00b4emparer de la photographie. Elle participe alors aux mouvements contestataires de gauche, en r\u00e9action \u00e0 la mont\u00e9e n\u00e9o-fasciste et r\u00e9actionnaire [&hellip;]\" \/>\n<meta property=\"og:url\" content=\"https:\/\/librairie7l.com\/en\/produit\/those-with-a-name-to-come\/\" \/>\n<meta property=\"og:site_name\" content=\"Librairie 7L\" \/>\n<meta property=\"article:modified_time\" content=\"2026-04-18T19:14:56+00:00\" \/>\n<meta property=\"og:image\" content=\"https:\/\/librairie7l.com\/wp-content\/uploads\/2020\/07\/9782350465128_1_75.jpg\" \/>\n\t<meta property=\"og:image:width\" content=\"600\" \/>\n\t<meta property=\"og:image:height\" content=\"836\" \/>\n\t<meta property=\"og:image:type\" content=\"image\/jpeg\" \/>\n<meta name=\"twitter:card\" content=\"summary_large_image\" \/>\n<meta name=\"twitter:label1\" content=\"Est. reading time\" \/>\n\t<meta name=\"twitter:data1\" content=\"1 minute\" \/>\n<script type=\"application\/ld+json\" class=\"yoast-schema-graph\">{\"@context\":\"https:\/\/schema.org\",\"@graph\":[{\"@type\":\"WebPage\",\"@id\":\"https:\/\/librairie7l.com\/en\/produit\/those-with-a-name-to-come\/\",\"url\":\"https:\/\/librairie7l.com\/en\/produit\/those-with-a-name-to-come\/\",\"name\":\"THOSE WITH A NAME TO COME - Librairie 7L\",\"isPartOf\":{\"@id\":\"https:\/\/librairie7l.com\/en\/#website\"},\"datePublished\":\"2023-05-09T16:09:17+00:00\",\"dateModified\":\"2026-04-18T19:14:56+00:00\",\"breadcrumb\":{\"@id\":\"https:\/\/librairie7l.com\/en\/produit\/those-with-a-name-to-come\/#breadcrumb\"},\"inLanguage\":\"en-US\",\"potentialAction\":[{\"@type\":\"ReadAction\",\"target\":[\"https:\/\/librairie7l.com\/en\/produit\/those-with-a-name-to-come\/\"]}]},{\"@type\":\"BreadcrumbList\",\"@id\":\"https:\/\/librairie7l.com\/en\/produit\/those-with-a-name-to-come\/#breadcrumb\",\"itemListElement\":[{\"@type\":\"ListItem\",\"position\":1,\"name\":\"Accueil\",\"item\":\"https:\/\/librairie7l.com\/en\/\"},{\"@type\":\"ListItem\",\"position\":2,\"name\":\"Shop\",\"item\":\"https:\/\/librairie7l.com\/en\/shop\/\"},{\"@type\":\"ListItem\",\"position\":3,\"name\":\"THOSE WITH A NAME TO COME\"}]},{\"@type\":\"WebSite\",\"@id\":\"https:\/\/librairie7l.com\/en\/#website\",\"url\":\"https:\/\/librairie7l.com\/en\/\",\"name\":\"Librairie 7L\",\"description\":\"Librairie fond\u00e9e en 1999 par Karl Lagerfeld \u00e0 Paris\",\"publisher\":{\"@id\":\"https:\/\/librairie7l.com\/en\/#organization\"},\"potentialAction\":[{\"@type\":\"SearchAction\",\"target\":{\"@type\":\"EntryPoint\",\"urlTemplate\":\"https:\/\/librairie7l.com\/en\/?s={search_term_string}\"},\"query-input\":\"required name=search_term_string\"}],\"inLanguage\":\"en-US\"},{\"@type\":\"Organization\",\"@id\":\"https:\/\/librairie7l.com\/en\/#organization\",\"name\":\"Librairie 7L\",\"url\":\"https:\/\/librairie7l.com\/en\/\",\"logo\":{\"@type\":\"ImageObject\",\"inLanguage\":\"en-US\",\"@id\":\"https:\/\/librairie7l.com\/en\/#\/schema\/logo\/image\/\",\"url\":\"https:\/\/librairie7l.com\/wp-content\/uploads\/2022\/08\/logo-1.png\",\"contentUrl\":\"https:\/\/librairie7l.com\/wp-content\/uploads\/2022\/08\/logo-1.png\",\"width\":227,\"height\":301,\"caption\":\"Librairie 7L\"},\"image\":{\"@id\":\"https:\/\/librairie7l.com\/en\/#\/schema\/logo\/image\/\"}}]}<\/script>\n<!-- \/ Yoast SEO plugin. -->","yoast_head_json":{"title":"THOSE WITH A NAME TO COME - Librairie 7L","robots":{"index":"index","follow":"follow","max-snippet":"max-snippet:-1","max-image-preview":"max-image-preview:large","max-video-preview":"max-video-preview:-1"},"canonical":"https:\/\/librairie7l.com\/en\/produit\/those-with-a-name-to-come\/","og_locale":"en_US","og_type":"article","og_title":"THOSE WITH A NAME TO COME - Librairie 7L","og_description":"Auteurs : Siouzie Albiach, Mariano Bocanegra, Alejandro Le\u00f3n Cannock, Florence Cuschieri, Juliette George, Marta Gili, Giovanni Battista Martini, Audrey Mot, Fabien Vallos, Juliette Vignon. En 1960, Lisetta Carmi choisit d\u00b4abandonner sa carri\u00e8re de pianiste pour s\u00b4emparer de la photographie. Elle participe alors aux mouvements contestataires de gauche, en r\u00e9action \u00e0 la mont\u00e9e n\u00e9o-fasciste et r\u00e9actionnaire [&hellip;]","og_url":"https:\/\/librairie7l.com\/en\/produit\/those-with-a-name-to-come\/","og_site_name":"Librairie 7L","article_modified_time":"2026-04-18T19:14:56+00:00","og_image":[{"width":600,"height":836,"url":"https:\/\/librairie7l.com\/wp-content\/uploads\/2020\/07\/9782350465128_1_75.jpg","type":"image\/jpeg"}],"twitter_card":"summary_large_image","twitter_misc":{"Est. reading time":"1 minute"},"schema":{"@context":"https:\/\/schema.org","@graph":[{"@type":"WebPage","@id":"https:\/\/librairie7l.com\/en\/produit\/those-with-a-name-to-come\/","url":"https:\/\/librairie7l.com\/en\/produit\/those-with-a-name-to-come\/","name":"THOSE WITH A NAME TO COME - Librairie 7L","isPartOf":{"@id":"https:\/\/librairie7l.com\/en\/#website"},"datePublished":"2023-05-09T16:09:17+00:00","dateModified":"2026-04-18T19:14:56+00:00","breadcrumb":{"@id":"https:\/\/librairie7l.com\/en\/produit\/those-with-a-name-to-come\/#breadcrumb"},"inLanguage":"en-US","potentialAction":[{"@type":"ReadAction","target":["https:\/\/librairie7l.com\/en\/produit\/those-with-a-name-to-come\/"]}]},{"@type":"BreadcrumbList","@id":"https:\/\/librairie7l.com\/en\/produit\/those-with-a-name-to-come\/#breadcrumb","itemListElement":[{"@type":"ListItem","position":1,"name":"Accueil","item":"https:\/\/librairie7l.com\/en\/"},{"@type":"ListItem","position":2,"name":"Shop","item":"https:\/\/librairie7l.com\/en\/shop\/"},{"@type":"ListItem","position":3,"name":"THOSE WITH A NAME TO COME"}]},{"@type":"WebSite","@id":"https:\/\/librairie7l.com\/en\/#website","url":"https:\/\/librairie7l.com\/en\/","name":"Librairie 7L","description":"Librairie fond\u00e9e en 1999 par Karl Lagerfeld \u00e0 Paris","publisher":{"@id":"https:\/\/librairie7l.com\/en\/#organization"},"potentialAction":[{"@type":"SearchAction","target":{"@type":"EntryPoint","urlTemplate":"https:\/\/librairie7l.com\/en\/?s={search_term_string}"},"query-input":"required name=search_term_string"}],"inLanguage":"en-US"},{"@type":"Organization","@id":"https:\/\/librairie7l.com\/en\/#organization","name":"Librairie 7L","url":"https:\/\/librairie7l.com\/en\/","logo":{"@type":"ImageObject","inLanguage":"en-US","@id":"https:\/\/librairie7l.com\/en\/#\/schema\/logo\/image\/","url":"https:\/\/librairie7l.com\/wp-content\/uploads\/2022\/08\/logo-1.png","contentUrl":"https:\/\/librairie7l.com\/wp-content\/uploads\/2022\/08\/logo-1.png","width":227,"height":301,"caption":"Librairie 7L"},"image":{"@id":"https:\/\/librairie7l.com\/en\/#\/schema\/logo\/image\/"}}]}},"_links":{"self":[{"href":"https:\/\/librairie7l.com\/en\/wp-json\/wp\/v2\/product\/20227"}],"collection":[{"href":"https:\/\/librairie7l.com\/en\/wp-json\/wp\/v2\/product"}],"about":[{"href":"https:\/\/librairie7l.com\/en\/wp-json\/wp\/v2\/types\/product"}],"wp:featuredmedia":[{"embeddable":true,"href":"https:\/\/librairie7l.com\/en\/wp-json\/wp\/v2\/media\/20225"}],"wp:attachment":[{"href":"https:\/\/librairie7l.com\/en\/wp-json\/wp\/v2\/media?parent=20227"}],"wp:term":[{"taxonomy":"product_cat","embeddable":true,"href":"https:\/\/librairie7l.com\/en\/wp-json\/wp\/v2\/product_cat?post=20227"},{"taxonomy":"product_tag","embeddable":true,"href":"https:\/\/librairie7l.com\/en\/wp-json\/wp\/v2\/product_tag?post=20227"}],"curies":[{"name":"wp","href":"https:\/\/api.w.org\/{rel}","templated":true}]}}