{"id":20299,"date":"2023-05-09T18:10:13","date_gmt":"2023-05-09T16:10:13","guid":{"rendered":"https:\/\/librairie7l.com\/?post_type=product&#038;p=20299"},"modified":"2026-04-04T05:06:29","modified_gmt":"2026-04-04T03:06:29","slug":"histoires-de-papier","status":"publish","type":"product","link":"https:\/\/librairie7l.com\/en\/produit\/histoires-de-papier\/","title":{"rendered":"HISTOIRES DE PAPIER"},"content":{"rendered":"<p>Histoires de Papier retrace l&#8217;histoire du papier en tant que mat\u00e9riau mill\u00e9naire utilis\u00e9 depuis l&#8217;Antiquit\u00e9 jusqu&#8217;\u00e0 nos jours, offrant ainsi une perspective originale sur l&#8217;histoire des arts graphiques.<br \/>\nCet ouvrage accompagne la treizi\u00e8me exposition temporaire du Louvre Abu Dhabi, en collaboration avec le Louvre Paris. De la fabrication \u00e0 la diffusion en passant par les progr\u00e8s techniques, il illustre les nombreuses caract\u00e9ristiques de ce mat\u00e9riau si familier qui s&#8217;efface parfois de nos usages au profit du num\u00e9rique aujourd&#8217;hui ancr\u00e9 dans tous les aspects de nos vies quotidiennes. En explorant les diff\u00e9rentes plantes qui en sont \u00e0 l&#8217;origine, tout comme les nombreuses essences dont \u00e9mane sa fabrication, la diversit\u00e9 des oeuvres d&#8217;art pr\u00e9sent\u00e9es invite \u00e0 d\u00e9couvrir les multiples utilisations du papier comme vecteur de cr\u00e9ativit\u00e9, d&#8217;id\u00e9es et d&#8217;\u00e9changes \u00e0 travers les si\u00e8cles et les cultures.<br \/>\nIncluant des oeuvres des collections fran\u00e7aises, en particulier des oeuvres du mus\u00e9e du Louvre, du mus\u00e9e Guimet, de la Biblioth\u00e8que nationale de France, du Centre Georges-Pompidou, ce catalogue est aussi l&#8217;occasion de mettre en lumi\u00e8re des artistes contemporains locaux ainsi que des cr\u00e9ations contemporaines internationales comme en t\u00e9moignent les oeuvres du Louvre Abu Dhabi, de la Sharjah Art Foundation, du mus\u00e9e de Goesan ou encore de l&#8217;Institut culturel de Cor\u00e9e.<br \/>\nPubli\u00e9 \u00e0 l&#8217;occasion de l&#8217;exposition \u00e9ponyme au Louvre Abu Dhabi en 2022.<\/p>\n","protected":false},"excerpt":{"rendered":"<p>Histoires de Papier retrace l&#8217;histoire du papier en tant que mat\u00e9riau mill\u00e9naire utilis\u00e9 depuis l&#8217;Antiquit\u00e9 jusqu&#8217;\u00e0 nos jours, offrant ainsi une perspective originale sur l&#8217;histoire des arts graphiques. Cet ouvrage accompagne la treizi\u00e8me exposition temporaire du Louvre Abu Dhabi, en collaboration avec le Louvre Paris. De la fabrication \u00e0 la diffusion en passant par les [&hellip;]<\/p>\n","protected":false},"featured_media":20297,"template":"","meta":[],"product_cat":[2948,2953],"product_tag":[],"acf":[],"yoast_head":"<!-- This site is optimized with the Yoast SEO plugin v20.11 - https:\/\/yoast.com\/wordpress\/plugins\/seo\/ -->\n<title>HISTOIRES DE PAPIER - Librairie 7L<\/title>\n<meta name=\"robots\" content=\"index, follow, max-snippet:-1, max-image-preview:large, max-video-preview:-1\" \/>\n<link rel=\"canonical\" href=\"https:\/\/librairie7l.com\/en\/produit\/histoires-de-papier\/\" \/>\n<meta property=\"og:locale\" content=\"en_US\" \/>\n<meta property=\"og:type\" content=\"article\" \/>\n<meta property=\"og:title\" content=\"HISTOIRES DE PAPIER - Librairie 7L\" \/>\n<meta property=\"og:description\" content=\"Histoires de Papier retrace l&#8217;histoire du papier en tant que mat\u00e9riau mill\u00e9naire utilis\u00e9 depuis l&#8217;Antiquit\u00e9 jusqu&#8217;\u00e0 nos jours, offrant ainsi une perspective originale sur l&#8217;histoire des arts graphiques. Cet ouvrage accompagne la treizi\u00e8me exposition temporaire du Louvre Abu Dhabi, en collaboration avec le Louvre Paris. De la fabrication \u00e0 la diffusion en passant par les [&hellip;]\" \/>\n<meta property=\"og:url\" content=\"https:\/\/librairie7l.com\/en\/produit\/histoires-de-papier\/\" \/>\n<meta property=\"og:site_name\" content=\"Librairie 7L\" \/>\n<meta property=\"article:modified_time\" content=\"2026-04-04T03:06:29+00:00\" \/>\n<meta property=\"og:image\" content=\"https:\/\/librairie7l.com\/wp-content\/uploads\/2022\/04\/9786148035463_1_75.jpg\" \/>\n\t<meta property=\"og:image:width\" content=\"600\" \/>\n\t<meta property=\"og:image:height\" content=\"798\" \/>\n\t<meta property=\"og:image:type\" content=\"image\/jpeg\" \/>\n<meta name=\"twitter:card\" content=\"summary_large_image\" \/>\n<meta name=\"twitter:label1\" content=\"Est. reading time\" \/>\n\t<meta name=\"twitter:data1\" content=\"1 minute\" \/>\n<script type=\"application\/ld+json\" class=\"yoast-schema-graph\">{\"@context\":\"https:\/\/schema.org\",\"@graph\":[{\"@type\":\"WebPage\",\"@id\":\"https:\/\/librairie7l.com\/en\/produit\/histoires-de-papier\/\",\"url\":\"https:\/\/librairie7l.com\/en\/produit\/histoires-de-papier\/\",\"name\":\"HISTOIRES DE PAPIER - Librairie 7L\",\"isPartOf\":{\"@id\":\"https:\/\/librairie7l.com\/en\/#website\"},\"datePublished\":\"2023-05-09T16:10:13+00:00\",\"dateModified\":\"2026-04-04T03:06:29+00:00\",\"breadcrumb\":{\"@id\":\"https:\/\/librairie7l.com\/en\/produit\/histoires-de-papier\/#breadcrumb\"},\"inLanguage\":\"en-US\",\"potentialAction\":[{\"@type\":\"ReadAction\",\"target\":[\"https:\/\/librairie7l.com\/en\/produit\/histoires-de-papier\/\"]}]},{\"@type\":\"BreadcrumbList\",\"@id\":\"https:\/\/librairie7l.com\/en\/produit\/histoires-de-papier\/#breadcrumb\",\"itemListElement\":[{\"@type\":\"ListItem\",\"position\":1,\"name\":\"Accueil\",\"item\":\"https:\/\/librairie7l.com\/en\/\"},{\"@type\":\"ListItem\",\"position\":2,\"name\":\"Shop\",\"item\":\"https:\/\/librairie7l.com\/en\/shop\/\"},{\"@type\":\"ListItem\",\"position\":3,\"name\":\"HISTOIRES DE PAPIER\"}]},{\"@type\":\"WebSite\",\"@id\":\"https:\/\/librairie7l.com\/en\/#website\",\"url\":\"https:\/\/librairie7l.com\/en\/\",\"name\":\"Librairie 7L\",\"description\":\"Librairie fond\u00e9e en 1999 par Karl Lagerfeld \u00e0 Paris\",\"publisher\":{\"@id\":\"https:\/\/librairie7l.com\/en\/#organization\"},\"potentialAction\":[{\"@type\":\"SearchAction\",\"target\":{\"@type\":\"EntryPoint\",\"urlTemplate\":\"https:\/\/librairie7l.com\/en\/?s={search_term_string}\"},\"query-input\":\"required name=search_term_string\"}],\"inLanguage\":\"en-US\"},{\"@type\":\"Organization\",\"@id\":\"https:\/\/librairie7l.com\/en\/#organization\",\"name\":\"Librairie 7L\",\"url\":\"https:\/\/librairie7l.com\/en\/\",\"logo\":{\"@type\":\"ImageObject\",\"inLanguage\":\"en-US\",\"@id\":\"https:\/\/librairie7l.com\/en\/#\/schema\/logo\/image\/\",\"url\":\"https:\/\/librairie7l.com\/wp-content\/uploads\/2022\/08\/logo-1.png\",\"contentUrl\":\"https:\/\/librairie7l.com\/wp-content\/uploads\/2022\/08\/logo-1.png\",\"width\":227,\"height\":301,\"caption\":\"Librairie 7L\"},\"image\":{\"@id\":\"https:\/\/librairie7l.com\/en\/#\/schema\/logo\/image\/\"}}]}<\/script>\n<!-- \/ Yoast SEO plugin. -->","yoast_head_json":{"title":"HISTOIRES DE PAPIER - Librairie 7L","robots":{"index":"index","follow":"follow","max-snippet":"max-snippet:-1","max-image-preview":"max-image-preview:large","max-video-preview":"max-video-preview:-1"},"canonical":"https:\/\/librairie7l.com\/en\/produit\/histoires-de-papier\/","og_locale":"en_US","og_type":"article","og_title":"HISTOIRES DE PAPIER - Librairie 7L","og_description":"Histoires de Papier retrace l&#8217;histoire du papier en tant que mat\u00e9riau mill\u00e9naire utilis\u00e9 depuis l&#8217;Antiquit\u00e9 jusqu&#8217;\u00e0 nos jours, offrant ainsi une perspective originale sur l&#8217;histoire des arts graphiques. Cet ouvrage accompagne la treizi\u00e8me exposition temporaire du Louvre Abu Dhabi, en collaboration avec le Louvre Paris. De la fabrication \u00e0 la diffusion en passant par les [&hellip;]","og_url":"https:\/\/librairie7l.com\/en\/produit\/histoires-de-papier\/","og_site_name":"Librairie 7L","article_modified_time":"2026-04-04T03:06:29+00:00","og_image":[{"width":600,"height":798,"url":"https:\/\/librairie7l.com\/wp-content\/uploads\/2022\/04\/9786148035463_1_75.jpg","type":"image\/jpeg"}],"twitter_card":"summary_large_image","twitter_misc":{"Est. reading time":"1 minute"},"schema":{"@context":"https:\/\/schema.org","@graph":[{"@type":"WebPage","@id":"https:\/\/librairie7l.com\/en\/produit\/histoires-de-papier\/","url":"https:\/\/librairie7l.com\/en\/produit\/histoires-de-papier\/","name":"HISTOIRES DE PAPIER - Librairie 7L","isPartOf":{"@id":"https:\/\/librairie7l.com\/en\/#website"},"datePublished":"2023-05-09T16:10:13+00:00","dateModified":"2026-04-04T03:06:29+00:00","breadcrumb":{"@id":"https:\/\/librairie7l.com\/en\/produit\/histoires-de-papier\/#breadcrumb"},"inLanguage":"en-US","potentialAction":[{"@type":"ReadAction","target":["https:\/\/librairie7l.com\/en\/produit\/histoires-de-papier\/"]}]},{"@type":"BreadcrumbList","@id":"https:\/\/librairie7l.com\/en\/produit\/histoires-de-papier\/#breadcrumb","itemListElement":[{"@type":"ListItem","position":1,"name":"Accueil","item":"https:\/\/librairie7l.com\/en\/"},{"@type":"ListItem","position":2,"name":"Shop","item":"https:\/\/librairie7l.com\/en\/shop\/"},{"@type":"ListItem","position":3,"name":"HISTOIRES DE PAPIER"}]},{"@type":"WebSite","@id":"https:\/\/librairie7l.com\/en\/#website","url":"https:\/\/librairie7l.com\/en\/","name":"Librairie 7L","description":"Librairie fond\u00e9e en 1999 par Karl Lagerfeld \u00e0 Paris","publisher":{"@id":"https:\/\/librairie7l.com\/en\/#organization"},"potentialAction":[{"@type":"SearchAction","target":{"@type":"EntryPoint","urlTemplate":"https:\/\/librairie7l.com\/en\/?s={search_term_string}"},"query-input":"required name=search_term_string"}],"inLanguage":"en-US"},{"@type":"Organization","@id":"https:\/\/librairie7l.com\/en\/#organization","name":"Librairie 7L","url":"https:\/\/librairie7l.com\/en\/","logo":{"@type":"ImageObject","inLanguage":"en-US","@id":"https:\/\/librairie7l.com\/en\/#\/schema\/logo\/image\/","url":"https:\/\/librairie7l.com\/wp-content\/uploads\/2022\/08\/logo-1.png","contentUrl":"https:\/\/librairie7l.com\/wp-content\/uploads\/2022\/08\/logo-1.png","width":227,"height":301,"caption":"Librairie 7L"},"image":{"@id":"https:\/\/librairie7l.com\/en\/#\/schema\/logo\/image\/"}}]}},"_links":{"self":[{"href":"https:\/\/librairie7l.com\/en\/wp-json\/wp\/v2\/product\/20299"}],"collection":[{"href":"https:\/\/librairie7l.com\/en\/wp-json\/wp\/v2\/product"}],"about":[{"href":"https:\/\/librairie7l.com\/en\/wp-json\/wp\/v2\/types\/product"}],"wp:featuredmedia":[{"embeddable":true,"href":"https:\/\/librairie7l.com\/en\/wp-json\/wp\/v2\/media\/20297"}],"wp:attachment":[{"href":"https:\/\/librairie7l.com\/en\/wp-json\/wp\/v2\/media?parent=20299"}],"wp:term":[{"taxonomy":"product_cat","embeddable":true,"href":"https:\/\/librairie7l.com\/en\/wp-json\/wp\/v2\/product_cat?post=20299"},{"taxonomy":"product_tag","embeddable":true,"href":"https:\/\/librairie7l.com\/en\/wp-json\/wp\/v2\/product_tag?post=20299"}],"curies":[{"name":"wp","href":"https:\/\/api.w.org\/{rel}","templated":true}]}}