{"id":20311,"date":"2023-05-09T18:10:24","date_gmt":"2023-05-09T16:10:24","guid":{"rendered":"https:\/\/librairie7l.com\/?post_type=product&#038;p=20311"},"modified":"2026-04-16T07:06:36","modified_gmt":"2026-04-16T05:06:36","slug":"avant-le-paysage-before-the-landscape","status":"publish","type":"product","link":"https:\/\/librairie7l.com\/en\/produit\/avant-le-paysage-before-the-landscape\/","title":{"rendered":"AVANT LE PAYSAGE ; BEFORE THE LANDSCAPE"},"content":{"rendered":"<p>Hors du temps, les sculptures de Daniel Pontoreau font dialoguer la terre et le cosmos. L&#8217;artiste est reconnu comme un des grands sp\u00e9cialistes des interventions dans le paysage et l&#8217;espace public. Ses st\u00e8les monumentales du minist\u00e8re de l&#8217;\u00c9conomie et des Finances \u00e0 Paris, sa Pierre trou\u00e9e de la place du March\u00e9 Gayot \u00e0 Strasbourg ou son am\u00e9nagement du site du Champ du Feu en Alsace r\u00e9v\u00e8lent la pleine dimension environnementale de son art. Le rapport sp\u00e9cifique de Daniel Pontoreau \u00e0 l&#8217;architecture a \u00e9t\u00e9 salu\u00e9 en 2018 par la m\u00e9daille des arts d\u00e9cern\u00e9e par l&#8217;Acad\u00e9mie fran\u00e7aise d&#8217;Architecture.<\/p>\n","protected":false},"excerpt":{"rendered":"<p>Hors du temps, les sculptures de Daniel Pontoreau font dialoguer la terre et le cosmos. L&#8217;artiste est reconnu comme un des grands sp\u00e9cialistes des interventions dans le paysage et l&#8217;espace public. Ses st\u00e8les monumentales du minist\u00e8re de l&#8217;\u00c9conomie et des Finances \u00e0 Paris, sa Pierre trou\u00e9e de la place du March\u00e9 Gayot \u00e0 Strasbourg ou [&hellip;]<\/p>\n","protected":false},"featured_media":20309,"template":"","meta":[],"product_cat":[2948,2952],"product_tag":[],"acf":[],"yoast_head":"<!-- This site is optimized with the Yoast SEO plugin v20.11 - https:\/\/yoast.com\/wordpress\/plugins\/seo\/ -->\n<title>AVANT LE PAYSAGE ; BEFORE THE LANDSCAPE - Librairie 7L<\/title>\n<meta name=\"robots\" content=\"index, follow, max-snippet:-1, max-image-preview:large, max-video-preview:-1\" \/>\n<link rel=\"canonical\" href=\"https:\/\/librairie7l.com\/en\/produit\/avant-le-paysage-before-the-landscape\/\" \/>\n<meta property=\"og:locale\" content=\"en_US\" \/>\n<meta property=\"og:type\" content=\"article\" \/>\n<meta property=\"og:title\" content=\"AVANT LE PAYSAGE ; BEFORE THE LANDSCAPE - Librairie 7L\" \/>\n<meta property=\"og:description\" content=\"Hors du temps, les sculptures de Daniel Pontoreau font dialoguer la terre et le cosmos. L&#8217;artiste est reconnu comme un des grands sp\u00e9cialistes des interventions dans le paysage et l&#8217;espace public. Ses st\u00e8les monumentales du minist\u00e8re de l&#8217;\u00c9conomie et des Finances \u00e0 Paris, sa Pierre trou\u00e9e de la place du March\u00e9 Gayot \u00e0 Strasbourg ou [&hellip;]\" \/>\n<meta property=\"og:url\" content=\"https:\/\/librairie7l.com\/en\/produit\/avant-le-paysage-before-the-landscape\/\" \/>\n<meta property=\"og:site_name\" content=\"Librairie 7L\" \/>\n<meta property=\"article:modified_time\" content=\"2026-04-16T05:06:36+00:00\" \/>\n<meta property=\"og:image\" content=\"https:\/\/librairie7l.com\/wp-content\/uploads\/2022\/11\/9782930451435_1_75.jpg\" \/>\n\t<meta property=\"og:image:width\" content=\"400\" \/>\n\t<meta property=\"og:image:height\" content=\"520\" \/>\n\t<meta property=\"og:image:type\" content=\"image\/jpeg\" \/>\n<meta name=\"twitter:card\" content=\"summary_large_image\" \/>\n<meta name=\"twitter:label1\" content=\"Est. reading time\" \/>\n\t<meta name=\"twitter:data1\" content=\"1 minute\" \/>\n<script type=\"application\/ld+json\" class=\"yoast-schema-graph\">{\"@context\":\"https:\/\/schema.org\",\"@graph\":[{\"@type\":\"WebPage\",\"@id\":\"https:\/\/librairie7l.com\/en\/produit\/avant-le-paysage-before-the-landscape\/\",\"url\":\"https:\/\/librairie7l.com\/en\/produit\/avant-le-paysage-before-the-landscape\/\",\"name\":\"AVANT LE PAYSAGE ; BEFORE THE LANDSCAPE - Librairie 7L\",\"isPartOf\":{\"@id\":\"https:\/\/librairie7l.com\/en\/#website\"},\"datePublished\":\"2023-05-09T16:10:24+00:00\",\"dateModified\":\"2026-04-16T05:06:36+00:00\",\"breadcrumb\":{\"@id\":\"https:\/\/librairie7l.com\/en\/produit\/avant-le-paysage-before-the-landscape\/#breadcrumb\"},\"inLanguage\":\"en-US\",\"potentialAction\":[{\"@type\":\"ReadAction\",\"target\":[\"https:\/\/librairie7l.com\/en\/produit\/avant-le-paysage-before-the-landscape\/\"]}]},{\"@type\":\"BreadcrumbList\",\"@id\":\"https:\/\/librairie7l.com\/en\/produit\/avant-le-paysage-before-the-landscape\/#breadcrumb\",\"itemListElement\":[{\"@type\":\"ListItem\",\"position\":1,\"name\":\"Accueil\",\"item\":\"https:\/\/librairie7l.com\/en\/\"},{\"@type\":\"ListItem\",\"position\":2,\"name\":\"Shop\",\"item\":\"https:\/\/librairie7l.com\/en\/shop\/\"},{\"@type\":\"ListItem\",\"position\":3,\"name\":\"AVANT LE PAYSAGE ; BEFORE THE LANDSCAPE\"}]},{\"@type\":\"WebSite\",\"@id\":\"https:\/\/librairie7l.com\/en\/#website\",\"url\":\"https:\/\/librairie7l.com\/en\/\",\"name\":\"Librairie 7L\",\"description\":\"Librairie fond\u00e9e en 1999 par Karl Lagerfeld \u00e0 Paris\",\"publisher\":{\"@id\":\"https:\/\/librairie7l.com\/en\/#organization\"},\"potentialAction\":[{\"@type\":\"SearchAction\",\"target\":{\"@type\":\"EntryPoint\",\"urlTemplate\":\"https:\/\/librairie7l.com\/en\/?s={search_term_string}\"},\"query-input\":\"required name=search_term_string\"}],\"inLanguage\":\"en-US\"},{\"@type\":\"Organization\",\"@id\":\"https:\/\/librairie7l.com\/en\/#organization\",\"name\":\"Librairie 7L\",\"url\":\"https:\/\/librairie7l.com\/en\/\",\"logo\":{\"@type\":\"ImageObject\",\"inLanguage\":\"en-US\",\"@id\":\"https:\/\/librairie7l.com\/en\/#\/schema\/logo\/image\/\",\"url\":\"https:\/\/librairie7l.com\/wp-content\/uploads\/2022\/08\/logo-1.png\",\"contentUrl\":\"https:\/\/librairie7l.com\/wp-content\/uploads\/2022\/08\/logo-1.png\",\"width\":227,\"height\":301,\"caption\":\"Librairie 7L\"},\"image\":{\"@id\":\"https:\/\/librairie7l.com\/en\/#\/schema\/logo\/image\/\"}}]}<\/script>\n<!-- \/ Yoast SEO plugin. -->","yoast_head_json":{"title":"AVANT LE PAYSAGE ; BEFORE THE LANDSCAPE - Librairie 7L","robots":{"index":"index","follow":"follow","max-snippet":"max-snippet:-1","max-image-preview":"max-image-preview:large","max-video-preview":"max-video-preview:-1"},"canonical":"https:\/\/librairie7l.com\/en\/produit\/avant-le-paysage-before-the-landscape\/","og_locale":"en_US","og_type":"article","og_title":"AVANT LE PAYSAGE ; BEFORE THE LANDSCAPE - Librairie 7L","og_description":"Hors du temps, les sculptures de Daniel Pontoreau font dialoguer la terre et le cosmos. L&#8217;artiste est reconnu comme un des grands sp\u00e9cialistes des interventions dans le paysage et l&#8217;espace public. Ses st\u00e8les monumentales du minist\u00e8re de l&#8217;\u00c9conomie et des Finances \u00e0 Paris, sa Pierre trou\u00e9e de la place du March\u00e9 Gayot \u00e0 Strasbourg ou [&hellip;]","og_url":"https:\/\/librairie7l.com\/en\/produit\/avant-le-paysage-before-the-landscape\/","og_site_name":"Librairie 7L","article_modified_time":"2026-04-16T05:06:36+00:00","og_image":[{"width":400,"height":520,"url":"https:\/\/librairie7l.com\/wp-content\/uploads\/2022\/11\/9782930451435_1_75.jpg","type":"image\/jpeg"}],"twitter_card":"summary_large_image","twitter_misc":{"Est. reading time":"1 minute"},"schema":{"@context":"https:\/\/schema.org","@graph":[{"@type":"WebPage","@id":"https:\/\/librairie7l.com\/en\/produit\/avant-le-paysage-before-the-landscape\/","url":"https:\/\/librairie7l.com\/en\/produit\/avant-le-paysage-before-the-landscape\/","name":"AVANT LE PAYSAGE ; BEFORE THE LANDSCAPE - Librairie 7L","isPartOf":{"@id":"https:\/\/librairie7l.com\/en\/#website"},"datePublished":"2023-05-09T16:10:24+00:00","dateModified":"2026-04-16T05:06:36+00:00","breadcrumb":{"@id":"https:\/\/librairie7l.com\/en\/produit\/avant-le-paysage-before-the-landscape\/#breadcrumb"},"inLanguage":"en-US","potentialAction":[{"@type":"ReadAction","target":["https:\/\/librairie7l.com\/en\/produit\/avant-le-paysage-before-the-landscape\/"]}]},{"@type":"BreadcrumbList","@id":"https:\/\/librairie7l.com\/en\/produit\/avant-le-paysage-before-the-landscape\/#breadcrumb","itemListElement":[{"@type":"ListItem","position":1,"name":"Accueil","item":"https:\/\/librairie7l.com\/en\/"},{"@type":"ListItem","position":2,"name":"Shop","item":"https:\/\/librairie7l.com\/en\/shop\/"},{"@type":"ListItem","position":3,"name":"AVANT LE PAYSAGE ; BEFORE THE LANDSCAPE"}]},{"@type":"WebSite","@id":"https:\/\/librairie7l.com\/en\/#website","url":"https:\/\/librairie7l.com\/en\/","name":"Librairie 7L","description":"Librairie fond\u00e9e en 1999 par Karl Lagerfeld \u00e0 Paris","publisher":{"@id":"https:\/\/librairie7l.com\/en\/#organization"},"potentialAction":[{"@type":"SearchAction","target":{"@type":"EntryPoint","urlTemplate":"https:\/\/librairie7l.com\/en\/?s={search_term_string}"},"query-input":"required name=search_term_string"}],"inLanguage":"en-US"},{"@type":"Organization","@id":"https:\/\/librairie7l.com\/en\/#organization","name":"Librairie 7L","url":"https:\/\/librairie7l.com\/en\/","logo":{"@type":"ImageObject","inLanguage":"en-US","@id":"https:\/\/librairie7l.com\/en\/#\/schema\/logo\/image\/","url":"https:\/\/librairie7l.com\/wp-content\/uploads\/2022\/08\/logo-1.png","contentUrl":"https:\/\/librairie7l.com\/wp-content\/uploads\/2022\/08\/logo-1.png","width":227,"height":301,"caption":"Librairie 7L"},"image":{"@id":"https:\/\/librairie7l.com\/en\/#\/schema\/logo\/image\/"}}]}},"_links":{"self":[{"href":"https:\/\/librairie7l.com\/en\/wp-json\/wp\/v2\/product\/20311"}],"collection":[{"href":"https:\/\/librairie7l.com\/en\/wp-json\/wp\/v2\/product"}],"about":[{"href":"https:\/\/librairie7l.com\/en\/wp-json\/wp\/v2\/types\/product"}],"wp:featuredmedia":[{"embeddable":true,"href":"https:\/\/librairie7l.com\/en\/wp-json\/wp\/v2\/media\/20309"}],"wp:attachment":[{"href":"https:\/\/librairie7l.com\/en\/wp-json\/wp\/v2\/media?parent=20311"}],"wp:term":[{"taxonomy":"product_cat","embeddable":true,"href":"https:\/\/librairie7l.com\/en\/wp-json\/wp\/v2\/product_cat?post=20311"},{"taxonomy":"product_tag","embeddable":true,"href":"https:\/\/librairie7l.com\/en\/wp-json\/wp\/v2\/product_tag?post=20311"}],"curies":[{"name":"wp","href":"https:\/\/api.w.org\/{rel}","templated":true}]}}