{"id":20315,"date":"2023-05-09T18:10:27","date_gmt":"2023-05-09T16:10:27","guid":{"rendered":"https:\/\/librairie7l.com\/?post_type=product&#038;p=20315"},"modified":"2026-04-30T12:16:42","modified_gmt":"2026-04-30T10:16:42","slug":"jean-cassou-une-histoire-du-musee","status":"publish","type":"product","link":"https:\/\/librairie7l.com\/en\/produit\/jean-cassou-une-histoire-du-musee\/","title":{"rendered":"JEAN CASSOU : UNE HISTOIRE DU MUS\u00c9E"},"content":{"rendered":"<p>Une autre histoire du mus\u00e9e d&#8217;art moderne, des expositions et des discours sur l&#8217;art et son public au XXe si\u00e8cle, \u00e0 partir de la trajectoire de Jean Cassou (1897-1986), \u00e9crivain, r\u00e9sistant, critique d&#8217;art, po\u00e8te et conservateur en chef du mus\u00e9e national d&#8217;Art moderne de 1945 \u00e0 1965.<br \/>\nCet ouvrage n&#8217;est pas une biographie. Il fait le pari de d\u00e9passer l&#8217;opposition entre approche biographique et histoire des institutions mus\u00e9ales, d&#8217;analyser les \u00e9tats successifs du champ mus\u00e9al \u00e0 partir de la trajectoire de Jean Cassou, et la fa\u00e7on dont cette construction mus\u00e9ale \u00e9claire en retour son parcours. Cassou est connu pour avoir \u00e9t\u00e9 conservateur en chef du mus\u00e9e national d&#8217;Art moderne de 1945 \u00e0 1965 et en avoir permis la r\u00e9ouverture en 1947. Mais son int\u00e9r\u00eat pour les questions mus\u00e9ales d\u00e9borde largement cette chronologie, des ann\u00e9es du Front populaire \u00e0 l&#8217;ouverture du Centre Pompidou.<br \/>\n\u00c0 partir de textes de Cassou et de ses contemporains, d&#8217;archives in\u00e9dites ou r\u00e9examin\u00e9es \u00e0 nouveaux frais, ce livre confronte th\u00e9ories et pratiques afin d&#8217;\u00e9crire une autre histoire du mus\u00e9e d&#8217;art moderne. Il interroge \u00e0 la fois l&#8217;histoire des institutions, l&#8217;histoire des expositions et celle des discours sur l&#8217;art et son public, toutes inscrites dans un contexte politique, culturel et social en constante \u00e9volution. Popularisation du mus\u00e9e dans les ann\u00e9es 1930, place de l&#8217;art fran\u00e7ais et de l&#8217;\u00c9cole de Paris durant les ann\u00e9es 1950, expositions d&#8217;art \u00e9tranger au mus\u00e9e national d&#8217;Art moderne ou interrogations sur le fonctionnement et la place m\u00eames de ce mus\u00e9e dans les ann\u00e9es 1960, jusqu&#8217;aux pol\u00e9miques li\u00e9es \u00e0 l&#8217;ouverture du Centre Pompidou en 1977, autant de questions qui jalonnent cette histoire r\u00e9ciproque de Cassou et du mus\u00e9e d&#8217;art moderne.<\/p>\n","protected":false},"excerpt":{"rendered":"<p>Une autre histoire du mus\u00e9e d&#8217;art moderne, des expositions et des discours sur l&#8217;art et son public au XXe si\u00e8cle, \u00e0 partir de la trajectoire de Jean Cassou (1897-1986), \u00e9crivain, r\u00e9sistant, critique d&#8217;art, po\u00e8te et conservateur en chef du mus\u00e9e national d&#8217;Art moderne de 1945 \u00e0 1965. Cet ouvrage n&#8217;est pas une biographie. Il fait [&hellip;]<\/p>\n","protected":false},"featured_media":20313,"template":"","meta":[],"product_cat":[2948,2953],"product_tag":[],"acf":[],"yoast_head":"<!-- This site is optimized with the Yoast SEO plugin v20.11 - https:\/\/yoast.com\/wordpress\/plugins\/seo\/ -->\n<title>JEAN CASSOU : UNE HISTOIRE DU MUS\u00c9E - Librairie 7L<\/title>\n<meta name=\"robots\" content=\"index, follow, max-snippet:-1, max-image-preview:large, max-video-preview:-1\" \/>\n<link rel=\"canonical\" href=\"https:\/\/librairie7l.com\/en\/produit\/jean-cassou-une-histoire-du-musee\/\" \/>\n<meta property=\"og:locale\" content=\"en_US\" \/>\n<meta property=\"og:type\" content=\"article\" \/>\n<meta property=\"og:title\" content=\"JEAN CASSOU : UNE HISTOIRE DU MUS\u00c9E - Librairie 7L\" \/>\n<meta property=\"og:description\" content=\"Une autre histoire du mus\u00e9e d&#8217;art moderne, des expositions et des discours sur l&#8217;art et son public au XXe si\u00e8cle, \u00e0 partir de la trajectoire de Jean Cassou (1897-1986), \u00e9crivain, r\u00e9sistant, critique d&#8217;art, po\u00e8te et conservateur en chef du mus\u00e9e national d&#8217;Art moderne de 1945 \u00e0 1965. Cet ouvrage n&#8217;est pas une biographie. Il fait [&hellip;]\" \/>\n<meta property=\"og:url\" content=\"https:\/\/librairie7l.com\/en\/produit\/jean-cassou-une-histoire-du-musee\/\" \/>\n<meta property=\"og:site_name\" content=\"Librairie 7L\" \/>\n<meta property=\"article:modified_time\" content=\"2026-04-30T10:16:42+00:00\" \/>\n<meta property=\"og:image\" content=\"https:\/\/librairie7l.com\/wp-content\/uploads\/2022\/05\/9782378962760_1_75.jpg\" \/>\n\t<meta property=\"og:image:width\" content=\"600\" \/>\n\t<meta property=\"og:image:height\" content=\"879\" \/>\n\t<meta property=\"og:image:type\" content=\"image\/jpeg\" \/>\n<meta name=\"twitter:card\" content=\"summary_large_image\" \/>\n<meta name=\"twitter:label1\" content=\"Est. reading time\" \/>\n\t<meta name=\"twitter:data1\" content=\"1 minute\" \/>\n<script type=\"application\/ld+json\" class=\"yoast-schema-graph\">{\"@context\":\"https:\/\/schema.org\",\"@graph\":[{\"@type\":\"WebPage\",\"@id\":\"https:\/\/librairie7l.com\/en\/produit\/jean-cassou-une-histoire-du-musee\/\",\"url\":\"https:\/\/librairie7l.com\/en\/produit\/jean-cassou-une-histoire-du-musee\/\",\"name\":\"JEAN CASSOU : UNE HISTOIRE DU MUS\u00c9E - Librairie 7L\",\"isPartOf\":{\"@id\":\"https:\/\/librairie7l.com\/en\/#website\"},\"datePublished\":\"2023-05-09T16:10:27+00:00\",\"dateModified\":\"2026-04-30T10:16:42+00:00\",\"breadcrumb\":{\"@id\":\"https:\/\/librairie7l.com\/en\/produit\/jean-cassou-une-histoire-du-musee\/#breadcrumb\"},\"inLanguage\":\"en-US\",\"potentialAction\":[{\"@type\":\"ReadAction\",\"target\":[\"https:\/\/librairie7l.com\/en\/produit\/jean-cassou-une-histoire-du-musee\/\"]}]},{\"@type\":\"BreadcrumbList\",\"@id\":\"https:\/\/librairie7l.com\/en\/produit\/jean-cassou-une-histoire-du-musee\/#breadcrumb\",\"itemListElement\":[{\"@type\":\"ListItem\",\"position\":1,\"name\":\"Accueil\",\"item\":\"https:\/\/librairie7l.com\/en\/\"},{\"@type\":\"ListItem\",\"position\":2,\"name\":\"Shop\",\"item\":\"https:\/\/librairie7l.com\/en\/shop\/\"},{\"@type\":\"ListItem\",\"position\":3,\"name\":\"JEAN CASSOU : UNE HISTOIRE DU MUS\u00c9E\"}]},{\"@type\":\"WebSite\",\"@id\":\"https:\/\/librairie7l.com\/en\/#website\",\"url\":\"https:\/\/librairie7l.com\/en\/\",\"name\":\"Librairie 7L\",\"description\":\"Librairie fond\u00e9e en 1999 par Karl Lagerfeld \u00e0 Paris\",\"publisher\":{\"@id\":\"https:\/\/librairie7l.com\/en\/#organization\"},\"potentialAction\":[{\"@type\":\"SearchAction\",\"target\":{\"@type\":\"EntryPoint\",\"urlTemplate\":\"https:\/\/librairie7l.com\/en\/?s={search_term_string}\"},\"query-input\":\"required name=search_term_string\"}],\"inLanguage\":\"en-US\"},{\"@type\":\"Organization\",\"@id\":\"https:\/\/librairie7l.com\/en\/#organization\",\"name\":\"Librairie 7L\",\"url\":\"https:\/\/librairie7l.com\/en\/\",\"logo\":{\"@type\":\"ImageObject\",\"inLanguage\":\"en-US\",\"@id\":\"https:\/\/librairie7l.com\/en\/#\/schema\/logo\/image\/\",\"url\":\"https:\/\/librairie7l.com\/wp-content\/uploads\/2022\/08\/logo-1.png\",\"contentUrl\":\"https:\/\/librairie7l.com\/wp-content\/uploads\/2022\/08\/logo-1.png\",\"width\":227,\"height\":301,\"caption\":\"Librairie 7L\"},\"image\":{\"@id\":\"https:\/\/librairie7l.com\/en\/#\/schema\/logo\/image\/\"}}]}<\/script>\n<!-- \/ Yoast SEO plugin. -->","yoast_head_json":{"title":"JEAN CASSOU : UNE HISTOIRE DU MUS\u00c9E - Librairie 7L","robots":{"index":"index","follow":"follow","max-snippet":"max-snippet:-1","max-image-preview":"max-image-preview:large","max-video-preview":"max-video-preview:-1"},"canonical":"https:\/\/librairie7l.com\/en\/produit\/jean-cassou-une-histoire-du-musee\/","og_locale":"en_US","og_type":"article","og_title":"JEAN CASSOU : UNE HISTOIRE DU MUS\u00c9E - Librairie 7L","og_description":"Une autre histoire du mus\u00e9e d&#8217;art moderne, des expositions et des discours sur l&#8217;art et son public au XXe si\u00e8cle, \u00e0 partir de la trajectoire de Jean Cassou (1897-1986), \u00e9crivain, r\u00e9sistant, critique d&#8217;art, po\u00e8te et conservateur en chef du mus\u00e9e national d&#8217;Art moderne de 1945 \u00e0 1965. Cet ouvrage n&#8217;est pas une biographie. Il fait [&hellip;]","og_url":"https:\/\/librairie7l.com\/en\/produit\/jean-cassou-une-histoire-du-musee\/","og_site_name":"Librairie 7L","article_modified_time":"2026-04-30T10:16:42+00:00","og_image":[{"width":600,"height":879,"url":"https:\/\/librairie7l.com\/wp-content\/uploads\/2022\/05\/9782378962760_1_75.jpg","type":"image\/jpeg"}],"twitter_card":"summary_large_image","twitter_misc":{"Est. reading time":"1 minute"},"schema":{"@context":"https:\/\/schema.org","@graph":[{"@type":"WebPage","@id":"https:\/\/librairie7l.com\/en\/produit\/jean-cassou-une-histoire-du-musee\/","url":"https:\/\/librairie7l.com\/en\/produit\/jean-cassou-une-histoire-du-musee\/","name":"JEAN CASSOU : UNE HISTOIRE DU MUS\u00c9E - Librairie 7L","isPartOf":{"@id":"https:\/\/librairie7l.com\/en\/#website"},"datePublished":"2023-05-09T16:10:27+00:00","dateModified":"2026-04-30T10:16:42+00:00","breadcrumb":{"@id":"https:\/\/librairie7l.com\/en\/produit\/jean-cassou-une-histoire-du-musee\/#breadcrumb"},"inLanguage":"en-US","potentialAction":[{"@type":"ReadAction","target":["https:\/\/librairie7l.com\/en\/produit\/jean-cassou-une-histoire-du-musee\/"]}]},{"@type":"BreadcrumbList","@id":"https:\/\/librairie7l.com\/en\/produit\/jean-cassou-une-histoire-du-musee\/#breadcrumb","itemListElement":[{"@type":"ListItem","position":1,"name":"Accueil","item":"https:\/\/librairie7l.com\/en\/"},{"@type":"ListItem","position":2,"name":"Shop","item":"https:\/\/librairie7l.com\/en\/shop\/"},{"@type":"ListItem","position":3,"name":"JEAN CASSOU : UNE HISTOIRE DU MUS\u00c9E"}]},{"@type":"WebSite","@id":"https:\/\/librairie7l.com\/en\/#website","url":"https:\/\/librairie7l.com\/en\/","name":"Librairie 7L","description":"Librairie fond\u00e9e en 1999 par Karl Lagerfeld \u00e0 Paris","publisher":{"@id":"https:\/\/librairie7l.com\/en\/#organization"},"potentialAction":[{"@type":"SearchAction","target":{"@type":"EntryPoint","urlTemplate":"https:\/\/librairie7l.com\/en\/?s={search_term_string}"},"query-input":"required name=search_term_string"}],"inLanguage":"en-US"},{"@type":"Organization","@id":"https:\/\/librairie7l.com\/en\/#organization","name":"Librairie 7L","url":"https:\/\/librairie7l.com\/en\/","logo":{"@type":"ImageObject","inLanguage":"en-US","@id":"https:\/\/librairie7l.com\/en\/#\/schema\/logo\/image\/","url":"https:\/\/librairie7l.com\/wp-content\/uploads\/2022\/08\/logo-1.png","contentUrl":"https:\/\/librairie7l.com\/wp-content\/uploads\/2022\/08\/logo-1.png","width":227,"height":301,"caption":"Librairie 7L"},"image":{"@id":"https:\/\/librairie7l.com\/en\/#\/schema\/logo\/image\/"}}]}},"_links":{"self":[{"href":"https:\/\/librairie7l.com\/en\/wp-json\/wp\/v2\/product\/20315"}],"collection":[{"href":"https:\/\/librairie7l.com\/en\/wp-json\/wp\/v2\/product"}],"about":[{"href":"https:\/\/librairie7l.com\/en\/wp-json\/wp\/v2\/types\/product"}],"wp:featuredmedia":[{"embeddable":true,"href":"https:\/\/librairie7l.com\/en\/wp-json\/wp\/v2\/media\/20313"}],"wp:attachment":[{"href":"https:\/\/librairie7l.com\/en\/wp-json\/wp\/v2\/media?parent=20315"}],"wp:term":[{"taxonomy":"product_cat","embeddable":true,"href":"https:\/\/librairie7l.com\/en\/wp-json\/wp\/v2\/product_cat?post=20315"},{"taxonomy":"product_tag","embeddable":true,"href":"https:\/\/librairie7l.com\/en\/wp-json\/wp\/v2\/product_tag?post=20315"}],"curies":[{"name":"wp","href":"https:\/\/api.w.org\/{rel}","templated":true}]}}