{"id":20391,"date":"2023-05-09T18:11:34","date_gmt":"2023-05-09T16:11:34","guid":{"rendered":"https:\/\/librairie7l.com\/?post_type=product&#038;p=20391"},"modified":"2026-04-21T10:29:23","modified_gmt":"2026-04-21T08:29:23","slug":"neo-romantiques-un-album","status":"publish","type":"product","link":"https:\/\/librairie7l.com\/en\/produit\/neo-romantiques-un-album\/","title":{"rendered":"N\u00c9O ROMANTIQUES : UN ALBUM"},"content":{"rendered":"<p>Connu jusqu&#8217;\u00e0 pr\u00e9sent des seuls amateurs, le mouvement n\u00e9o-romantique fut pourtant soutenu d\u00e8s son apparition, en 1926, par des auteurs aussi consid\u00e9rables que Gertrude Stein, Jean Cocteau, Julien Green ou Ren\u00e9 Crevel. Regroupant une poign\u00e9e de jeunes artistes, il ouvrait une nouvelle voie face aux diktats de l&#8217;abstraction et du cubisme qui dominaient alors le monde de l&#8217;art.<br \/>\nConnu jusqu&#8217;\u00e0 pr\u00e9sent des seuls amateurs, le mouvement n\u00e9o-romantique fut pourtant soutenu d\u00e8s son apparition, en 1926, par des auteurs aussi consid\u00e9rables que Gertrude Stein, Jean Cocteau, Julien Green ou Ren\u00e9 Crevel.<\/p>\n<p>Regroupant une poign\u00e9e de jeunes artistes, dont le plus connu est aujourd&#8217;hui Christian B\u00e9rard, il ouvrait une nouvelle voie face aux diktats de l&#8217;abstraction et du cubisme qui dominaient alors le monde de l&#8217;art.<\/p>\n<p>Assimil\u00e9 par certains \u00e0 une variante du surr\u00e9alisme ou \u00e0 un secteur de l&#8217;art fantastique, il illustrait cependant une vision esth\u00e9tique totalement singuli\u00e8re : art de l&#8217;exil et de la m\u00e9lancolie, mais aussi du jeu avec les apparences et l&#8217;illusion, il r\u00e9pond \u00e0 des pr\u00e9occupations qui nous sont d\u00e9sormais proches.<\/p>\n<p>C&#8217;est \u00e0 d\u00e9couvrir la coh\u00e9rence et la richesse de ce mouvement qu&#8217;invite le pr\u00e9sent ouvrage : publi\u00e9 \u00e0 l&#8217;occasion de la premi\u00e8re exposition consacr\u00e9e aux n\u00e9o-romantiques par le mus\u00e9e Marmottan Monet \u00e0 Paris, il rassemble plus d&#8217;une centaine d&#8217;oeuvres, jamais reproduites pour la plupart, ainsi qu&#8217;un choix de textes in\u00e9dits ou introuvables, constituant un apport consid\u00e9rable \u00e0 notre connaissance de ces artistes qui, pour n&#8217;avoir jamais voulu se plier \u00e0 une th\u00e9orie ni aux ordres d&#8217;un chef, disparurent dans les marges de l&#8217;histoire de l&#8217;art moderne.<\/p>\n","protected":false},"excerpt":{"rendered":"<p>Connu jusqu&#8217;\u00e0 pr\u00e9sent des seuls amateurs, le mouvement n\u00e9o-romantique fut pourtant soutenu d\u00e8s son apparition, en 1926, par des auteurs aussi consid\u00e9rables que Gertrude Stein, Jean Cocteau, Julien Green ou Ren\u00e9 Crevel. Regroupant une poign\u00e9e de jeunes artistes, il ouvrait une nouvelle voie face aux diktats de l&#8217;abstraction et du cubisme qui dominaient alors le [&hellip;]<\/p>\n","protected":false},"featured_media":20389,"template":"","meta":[],"product_cat":[2948,2953],"product_tag":[],"acf":[],"yoast_head":"<!-- This site is optimized with the Yoast SEO plugin v20.11 - https:\/\/yoast.com\/wordpress\/plugins\/seo\/ -->\n<title>N\u00c9O ROMANTIQUES : UN ALBUM - Librairie 7L<\/title>\n<meta name=\"robots\" content=\"index, follow, max-snippet:-1, max-image-preview:large, max-video-preview:-1\" \/>\n<link rel=\"canonical\" href=\"https:\/\/librairie7l.com\/en\/produit\/neo-romantiques-un-album\/\" \/>\n<meta property=\"og:locale\" content=\"en_US\" \/>\n<meta property=\"og:type\" content=\"article\" \/>\n<meta property=\"og:title\" content=\"N\u00c9O ROMANTIQUES : UN ALBUM - Librairie 7L\" \/>\n<meta property=\"og:description\" content=\"Connu jusqu&#8217;\u00e0 pr\u00e9sent des seuls amateurs, le mouvement n\u00e9o-romantique fut pourtant soutenu d\u00e8s son apparition, en 1926, par des auteurs aussi consid\u00e9rables que Gertrude Stein, Jean Cocteau, Julien Green ou Ren\u00e9 Crevel. Regroupant une poign\u00e9e de jeunes artistes, il ouvrait une nouvelle voie face aux diktats de l&#8217;abstraction et du cubisme qui dominaient alors le [&hellip;]\" \/>\n<meta property=\"og:url\" content=\"https:\/\/librairie7l.com\/en\/produit\/neo-romantiques-un-album\/\" \/>\n<meta property=\"og:site_name\" content=\"Librairie 7L\" \/>\n<meta property=\"article:modified_time\" content=\"2026-04-21T08:29:23+00:00\" \/>\n<meta property=\"og:image\" content=\"https:\/\/librairie7l.com\/wp-content\/uploads\/2023\/03\/9782493882035_1_75.jpg\" \/>\n\t<meta property=\"og:image:width\" content=\"400\" \/>\n\t<meta property=\"og:image:height\" content=\"549\" \/>\n\t<meta property=\"og:image:type\" content=\"image\/jpeg\" \/>\n<meta name=\"twitter:card\" content=\"summary_large_image\" \/>\n<meta name=\"twitter:label1\" content=\"Est. reading time\" \/>\n\t<meta name=\"twitter:data1\" content=\"1 minute\" \/>\n<script type=\"application\/ld+json\" class=\"yoast-schema-graph\">{\"@context\":\"https:\/\/schema.org\",\"@graph\":[{\"@type\":\"WebPage\",\"@id\":\"https:\/\/librairie7l.com\/en\/produit\/neo-romantiques-un-album\/\",\"url\":\"https:\/\/librairie7l.com\/en\/produit\/neo-romantiques-un-album\/\",\"name\":\"N\u00c9O ROMANTIQUES : UN ALBUM - Librairie 7L\",\"isPartOf\":{\"@id\":\"https:\/\/librairie7l.com\/en\/#website\"},\"datePublished\":\"2023-05-09T16:11:34+00:00\",\"dateModified\":\"2026-04-21T08:29:23+00:00\",\"breadcrumb\":{\"@id\":\"https:\/\/librairie7l.com\/en\/produit\/neo-romantiques-un-album\/#breadcrumb\"},\"inLanguage\":\"en-US\",\"potentialAction\":[{\"@type\":\"ReadAction\",\"target\":[\"https:\/\/librairie7l.com\/en\/produit\/neo-romantiques-un-album\/\"]}]},{\"@type\":\"BreadcrumbList\",\"@id\":\"https:\/\/librairie7l.com\/en\/produit\/neo-romantiques-un-album\/#breadcrumb\",\"itemListElement\":[{\"@type\":\"ListItem\",\"position\":1,\"name\":\"Accueil\",\"item\":\"https:\/\/librairie7l.com\/en\/\"},{\"@type\":\"ListItem\",\"position\":2,\"name\":\"Shop\",\"item\":\"https:\/\/librairie7l.com\/en\/shop\/\"},{\"@type\":\"ListItem\",\"position\":3,\"name\":\"N\u00c9O ROMANTIQUES : UN ALBUM\"}]},{\"@type\":\"WebSite\",\"@id\":\"https:\/\/librairie7l.com\/en\/#website\",\"url\":\"https:\/\/librairie7l.com\/en\/\",\"name\":\"Librairie 7L\",\"description\":\"Librairie fond\u00e9e en 1999 par Karl Lagerfeld \u00e0 Paris\",\"publisher\":{\"@id\":\"https:\/\/librairie7l.com\/en\/#organization\"},\"potentialAction\":[{\"@type\":\"SearchAction\",\"target\":{\"@type\":\"EntryPoint\",\"urlTemplate\":\"https:\/\/librairie7l.com\/en\/?s={search_term_string}\"},\"query-input\":\"required name=search_term_string\"}],\"inLanguage\":\"en-US\"},{\"@type\":\"Organization\",\"@id\":\"https:\/\/librairie7l.com\/en\/#organization\",\"name\":\"Librairie 7L\",\"url\":\"https:\/\/librairie7l.com\/en\/\",\"logo\":{\"@type\":\"ImageObject\",\"inLanguage\":\"en-US\",\"@id\":\"https:\/\/librairie7l.com\/en\/#\/schema\/logo\/image\/\",\"url\":\"https:\/\/librairie7l.com\/wp-content\/uploads\/2022\/08\/logo-1.png\",\"contentUrl\":\"https:\/\/librairie7l.com\/wp-content\/uploads\/2022\/08\/logo-1.png\",\"width\":227,\"height\":301,\"caption\":\"Librairie 7L\"},\"image\":{\"@id\":\"https:\/\/librairie7l.com\/en\/#\/schema\/logo\/image\/\"}}]}<\/script>\n<!-- \/ Yoast SEO plugin. -->","yoast_head_json":{"title":"N\u00c9O ROMANTIQUES : UN ALBUM - Librairie 7L","robots":{"index":"index","follow":"follow","max-snippet":"max-snippet:-1","max-image-preview":"max-image-preview:large","max-video-preview":"max-video-preview:-1"},"canonical":"https:\/\/librairie7l.com\/en\/produit\/neo-romantiques-un-album\/","og_locale":"en_US","og_type":"article","og_title":"N\u00c9O ROMANTIQUES : UN ALBUM - Librairie 7L","og_description":"Connu jusqu&#8217;\u00e0 pr\u00e9sent des seuls amateurs, le mouvement n\u00e9o-romantique fut pourtant soutenu d\u00e8s son apparition, en 1926, par des auteurs aussi consid\u00e9rables que Gertrude Stein, Jean Cocteau, Julien Green ou Ren\u00e9 Crevel. Regroupant une poign\u00e9e de jeunes artistes, il ouvrait une nouvelle voie face aux diktats de l&#8217;abstraction et du cubisme qui dominaient alors le [&hellip;]","og_url":"https:\/\/librairie7l.com\/en\/produit\/neo-romantiques-un-album\/","og_site_name":"Librairie 7L","article_modified_time":"2026-04-21T08:29:23+00:00","og_image":[{"width":400,"height":549,"url":"https:\/\/librairie7l.com\/wp-content\/uploads\/2023\/03\/9782493882035_1_75.jpg","type":"image\/jpeg"}],"twitter_card":"summary_large_image","twitter_misc":{"Est. reading time":"1 minute"},"schema":{"@context":"https:\/\/schema.org","@graph":[{"@type":"WebPage","@id":"https:\/\/librairie7l.com\/en\/produit\/neo-romantiques-un-album\/","url":"https:\/\/librairie7l.com\/en\/produit\/neo-romantiques-un-album\/","name":"N\u00c9O ROMANTIQUES : UN ALBUM - Librairie 7L","isPartOf":{"@id":"https:\/\/librairie7l.com\/en\/#website"},"datePublished":"2023-05-09T16:11:34+00:00","dateModified":"2026-04-21T08:29:23+00:00","breadcrumb":{"@id":"https:\/\/librairie7l.com\/en\/produit\/neo-romantiques-un-album\/#breadcrumb"},"inLanguage":"en-US","potentialAction":[{"@type":"ReadAction","target":["https:\/\/librairie7l.com\/en\/produit\/neo-romantiques-un-album\/"]}]},{"@type":"BreadcrumbList","@id":"https:\/\/librairie7l.com\/en\/produit\/neo-romantiques-un-album\/#breadcrumb","itemListElement":[{"@type":"ListItem","position":1,"name":"Accueil","item":"https:\/\/librairie7l.com\/en\/"},{"@type":"ListItem","position":2,"name":"Shop","item":"https:\/\/librairie7l.com\/en\/shop\/"},{"@type":"ListItem","position":3,"name":"N\u00c9O ROMANTIQUES : UN ALBUM"}]},{"@type":"WebSite","@id":"https:\/\/librairie7l.com\/en\/#website","url":"https:\/\/librairie7l.com\/en\/","name":"Librairie 7L","description":"Librairie fond\u00e9e en 1999 par Karl Lagerfeld \u00e0 Paris","publisher":{"@id":"https:\/\/librairie7l.com\/en\/#organization"},"potentialAction":[{"@type":"SearchAction","target":{"@type":"EntryPoint","urlTemplate":"https:\/\/librairie7l.com\/en\/?s={search_term_string}"},"query-input":"required name=search_term_string"}],"inLanguage":"en-US"},{"@type":"Organization","@id":"https:\/\/librairie7l.com\/en\/#organization","name":"Librairie 7L","url":"https:\/\/librairie7l.com\/en\/","logo":{"@type":"ImageObject","inLanguage":"en-US","@id":"https:\/\/librairie7l.com\/en\/#\/schema\/logo\/image\/","url":"https:\/\/librairie7l.com\/wp-content\/uploads\/2022\/08\/logo-1.png","contentUrl":"https:\/\/librairie7l.com\/wp-content\/uploads\/2022\/08\/logo-1.png","width":227,"height":301,"caption":"Librairie 7L"},"image":{"@id":"https:\/\/librairie7l.com\/en\/#\/schema\/logo\/image\/"}}]}},"_links":{"self":[{"href":"https:\/\/librairie7l.com\/en\/wp-json\/wp\/v2\/product\/20391"}],"collection":[{"href":"https:\/\/librairie7l.com\/en\/wp-json\/wp\/v2\/product"}],"about":[{"href":"https:\/\/librairie7l.com\/en\/wp-json\/wp\/v2\/types\/product"}],"wp:featuredmedia":[{"embeddable":true,"href":"https:\/\/librairie7l.com\/en\/wp-json\/wp\/v2\/media\/20389"}],"wp:attachment":[{"href":"https:\/\/librairie7l.com\/en\/wp-json\/wp\/v2\/media?parent=20391"}],"wp:term":[{"taxonomy":"product_cat","embeddable":true,"href":"https:\/\/librairie7l.com\/en\/wp-json\/wp\/v2\/product_cat?post=20391"},{"taxonomy":"product_tag","embeddable":true,"href":"https:\/\/librairie7l.com\/en\/wp-json\/wp\/v2\/product_tag?post=20391"}],"curies":[{"name":"wp","href":"https:\/\/api.w.org\/{rel}","templated":true}]}}