{"id":20399,"date":"2023-05-09T18:11:39","date_gmt":"2023-05-09T16:11:39","guid":{"rendered":"https:\/\/librairie7l.com\/?post_type=product&#038;p=20399"},"modified":"2026-04-06T06:06:03","modified_gmt":"2026-04-06T04:06:03","slug":"soviet-signs-street-relics","status":"publish","type":"product","link":"https:\/\/librairie7l.com\/en\/produit\/soviet-signs-street-relics\/","title":{"rendered":"SOVIET SIGNS &AMP; STREET RELICS"},"content":{"rendered":"<p>Le photographe fran\u00e7ais Jason Guilbeau a utilis\u00e9 Google Street View pour naviguer virtuellement en Russie et en ex-URSS, \u00e0 la recherche d&#8217;exemples d&#8217;empire sovi\u00e9tique oubli\u00e9s. Des campagnes aux villes dens\u00e9ment peupl\u00e9es, les photographies r\u00e9v\u00e8lent des traces de l&#8217;histoire et du pass\u00e9 : un marteau brutaliste et une faucille se dressent dans un champ \u00e9loign\u00e9, un avion de chasse est ancr\u00e9 au sol par son panache d&#8217;\u00e9chappement en b\u00e9ton, un tracteur squelettique repose sur une plate-forme en fonte. Sous le regard indiff\u00e9rent et insensible des passants, ces objets, d\u00e9laiss\u00e9s par le pr\u00e9sent, sont d\u00e9sormais trop \u00e9loign\u00e9s dans le temps et trop omnipr\u00e9sents pour \u00eatre enregistr\u00e9s par autre chose qu&#8217;un automate aveugle. Cette collection de photographies pr\u00e9sente les vestiges d&#8217;une \u00e8re en voie de disparition, captur\u00e9es par une technologie omnisciente qui se supprime et se reconstitue continuellement &#8211; une d\u00e9finition par inadvertance de la Russie aujourd&#8217;hui.<\/p>\n","protected":false},"excerpt":{"rendered":"<p>Le photographe fran\u00e7ais Jason Guilbeau a utilis\u00e9 Google Street View pour naviguer virtuellement en Russie et en ex-URSS, \u00e0 la recherche d&#8217;exemples d&#8217;empire sovi\u00e9tique oubli\u00e9s. Des campagnes aux villes dens\u00e9ment peupl\u00e9es, les photographies r\u00e9v\u00e8lent des traces de l&#8217;histoire et du pass\u00e9 : un marteau brutaliste et une faucille se dressent dans un champ \u00e9loign\u00e9, un [&hellip;]<\/p>\n","protected":false},"featured_media":20397,"template":"","meta":[],"product_cat":[2948,2950],"product_tag":[],"acf":[],"yoast_head":"<!-- This site is optimized with the Yoast SEO plugin v20.11 - https:\/\/yoast.com\/wordpress\/plugins\/seo\/ -->\n<title>SOVIET SIGNS &amp; STREET RELICS - Librairie 7L<\/title>\n<meta name=\"robots\" content=\"index, follow, max-snippet:-1, max-image-preview:large, max-video-preview:-1\" \/>\n<link rel=\"canonical\" href=\"https:\/\/librairie7l.com\/en\/produit\/soviet-signs-street-relics\/\" \/>\n<meta property=\"og:locale\" content=\"en_US\" \/>\n<meta property=\"og:type\" content=\"article\" \/>\n<meta property=\"og:title\" content=\"SOVIET SIGNS &amp; STREET RELICS - Librairie 7L\" \/>\n<meta property=\"og:description\" content=\"Le photographe fran\u00e7ais Jason Guilbeau a utilis\u00e9 Google Street View pour naviguer virtuellement en Russie et en ex-URSS, \u00e0 la recherche d&#8217;exemples d&#8217;empire sovi\u00e9tique oubli\u00e9s. Des campagnes aux villes dens\u00e9ment peupl\u00e9es, les photographies r\u00e9v\u00e8lent des traces de l&#8217;histoire et du pass\u00e9 : un marteau brutaliste et une faucille se dressent dans un champ \u00e9loign\u00e9, un [&hellip;]\" \/>\n<meta property=\"og:url\" content=\"https:\/\/librairie7l.com\/en\/produit\/soviet-signs-street-relics\/\" \/>\n<meta property=\"og:site_name\" content=\"Librairie 7L\" \/>\n<meta property=\"article:modified_time\" content=\"2026-04-06T04:06:03+00:00\" \/>\n<meta property=\"og:image\" content=\"https:\/\/librairie7l.com\/wp-content\/uploads\/2020\/05\/9781916218406_1_75.jpg\" \/>\n\t<meta property=\"og:image:width\" content=\"220\" \/>\n\t<meta property=\"og:image:height\" content=\"177\" \/>\n\t<meta property=\"og:image:type\" content=\"image\/jpeg\" \/>\n<meta name=\"twitter:card\" content=\"summary_large_image\" \/>\n<meta name=\"twitter:label1\" content=\"Est. reading time\" \/>\n\t<meta name=\"twitter:data1\" content=\"1 minute\" \/>\n<script type=\"application\/ld+json\" class=\"yoast-schema-graph\">{\"@context\":\"https:\/\/schema.org\",\"@graph\":[{\"@type\":\"WebPage\",\"@id\":\"https:\/\/librairie7l.com\/en\/produit\/soviet-signs-street-relics\/\",\"url\":\"https:\/\/librairie7l.com\/en\/produit\/soviet-signs-street-relics\/\",\"name\":\"SOVIET SIGNS &amp; STREET RELICS - Librairie 7L\",\"isPartOf\":{\"@id\":\"https:\/\/librairie7l.com\/en\/#website\"},\"datePublished\":\"2023-05-09T16:11:39+00:00\",\"dateModified\":\"2026-04-06T04:06:03+00:00\",\"breadcrumb\":{\"@id\":\"https:\/\/librairie7l.com\/en\/produit\/soviet-signs-street-relics\/#breadcrumb\"},\"inLanguage\":\"en-US\",\"potentialAction\":[{\"@type\":\"ReadAction\",\"target\":[\"https:\/\/librairie7l.com\/en\/produit\/soviet-signs-street-relics\/\"]}]},{\"@type\":\"BreadcrumbList\",\"@id\":\"https:\/\/librairie7l.com\/en\/produit\/soviet-signs-street-relics\/#breadcrumb\",\"itemListElement\":[{\"@type\":\"ListItem\",\"position\":1,\"name\":\"Accueil\",\"item\":\"https:\/\/librairie7l.com\/en\/\"},{\"@type\":\"ListItem\",\"position\":2,\"name\":\"Shop\",\"item\":\"https:\/\/librairie7l.com\/en\/shop\/\"},{\"@type\":\"ListItem\",\"position\":3,\"name\":\"SOVIET SIGNS &AMP; STREET RELICS\"}]},{\"@type\":\"WebSite\",\"@id\":\"https:\/\/librairie7l.com\/en\/#website\",\"url\":\"https:\/\/librairie7l.com\/en\/\",\"name\":\"Librairie 7L\",\"description\":\"Librairie fond\u00e9e en 1999 par Karl Lagerfeld \u00e0 Paris\",\"publisher\":{\"@id\":\"https:\/\/librairie7l.com\/en\/#organization\"},\"potentialAction\":[{\"@type\":\"SearchAction\",\"target\":{\"@type\":\"EntryPoint\",\"urlTemplate\":\"https:\/\/librairie7l.com\/en\/?s={search_term_string}\"},\"query-input\":\"required name=search_term_string\"}],\"inLanguage\":\"en-US\"},{\"@type\":\"Organization\",\"@id\":\"https:\/\/librairie7l.com\/en\/#organization\",\"name\":\"Librairie 7L\",\"url\":\"https:\/\/librairie7l.com\/en\/\",\"logo\":{\"@type\":\"ImageObject\",\"inLanguage\":\"en-US\",\"@id\":\"https:\/\/librairie7l.com\/en\/#\/schema\/logo\/image\/\",\"url\":\"https:\/\/librairie7l.com\/wp-content\/uploads\/2022\/08\/logo-1.png\",\"contentUrl\":\"https:\/\/librairie7l.com\/wp-content\/uploads\/2022\/08\/logo-1.png\",\"width\":227,\"height\":301,\"caption\":\"Librairie 7L\"},\"image\":{\"@id\":\"https:\/\/librairie7l.com\/en\/#\/schema\/logo\/image\/\"}}]}<\/script>\n<!-- \/ Yoast SEO plugin. -->","yoast_head_json":{"title":"SOVIET SIGNS &amp; STREET RELICS - Librairie 7L","robots":{"index":"index","follow":"follow","max-snippet":"max-snippet:-1","max-image-preview":"max-image-preview:large","max-video-preview":"max-video-preview:-1"},"canonical":"https:\/\/librairie7l.com\/en\/produit\/soviet-signs-street-relics\/","og_locale":"en_US","og_type":"article","og_title":"SOVIET SIGNS &amp; STREET RELICS - Librairie 7L","og_description":"Le photographe fran\u00e7ais Jason Guilbeau a utilis\u00e9 Google Street View pour naviguer virtuellement en Russie et en ex-URSS, \u00e0 la recherche d&#8217;exemples d&#8217;empire sovi\u00e9tique oubli\u00e9s. Des campagnes aux villes dens\u00e9ment peupl\u00e9es, les photographies r\u00e9v\u00e8lent des traces de l&#8217;histoire et du pass\u00e9 : un marteau brutaliste et une faucille se dressent dans un champ \u00e9loign\u00e9, un [&hellip;]","og_url":"https:\/\/librairie7l.com\/en\/produit\/soviet-signs-street-relics\/","og_site_name":"Librairie 7L","article_modified_time":"2026-04-06T04:06:03+00:00","og_image":[{"width":220,"height":177,"url":"https:\/\/librairie7l.com\/wp-content\/uploads\/2020\/05\/9781916218406_1_75.jpg","type":"image\/jpeg"}],"twitter_card":"summary_large_image","twitter_misc":{"Est. reading time":"1 minute"},"schema":{"@context":"https:\/\/schema.org","@graph":[{"@type":"WebPage","@id":"https:\/\/librairie7l.com\/en\/produit\/soviet-signs-street-relics\/","url":"https:\/\/librairie7l.com\/en\/produit\/soviet-signs-street-relics\/","name":"SOVIET SIGNS &amp; STREET RELICS - Librairie 7L","isPartOf":{"@id":"https:\/\/librairie7l.com\/en\/#website"},"datePublished":"2023-05-09T16:11:39+00:00","dateModified":"2026-04-06T04:06:03+00:00","breadcrumb":{"@id":"https:\/\/librairie7l.com\/en\/produit\/soviet-signs-street-relics\/#breadcrumb"},"inLanguage":"en-US","potentialAction":[{"@type":"ReadAction","target":["https:\/\/librairie7l.com\/en\/produit\/soviet-signs-street-relics\/"]}]},{"@type":"BreadcrumbList","@id":"https:\/\/librairie7l.com\/en\/produit\/soviet-signs-street-relics\/#breadcrumb","itemListElement":[{"@type":"ListItem","position":1,"name":"Accueil","item":"https:\/\/librairie7l.com\/en\/"},{"@type":"ListItem","position":2,"name":"Shop","item":"https:\/\/librairie7l.com\/en\/shop\/"},{"@type":"ListItem","position":3,"name":"SOVIET SIGNS &AMP; STREET RELICS"}]},{"@type":"WebSite","@id":"https:\/\/librairie7l.com\/en\/#website","url":"https:\/\/librairie7l.com\/en\/","name":"Librairie 7L","description":"Librairie fond\u00e9e en 1999 par Karl Lagerfeld \u00e0 Paris","publisher":{"@id":"https:\/\/librairie7l.com\/en\/#organization"},"potentialAction":[{"@type":"SearchAction","target":{"@type":"EntryPoint","urlTemplate":"https:\/\/librairie7l.com\/en\/?s={search_term_string}"},"query-input":"required name=search_term_string"}],"inLanguage":"en-US"},{"@type":"Organization","@id":"https:\/\/librairie7l.com\/en\/#organization","name":"Librairie 7L","url":"https:\/\/librairie7l.com\/en\/","logo":{"@type":"ImageObject","inLanguage":"en-US","@id":"https:\/\/librairie7l.com\/en\/#\/schema\/logo\/image\/","url":"https:\/\/librairie7l.com\/wp-content\/uploads\/2022\/08\/logo-1.png","contentUrl":"https:\/\/librairie7l.com\/wp-content\/uploads\/2022\/08\/logo-1.png","width":227,"height":301,"caption":"Librairie 7L"},"image":{"@id":"https:\/\/librairie7l.com\/en\/#\/schema\/logo\/image\/"}}]}},"_links":{"self":[{"href":"https:\/\/librairie7l.com\/en\/wp-json\/wp\/v2\/product\/20399"}],"collection":[{"href":"https:\/\/librairie7l.com\/en\/wp-json\/wp\/v2\/product"}],"about":[{"href":"https:\/\/librairie7l.com\/en\/wp-json\/wp\/v2\/types\/product"}],"wp:featuredmedia":[{"embeddable":true,"href":"https:\/\/librairie7l.com\/en\/wp-json\/wp\/v2\/media\/20397"}],"wp:attachment":[{"href":"https:\/\/librairie7l.com\/en\/wp-json\/wp\/v2\/media?parent=20399"}],"wp:term":[{"taxonomy":"product_cat","embeddable":true,"href":"https:\/\/librairie7l.com\/en\/wp-json\/wp\/v2\/product_cat?post=20399"},{"taxonomy":"product_tag","embeddable":true,"href":"https:\/\/librairie7l.com\/en\/wp-json\/wp\/v2\/product_tag?post=20399"}],"curies":[{"name":"wp","href":"https:\/\/api.w.org\/{rel}","templated":true}]}}