{"id":20415,"date":"2023-05-09T18:11:51","date_gmt":"2023-05-09T16:11:51","guid":{"rendered":"https:\/\/librairie7l.com\/?post_type=product&#038;p=20415"},"modified":"2026-04-17T06:32:23","modified_gmt":"2026-04-17T04:32:23","slug":"kristin-mckirdy-ceramiste","status":"publish","type":"product","link":"https:\/\/librairie7l.com\/en\/produit\/kristin-mckirdy-ceramiste\/","title":{"rendered":"KRISTIN MCKIRDY, C\u00c9RAMISTE"},"content":{"rendered":"<p>N\u00e9e au Canada de parents am\u00e9ricains, mais vivant en France depuis son plus jeune \u00e2ge, Kristin McKirdy s&#8217;est abreuv\u00e9e aux sources des diff\u00e9rentes cultures auxquelles elle s&#8217;est trouv\u00e9e confront\u00e9e. Elle a suivi des \u00e9tudes d&#8217;histoire de l&#8217;art \u00e0 Paris et de beaux-arts \u00e0 l&#8217;universit\u00e9 de Californie, Los Angeles (UCLA). Sa vocation de c\u00e9ramiste fut pour elle le moyen de r\u00e9aliser une synth\u00e8se libre et enrichissante d&#8217;influences parfois antagonistes.<br \/>\nSon itin\u00e9raire professionnel se vit comme une suite de d\u00e9fis et de questionnements. La connaissance approfondie de l&#8217;histoire de sa discipline et la parfaite ma\u00eetrise de ses savoir-faire conditionnent \u00e0 ses yeux l&#8217;\u00e9panouissement d&#8217;une production originale et puissante.<br \/>\nTout en demeurant convaincue que son art devait rester ancr\u00e9 dans ces traditions, elle a appris des artistes c\u00e9ramistes, notamment Adrian Saxe et Kenneth Price, que le temps \u00e9tait venu pour la c\u00e9ramique de s&#8217;affranchir de son enfermement dans le monde des arts d\u00e9coratifs pour s&#8217;inscrire dans la grande n\u00e9buleuse des arts plastiques.<br \/>\n\u00c9trang\u00e8re au d\u00e9bat d&#8217;arri\u00e8re-garde qui agite la sc\u00e8ne europ\u00e9enne, elle b\u00e2tit sa carri\u00e8re avec une foi et un d\u00e9tachement absolu de qualit\u00e9 indispensable pour transformer toute inqui\u00e9tude existentielle ou m\u00e9taphysique en un terreau fertile, aux origines de toute cr\u00e9ation. Forte et fragile, Kristin McKirdy livre une oeuvre savante et spontan\u00e9e, rigoureuse et sensible. Jouant avec virtuosit\u00e9 des arch\u00e9types universels (vases, coupes, bols, amphores) qui peuplent sa discipline, elle fait na\u00eetre de ses mains des pi\u00e8ces dont le biomorphisme mesur\u00e9 est vecteur de sens et d&#8217;\u00e9motion.<br \/>\nLa Cit\u00e9 de la c\u00e9ramique donne carte blanche \u00e0 Kristin McKirdy pour r\u00e9aliser un rapprochement historique et esth\u00e9tique entre son travail et certaines pi\u00e8ces conserv\u00e9es dans les collections nationales.<br \/>\nUne exposition monographique \u00ab Kristin McKirdy. Vingt ans de cr\u00e9ation \u00bb pr\u00e9sente \u00e0 la fois les cr\u00e9ations de ses quatre ann\u00e9es de r\u00e9sidence \u00e0 S\u00e8vres entre 2008 et 2012 et une s\u00e9lection de pi\u00e8ces parmi les plus repr\u00e9sentatives des vingt derni\u00e8res ann\u00e9es provenant de collections priv\u00e9es.<br \/>\nParall\u00e8lement \u00e0 l&#8217;exposition \u00e0 S\u00e8vres, les cr\u00e9ations r\u00e9alis\u00e9es lors de la r\u00e9sidence de Kristin McKirdy seront mises en vente \u00e0 la galerie parisienne de S\u00e8vres, au Palais-Royal. Les galeries Pierre-Marie Giraud \u00e0 Bruxelles et Jousse \u00e0 Paris pr\u00e9senteront aussi des pi\u00e8ces.<br \/>\nLe livre servira de catalogue.<\/p>\n","protected":false},"excerpt":{"rendered":"<p>N\u00e9e au Canada de parents am\u00e9ricains, mais vivant en France depuis son plus jeune \u00e2ge, Kristin McKirdy s&#8217;est abreuv\u00e9e aux sources des diff\u00e9rentes cultures auxquelles elle s&#8217;est trouv\u00e9e confront\u00e9e. Elle a suivi des \u00e9tudes d&#8217;histoire de l&#8217;art \u00e0 Paris et de beaux-arts \u00e0 l&#8217;universit\u00e9 de Californie, Los Angeles (UCLA). Sa vocation de c\u00e9ramiste fut pour [&hellip;]<\/p>\n","protected":false},"featured_media":20413,"template":"","meta":[],"product_cat":[2948,2952],"product_tag":[],"acf":[],"yoast_head":"<!-- This site is optimized with the Yoast SEO plugin v20.11 - https:\/\/yoast.com\/wordpress\/plugins\/seo\/ -->\n<title>KRISTIN MCKIRDY, C\u00c9RAMISTE - Librairie 7L<\/title>\n<meta name=\"robots\" content=\"index, follow, max-snippet:-1, max-image-preview:large, max-video-preview:-1\" \/>\n<link rel=\"canonical\" href=\"https:\/\/librairie7l.com\/en\/produit\/kristin-mckirdy-ceramiste\/\" \/>\n<meta property=\"og:locale\" content=\"en_US\" \/>\n<meta property=\"og:type\" content=\"article\" \/>\n<meta property=\"og:title\" content=\"KRISTIN MCKIRDY, C\u00c9RAMISTE - Librairie 7L\" \/>\n<meta property=\"og:description\" content=\"N\u00e9e au Canada de parents am\u00e9ricains, mais vivant en France depuis son plus jeune \u00e2ge, Kristin McKirdy s&#8217;est abreuv\u00e9e aux sources des diff\u00e9rentes cultures auxquelles elle s&#8217;est trouv\u00e9e confront\u00e9e. Elle a suivi des \u00e9tudes d&#8217;histoire de l&#8217;art \u00e0 Paris et de beaux-arts \u00e0 l&#8217;universit\u00e9 de Californie, Los Angeles (UCLA). Sa vocation de c\u00e9ramiste fut pour [&hellip;]\" \/>\n<meta property=\"og:url\" content=\"https:\/\/librairie7l.com\/en\/produit\/kristin-mckirdy-ceramiste\/\" \/>\n<meta property=\"og:site_name\" content=\"Librairie 7L\" \/>\n<meta property=\"article:modified_time\" content=\"2026-04-17T04:32:23+00:00\" \/>\n<meta property=\"og:image\" content=\"https:\/\/librairie7l.com\/wp-content\/uploads\/2012\/09\/9782915542479_1_75.jpg\" \/>\n\t<meta property=\"og:image:width\" content=\"366\" \/>\n\t<meta property=\"og:image:height\" content=\"500\" \/>\n\t<meta property=\"og:image:type\" content=\"image\/jpeg\" \/>\n<meta name=\"twitter:card\" content=\"summary_large_image\" \/>\n<meta name=\"twitter:label1\" content=\"Est. reading time\" \/>\n\t<meta name=\"twitter:data1\" content=\"2 minutes\" \/>\n<script type=\"application\/ld+json\" class=\"yoast-schema-graph\">{\"@context\":\"https:\/\/schema.org\",\"@graph\":[{\"@type\":\"WebPage\",\"@id\":\"https:\/\/librairie7l.com\/en\/produit\/kristin-mckirdy-ceramiste\/\",\"url\":\"https:\/\/librairie7l.com\/en\/produit\/kristin-mckirdy-ceramiste\/\",\"name\":\"KRISTIN MCKIRDY, C\u00c9RAMISTE - Librairie 7L\",\"isPartOf\":{\"@id\":\"https:\/\/librairie7l.com\/en\/#website\"},\"datePublished\":\"2023-05-09T16:11:51+00:00\",\"dateModified\":\"2026-04-17T04:32:23+00:00\",\"breadcrumb\":{\"@id\":\"https:\/\/librairie7l.com\/en\/produit\/kristin-mckirdy-ceramiste\/#breadcrumb\"},\"inLanguage\":\"en-US\",\"potentialAction\":[{\"@type\":\"ReadAction\",\"target\":[\"https:\/\/librairie7l.com\/en\/produit\/kristin-mckirdy-ceramiste\/\"]}]},{\"@type\":\"BreadcrumbList\",\"@id\":\"https:\/\/librairie7l.com\/en\/produit\/kristin-mckirdy-ceramiste\/#breadcrumb\",\"itemListElement\":[{\"@type\":\"ListItem\",\"position\":1,\"name\":\"Accueil\",\"item\":\"https:\/\/librairie7l.com\/en\/\"},{\"@type\":\"ListItem\",\"position\":2,\"name\":\"Shop\",\"item\":\"https:\/\/librairie7l.com\/en\/shop\/\"},{\"@type\":\"ListItem\",\"position\":3,\"name\":\"KRISTIN MCKIRDY, C\u00c9RAMISTE\"}]},{\"@type\":\"WebSite\",\"@id\":\"https:\/\/librairie7l.com\/en\/#website\",\"url\":\"https:\/\/librairie7l.com\/en\/\",\"name\":\"Librairie 7L\",\"description\":\"Librairie fond\u00e9e en 1999 par Karl Lagerfeld \u00e0 Paris\",\"publisher\":{\"@id\":\"https:\/\/librairie7l.com\/en\/#organization\"},\"potentialAction\":[{\"@type\":\"SearchAction\",\"target\":{\"@type\":\"EntryPoint\",\"urlTemplate\":\"https:\/\/librairie7l.com\/en\/?s={search_term_string}\"},\"query-input\":\"required name=search_term_string\"}],\"inLanguage\":\"en-US\"},{\"@type\":\"Organization\",\"@id\":\"https:\/\/librairie7l.com\/en\/#organization\",\"name\":\"Librairie 7L\",\"url\":\"https:\/\/librairie7l.com\/en\/\",\"logo\":{\"@type\":\"ImageObject\",\"inLanguage\":\"en-US\",\"@id\":\"https:\/\/librairie7l.com\/en\/#\/schema\/logo\/image\/\",\"url\":\"https:\/\/librairie7l.com\/wp-content\/uploads\/2022\/08\/logo-1.png\",\"contentUrl\":\"https:\/\/librairie7l.com\/wp-content\/uploads\/2022\/08\/logo-1.png\",\"width\":227,\"height\":301,\"caption\":\"Librairie 7L\"},\"image\":{\"@id\":\"https:\/\/librairie7l.com\/en\/#\/schema\/logo\/image\/\"}}]}<\/script>\n<!-- \/ Yoast SEO plugin. -->","yoast_head_json":{"title":"KRISTIN MCKIRDY, C\u00c9RAMISTE - Librairie 7L","robots":{"index":"index","follow":"follow","max-snippet":"max-snippet:-1","max-image-preview":"max-image-preview:large","max-video-preview":"max-video-preview:-1"},"canonical":"https:\/\/librairie7l.com\/en\/produit\/kristin-mckirdy-ceramiste\/","og_locale":"en_US","og_type":"article","og_title":"KRISTIN MCKIRDY, C\u00c9RAMISTE - Librairie 7L","og_description":"N\u00e9e au Canada de parents am\u00e9ricains, mais vivant en France depuis son plus jeune \u00e2ge, Kristin McKirdy s&#8217;est abreuv\u00e9e aux sources des diff\u00e9rentes cultures auxquelles elle s&#8217;est trouv\u00e9e confront\u00e9e. Elle a suivi des \u00e9tudes d&#8217;histoire de l&#8217;art \u00e0 Paris et de beaux-arts \u00e0 l&#8217;universit\u00e9 de Californie, Los Angeles (UCLA). Sa vocation de c\u00e9ramiste fut pour [&hellip;]","og_url":"https:\/\/librairie7l.com\/en\/produit\/kristin-mckirdy-ceramiste\/","og_site_name":"Librairie 7L","article_modified_time":"2026-04-17T04:32:23+00:00","og_image":[{"width":366,"height":500,"url":"https:\/\/librairie7l.com\/wp-content\/uploads\/2012\/09\/9782915542479_1_75.jpg","type":"image\/jpeg"}],"twitter_card":"summary_large_image","twitter_misc":{"Est. reading time":"2 minutes"},"schema":{"@context":"https:\/\/schema.org","@graph":[{"@type":"WebPage","@id":"https:\/\/librairie7l.com\/en\/produit\/kristin-mckirdy-ceramiste\/","url":"https:\/\/librairie7l.com\/en\/produit\/kristin-mckirdy-ceramiste\/","name":"KRISTIN MCKIRDY, C\u00c9RAMISTE - Librairie 7L","isPartOf":{"@id":"https:\/\/librairie7l.com\/en\/#website"},"datePublished":"2023-05-09T16:11:51+00:00","dateModified":"2026-04-17T04:32:23+00:00","breadcrumb":{"@id":"https:\/\/librairie7l.com\/en\/produit\/kristin-mckirdy-ceramiste\/#breadcrumb"},"inLanguage":"en-US","potentialAction":[{"@type":"ReadAction","target":["https:\/\/librairie7l.com\/en\/produit\/kristin-mckirdy-ceramiste\/"]}]},{"@type":"BreadcrumbList","@id":"https:\/\/librairie7l.com\/en\/produit\/kristin-mckirdy-ceramiste\/#breadcrumb","itemListElement":[{"@type":"ListItem","position":1,"name":"Accueil","item":"https:\/\/librairie7l.com\/en\/"},{"@type":"ListItem","position":2,"name":"Shop","item":"https:\/\/librairie7l.com\/en\/shop\/"},{"@type":"ListItem","position":3,"name":"KRISTIN MCKIRDY, C\u00c9RAMISTE"}]},{"@type":"WebSite","@id":"https:\/\/librairie7l.com\/en\/#website","url":"https:\/\/librairie7l.com\/en\/","name":"Librairie 7L","description":"Librairie fond\u00e9e en 1999 par Karl Lagerfeld \u00e0 Paris","publisher":{"@id":"https:\/\/librairie7l.com\/en\/#organization"},"potentialAction":[{"@type":"SearchAction","target":{"@type":"EntryPoint","urlTemplate":"https:\/\/librairie7l.com\/en\/?s={search_term_string}"},"query-input":"required name=search_term_string"}],"inLanguage":"en-US"},{"@type":"Organization","@id":"https:\/\/librairie7l.com\/en\/#organization","name":"Librairie 7L","url":"https:\/\/librairie7l.com\/en\/","logo":{"@type":"ImageObject","inLanguage":"en-US","@id":"https:\/\/librairie7l.com\/en\/#\/schema\/logo\/image\/","url":"https:\/\/librairie7l.com\/wp-content\/uploads\/2022\/08\/logo-1.png","contentUrl":"https:\/\/librairie7l.com\/wp-content\/uploads\/2022\/08\/logo-1.png","width":227,"height":301,"caption":"Librairie 7L"},"image":{"@id":"https:\/\/librairie7l.com\/en\/#\/schema\/logo\/image\/"}}]}},"_links":{"self":[{"href":"https:\/\/librairie7l.com\/en\/wp-json\/wp\/v2\/product\/20415"}],"collection":[{"href":"https:\/\/librairie7l.com\/en\/wp-json\/wp\/v2\/product"}],"about":[{"href":"https:\/\/librairie7l.com\/en\/wp-json\/wp\/v2\/types\/product"}],"wp:featuredmedia":[{"embeddable":true,"href":"https:\/\/librairie7l.com\/en\/wp-json\/wp\/v2\/media\/20413"}],"wp:attachment":[{"href":"https:\/\/librairie7l.com\/en\/wp-json\/wp\/v2\/media?parent=20415"}],"wp:term":[{"taxonomy":"product_cat","embeddable":true,"href":"https:\/\/librairie7l.com\/en\/wp-json\/wp\/v2\/product_cat?post=20415"},{"taxonomy":"product_tag","embeddable":true,"href":"https:\/\/librairie7l.com\/en\/wp-json\/wp\/v2\/product_tag?post=20415"}],"curies":[{"name":"wp","href":"https:\/\/api.w.org\/{rel}","templated":true}]}}