{"id":20423,"date":"2023-05-09T18:11:58","date_gmt":"2023-05-09T16:11:58","guid":{"rendered":"https:\/\/librairie7l.com\/?post_type=product&#038;p=20423"},"modified":"2026-04-05T20:02:06","modified_gmt":"2026-04-05T18:02:06","slug":"lina-baretti-parures","status":"publish","type":"product","link":"https:\/\/librairie7l.com\/en\/produit\/lina-baretti-parures\/","title":{"rendered":"LINA BARETTI, PARURES"},"content":{"rendered":"<p>Extraordinaire cr\u00e9atrice de bijoux, qui a travaill\u00e9 pour Balenciaga, Schiaparelli, les Windsor ou Leonor Fini, parmi tant d&#8217;autres, Lina Baretti, disparue en 1994, ne s&#8217;adressa qu&#8217;\u00e0 un cercle de happy few, ce qui contribua \u00e0 son total effacement de la m\u00e9moire de la mode.<br \/>\nStup\u00e9fiants d&#8217;invention et de beaut\u00e9 formelle, ses bijoux se distinguent par le choix r\u00e9solu de mat\u00e9riaux \u00ab pauvres \u00bb &#8211; li\u00e8ge, mica, velours \u00ab sabr\u00e9s \u00bb, cannetille, perles &#8211; et par un esprit proche de celui de Fulco di Verdura ou de Jean Schlumberger.Les formes naturelles de son enfance en Corse &#8211; coquillages, \u00e9lytres de scarab\u00e9es, ancolies, pommes de pin, \u00e9cailles de poissons &#8211; soutiennent son inspiration tout au long de son trajet, jusque dans les ann\u00e9es 1970. Pr\u00e9cises et fragiles, scintillantes et minutieuses, ces d\u00e9coupes de fines feuilles de m\u00e9tal aux surfaces chatoyantes ont la l\u00e9g\u00e8ret\u00e9 et la souplesse des vrilles de la vigne.<br \/>\nPremi\u00e8re monographie consacr\u00e9e \u00e0 cette cr\u00e9atrice singuli\u00e8re, ce livre est une v\u00e9ritable r\u00e9v\u00e9lation, rassemblant ses bijoux et parures les plus remarquables, en m\u00eame temps qu&#8217;il offre un nouvel aper\u00e7u sur les cercles artistiques et mondains d&#8217;apr\u00e8s-guerre.<\/p>\n","protected":false},"excerpt":{"rendered":"<p>Extraordinaire cr\u00e9atrice de bijoux, qui a travaill\u00e9 pour Balenciaga, Schiaparelli, les Windsor ou Leonor Fini, parmi tant d&#8217;autres, Lina Baretti, disparue en 1994, ne s&#8217;adressa qu&#8217;\u00e0 un cercle de happy few, ce qui contribua \u00e0 son total effacement de la m\u00e9moire de la mode. Stup\u00e9fiants d&#8217;invention et de beaut\u00e9 formelle, ses bijoux se distinguent par [&hellip;]<\/p>\n","protected":false},"featured_media":20421,"template":"","meta":[],"product_cat":[2948,2957],"product_tag":[],"acf":[],"yoast_head":"<!-- This site is optimized with the Yoast SEO plugin v20.11 - https:\/\/yoast.com\/wordpress\/plugins\/seo\/ -->\n<title>LINA BARETTI, PARURES - Librairie 7L<\/title>\n<meta name=\"robots\" content=\"index, follow, max-snippet:-1, max-image-preview:large, max-video-preview:-1\" \/>\n<link rel=\"canonical\" href=\"https:\/\/librairie7l.com\/en\/produit\/lina-baretti-parures\/\" \/>\n<meta property=\"og:locale\" content=\"en_US\" \/>\n<meta property=\"og:type\" content=\"article\" \/>\n<meta property=\"og:title\" content=\"LINA BARETTI, PARURES - Librairie 7L\" \/>\n<meta property=\"og:description\" content=\"Extraordinaire cr\u00e9atrice de bijoux, qui a travaill\u00e9 pour Balenciaga, Schiaparelli, les Windsor ou Leonor Fini, parmi tant d&#8217;autres, Lina Baretti, disparue en 1994, ne s&#8217;adressa qu&#8217;\u00e0 un cercle de happy few, ce qui contribua \u00e0 son total effacement de la m\u00e9moire de la mode. Stup\u00e9fiants d&#8217;invention et de beaut\u00e9 formelle, ses bijoux se distinguent par [&hellip;]\" \/>\n<meta property=\"og:url\" content=\"https:\/\/librairie7l.com\/en\/produit\/lina-baretti-parures\/\" \/>\n<meta property=\"og:site_name\" content=\"Librairie 7L\" \/>\n<meta property=\"article:modified_time\" content=\"2026-04-05T18:02:06+00:00\" \/>\n<meta property=\"og:image\" content=\"https:\/\/librairie7l.com\/wp-content\/uploads\/2010\/11\/9782070130870_1_75.jpg\" \/>\n\t<meta property=\"og:image:width\" content=\"684\" \/>\n\t<meta property=\"og:image:height\" content=\"823\" \/>\n\t<meta property=\"og:image:type\" content=\"image\/jpeg\" \/>\n<meta name=\"twitter:card\" content=\"summary_large_image\" \/>\n<meta name=\"twitter:label1\" content=\"Est. reading time\" \/>\n\t<meta name=\"twitter:data1\" content=\"1 minute\" \/>\n<script type=\"application\/ld+json\" class=\"yoast-schema-graph\">{\"@context\":\"https:\/\/schema.org\",\"@graph\":[{\"@type\":\"WebPage\",\"@id\":\"https:\/\/librairie7l.com\/en\/produit\/lina-baretti-parures\/\",\"url\":\"https:\/\/librairie7l.com\/en\/produit\/lina-baretti-parures\/\",\"name\":\"LINA BARETTI, PARURES - Librairie 7L\",\"isPartOf\":{\"@id\":\"https:\/\/librairie7l.com\/en\/#website\"},\"datePublished\":\"2023-05-09T16:11:58+00:00\",\"dateModified\":\"2026-04-05T18:02:06+00:00\",\"breadcrumb\":{\"@id\":\"https:\/\/librairie7l.com\/en\/produit\/lina-baretti-parures\/#breadcrumb\"},\"inLanguage\":\"en-US\",\"potentialAction\":[{\"@type\":\"ReadAction\",\"target\":[\"https:\/\/librairie7l.com\/en\/produit\/lina-baretti-parures\/\"]}]},{\"@type\":\"BreadcrumbList\",\"@id\":\"https:\/\/librairie7l.com\/en\/produit\/lina-baretti-parures\/#breadcrumb\",\"itemListElement\":[{\"@type\":\"ListItem\",\"position\":1,\"name\":\"Accueil\",\"item\":\"https:\/\/librairie7l.com\/en\/\"},{\"@type\":\"ListItem\",\"position\":2,\"name\":\"Shop\",\"item\":\"https:\/\/librairie7l.com\/en\/shop\/\"},{\"@type\":\"ListItem\",\"position\":3,\"name\":\"LINA BARETTI, PARURES\"}]},{\"@type\":\"WebSite\",\"@id\":\"https:\/\/librairie7l.com\/en\/#website\",\"url\":\"https:\/\/librairie7l.com\/en\/\",\"name\":\"Librairie 7L\",\"description\":\"Librairie fond\u00e9e en 1999 par Karl Lagerfeld \u00e0 Paris\",\"publisher\":{\"@id\":\"https:\/\/librairie7l.com\/en\/#organization\"},\"potentialAction\":[{\"@type\":\"SearchAction\",\"target\":{\"@type\":\"EntryPoint\",\"urlTemplate\":\"https:\/\/librairie7l.com\/en\/?s={search_term_string}\"},\"query-input\":\"required name=search_term_string\"}],\"inLanguage\":\"en-US\"},{\"@type\":\"Organization\",\"@id\":\"https:\/\/librairie7l.com\/en\/#organization\",\"name\":\"Librairie 7L\",\"url\":\"https:\/\/librairie7l.com\/en\/\",\"logo\":{\"@type\":\"ImageObject\",\"inLanguage\":\"en-US\",\"@id\":\"https:\/\/librairie7l.com\/en\/#\/schema\/logo\/image\/\",\"url\":\"https:\/\/librairie7l.com\/wp-content\/uploads\/2022\/08\/logo-1.png\",\"contentUrl\":\"https:\/\/librairie7l.com\/wp-content\/uploads\/2022\/08\/logo-1.png\",\"width\":227,\"height\":301,\"caption\":\"Librairie 7L\"},\"image\":{\"@id\":\"https:\/\/librairie7l.com\/en\/#\/schema\/logo\/image\/\"}}]}<\/script>\n<!-- \/ Yoast SEO plugin. -->","yoast_head_json":{"title":"LINA BARETTI, PARURES - Librairie 7L","robots":{"index":"index","follow":"follow","max-snippet":"max-snippet:-1","max-image-preview":"max-image-preview:large","max-video-preview":"max-video-preview:-1"},"canonical":"https:\/\/librairie7l.com\/en\/produit\/lina-baretti-parures\/","og_locale":"en_US","og_type":"article","og_title":"LINA BARETTI, PARURES - Librairie 7L","og_description":"Extraordinaire cr\u00e9atrice de bijoux, qui a travaill\u00e9 pour Balenciaga, Schiaparelli, les Windsor ou Leonor Fini, parmi tant d&#8217;autres, Lina Baretti, disparue en 1994, ne s&#8217;adressa qu&#8217;\u00e0 un cercle de happy few, ce qui contribua \u00e0 son total effacement de la m\u00e9moire de la mode. Stup\u00e9fiants d&#8217;invention et de beaut\u00e9 formelle, ses bijoux se distinguent par [&hellip;]","og_url":"https:\/\/librairie7l.com\/en\/produit\/lina-baretti-parures\/","og_site_name":"Librairie 7L","article_modified_time":"2026-04-05T18:02:06+00:00","og_image":[{"width":684,"height":823,"url":"https:\/\/librairie7l.com\/wp-content\/uploads\/2010\/11\/9782070130870_1_75.jpg","type":"image\/jpeg"}],"twitter_card":"summary_large_image","twitter_misc":{"Est. reading time":"1 minute"},"schema":{"@context":"https:\/\/schema.org","@graph":[{"@type":"WebPage","@id":"https:\/\/librairie7l.com\/en\/produit\/lina-baretti-parures\/","url":"https:\/\/librairie7l.com\/en\/produit\/lina-baretti-parures\/","name":"LINA BARETTI, PARURES - Librairie 7L","isPartOf":{"@id":"https:\/\/librairie7l.com\/en\/#website"},"datePublished":"2023-05-09T16:11:58+00:00","dateModified":"2026-04-05T18:02:06+00:00","breadcrumb":{"@id":"https:\/\/librairie7l.com\/en\/produit\/lina-baretti-parures\/#breadcrumb"},"inLanguage":"en-US","potentialAction":[{"@type":"ReadAction","target":["https:\/\/librairie7l.com\/en\/produit\/lina-baretti-parures\/"]}]},{"@type":"BreadcrumbList","@id":"https:\/\/librairie7l.com\/en\/produit\/lina-baretti-parures\/#breadcrumb","itemListElement":[{"@type":"ListItem","position":1,"name":"Accueil","item":"https:\/\/librairie7l.com\/en\/"},{"@type":"ListItem","position":2,"name":"Shop","item":"https:\/\/librairie7l.com\/en\/shop\/"},{"@type":"ListItem","position":3,"name":"LINA BARETTI, PARURES"}]},{"@type":"WebSite","@id":"https:\/\/librairie7l.com\/en\/#website","url":"https:\/\/librairie7l.com\/en\/","name":"Librairie 7L","description":"Librairie fond\u00e9e en 1999 par Karl Lagerfeld \u00e0 Paris","publisher":{"@id":"https:\/\/librairie7l.com\/en\/#organization"},"potentialAction":[{"@type":"SearchAction","target":{"@type":"EntryPoint","urlTemplate":"https:\/\/librairie7l.com\/en\/?s={search_term_string}"},"query-input":"required name=search_term_string"}],"inLanguage":"en-US"},{"@type":"Organization","@id":"https:\/\/librairie7l.com\/en\/#organization","name":"Librairie 7L","url":"https:\/\/librairie7l.com\/en\/","logo":{"@type":"ImageObject","inLanguage":"en-US","@id":"https:\/\/librairie7l.com\/en\/#\/schema\/logo\/image\/","url":"https:\/\/librairie7l.com\/wp-content\/uploads\/2022\/08\/logo-1.png","contentUrl":"https:\/\/librairie7l.com\/wp-content\/uploads\/2022\/08\/logo-1.png","width":227,"height":301,"caption":"Librairie 7L"},"image":{"@id":"https:\/\/librairie7l.com\/en\/#\/schema\/logo\/image\/"}}]}},"_links":{"self":[{"href":"https:\/\/librairie7l.com\/en\/wp-json\/wp\/v2\/product\/20423"}],"collection":[{"href":"https:\/\/librairie7l.com\/en\/wp-json\/wp\/v2\/product"}],"about":[{"href":"https:\/\/librairie7l.com\/en\/wp-json\/wp\/v2\/types\/product"}],"wp:featuredmedia":[{"embeddable":true,"href":"https:\/\/librairie7l.com\/en\/wp-json\/wp\/v2\/media\/20421"}],"wp:attachment":[{"href":"https:\/\/librairie7l.com\/en\/wp-json\/wp\/v2\/media?parent=20423"}],"wp:term":[{"taxonomy":"product_cat","embeddable":true,"href":"https:\/\/librairie7l.com\/en\/wp-json\/wp\/v2\/product_cat?post=20423"},{"taxonomy":"product_tag","embeddable":true,"href":"https:\/\/librairie7l.com\/en\/wp-json\/wp\/v2\/product_tag?post=20423"}],"curies":[{"name":"wp","href":"https:\/\/api.w.org\/{rel}","templated":true}]}}