{"id":20451,"date":"2023-05-09T18:12:25","date_gmt":"2023-05-09T16:12:25","guid":{"rendered":"https:\/\/librairie7l.com\/?post_type=product&#038;p=20451"},"modified":"2026-04-16T03:06:31","modified_gmt":"2026-04-16T01:06:31","slug":"mathieu-mategot-2","status":"publish","type":"product","link":"https:\/\/librairie7l.com\/en\/produit\/mathieu-mategot-2\/","title":{"rendered":"MATHIEU MAT\u00c9GOT"},"content":{"rendered":"<p>Mathieu Mat\u00e9got (1910-2001) est l&#8217;un des designers les plus inventifs des ann\u00e9es 50. Cet artiste d&#8217;origine hongroise, cr\u00e9ateur, d\u00e9corateur et entrepreneur, est l&#8217;inventeur d&#8217;un v\u00e9ritable langage, dont l&#8217;un des supports principaux est le Rigitulle, une t\u00f4le perfor\u00e9e qu&#8217;il a brevet\u00e9e et qui lui permet de d\u00e9ployer, par un syst\u00e8me de plis, son m\u00e9tal perfor\u00e9 dans l&#8217;espace. \u00c0 l&#8217;aise avec tous les mat\u00e9riaux, il a \u00e9galement travaill\u00e9 le verre, le bois, le rotin ou encore le laiton. Il a r\u00e9guli\u00e8rement particip\u00e9, durant les ann\u00e9es 50, aux plus grands Salons. Tr\u00e8s sollicit\u00e9, il a r\u00e9pondu \u00e0 de nombreuses commandes, publiques ou priv\u00e9es : le restaurant v\u00e9g\u00e9tarien La Saladi\u00e8re, \u00e0 Paris, une partie du Drugstore des Champs-\u00c9lys\u00e9es, deux foyers-bars \u00e0 la Maison de la radio ou encore un a\u00e9rodrome \u00e0 Casablanca.<\/p>\n<p>Gr\u00e2ce \u00e0 de nombreux documents d&#8217;\u00e9poque provenant notamment des archives familiales, cet ouvrage revient sur l&#8217;ensemble du parcours de Mat\u00e9got, de sa d\u00e9couverte du m\u00e9tal perfor\u00e9 pendant la Seconde Guerre mondiale \u00e0 ses derni\u00e8res tapisseries des ann\u00e9es 80. Il permet avant tout de red\u00e9couvrir une oeuvre riche et vari\u00e9e, qui fait de Mathieu Mat\u00e9got l&#8217;un des plus grands cr\u00e9ateurs de la p\u00e9riode des Trente Glorieuses.<\/p>\n","protected":false},"excerpt":{"rendered":"<p>Mathieu Mat\u00e9got (1910-2001) est l&#8217;un des designers les plus inventifs des ann\u00e9es 50. Cet artiste d&#8217;origine hongroise, cr\u00e9ateur, d\u00e9corateur et entrepreneur, est l&#8217;inventeur d&#8217;un v\u00e9ritable langage, dont l&#8217;un des supports principaux est le Rigitulle, une t\u00f4le perfor\u00e9e qu&#8217;il a brevet\u00e9e et qui lui permet de d\u00e9ployer, par un syst\u00e8me de plis, son m\u00e9tal perfor\u00e9 dans [&hellip;]<\/p>\n","protected":false},"featured_media":20449,"template":"","meta":[],"product_cat":[2948,2952],"product_tag":[],"acf":[],"yoast_head":"<!-- This site is optimized with the Yoast SEO plugin v20.11 - https:\/\/yoast.com\/wordpress\/plugins\/seo\/ -->\n<title>MATHIEU MAT\u00c9GOT - Librairie 7L<\/title>\n<meta name=\"robots\" content=\"index, follow, max-snippet:-1, max-image-preview:large, max-video-preview:-1\" \/>\n<link rel=\"canonical\" href=\"https:\/\/librairie7l.com\/en\/produit\/mathieu-mategot-2\/\" \/>\n<meta property=\"og:locale\" content=\"en_US\" \/>\n<meta property=\"og:type\" content=\"article\" \/>\n<meta property=\"og:title\" content=\"MATHIEU MAT\u00c9GOT - Librairie 7L\" \/>\n<meta property=\"og:description\" content=\"Mathieu Mat\u00e9got (1910-2001) est l&#8217;un des designers les plus inventifs des ann\u00e9es 50. Cet artiste d&#8217;origine hongroise, cr\u00e9ateur, d\u00e9corateur et entrepreneur, est l&#8217;inventeur d&#8217;un v\u00e9ritable langage, dont l&#8217;un des supports principaux est le Rigitulle, une t\u00f4le perfor\u00e9e qu&#8217;il a brevet\u00e9e et qui lui permet de d\u00e9ployer, par un syst\u00e8me de plis, son m\u00e9tal perfor\u00e9 dans [&hellip;]\" \/>\n<meta property=\"og:url\" content=\"https:\/\/librairie7l.com\/en\/produit\/mathieu-mategot-2\/\" \/>\n<meta property=\"og:site_name\" content=\"Librairie 7L\" \/>\n<meta property=\"article:modified_time\" content=\"2026-04-16T01:06:31+00:00\" \/>\n<meta property=\"og:image\" content=\"https:\/\/librairie7l.com\/wp-content\/uploads\/2014\/09\/9782915542691_1_75.jpg\" \/>\n\t<meta property=\"og:image:width\" content=\"400\" \/>\n\t<meta property=\"og:image:height\" content=\"530\" \/>\n\t<meta property=\"og:image:type\" content=\"image\/jpeg\" \/>\n<meta name=\"twitter:card\" content=\"summary_large_image\" \/>\n<meta name=\"twitter:label1\" content=\"Est. reading time\" \/>\n\t<meta name=\"twitter:data1\" content=\"1 minute\" \/>\n<script type=\"application\/ld+json\" class=\"yoast-schema-graph\">{\"@context\":\"https:\/\/schema.org\",\"@graph\":[{\"@type\":\"WebPage\",\"@id\":\"https:\/\/librairie7l.com\/en\/produit\/mathieu-mategot-2\/\",\"url\":\"https:\/\/librairie7l.com\/en\/produit\/mathieu-mategot-2\/\",\"name\":\"MATHIEU MAT\u00c9GOT - Librairie 7L\",\"isPartOf\":{\"@id\":\"https:\/\/librairie7l.com\/en\/#website\"},\"datePublished\":\"2023-05-09T16:12:25+00:00\",\"dateModified\":\"2026-04-16T01:06:31+00:00\",\"breadcrumb\":{\"@id\":\"https:\/\/librairie7l.com\/en\/produit\/mathieu-mategot-2\/#breadcrumb\"},\"inLanguage\":\"en-US\",\"potentialAction\":[{\"@type\":\"ReadAction\",\"target\":[\"https:\/\/librairie7l.com\/en\/produit\/mathieu-mategot-2\/\"]}]},{\"@type\":\"BreadcrumbList\",\"@id\":\"https:\/\/librairie7l.com\/en\/produit\/mathieu-mategot-2\/#breadcrumb\",\"itemListElement\":[{\"@type\":\"ListItem\",\"position\":1,\"name\":\"Accueil\",\"item\":\"https:\/\/librairie7l.com\/en\/\"},{\"@type\":\"ListItem\",\"position\":2,\"name\":\"Shop\",\"item\":\"https:\/\/librairie7l.com\/en\/shop\/\"},{\"@type\":\"ListItem\",\"position\":3,\"name\":\"MATHIEU MAT\u00c9GOT\"}]},{\"@type\":\"WebSite\",\"@id\":\"https:\/\/librairie7l.com\/en\/#website\",\"url\":\"https:\/\/librairie7l.com\/en\/\",\"name\":\"Librairie 7L\",\"description\":\"Librairie fond\u00e9e en 1999 par Karl Lagerfeld \u00e0 Paris\",\"publisher\":{\"@id\":\"https:\/\/librairie7l.com\/en\/#organization\"},\"potentialAction\":[{\"@type\":\"SearchAction\",\"target\":{\"@type\":\"EntryPoint\",\"urlTemplate\":\"https:\/\/librairie7l.com\/en\/?s={search_term_string}\"},\"query-input\":\"required name=search_term_string\"}],\"inLanguage\":\"en-US\"},{\"@type\":\"Organization\",\"@id\":\"https:\/\/librairie7l.com\/en\/#organization\",\"name\":\"Librairie 7L\",\"url\":\"https:\/\/librairie7l.com\/en\/\",\"logo\":{\"@type\":\"ImageObject\",\"inLanguage\":\"en-US\",\"@id\":\"https:\/\/librairie7l.com\/en\/#\/schema\/logo\/image\/\",\"url\":\"https:\/\/librairie7l.com\/wp-content\/uploads\/2022\/08\/logo-1.png\",\"contentUrl\":\"https:\/\/librairie7l.com\/wp-content\/uploads\/2022\/08\/logo-1.png\",\"width\":227,\"height\":301,\"caption\":\"Librairie 7L\"},\"image\":{\"@id\":\"https:\/\/librairie7l.com\/en\/#\/schema\/logo\/image\/\"}}]}<\/script>\n<!-- \/ Yoast SEO plugin. -->","yoast_head_json":{"title":"MATHIEU MAT\u00c9GOT - Librairie 7L","robots":{"index":"index","follow":"follow","max-snippet":"max-snippet:-1","max-image-preview":"max-image-preview:large","max-video-preview":"max-video-preview:-1"},"canonical":"https:\/\/librairie7l.com\/en\/produit\/mathieu-mategot-2\/","og_locale":"en_US","og_type":"article","og_title":"MATHIEU MAT\u00c9GOT - Librairie 7L","og_description":"Mathieu Mat\u00e9got (1910-2001) est l&#8217;un des designers les plus inventifs des ann\u00e9es 50. Cet artiste d&#8217;origine hongroise, cr\u00e9ateur, d\u00e9corateur et entrepreneur, est l&#8217;inventeur d&#8217;un v\u00e9ritable langage, dont l&#8217;un des supports principaux est le Rigitulle, une t\u00f4le perfor\u00e9e qu&#8217;il a brevet\u00e9e et qui lui permet de d\u00e9ployer, par un syst\u00e8me de plis, son m\u00e9tal perfor\u00e9 dans [&hellip;]","og_url":"https:\/\/librairie7l.com\/en\/produit\/mathieu-mategot-2\/","og_site_name":"Librairie 7L","article_modified_time":"2026-04-16T01:06:31+00:00","og_image":[{"width":400,"height":530,"url":"https:\/\/librairie7l.com\/wp-content\/uploads\/2014\/09\/9782915542691_1_75.jpg","type":"image\/jpeg"}],"twitter_card":"summary_large_image","twitter_misc":{"Est. reading time":"1 minute"},"schema":{"@context":"https:\/\/schema.org","@graph":[{"@type":"WebPage","@id":"https:\/\/librairie7l.com\/en\/produit\/mathieu-mategot-2\/","url":"https:\/\/librairie7l.com\/en\/produit\/mathieu-mategot-2\/","name":"MATHIEU MAT\u00c9GOT - Librairie 7L","isPartOf":{"@id":"https:\/\/librairie7l.com\/en\/#website"},"datePublished":"2023-05-09T16:12:25+00:00","dateModified":"2026-04-16T01:06:31+00:00","breadcrumb":{"@id":"https:\/\/librairie7l.com\/en\/produit\/mathieu-mategot-2\/#breadcrumb"},"inLanguage":"en-US","potentialAction":[{"@type":"ReadAction","target":["https:\/\/librairie7l.com\/en\/produit\/mathieu-mategot-2\/"]}]},{"@type":"BreadcrumbList","@id":"https:\/\/librairie7l.com\/en\/produit\/mathieu-mategot-2\/#breadcrumb","itemListElement":[{"@type":"ListItem","position":1,"name":"Accueil","item":"https:\/\/librairie7l.com\/en\/"},{"@type":"ListItem","position":2,"name":"Shop","item":"https:\/\/librairie7l.com\/en\/shop\/"},{"@type":"ListItem","position":3,"name":"MATHIEU MAT\u00c9GOT"}]},{"@type":"WebSite","@id":"https:\/\/librairie7l.com\/en\/#website","url":"https:\/\/librairie7l.com\/en\/","name":"Librairie 7L","description":"Librairie fond\u00e9e en 1999 par Karl Lagerfeld \u00e0 Paris","publisher":{"@id":"https:\/\/librairie7l.com\/en\/#organization"},"potentialAction":[{"@type":"SearchAction","target":{"@type":"EntryPoint","urlTemplate":"https:\/\/librairie7l.com\/en\/?s={search_term_string}"},"query-input":"required name=search_term_string"}],"inLanguage":"en-US"},{"@type":"Organization","@id":"https:\/\/librairie7l.com\/en\/#organization","name":"Librairie 7L","url":"https:\/\/librairie7l.com\/en\/","logo":{"@type":"ImageObject","inLanguage":"en-US","@id":"https:\/\/librairie7l.com\/en\/#\/schema\/logo\/image\/","url":"https:\/\/librairie7l.com\/wp-content\/uploads\/2022\/08\/logo-1.png","contentUrl":"https:\/\/librairie7l.com\/wp-content\/uploads\/2022\/08\/logo-1.png","width":227,"height":301,"caption":"Librairie 7L"},"image":{"@id":"https:\/\/librairie7l.com\/en\/#\/schema\/logo\/image\/"}}]}},"_links":{"self":[{"href":"https:\/\/librairie7l.com\/en\/wp-json\/wp\/v2\/product\/20451"}],"collection":[{"href":"https:\/\/librairie7l.com\/en\/wp-json\/wp\/v2\/product"}],"about":[{"href":"https:\/\/librairie7l.com\/en\/wp-json\/wp\/v2\/types\/product"}],"wp:featuredmedia":[{"embeddable":true,"href":"https:\/\/librairie7l.com\/en\/wp-json\/wp\/v2\/media\/20449"}],"wp:attachment":[{"href":"https:\/\/librairie7l.com\/en\/wp-json\/wp\/v2\/media?parent=20451"}],"wp:term":[{"taxonomy":"product_cat","embeddable":true,"href":"https:\/\/librairie7l.com\/en\/wp-json\/wp\/v2\/product_cat?post=20451"},{"taxonomy":"product_tag","embeddable":true,"href":"https:\/\/librairie7l.com\/en\/wp-json\/wp\/v2\/product_tag?post=20451"}],"curies":[{"name":"wp","href":"https:\/\/api.w.org\/{rel}","templated":true}]}}