{"id":20463,"date":"2023-05-09T18:12:36","date_gmt":"2023-05-09T16:12:36","guid":{"rendered":"https:\/\/librairie7l.com\/?post_type=product&#038;p=20463"},"modified":"2026-05-03T13:23:24","modified_gmt":"2026-05-03T11:23:24","slug":"etude-de-la-plante-son-application-aux-industries-dart","status":"publish","type":"product","link":"https:\/\/librairie7l.com\/en\/produit\/etude-de-la-plante-son-application-aux-industries-dart\/","title":{"rendered":"\u00c9TUDE DE LA PLANTE ; SON APPLICATION AUX INDUSTRIES D&#8217;ART"},"content":{"rendered":"<p>Une superbe reproduction en  fac-simil\u00e9, fid\u00e8lement rafra\u00eechie, dans laquelle on d\u00e9couvre plus de 400 magnifiques illustrations v\u00e9g\u00e9tales et florales.<\/p>\n<p> Plus qu&#8217;un simple livre d&#8217;Art et d&#8217;artiste, un ouvrage de r\u00e9f\u00e9rence sur l&#8217; Art Nouveau et la  d\u00e9coration appliqu\u00e9e aux artisanats, par l&#8217;un des ma\u00eetres de ce courant.<br \/>\nFac-simil\u00e9 fid\u00e8lement reproduit d&#8217;un ouvrage de  1903, publi\u00e9 \u00e0 l&#8217;origine par la  Librairie Centrale des Beaux-Arts, ce beau livre  \u00c9tude de la Plante, Son application aux industries d&#8217;art f\u00fbt en son temps une  r\u00e9f\u00e9rence sur l&#8217;Art Nouveau, la d\u00e9coration et l&#8217;ornementation appliqu\u00e9s \u00e0 de nombreux supports.<\/p>\n<p> Cet \u00e9l\u00e9gant r\u00e9pertoire iconographique de la plante dans les arts de l&#8217;ornementation offre une riche compilation de motifs d\u00e9coratifs, proches du  Liberty d&#8217;hier et d&#8217;aujourd&#8217;hui. \u00c0 la fois guide du d\u00e9corateur, de l&#8217;artiste-artisan, et recueil de quelques 400 dessins et compositions d&#8217;inspirations florales et v\u00e9g\u00e9tales, cet ouvrage d\u00e9licat et \u00e9clatant pr\u00e9sente la mani\u00e8re de styliser et d&#8217;interpr\u00e9ter les fleurs et les plantes pour cr\u00e9er d&#8217;innombrables combinaisons d\u00e9coratives.<\/p>\n<p> Pour l&#8217;auteur,  Maurice Pillard-Verneuil (1869-1942), la nature est l&#8217;\u00e9ternelle inspiratrice et l&#8217;in\u00e9puisable ressource, au coeur de tous ses travaux. D\u00e9corateur, illustrateur, auteur de nombreux ouvrages documentaires sur l&#8217;ornement d&#8217;une exceptionnelle p\u00e9dagogie, M. Pillard-Verneuil, th\u00e9oricien et praticien de l&#8217;Art Nouveau, en est l&#8217;un des repr\u00e9sentants majeurs. Il f\u00fbt d&#8217;ailleurs \u00e9l\u00e8ve d&#8217;Eug\u00e8ne Grasset (1845-1917), lui m\u00eame pr\u00e9curseur de ce mouvement.<\/p>\n","protected":false},"excerpt":{"rendered":"<p>Une superbe reproduction en fac-simil\u00e9, fid\u00e8lement rafra\u00eechie, dans laquelle on d\u00e9couvre plus de 400 magnifiques illustrations v\u00e9g\u00e9tales et florales. Plus qu&#8217;un simple livre d&#8217;Art et d&#8217;artiste, un ouvrage de r\u00e9f\u00e9rence sur l&#8217; Art Nouveau et la d\u00e9coration appliqu\u00e9e aux artisanats, par l&#8217;un des ma\u00eetres de ce courant. Fac-simil\u00e9 fid\u00e8lement reproduit d&#8217;un ouvrage de 1903, publi\u00e9 [&hellip;]<\/p>\n","protected":false},"featured_media":20461,"template":"","meta":[],"product_cat":[2948,2956],"product_tag":[],"acf":[],"yoast_head":"<!-- This site is optimized with the Yoast SEO plugin v20.11 - https:\/\/yoast.com\/wordpress\/plugins\/seo\/ -->\n<title>\u00c9TUDE DE LA PLANTE ; SON APPLICATION AUX INDUSTRIES D&#039;ART - Librairie 7L<\/title>\n<meta name=\"robots\" content=\"index, follow, max-snippet:-1, max-image-preview:large, max-video-preview:-1\" \/>\n<link rel=\"canonical\" href=\"https:\/\/librairie7l.com\/en\/produit\/etude-de-la-plante-son-application-aux-industries-dart\/\" \/>\n<meta property=\"og:locale\" content=\"en_US\" \/>\n<meta property=\"og:type\" content=\"article\" \/>\n<meta property=\"og:title\" content=\"\u00c9TUDE DE LA PLANTE ; SON APPLICATION AUX INDUSTRIES D&#039;ART - Librairie 7L\" \/>\n<meta property=\"og:description\" content=\"Une superbe reproduction en fac-simil\u00e9, fid\u00e8lement rafra\u00eechie, dans laquelle on d\u00e9couvre plus de 400 magnifiques illustrations v\u00e9g\u00e9tales et florales. Plus qu&#8217;un simple livre d&#8217;Art et d&#8217;artiste, un ouvrage de r\u00e9f\u00e9rence sur l&#8217; Art Nouveau et la d\u00e9coration appliqu\u00e9e aux artisanats, par l&#8217;un des ma\u00eetres de ce courant. Fac-simil\u00e9 fid\u00e8lement reproduit d&#8217;un ouvrage de 1903, publi\u00e9 [&hellip;]\" \/>\n<meta property=\"og:url\" content=\"https:\/\/librairie7l.com\/en\/produit\/etude-de-la-plante-son-application-aux-industries-dart\/\" \/>\n<meta property=\"og:site_name\" content=\"Librairie 7L\" \/>\n<meta property=\"article:modified_time\" content=\"2026-05-03T11:23:24+00:00\" \/>\n<meta property=\"og:image\" content=\"https:\/\/librairie7l.com\/wp-content\/uploads\/2015\/11\/9782367430270_1_75.jpg\" \/>\n\t<meta property=\"og:image:width\" content=\"600\" \/>\n\t<meta property=\"og:image:height\" content=\"754\" \/>\n\t<meta property=\"og:image:type\" content=\"image\/jpeg\" \/>\n<meta name=\"twitter:card\" content=\"summary_large_image\" \/>\n<meta name=\"twitter:label1\" content=\"Est. reading time\" \/>\n\t<meta name=\"twitter:data1\" content=\"1 minute\" \/>\n<script type=\"application\/ld+json\" class=\"yoast-schema-graph\">{\"@context\":\"https:\/\/schema.org\",\"@graph\":[{\"@type\":\"WebPage\",\"@id\":\"https:\/\/librairie7l.com\/en\/produit\/etude-de-la-plante-son-application-aux-industries-dart\/\",\"url\":\"https:\/\/librairie7l.com\/en\/produit\/etude-de-la-plante-son-application-aux-industries-dart\/\",\"name\":\"\u00c9TUDE DE LA PLANTE ; SON APPLICATION AUX INDUSTRIES D'ART - Librairie 7L\",\"isPartOf\":{\"@id\":\"https:\/\/librairie7l.com\/en\/#website\"},\"datePublished\":\"2023-05-09T16:12:36+00:00\",\"dateModified\":\"2026-05-03T11:23:24+00:00\",\"breadcrumb\":{\"@id\":\"https:\/\/librairie7l.com\/en\/produit\/etude-de-la-plante-son-application-aux-industries-dart\/#breadcrumb\"},\"inLanguage\":\"en-US\",\"potentialAction\":[{\"@type\":\"ReadAction\",\"target\":[\"https:\/\/librairie7l.com\/en\/produit\/etude-de-la-plante-son-application-aux-industries-dart\/\"]}]},{\"@type\":\"BreadcrumbList\",\"@id\":\"https:\/\/librairie7l.com\/en\/produit\/etude-de-la-plante-son-application-aux-industries-dart\/#breadcrumb\",\"itemListElement\":[{\"@type\":\"ListItem\",\"position\":1,\"name\":\"Accueil\",\"item\":\"https:\/\/librairie7l.com\/en\/\"},{\"@type\":\"ListItem\",\"position\":2,\"name\":\"Shop\",\"item\":\"https:\/\/librairie7l.com\/en\/shop\/\"},{\"@type\":\"ListItem\",\"position\":3,\"name\":\"\u00c9TUDE DE LA PLANTE ; SON APPLICATION AUX INDUSTRIES D&#8217;ART\"}]},{\"@type\":\"WebSite\",\"@id\":\"https:\/\/librairie7l.com\/en\/#website\",\"url\":\"https:\/\/librairie7l.com\/en\/\",\"name\":\"Librairie 7L\",\"description\":\"Librairie fond\u00e9e en 1999 par Karl Lagerfeld \u00e0 Paris\",\"publisher\":{\"@id\":\"https:\/\/librairie7l.com\/en\/#organization\"},\"potentialAction\":[{\"@type\":\"SearchAction\",\"target\":{\"@type\":\"EntryPoint\",\"urlTemplate\":\"https:\/\/librairie7l.com\/en\/?s={search_term_string}\"},\"query-input\":\"required name=search_term_string\"}],\"inLanguage\":\"en-US\"},{\"@type\":\"Organization\",\"@id\":\"https:\/\/librairie7l.com\/en\/#organization\",\"name\":\"Librairie 7L\",\"url\":\"https:\/\/librairie7l.com\/en\/\",\"logo\":{\"@type\":\"ImageObject\",\"inLanguage\":\"en-US\",\"@id\":\"https:\/\/librairie7l.com\/en\/#\/schema\/logo\/image\/\",\"url\":\"https:\/\/librairie7l.com\/wp-content\/uploads\/2022\/08\/logo-1.png\",\"contentUrl\":\"https:\/\/librairie7l.com\/wp-content\/uploads\/2022\/08\/logo-1.png\",\"width\":227,\"height\":301,\"caption\":\"Librairie 7L\"},\"image\":{\"@id\":\"https:\/\/librairie7l.com\/en\/#\/schema\/logo\/image\/\"}}]}<\/script>\n<!-- \/ Yoast SEO plugin. -->","yoast_head_json":{"title":"\u00c9TUDE DE LA PLANTE ; SON APPLICATION AUX INDUSTRIES D'ART - Librairie 7L","robots":{"index":"index","follow":"follow","max-snippet":"max-snippet:-1","max-image-preview":"max-image-preview:large","max-video-preview":"max-video-preview:-1"},"canonical":"https:\/\/librairie7l.com\/en\/produit\/etude-de-la-plante-son-application-aux-industries-dart\/","og_locale":"en_US","og_type":"article","og_title":"\u00c9TUDE DE LA PLANTE ; SON APPLICATION AUX INDUSTRIES D'ART - Librairie 7L","og_description":"Une superbe reproduction en fac-simil\u00e9, fid\u00e8lement rafra\u00eechie, dans laquelle on d\u00e9couvre plus de 400 magnifiques illustrations v\u00e9g\u00e9tales et florales. Plus qu&#8217;un simple livre d&#8217;Art et d&#8217;artiste, un ouvrage de r\u00e9f\u00e9rence sur l&#8217; Art Nouveau et la d\u00e9coration appliqu\u00e9e aux artisanats, par l&#8217;un des ma\u00eetres de ce courant. Fac-simil\u00e9 fid\u00e8lement reproduit d&#8217;un ouvrage de 1903, publi\u00e9 [&hellip;]","og_url":"https:\/\/librairie7l.com\/en\/produit\/etude-de-la-plante-son-application-aux-industries-dart\/","og_site_name":"Librairie 7L","article_modified_time":"2026-05-03T11:23:24+00:00","og_image":[{"width":600,"height":754,"url":"https:\/\/librairie7l.com\/wp-content\/uploads\/2015\/11\/9782367430270_1_75.jpg","type":"image\/jpeg"}],"twitter_card":"summary_large_image","twitter_misc":{"Est. reading time":"1 minute"},"schema":{"@context":"https:\/\/schema.org","@graph":[{"@type":"WebPage","@id":"https:\/\/librairie7l.com\/en\/produit\/etude-de-la-plante-son-application-aux-industries-dart\/","url":"https:\/\/librairie7l.com\/en\/produit\/etude-de-la-plante-son-application-aux-industries-dart\/","name":"\u00c9TUDE DE LA PLANTE ; SON APPLICATION AUX INDUSTRIES D'ART - Librairie 7L","isPartOf":{"@id":"https:\/\/librairie7l.com\/en\/#website"},"datePublished":"2023-05-09T16:12:36+00:00","dateModified":"2026-05-03T11:23:24+00:00","breadcrumb":{"@id":"https:\/\/librairie7l.com\/en\/produit\/etude-de-la-plante-son-application-aux-industries-dart\/#breadcrumb"},"inLanguage":"en-US","potentialAction":[{"@type":"ReadAction","target":["https:\/\/librairie7l.com\/en\/produit\/etude-de-la-plante-son-application-aux-industries-dart\/"]}]},{"@type":"BreadcrumbList","@id":"https:\/\/librairie7l.com\/en\/produit\/etude-de-la-plante-son-application-aux-industries-dart\/#breadcrumb","itemListElement":[{"@type":"ListItem","position":1,"name":"Accueil","item":"https:\/\/librairie7l.com\/en\/"},{"@type":"ListItem","position":2,"name":"Shop","item":"https:\/\/librairie7l.com\/en\/shop\/"},{"@type":"ListItem","position":3,"name":"\u00c9TUDE DE LA PLANTE ; SON APPLICATION AUX INDUSTRIES D&#8217;ART"}]},{"@type":"WebSite","@id":"https:\/\/librairie7l.com\/en\/#website","url":"https:\/\/librairie7l.com\/en\/","name":"Librairie 7L","description":"Librairie fond\u00e9e en 1999 par Karl Lagerfeld \u00e0 Paris","publisher":{"@id":"https:\/\/librairie7l.com\/en\/#organization"},"potentialAction":[{"@type":"SearchAction","target":{"@type":"EntryPoint","urlTemplate":"https:\/\/librairie7l.com\/en\/?s={search_term_string}"},"query-input":"required name=search_term_string"}],"inLanguage":"en-US"},{"@type":"Organization","@id":"https:\/\/librairie7l.com\/en\/#organization","name":"Librairie 7L","url":"https:\/\/librairie7l.com\/en\/","logo":{"@type":"ImageObject","inLanguage":"en-US","@id":"https:\/\/librairie7l.com\/en\/#\/schema\/logo\/image\/","url":"https:\/\/librairie7l.com\/wp-content\/uploads\/2022\/08\/logo-1.png","contentUrl":"https:\/\/librairie7l.com\/wp-content\/uploads\/2022\/08\/logo-1.png","width":227,"height":301,"caption":"Librairie 7L"},"image":{"@id":"https:\/\/librairie7l.com\/en\/#\/schema\/logo\/image\/"}}]}},"_links":{"self":[{"href":"https:\/\/librairie7l.com\/en\/wp-json\/wp\/v2\/product\/20463"}],"collection":[{"href":"https:\/\/librairie7l.com\/en\/wp-json\/wp\/v2\/product"}],"about":[{"href":"https:\/\/librairie7l.com\/en\/wp-json\/wp\/v2\/types\/product"}],"wp:featuredmedia":[{"embeddable":true,"href":"https:\/\/librairie7l.com\/en\/wp-json\/wp\/v2\/media\/20461"}],"wp:attachment":[{"href":"https:\/\/librairie7l.com\/en\/wp-json\/wp\/v2\/media?parent=20463"}],"wp:term":[{"taxonomy":"product_cat","embeddable":true,"href":"https:\/\/librairie7l.com\/en\/wp-json\/wp\/v2\/product_cat?post=20463"},{"taxonomy":"product_tag","embeddable":true,"href":"https:\/\/librairie7l.com\/en\/wp-json\/wp\/v2\/product_tag?post=20463"}],"curies":[{"name":"wp","href":"https:\/\/api.w.org\/{rel}","templated":true}]}}