{"id":20475,"date":"2023-05-09T18:12:45","date_gmt":"2023-05-09T16:12:45","guid":{"rendered":"https:\/\/librairie7l.com\/?post_type=product&#038;p=20475"},"modified":"2026-04-06T22:31:24","modified_gmt":"2026-04-06T20:31:24","slug":"identification-des-marbres","status":"publish","type":"product","link":"https:\/\/librairie7l.com\/en\/produit\/identification-des-marbres\/","title":{"rendered":"IDENTIFICATION DES MARBRES"},"content":{"rendered":"<p>Utilis\u00e9 d\u00e8s l&#8217;Antiquit\u00e9 pour la sculpture et l&#8217;architecture, le marbre est \u00e9galement employ\u00e9 depuis Louis XIV pour l&#8217;ornementation de meubles d&#8217;\u00e9b\u00e9nisterie. La grande vari\u00e9t\u00e9 de ses coloris et la structure h\u00e9t\u00e9rog\u00e8ne de sa roche rendent cependant difficiles l&#8217;identification des diff\u00e9rents types de marbres, qu&#8217;ils soient anciens ou r\u00e9cents. Pour faciliter leur reconnaissance, ce livre propose plus de 150 \u00e9chantillons repr\u00e9sentatifs de la carri\u00e8re dont ils sont extraits :<br \/>\n&#8211; La premi\u00e8re partie de l&#8217;ouvrage s&#8217;int\u00e9resse \u00e0 l&#8217;aspect g\u00e9ologique des marbres. L&#8217;histoire de leur extraction et de leur exploitation est ensuite abord\u00e9e, et notamment leur utilisation par les menuisiers et les \u00e9b\u00e9nistes du xviie au xxe si\u00e8cle.<br \/>\n&#8211; Ensuite, un grand nombre d&#8217;\u00e9chantillons de marbres parmi les plus usit\u00e9s sont pr\u00e9sent\u00e9s en grandeur nature (\u00e9chelle 1), ce qui permet d&#8217;en appr\u00e9cier l&#8217;aspect, la couleur et la texture.<br \/>\n&#8211; Pour chaque marbre r\u00e9pertori\u00e9, l&#8217;auteur fournit sa domination exacte et commerciale, sa localisation, sa p\u00e9trographie ainsi que ses utilisations remarquables.<br \/>\n&#8211; L&#8217;ouvrage permet d&#8217;admirer une grande vari\u00e9t\u00e9 de structures de roche (br\u00e8ches, griottes, concr\u00e9tionn\u00e9s, marbres vein\u00e9s, brocatelles, lumachelles ou coquill\u00e9s, marbres unicolores ou cristallins) et de nuances de couleurs, allant des marbres blancs aux marbres noirs, en passant par les roses, les verts et les rouges.<br \/>\nCe livre, devenu un grand classique, int\u00e9ressera les amateurs d&#8217;art, les d\u00e9corateurs, les marbriers et les \u00e9b\u00e9nistes, mais aussi les antiquaires, les experts et commissaires-priseurs, tout comme les arch\u00e9ologues et conservateurs de mus\u00e9es.<\/p>\n","protected":false},"excerpt":{"rendered":"<p>Utilis\u00e9 d\u00e8s l&#8217;Antiquit\u00e9 pour la sculpture et l&#8217;architecture, le marbre est \u00e9galement employ\u00e9 depuis Louis XIV pour l&#8217;ornementation de meubles d&#8217;\u00e9b\u00e9nisterie. La grande vari\u00e9t\u00e9 de ses coloris et la structure h\u00e9t\u00e9rog\u00e8ne de sa roche rendent cependant difficiles l&#8217;identification des diff\u00e9rents types de marbres, qu&#8217;ils soient anciens ou r\u00e9cents. Pour faciliter leur reconnaissance, ce livre propose [&hellip;]<\/p>\n","protected":false},"featured_media":20473,"template":"","meta":[],"product_cat":[2948,2950],"product_tag":[],"acf":[],"yoast_head":"<!-- This site is optimized with the Yoast SEO plugin v20.11 - https:\/\/yoast.com\/wordpress\/plugins\/seo\/ -->\n<title>IDENTIFICATION DES MARBRES - Librairie 7L<\/title>\n<meta name=\"robots\" content=\"index, follow, max-snippet:-1, max-image-preview:large, max-video-preview:-1\" \/>\n<link rel=\"canonical\" href=\"https:\/\/librairie7l.com\/en\/produit\/identification-des-marbres\/\" \/>\n<meta property=\"og:locale\" content=\"en_US\" \/>\n<meta property=\"og:type\" content=\"article\" \/>\n<meta property=\"og:title\" content=\"IDENTIFICATION DES MARBRES - Librairie 7L\" \/>\n<meta property=\"og:description\" content=\"Utilis\u00e9 d\u00e8s l&#8217;Antiquit\u00e9 pour la sculpture et l&#8217;architecture, le marbre est \u00e9galement employ\u00e9 depuis Louis XIV pour l&#8217;ornementation de meubles d&#8217;\u00e9b\u00e9nisterie. La grande vari\u00e9t\u00e9 de ses coloris et la structure h\u00e9t\u00e9rog\u00e8ne de sa roche rendent cependant difficiles l&#8217;identification des diff\u00e9rents types de marbres, qu&#8217;ils soient anciens ou r\u00e9cents. Pour faciliter leur reconnaissance, ce livre propose [&hellip;]\" \/>\n<meta property=\"og:url\" content=\"https:\/\/librairie7l.com\/en\/produit\/identification-des-marbres\/\" \/>\n<meta property=\"og:site_name\" content=\"Librairie 7L\" \/>\n<meta property=\"article:modified_time\" content=\"2026-04-06T20:31:24+00:00\" \/>\n<meta property=\"og:image\" content=\"https:\/\/librairie7l.com\/wp-content\/uploads\/2020\/09\/9782851012418_1_75.jpg\" \/>\n\t<meta property=\"og:image:width\" content=\"583\" \/>\n\t<meta property=\"og:image:height\" content=\"800\" \/>\n\t<meta property=\"og:image:type\" content=\"image\/jpeg\" \/>\n<meta name=\"twitter:card\" content=\"summary_large_image\" \/>\n<meta name=\"twitter:label1\" content=\"Est. reading time\" \/>\n\t<meta name=\"twitter:data1\" content=\"1 minute\" \/>\n<script type=\"application\/ld+json\" class=\"yoast-schema-graph\">{\"@context\":\"https:\/\/schema.org\",\"@graph\":[{\"@type\":\"WebPage\",\"@id\":\"https:\/\/librairie7l.com\/en\/produit\/identification-des-marbres\/\",\"url\":\"https:\/\/librairie7l.com\/en\/produit\/identification-des-marbres\/\",\"name\":\"IDENTIFICATION DES MARBRES - Librairie 7L\",\"isPartOf\":{\"@id\":\"https:\/\/librairie7l.com\/en\/#website\"},\"datePublished\":\"2023-05-09T16:12:45+00:00\",\"dateModified\":\"2026-04-06T20:31:24+00:00\",\"breadcrumb\":{\"@id\":\"https:\/\/librairie7l.com\/en\/produit\/identification-des-marbres\/#breadcrumb\"},\"inLanguage\":\"en-US\",\"potentialAction\":[{\"@type\":\"ReadAction\",\"target\":[\"https:\/\/librairie7l.com\/en\/produit\/identification-des-marbres\/\"]}]},{\"@type\":\"BreadcrumbList\",\"@id\":\"https:\/\/librairie7l.com\/en\/produit\/identification-des-marbres\/#breadcrumb\",\"itemListElement\":[{\"@type\":\"ListItem\",\"position\":1,\"name\":\"Accueil\",\"item\":\"https:\/\/librairie7l.com\/en\/\"},{\"@type\":\"ListItem\",\"position\":2,\"name\":\"Shop\",\"item\":\"https:\/\/librairie7l.com\/en\/shop\/\"},{\"@type\":\"ListItem\",\"position\":3,\"name\":\"IDENTIFICATION DES MARBRES\"}]},{\"@type\":\"WebSite\",\"@id\":\"https:\/\/librairie7l.com\/en\/#website\",\"url\":\"https:\/\/librairie7l.com\/en\/\",\"name\":\"Librairie 7L\",\"description\":\"Librairie fond\u00e9e en 1999 par Karl Lagerfeld \u00e0 Paris\",\"publisher\":{\"@id\":\"https:\/\/librairie7l.com\/en\/#organization\"},\"potentialAction\":[{\"@type\":\"SearchAction\",\"target\":{\"@type\":\"EntryPoint\",\"urlTemplate\":\"https:\/\/librairie7l.com\/en\/?s={search_term_string}\"},\"query-input\":\"required name=search_term_string\"}],\"inLanguage\":\"en-US\"},{\"@type\":\"Organization\",\"@id\":\"https:\/\/librairie7l.com\/en\/#organization\",\"name\":\"Librairie 7L\",\"url\":\"https:\/\/librairie7l.com\/en\/\",\"logo\":{\"@type\":\"ImageObject\",\"inLanguage\":\"en-US\",\"@id\":\"https:\/\/librairie7l.com\/en\/#\/schema\/logo\/image\/\",\"url\":\"https:\/\/librairie7l.com\/wp-content\/uploads\/2022\/08\/logo-1.png\",\"contentUrl\":\"https:\/\/librairie7l.com\/wp-content\/uploads\/2022\/08\/logo-1.png\",\"width\":227,\"height\":301,\"caption\":\"Librairie 7L\"},\"image\":{\"@id\":\"https:\/\/librairie7l.com\/en\/#\/schema\/logo\/image\/\"}}]}<\/script>\n<!-- \/ Yoast SEO plugin. -->","yoast_head_json":{"title":"IDENTIFICATION DES MARBRES - Librairie 7L","robots":{"index":"index","follow":"follow","max-snippet":"max-snippet:-1","max-image-preview":"max-image-preview:large","max-video-preview":"max-video-preview:-1"},"canonical":"https:\/\/librairie7l.com\/en\/produit\/identification-des-marbres\/","og_locale":"en_US","og_type":"article","og_title":"IDENTIFICATION DES MARBRES - Librairie 7L","og_description":"Utilis\u00e9 d\u00e8s l&#8217;Antiquit\u00e9 pour la sculpture et l&#8217;architecture, le marbre est \u00e9galement employ\u00e9 depuis Louis XIV pour l&#8217;ornementation de meubles d&#8217;\u00e9b\u00e9nisterie. La grande vari\u00e9t\u00e9 de ses coloris et la structure h\u00e9t\u00e9rog\u00e8ne de sa roche rendent cependant difficiles l&#8217;identification des diff\u00e9rents types de marbres, qu&#8217;ils soient anciens ou r\u00e9cents. Pour faciliter leur reconnaissance, ce livre propose [&hellip;]","og_url":"https:\/\/librairie7l.com\/en\/produit\/identification-des-marbres\/","og_site_name":"Librairie 7L","article_modified_time":"2026-04-06T20:31:24+00:00","og_image":[{"width":583,"height":800,"url":"https:\/\/librairie7l.com\/wp-content\/uploads\/2020\/09\/9782851012418_1_75.jpg","type":"image\/jpeg"}],"twitter_card":"summary_large_image","twitter_misc":{"Est. reading time":"1 minute"},"schema":{"@context":"https:\/\/schema.org","@graph":[{"@type":"WebPage","@id":"https:\/\/librairie7l.com\/en\/produit\/identification-des-marbres\/","url":"https:\/\/librairie7l.com\/en\/produit\/identification-des-marbres\/","name":"IDENTIFICATION DES MARBRES - Librairie 7L","isPartOf":{"@id":"https:\/\/librairie7l.com\/en\/#website"},"datePublished":"2023-05-09T16:12:45+00:00","dateModified":"2026-04-06T20:31:24+00:00","breadcrumb":{"@id":"https:\/\/librairie7l.com\/en\/produit\/identification-des-marbres\/#breadcrumb"},"inLanguage":"en-US","potentialAction":[{"@type":"ReadAction","target":["https:\/\/librairie7l.com\/en\/produit\/identification-des-marbres\/"]}]},{"@type":"BreadcrumbList","@id":"https:\/\/librairie7l.com\/en\/produit\/identification-des-marbres\/#breadcrumb","itemListElement":[{"@type":"ListItem","position":1,"name":"Accueil","item":"https:\/\/librairie7l.com\/en\/"},{"@type":"ListItem","position":2,"name":"Shop","item":"https:\/\/librairie7l.com\/en\/shop\/"},{"@type":"ListItem","position":3,"name":"IDENTIFICATION DES MARBRES"}]},{"@type":"WebSite","@id":"https:\/\/librairie7l.com\/en\/#website","url":"https:\/\/librairie7l.com\/en\/","name":"Librairie 7L","description":"Librairie fond\u00e9e en 1999 par Karl Lagerfeld \u00e0 Paris","publisher":{"@id":"https:\/\/librairie7l.com\/en\/#organization"},"potentialAction":[{"@type":"SearchAction","target":{"@type":"EntryPoint","urlTemplate":"https:\/\/librairie7l.com\/en\/?s={search_term_string}"},"query-input":"required name=search_term_string"}],"inLanguage":"en-US"},{"@type":"Organization","@id":"https:\/\/librairie7l.com\/en\/#organization","name":"Librairie 7L","url":"https:\/\/librairie7l.com\/en\/","logo":{"@type":"ImageObject","inLanguage":"en-US","@id":"https:\/\/librairie7l.com\/en\/#\/schema\/logo\/image\/","url":"https:\/\/librairie7l.com\/wp-content\/uploads\/2022\/08\/logo-1.png","contentUrl":"https:\/\/librairie7l.com\/wp-content\/uploads\/2022\/08\/logo-1.png","width":227,"height":301,"caption":"Librairie 7L"},"image":{"@id":"https:\/\/librairie7l.com\/en\/#\/schema\/logo\/image\/"}}]}},"_links":{"self":[{"href":"https:\/\/librairie7l.com\/en\/wp-json\/wp\/v2\/product\/20475"}],"collection":[{"href":"https:\/\/librairie7l.com\/en\/wp-json\/wp\/v2\/product"}],"about":[{"href":"https:\/\/librairie7l.com\/en\/wp-json\/wp\/v2\/types\/product"}],"wp:featuredmedia":[{"embeddable":true,"href":"https:\/\/librairie7l.com\/en\/wp-json\/wp\/v2\/media\/20473"}],"wp:attachment":[{"href":"https:\/\/librairie7l.com\/en\/wp-json\/wp\/v2\/media?parent=20475"}],"wp:term":[{"taxonomy":"product_cat","embeddable":true,"href":"https:\/\/librairie7l.com\/en\/wp-json\/wp\/v2\/product_cat?post=20475"},{"taxonomy":"product_tag","embeddable":true,"href":"https:\/\/librairie7l.com\/en\/wp-json\/wp\/v2\/product_tag?post=20475"}],"curies":[{"name":"wp","href":"https:\/\/api.w.org\/{rel}","templated":true}]}}