{"id":20507,"date":"2023-05-09T18:13:11","date_gmt":"2023-05-09T16:13:11","guid":{"rendered":"https:\/\/librairie7l.com\/?post_type=product&#038;p=20507"},"modified":"2026-04-16T23:05:54","modified_gmt":"2026-04-16T21:05:54","slug":"gisele-buthod-garcon-la-terre-simplement","status":"publish","type":"product","link":"https:\/\/librairie7l.com\/en\/produit\/gisele-buthod-garcon-la-terre-simplement\/","title":{"rendered":"GISELE BUTHOD-GAR\u00c7ON ; LA TERRE, SIMPLEMENT"},"content":{"rendered":"<p>Fran\u00e7aise, domicili\u00e9e en terre occitane, Gis\u00e8le Buthod-Gar\u00e7on se d\u00e9couvre une passion pour la mati\u00e8re terre en 1979, \u00e0 son retour du S\u00e9n\u00e9gal. Ce qui l&#8217;attire, c&#8217;est cet aspect cru qu&#8217;a la terre, la vivacit\u00e9 br\u00fblante qu&#8217;elle offre et son aspect charnel. D\u00e8s lors qu&#8217;elle adopte la c\u00e9ramique et se lance comme professionnelle, en 1982, elle n&#8217;a de cesse d&#8217;exp\u00e9rimenter sans rel\u00e2che, d&#8217;apprendre et de r\u00e9soudre avec une opini\u00e2tret\u00e9 sans \u00e9gale. Son travail est tout entier conditionn\u00e9 par l&#8217;adoption d&#8217;un mode de cuisson sp\u00e9cifique, la cuisson raku. Email gras et raku semblaient \u00e0 jamais dissonants, pourtant Gis\u00e8le Buthod-Gar\u00e7on a \u00e9tabli sa notori\u00e9t\u00e9 sur ce paradoxe. Elle concilie l&#8217;\u00e2pret\u00e9 des surfaces et l&#8217;harmonie formelle. Elle cr\u00e9e en \u00e9cho aux paysages arides et blafards qui l&#8217;entourent. Son travail traduit l&#8217;imm\u00e9moriale trace de la fragilit\u00e9 humaine et l&#8217;intemporalit\u00e9 des choses.<\/p>\n<p>St\u00e9phanie Le Follic-Hadida, commissaire de l&#8217;exposition consacr\u00e9e \u00e0 l&#8217;artiste \u00e0 Keramis, r\u00e9unit diff\u00e9rents auteurs : Ludovic Recchia, Yves Mausen, Katherine Vanderhaeghe, Anthony Girardi, Virgile Loyer, Wang Dong et Jean-Paul Rivault, qui t\u00e9moignent, chacun \u00e0 leur fa\u00e7on, de leur exp\u00e9rience face \u00e0 l&#8217;oeuvre de Gis\u00e8le Buthod-Gar\u00e7on.<\/p>\n","protected":false},"excerpt":{"rendered":"<p>Fran\u00e7aise, domicili\u00e9e en terre occitane, Gis\u00e8le Buthod-Gar\u00e7on se d\u00e9couvre une passion pour la mati\u00e8re terre en 1979, \u00e0 son retour du S\u00e9n\u00e9gal. Ce qui l&#8217;attire, c&#8217;est cet aspect cru qu&#8217;a la terre, la vivacit\u00e9 br\u00fblante qu&#8217;elle offre et son aspect charnel. D\u00e8s lors qu&#8217;elle adopte la c\u00e9ramique et se lance comme professionnelle, en 1982, elle [&hellip;]<\/p>\n","protected":false},"featured_media":20505,"template":"","meta":[],"product_cat":[2948,2952],"product_tag":[],"acf":[],"yoast_head":"<!-- This site is optimized with the Yoast SEO plugin v20.11 - https:\/\/yoast.com\/wordpress\/plugins\/seo\/ -->\n<title>GISELE BUTHOD-GAR\u00c7ON ; LA TERRE, SIMPLEMENT - Librairie 7L<\/title>\n<meta name=\"robots\" content=\"index, follow, max-snippet:-1, max-image-preview:large, max-video-preview:-1\" \/>\n<link rel=\"canonical\" href=\"https:\/\/librairie7l.com\/en\/produit\/gisele-buthod-garcon-la-terre-simplement\/\" \/>\n<meta property=\"og:locale\" content=\"en_US\" \/>\n<meta property=\"og:type\" content=\"article\" \/>\n<meta property=\"og:title\" content=\"GISELE BUTHOD-GAR\u00c7ON ; LA TERRE, SIMPLEMENT - Librairie 7L\" \/>\n<meta property=\"og:description\" content=\"Fran\u00e7aise, domicili\u00e9e en terre occitane, Gis\u00e8le Buthod-Gar\u00e7on se d\u00e9couvre une passion pour la mati\u00e8re terre en 1979, \u00e0 son retour du S\u00e9n\u00e9gal. Ce qui l&#8217;attire, c&#8217;est cet aspect cru qu&#8217;a la terre, la vivacit\u00e9 br\u00fblante qu&#8217;elle offre et son aspect charnel. D\u00e8s lors qu&#8217;elle adopte la c\u00e9ramique et se lance comme professionnelle, en 1982, elle [&hellip;]\" \/>\n<meta property=\"og:url\" content=\"https:\/\/librairie7l.com\/en\/produit\/gisele-buthod-garcon-la-terre-simplement\/\" \/>\n<meta property=\"og:site_name\" content=\"Librairie 7L\" \/>\n<meta property=\"article:modified_time\" content=\"2026-04-16T21:05:54+00:00\" \/>\n<meta property=\"og:image\" content=\"https:\/\/librairie7l.com\/wp-content\/uploads\/2018\/09\/9782930451251_1_75.jpg\" \/>\n\t<meta property=\"og:image:width\" content=\"600\" \/>\n\t<meta property=\"og:image:height\" content=\"770\" \/>\n\t<meta property=\"og:image:type\" content=\"image\/jpeg\" \/>\n<meta name=\"twitter:card\" content=\"summary_large_image\" \/>\n<meta name=\"twitter:label1\" content=\"Est. reading time\" \/>\n\t<meta name=\"twitter:data1\" content=\"1 minute\" \/>\n<script type=\"application\/ld+json\" class=\"yoast-schema-graph\">{\"@context\":\"https:\/\/schema.org\",\"@graph\":[{\"@type\":\"WebPage\",\"@id\":\"https:\/\/librairie7l.com\/en\/produit\/gisele-buthod-garcon-la-terre-simplement\/\",\"url\":\"https:\/\/librairie7l.com\/en\/produit\/gisele-buthod-garcon-la-terre-simplement\/\",\"name\":\"GISELE BUTHOD-GAR\u00c7ON ; LA TERRE, SIMPLEMENT - Librairie 7L\",\"isPartOf\":{\"@id\":\"https:\/\/librairie7l.com\/en\/#website\"},\"datePublished\":\"2023-05-09T16:13:11+00:00\",\"dateModified\":\"2026-04-16T21:05:54+00:00\",\"breadcrumb\":{\"@id\":\"https:\/\/librairie7l.com\/en\/produit\/gisele-buthod-garcon-la-terre-simplement\/#breadcrumb\"},\"inLanguage\":\"en-US\",\"potentialAction\":[{\"@type\":\"ReadAction\",\"target\":[\"https:\/\/librairie7l.com\/en\/produit\/gisele-buthod-garcon-la-terre-simplement\/\"]}]},{\"@type\":\"BreadcrumbList\",\"@id\":\"https:\/\/librairie7l.com\/en\/produit\/gisele-buthod-garcon-la-terre-simplement\/#breadcrumb\",\"itemListElement\":[{\"@type\":\"ListItem\",\"position\":1,\"name\":\"Accueil\",\"item\":\"https:\/\/librairie7l.com\/en\/\"},{\"@type\":\"ListItem\",\"position\":2,\"name\":\"Shop\",\"item\":\"https:\/\/librairie7l.com\/en\/shop\/\"},{\"@type\":\"ListItem\",\"position\":3,\"name\":\"GISELE BUTHOD-GAR\u00c7ON ; LA TERRE, SIMPLEMENT\"}]},{\"@type\":\"WebSite\",\"@id\":\"https:\/\/librairie7l.com\/en\/#website\",\"url\":\"https:\/\/librairie7l.com\/en\/\",\"name\":\"Librairie 7L\",\"description\":\"Librairie fond\u00e9e en 1999 par Karl Lagerfeld \u00e0 Paris\",\"publisher\":{\"@id\":\"https:\/\/librairie7l.com\/en\/#organization\"},\"potentialAction\":[{\"@type\":\"SearchAction\",\"target\":{\"@type\":\"EntryPoint\",\"urlTemplate\":\"https:\/\/librairie7l.com\/en\/?s={search_term_string}\"},\"query-input\":\"required name=search_term_string\"}],\"inLanguage\":\"en-US\"},{\"@type\":\"Organization\",\"@id\":\"https:\/\/librairie7l.com\/en\/#organization\",\"name\":\"Librairie 7L\",\"url\":\"https:\/\/librairie7l.com\/en\/\",\"logo\":{\"@type\":\"ImageObject\",\"inLanguage\":\"en-US\",\"@id\":\"https:\/\/librairie7l.com\/en\/#\/schema\/logo\/image\/\",\"url\":\"https:\/\/librairie7l.com\/wp-content\/uploads\/2022\/08\/logo-1.png\",\"contentUrl\":\"https:\/\/librairie7l.com\/wp-content\/uploads\/2022\/08\/logo-1.png\",\"width\":227,\"height\":301,\"caption\":\"Librairie 7L\"},\"image\":{\"@id\":\"https:\/\/librairie7l.com\/en\/#\/schema\/logo\/image\/\"}}]}<\/script>\n<!-- \/ Yoast SEO plugin. -->","yoast_head_json":{"title":"GISELE BUTHOD-GAR\u00c7ON ; LA TERRE, SIMPLEMENT - Librairie 7L","robots":{"index":"index","follow":"follow","max-snippet":"max-snippet:-1","max-image-preview":"max-image-preview:large","max-video-preview":"max-video-preview:-1"},"canonical":"https:\/\/librairie7l.com\/en\/produit\/gisele-buthod-garcon-la-terre-simplement\/","og_locale":"en_US","og_type":"article","og_title":"GISELE BUTHOD-GAR\u00c7ON ; LA TERRE, SIMPLEMENT - Librairie 7L","og_description":"Fran\u00e7aise, domicili\u00e9e en terre occitane, Gis\u00e8le Buthod-Gar\u00e7on se d\u00e9couvre une passion pour la mati\u00e8re terre en 1979, \u00e0 son retour du S\u00e9n\u00e9gal. Ce qui l&#8217;attire, c&#8217;est cet aspect cru qu&#8217;a la terre, la vivacit\u00e9 br\u00fblante qu&#8217;elle offre et son aspect charnel. D\u00e8s lors qu&#8217;elle adopte la c\u00e9ramique et se lance comme professionnelle, en 1982, elle [&hellip;]","og_url":"https:\/\/librairie7l.com\/en\/produit\/gisele-buthod-garcon-la-terre-simplement\/","og_site_name":"Librairie 7L","article_modified_time":"2026-04-16T21:05:54+00:00","og_image":[{"width":600,"height":770,"url":"https:\/\/librairie7l.com\/wp-content\/uploads\/2018\/09\/9782930451251_1_75.jpg","type":"image\/jpeg"}],"twitter_card":"summary_large_image","twitter_misc":{"Est. reading time":"1 minute"},"schema":{"@context":"https:\/\/schema.org","@graph":[{"@type":"WebPage","@id":"https:\/\/librairie7l.com\/en\/produit\/gisele-buthod-garcon-la-terre-simplement\/","url":"https:\/\/librairie7l.com\/en\/produit\/gisele-buthod-garcon-la-terre-simplement\/","name":"GISELE BUTHOD-GAR\u00c7ON ; LA TERRE, SIMPLEMENT - Librairie 7L","isPartOf":{"@id":"https:\/\/librairie7l.com\/en\/#website"},"datePublished":"2023-05-09T16:13:11+00:00","dateModified":"2026-04-16T21:05:54+00:00","breadcrumb":{"@id":"https:\/\/librairie7l.com\/en\/produit\/gisele-buthod-garcon-la-terre-simplement\/#breadcrumb"},"inLanguage":"en-US","potentialAction":[{"@type":"ReadAction","target":["https:\/\/librairie7l.com\/en\/produit\/gisele-buthod-garcon-la-terre-simplement\/"]}]},{"@type":"BreadcrumbList","@id":"https:\/\/librairie7l.com\/en\/produit\/gisele-buthod-garcon-la-terre-simplement\/#breadcrumb","itemListElement":[{"@type":"ListItem","position":1,"name":"Accueil","item":"https:\/\/librairie7l.com\/en\/"},{"@type":"ListItem","position":2,"name":"Shop","item":"https:\/\/librairie7l.com\/en\/shop\/"},{"@type":"ListItem","position":3,"name":"GISELE BUTHOD-GAR\u00c7ON ; LA TERRE, SIMPLEMENT"}]},{"@type":"WebSite","@id":"https:\/\/librairie7l.com\/en\/#website","url":"https:\/\/librairie7l.com\/en\/","name":"Librairie 7L","description":"Librairie fond\u00e9e en 1999 par Karl Lagerfeld \u00e0 Paris","publisher":{"@id":"https:\/\/librairie7l.com\/en\/#organization"},"potentialAction":[{"@type":"SearchAction","target":{"@type":"EntryPoint","urlTemplate":"https:\/\/librairie7l.com\/en\/?s={search_term_string}"},"query-input":"required name=search_term_string"}],"inLanguage":"en-US"},{"@type":"Organization","@id":"https:\/\/librairie7l.com\/en\/#organization","name":"Librairie 7L","url":"https:\/\/librairie7l.com\/en\/","logo":{"@type":"ImageObject","inLanguage":"en-US","@id":"https:\/\/librairie7l.com\/en\/#\/schema\/logo\/image\/","url":"https:\/\/librairie7l.com\/wp-content\/uploads\/2022\/08\/logo-1.png","contentUrl":"https:\/\/librairie7l.com\/wp-content\/uploads\/2022\/08\/logo-1.png","width":227,"height":301,"caption":"Librairie 7L"},"image":{"@id":"https:\/\/librairie7l.com\/en\/#\/schema\/logo\/image\/"}}]}},"_links":{"self":[{"href":"https:\/\/librairie7l.com\/en\/wp-json\/wp\/v2\/product\/20507"}],"collection":[{"href":"https:\/\/librairie7l.com\/en\/wp-json\/wp\/v2\/product"}],"about":[{"href":"https:\/\/librairie7l.com\/en\/wp-json\/wp\/v2\/types\/product"}],"wp:featuredmedia":[{"embeddable":true,"href":"https:\/\/librairie7l.com\/en\/wp-json\/wp\/v2\/media\/20505"}],"wp:attachment":[{"href":"https:\/\/librairie7l.com\/en\/wp-json\/wp\/v2\/media?parent=20507"}],"wp:term":[{"taxonomy":"product_cat","embeddable":true,"href":"https:\/\/librairie7l.com\/en\/wp-json\/wp\/v2\/product_cat?post=20507"},{"taxonomy":"product_tag","embeddable":true,"href":"https:\/\/librairie7l.com\/en\/wp-json\/wp\/v2\/product_tag?post=20507"}],"curies":[{"name":"wp","href":"https:\/\/api.w.org\/{rel}","templated":true}]}}