{"id":20519,"date":"2023-05-09T18:13:21","date_gmt":"2023-05-09T16:13:21","guid":{"rendered":"https:\/\/librairie7l.com\/?post_type=product&#038;p=20519"},"modified":"2026-04-06T18:28:03","modified_gmt":"2026-04-06T16:28:03","slug":"dor-palais-royaux-du-portugal","status":"publish","type":"product","link":"https:\/\/librairie7l.com\/en\/produit\/dor-palais-royaux-du-portugal\/","title":{"rendered":"D&#8217;OR &AMP; D&#8217;AZULEJOS ; PALAIS ROYAUX DU PORTUGAL"},"content":{"rendered":"<p>R\u00e9alis\u00e9 par Swan \u00e9diteur en \u00e9troite collaboration avec l&#8217;institution Parqu\u00e9s de Sintra  &#8211; qui r\u00e9unit les palais nationaux de Sintra, Queluz et Pena -, avec les directeurs des palais nationaux de Mafra et d&#8217;Ajuda et la directrice du palais royal de Vila Vi\u00e7osa, ce tr\u00e8s bel ouvrage est le premier \u00e0 r\u00e9unir l&#8217;ensemble des palais royaux du Portugal. <\/p>\n<p>Du vieux palacio de Sintra, singulier m\u00e9lange d&#8217;architectures mauresque et manu\u00e9line, r\u00e9sidence d&#8217;\u00e9t\u00e9 de la famille royale portugaise d\u00e8s le XIIe si\u00e8cle, \u00e0 l&#8217;\u00e9l\u00e9gante sobri\u00e9t\u00e9 n\u00e9oclassique d&#8217;Ajuda, les palais royaux du Portugal rec\u00e8lent des tr\u00e9sors insoup\u00e7onn\u00e9s qui \u00e9crivent dans le marbre, la c\u00e9ramique et l&#8217;or la tumultueuse \u00e9pop\u00e9e de leur pays. <\/p>\n<p>Les auteurs &#8211; conservateurs, historiens, architectes, tous \u00e9minents sp\u00e9cialistes  du sujet &#8211; et le photographe Marc Walter ont uni leurs talents pour offrir aux amateurs  d&#8217;art et d&#8217;histoire une promenade culturelle et artistique, historiquement document\u00e9e et somptueusement illustr\u00e9e, au coeur de cet univers polychrome qui fait la sp\u00e9cificit\u00e9 des palais royaux du Portugal. <\/p>\n<p>Environ 400 illustrations en couleurs.<br \/>\nReli\u00e9 plein papier pellicul\u00e9, fer \u00e0 dorer.<br \/>\nSous \u00e9tui rigide illustr\u00e9.<br \/>\nTirage limit\u00e9 \u00e0 1 500 exemplaires.<\/p>\n","protected":false},"excerpt":{"rendered":"<p>R\u00e9alis\u00e9 par Swan \u00e9diteur en \u00e9troite collaboration avec l&#8217;institution Parqu\u00e9s de Sintra &#8211; qui r\u00e9unit les palais nationaux de Sintra, Queluz et Pena -, avec les directeurs des palais nationaux de Mafra et d&#8217;Ajuda et la directrice du palais royal de Vila Vi\u00e7osa, ce tr\u00e8s bel ouvrage est le premier \u00e0 r\u00e9unir l&#8217;ensemble des palais [&hellip;]<\/p>\n","protected":false},"featured_media":20517,"template":"","meta":[],"product_cat":[2948,2952],"product_tag":[],"acf":[],"yoast_head":"<!-- This site is optimized with the Yoast SEO plugin v20.11 - https:\/\/yoast.com\/wordpress\/plugins\/seo\/ -->\n<title>D&#039;OR &amp; D&#039;AZULEJOS ; PALAIS ROYAUX DU PORTUGAL - Librairie 7L<\/title>\n<meta name=\"robots\" content=\"index, follow, max-snippet:-1, max-image-preview:large, max-video-preview:-1\" \/>\n<link rel=\"canonical\" href=\"https:\/\/librairie7l.com\/en\/produit\/dor-palais-royaux-du-portugal\/\" \/>\n<meta property=\"og:locale\" content=\"en_US\" \/>\n<meta property=\"og:type\" content=\"article\" \/>\n<meta property=\"og:title\" content=\"D&#039;OR &amp; D&#039;AZULEJOS ; PALAIS ROYAUX DU PORTUGAL - Librairie 7L\" \/>\n<meta property=\"og:description\" content=\"R\u00e9alis\u00e9 par Swan \u00e9diteur en \u00e9troite collaboration avec l&#8217;institution Parqu\u00e9s de Sintra &#8211; qui r\u00e9unit les palais nationaux de Sintra, Queluz et Pena -, avec les directeurs des palais nationaux de Mafra et d&#8217;Ajuda et la directrice du palais royal de Vila Vi\u00e7osa, ce tr\u00e8s bel ouvrage est le premier \u00e0 r\u00e9unir l&#8217;ensemble des palais [&hellip;]\" \/>\n<meta property=\"og:url\" content=\"https:\/\/librairie7l.com\/en\/produit\/dor-palais-royaux-du-portugal\/\" \/>\n<meta property=\"og:site_name\" content=\"Librairie 7L\" \/>\n<meta property=\"article:modified_time\" content=\"2026-04-06T16:28:03+00:00\" \/>\n<meta property=\"og:image\" content=\"https:\/\/librairie7l.com\/wp-content\/uploads\/2018\/11\/9791097529048_1_75.jpg\" \/>\n\t<meta property=\"og:image:width\" content=\"600\" \/>\n\t<meta property=\"og:image:height\" content=\"817\" \/>\n\t<meta property=\"og:image:type\" content=\"image\/jpeg\" \/>\n<meta name=\"twitter:card\" content=\"summary_large_image\" \/>\n<meta name=\"twitter:label1\" content=\"Est. reading time\" \/>\n\t<meta name=\"twitter:data1\" content=\"1 minute\" \/>\n<script type=\"application\/ld+json\" class=\"yoast-schema-graph\">{\"@context\":\"https:\/\/schema.org\",\"@graph\":[{\"@type\":\"WebPage\",\"@id\":\"https:\/\/librairie7l.com\/en\/produit\/dor-palais-royaux-du-portugal\/\",\"url\":\"https:\/\/librairie7l.com\/en\/produit\/dor-palais-royaux-du-portugal\/\",\"name\":\"D'OR &amp; D'AZULEJOS ; PALAIS ROYAUX DU PORTUGAL - Librairie 7L\",\"isPartOf\":{\"@id\":\"https:\/\/librairie7l.com\/en\/#website\"},\"datePublished\":\"2023-05-09T16:13:21+00:00\",\"dateModified\":\"2026-04-06T16:28:03+00:00\",\"breadcrumb\":{\"@id\":\"https:\/\/librairie7l.com\/en\/produit\/dor-palais-royaux-du-portugal\/#breadcrumb\"},\"inLanguage\":\"en-US\",\"potentialAction\":[{\"@type\":\"ReadAction\",\"target\":[\"https:\/\/librairie7l.com\/en\/produit\/dor-palais-royaux-du-portugal\/\"]}]},{\"@type\":\"BreadcrumbList\",\"@id\":\"https:\/\/librairie7l.com\/en\/produit\/dor-palais-royaux-du-portugal\/#breadcrumb\",\"itemListElement\":[{\"@type\":\"ListItem\",\"position\":1,\"name\":\"Accueil\",\"item\":\"https:\/\/librairie7l.com\/en\/\"},{\"@type\":\"ListItem\",\"position\":2,\"name\":\"Shop\",\"item\":\"https:\/\/librairie7l.com\/en\/shop\/\"},{\"@type\":\"ListItem\",\"position\":3,\"name\":\"D&#8217;OR &AMP; D&#8217;AZULEJOS ; PALAIS ROYAUX DU PORTUGAL\"}]},{\"@type\":\"WebSite\",\"@id\":\"https:\/\/librairie7l.com\/en\/#website\",\"url\":\"https:\/\/librairie7l.com\/en\/\",\"name\":\"Librairie 7L\",\"description\":\"Librairie fond\u00e9e en 1999 par Karl Lagerfeld \u00e0 Paris\",\"publisher\":{\"@id\":\"https:\/\/librairie7l.com\/en\/#organization\"},\"potentialAction\":[{\"@type\":\"SearchAction\",\"target\":{\"@type\":\"EntryPoint\",\"urlTemplate\":\"https:\/\/librairie7l.com\/en\/?s={search_term_string}\"},\"query-input\":\"required name=search_term_string\"}],\"inLanguage\":\"en-US\"},{\"@type\":\"Organization\",\"@id\":\"https:\/\/librairie7l.com\/en\/#organization\",\"name\":\"Librairie 7L\",\"url\":\"https:\/\/librairie7l.com\/en\/\",\"logo\":{\"@type\":\"ImageObject\",\"inLanguage\":\"en-US\",\"@id\":\"https:\/\/librairie7l.com\/en\/#\/schema\/logo\/image\/\",\"url\":\"https:\/\/librairie7l.com\/wp-content\/uploads\/2022\/08\/logo-1.png\",\"contentUrl\":\"https:\/\/librairie7l.com\/wp-content\/uploads\/2022\/08\/logo-1.png\",\"width\":227,\"height\":301,\"caption\":\"Librairie 7L\"},\"image\":{\"@id\":\"https:\/\/librairie7l.com\/en\/#\/schema\/logo\/image\/\"}}]}<\/script>\n<!-- \/ Yoast SEO plugin. -->","yoast_head_json":{"title":"D'OR &amp; D'AZULEJOS ; PALAIS ROYAUX DU PORTUGAL - Librairie 7L","robots":{"index":"index","follow":"follow","max-snippet":"max-snippet:-1","max-image-preview":"max-image-preview:large","max-video-preview":"max-video-preview:-1"},"canonical":"https:\/\/librairie7l.com\/en\/produit\/dor-palais-royaux-du-portugal\/","og_locale":"en_US","og_type":"article","og_title":"D'OR &amp; D'AZULEJOS ; PALAIS ROYAUX DU PORTUGAL - Librairie 7L","og_description":"R\u00e9alis\u00e9 par Swan \u00e9diteur en \u00e9troite collaboration avec l&#8217;institution Parqu\u00e9s de Sintra &#8211; qui r\u00e9unit les palais nationaux de Sintra, Queluz et Pena -, avec les directeurs des palais nationaux de Mafra et d&#8217;Ajuda et la directrice du palais royal de Vila Vi\u00e7osa, ce tr\u00e8s bel ouvrage est le premier \u00e0 r\u00e9unir l&#8217;ensemble des palais [&hellip;]","og_url":"https:\/\/librairie7l.com\/en\/produit\/dor-palais-royaux-du-portugal\/","og_site_name":"Librairie 7L","article_modified_time":"2026-04-06T16:28:03+00:00","og_image":[{"width":600,"height":817,"url":"https:\/\/librairie7l.com\/wp-content\/uploads\/2018\/11\/9791097529048_1_75.jpg","type":"image\/jpeg"}],"twitter_card":"summary_large_image","twitter_misc":{"Est. reading time":"1 minute"},"schema":{"@context":"https:\/\/schema.org","@graph":[{"@type":"WebPage","@id":"https:\/\/librairie7l.com\/en\/produit\/dor-palais-royaux-du-portugal\/","url":"https:\/\/librairie7l.com\/en\/produit\/dor-palais-royaux-du-portugal\/","name":"D'OR &amp; D'AZULEJOS ; PALAIS ROYAUX DU PORTUGAL - Librairie 7L","isPartOf":{"@id":"https:\/\/librairie7l.com\/en\/#website"},"datePublished":"2023-05-09T16:13:21+00:00","dateModified":"2026-04-06T16:28:03+00:00","breadcrumb":{"@id":"https:\/\/librairie7l.com\/en\/produit\/dor-palais-royaux-du-portugal\/#breadcrumb"},"inLanguage":"en-US","potentialAction":[{"@type":"ReadAction","target":["https:\/\/librairie7l.com\/en\/produit\/dor-palais-royaux-du-portugal\/"]}]},{"@type":"BreadcrumbList","@id":"https:\/\/librairie7l.com\/en\/produit\/dor-palais-royaux-du-portugal\/#breadcrumb","itemListElement":[{"@type":"ListItem","position":1,"name":"Accueil","item":"https:\/\/librairie7l.com\/en\/"},{"@type":"ListItem","position":2,"name":"Shop","item":"https:\/\/librairie7l.com\/en\/shop\/"},{"@type":"ListItem","position":3,"name":"D&#8217;OR &AMP; D&#8217;AZULEJOS ; PALAIS ROYAUX DU PORTUGAL"}]},{"@type":"WebSite","@id":"https:\/\/librairie7l.com\/en\/#website","url":"https:\/\/librairie7l.com\/en\/","name":"Librairie 7L","description":"Librairie fond\u00e9e en 1999 par Karl Lagerfeld \u00e0 Paris","publisher":{"@id":"https:\/\/librairie7l.com\/en\/#organization"},"potentialAction":[{"@type":"SearchAction","target":{"@type":"EntryPoint","urlTemplate":"https:\/\/librairie7l.com\/en\/?s={search_term_string}"},"query-input":"required name=search_term_string"}],"inLanguage":"en-US"},{"@type":"Organization","@id":"https:\/\/librairie7l.com\/en\/#organization","name":"Librairie 7L","url":"https:\/\/librairie7l.com\/en\/","logo":{"@type":"ImageObject","inLanguage":"en-US","@id":"https:\/\/librairie7l.com\/en\/#\/schema\/logo\/image\/","url":"https:\/\/librairie7l.com\/wp-content\/uploads\/2022\/08\/logo-1.png","contentUrl":"https:\/\/librairie7l.com\/wp-content\/uploads\/2022\/08\/logo-1.png","width":227,"height":301,"caption":"Librairie 7L"},"image":{"@id":"https:\/\/librairie7l.com\/en\/#\/schema\/logo\/image\/"}}]}},"_links":{"self":[{"href":"https:\/\/librairie7l.com\/en\/wp-json\/wp\/v2\/product\/20519"}],"collection":[{"href":"https:\/\/librairie7l.com\/en\/wp-json\/wp\/v2\/product"}],"about":[{"href":"https:\/\/librairie7l.com\/en\/wp-json\/wp\/v2\/types\/product"}],"wp:featuredmedia":[{"embeddable":true,"href":"https:\/\/librairie7l.com\/en\/wp-json\/wp\/v2\/media\/20517"}],"wp:attachment":[{"href":"https:\/\/librairie7l.com\/en\/wp-json\/wp\/v2\/media?parent=20519"}],"wp:term":[{"taxonomy":"product_cat","embeddable":true,"href":"https:\/\/librairie7l.com\/en\/wp-json\/wp\/v2\/product_cat?post=20519"},{"taxonomy":"product_tag","embeddable":true,"href":"https:\/\/librairie7l.com\/en\/wp-json\/wp\/v2\/product_tag?post=20519"}],"curies":[{"name":"wp","href":"https:\/\/api.w.org\/{rel}","templated":true}]}}