{"id":20539,"date":"2023-05-09T18:13:38","date_gmt":"2023-05-09T16:13:38","guid":{"rendered":"https:\/\/librairie7l.com\/?post_type=product&#038;p=20539"},"modified":"2026-04-18T17:06:46","modified_gmt":"2026-04-18T15:06:46","slug":"le-gout-du-cinema","status":"publish","type":"product","link":"https:\/\/librairie7l.com\/en\/produit\/le-gout-du-cinema\/","title":{"rendered":"LE GO\u00dbT DU CIN\u00c9MA"},"content":{"rendered":"<p>\u00c0 Cannes, Pierre et Gilles, l&#8217;un des duos les plus populaires en France depuis plus de trente ans, invente une exposition et une sce\u00b4nographie a` partir de tableaux lie\u00b4s au cine\u00b4ma, passion commune aux artistes et la ville qui accueille chaque anne\u00b4e son ce\u00b4le`bre festival. Pierre et Gilles pre\u00b4sentent un ensemble d&#8217;oeuvres mettant en sce`ne actrices et acteurs ayant pose\u00b4 pour eux, des compositions et des proce\u00b4de\u00b4s visuels qui rappellent ceux du 7e art comme des oeuvres re\u00b4alise\u00b4es spe\u00b4cialement pour l&#8217;e\u00b4ve\u00b4nement.<br \/>\nPour Pierre et Gilles, le cine\u00b4ma a le gou^t de l&#8217;enfance et de l&#8217;horizon. Il permet de s&#8217;e\u00b4vader d&#8217;une vie encore trop petite pour des enfants e\u00b4pris de voyages inte\u00b4rieurs lointains. Cette passion intime des premie`res lueurs ne les abandonnera jamais et accompagne leur oeuvre depuis. Pierre et Gilles ont invente\u00b4 une extraordinaire galerie de personnages, un tourbillon de he\u00b4ros, de destins et de regards qui ont partie lie\u00b4e avec le grand e\u00b4cran.<\/p>\n<p>Le catalogue d&#8217;exposition Le Go\u00fbt du cin\u00e9ma de Pierre et Gilles au Centre d&#8217;art La Malmaison \u00e0 Cannes du 12 d\u00e9cembre 2019 au 26 avril 2020.<\/p>\n","protected":false},"excerpt":{"rendered":"<p>\u00c0 Cannes, Pierre et Gilles, l&#8217;un des duos les plus populaires en France depuis plus de trente ans, invente une exposition et une sce\u00b4nographie a` partir de tableaux lie\u00b4s au cine\u00b4ma, passion commune aux artistes et la ville qui accueille chaque anne\u00b4e son ce\u00b4le`bre festival. Pierre et Gilles pre\u00b4sentent un ensemble d&#8217;oeuvres mettant en sce`ne [&hellip;]<\/p>\n","protected":false},"featured_media":20537,"template":"","meta":[],"product_cat":[2948,2958],"product_tag":[],"acf":[],"yoast_head":"<!-- This site is optimized with the Yoast SEO plugin v20.11 - https:\/\/yoast.com\/wordpress\/plugins\/seo\/ -->\n<title>LE GO\u00dbT DU CIN\u00c9MA - Librairie 7L<\/title>\n<meta name=\"robots\" content=\"index, follow, max-snippet:-1, max-image-preview:large, max-video-preview:-1\" \/>\n<link rel=\"canonical\" href=\"https:\/\/librairie7l.com\/en\/produit\/le-gout-du-cinema\/\" \/>\n<meta property=\"og:locale\" content=\"en_US\" \/>\n<meta property=\"og:type\" content=\"article\" \/>\n<meta property=\"og:title\" content=\"LE GO\u00dbT DU CIN\u00c9MA - Librairie 7L\" \/>\n<meta property=\"og:description\" content=\"\u00c0 Cannes, Pierre et Gilles, l&#8217;un des duos les plus populaires en France depuis plus de trente ans, invente une exposition et une sce\u00b4nographie a` partir de tableaux lie\u00b4s au cine\u00b4ma, passion commune aux artistes et la ville qui accueille chaque anne\u00b4e son ce\u00b4le`bre festival. Pierre et Gilles pre\u00b4sentent un ensemble d&#8217;oeuvres mettant en sce`ne [&hellip;]\" \/>\n<meta property=\"og:url\" content=\"https:\/\/librairie7l.com\/en\/produit\/le-gout-du-cinema\/\" \/>\n<meta property=\"og:site_name\" content=\"Librairie 7L\" \/>\n<meta property=\"article:modified_time\" content=\"2026-04-18T15:06:46+00:00\" \/>\n<meta property=\"og:image\" content=\"https:\/\/librairie7l.com\/wp-content\/uploads\/2019\/12\/9782363062802_1_75.jpg\" \/>\n\t<meta property=\"og:image:width\" content=\"600\" \/>\n\t<meta property=\"og:image:height\" content=\"600\" \/>\n\t<meta property=\"og:image:type\" content=\"image\/jpeg\" \/>\n<meta name=\"twitter:card\" content=\"summary_large_image\" \/>\n<meta name=\"twitter:label1\" content=\"Est. reading time\" \/>\n\t<meta name=\"twitter:data1\" content=\"1 minute\" \/>\n<script type=\"application\/ld+json\" class=\"yoast-schema-graph\">{\"@context\":\"https:\/\/schema.org\",\"@graph\":[{\"@type\":\"WebPage\",\"@id\":\"https:\/\/librairie7l.com\/en\/produit\/le-gout-du-cinema\/\",\"url\":\"https:\/\/librairie7l.com\/en\/produit\/le-gout-du-cinema\/\",\"name\":\"LE GO\u00dbT DU CIN\u00c9MA - Librairie 7L\",\"isPartOf\":{\"@id\":\"https:\/\/librairie7l.com\/en\/#website\"},\"datePublished\":\"2023-05-09T16:13:38+00:00\",\"dateModified\":\"2026-04-18T15:06:46+00:00\",\"breadcrumb\":{\"@id\":\"https:\/\/librairie7l.com\/en\/produit\/le-gout-du-cinema\/#breadcrumb\"},\"inLanguage\":\"en-US\",\"potentialAction\":[{\"@type\":\"ReadAction\",\"target\":[\"https:\/\/librairie7l.com\/en\/produit\/le-gout-du-cinema\/\"]}]},{\"@type\":\"BreadcrumbList\",\"@id\":\"https:\/\/librairie7l.com\/en\/produit\/le-gout-du-cinema\/#breadcrumb\",\"itemListElement\":[{\"@type\":\"ListItem\",\"position\":1,\"name\":\"Accueil\",\"item\":\"https:\/\/librairie7l.com\/en\/\"},{\"@type\":\"ListItem\",\"position\":2,\"name\":\"Shop\",\"item\":\"https:\/\/librairie7l.com\/en\/shop\/\"},{\"@type\":\"ListItem\",\"position\":3,\"name\":\"LE GO\u00dbT DU CIN\u00c9MA\"}]},{\"@type\":\"WebSite\",\"@id\":\"https:\/\/librairie7l.com\/en\/#website\",\"url\":\"https:\/\/librairie7l.com\/en\/\",\"name\":\"Librairie 7L\",\"description\":\"Librairie fond\u00e9e en 1999 par Karl Lagerfeld \u00e0 Paris\",\"publisher\":{\"@id\":\"https:\/\/librairie7l.com\/en\/#organization\"},\"potentialAction\":[{\"@type\":\"SearchAction\",\"target\":{\"@type\":\"EntryPoint\",\"urlTemplate\":\"https:\/\/librairie7l.com\/en\/?s={search_term_string}\"},\"query-input\":\"required name=search_term_string\"}],\"inLanguage\":\"en-US\"},{\"@type\":\"Organization\",\"@id\":\"https:\/\/librairie7l.com\/en\/#organization\",\"name\":\"Librairie 7L\",\"url\":\"https:\/\/librairie7l.com\/en\/\",\"logo\":{\"@type\":\"ImageObject\",\"inLanguage\":\"en-US\",\"@id\":\"https:\/\/librairie7l.com\/en\/#\/schema\/logo\/image\/\",\"url\":\"https:\/\/librairie7l.com\/wp-content\/uploads\/2022\/08\/logo-1.png\",\"contentUrl\":\"https:\/\/librairie7l.com\/wp-content\/uploads\/2022\/08\/logo-1.png\",\"width\":227,\"height\":301,\"caption\":\"Librairie 7L\"},\"image\":{\"@id\":\"https:\/\/librairie7l.com\/en\/#\/schema\/logo\/image\/\"}}]}<\/script>\n<!-- \/ Yoast SEO plugin. -->","yoast_head_json":{"title":"LE GO\u00dbT DU CIN\u00c9MA - Librairie 7L","robots":{"index":"index","follow":"follow","max-snippet":"max-snippet:-1","max-image-preview":"max-image-preview:large","max-video-preview":"max-video-preview:-1"},"canonical":"https:\/\/librairie7l.com\/en\/produit\/le-gout-du-cinema\/","og_locale":"en_US","og_type":"article","og_title":"LE GO\u00dbT DU CIN\u00c9MA - Librairie 7L","og_description":"\u00c0 Cannes, Pierre et Gilles, l&#8217;un des duos les plus populaires en France depuis plus de trente ans, invente une exposition et une sce\u00b4nographie a` partir de tableaux lie\u00b4s au cine\u00b4ma, passion commune aux artistes et la ville qui accueille chaque anne\u00b4e son ce\u00b4le`bre festival. Pierre et Gilles pre\u00b4sentent un ensemble d&#8217;oeuvres mettant en sce`ne [&hellip;]","og_url":"https:\/\/librairie7l.com\/en\/produit\/le-gout-du-cinema\/","og_site_name":"Librairie 7L","article_modified_time":"2026-04-18T15:06:46+00:00","og_image":[{"width":600,"height":600,"url":"https:\/\/librairie7l.com\/wp-content\/uploads\/2019\/12\/9782363062802_1_75.jpg","type":"image\/jpeg"}],"twitter_card":"summary_large_image","twitter_misc":{"Est. reading time":"1 minute"},"schema":{"@context":"https:\/\/schema.org","@graph":[{"@type":"WebPage","@id":"https:\/\/librairie7l.com\/en\/produit\/le-gout-du-cinema\/","url":"https:\/\/librairie7l.com\/en\/produit\/le-gout-du-cinema\/","name":"LE GO\u00dbT DU CIN\u00c9MA - Librairie 7L","isPartOf":{"@id":"https:\/\/librairie7l.com\/en\/#website"},"datePublished":"2023-05-09T16:13:38+00:00","dateModified":"2026-04-18T15:06:46+00:00","breadcrumb":{"@id":"https:\/\/librairie7l.com\/en\/produit\/le-gout-du-cinema\/#breadcrumb"},"inLanguage":"en-US","potentialAction":[{"@type":"ReadAction","target":["https:\/\/librairie7l.com\/en\/produit\/le-gout-du-cinema\/"]}]},{"@type":"BreadcrumbList","@id":"https:\/\/librairie7l.com\/en\/produit\/le-gout-du-cinema\/#breadcrumb","itemListElement":[{"@type":"ListItem","position":1,"name":"Accueil","item":"https:\/\/librairie7l.com\/en\/"},{"@type":"ListItem","position":2,"name":"Shop","item":"https:\/\/librairie7l.com\/en\/shop\/"},{"@type":"ListItem","position":3,"name":"LE GO\u00dbT DU CIN\u00c9MA"}]},{"@type":"WebSite","@id":"https:\/\/librairie7l.com\/en\/#website","url":"https:\/\/librairie7l.com\/en\/","name":"Librairie 7L","description":"Librairie fond\u00e9e en 1999 par Karl Lagerfeld \u00e0 Paris","publisher":{"@id":"https:\/\/librairie7l.com\/en\/#organization"},"potentialAction":[{"@type":"SearchAction","target":{"@type":"EntryPoint","urlTemplate":"https:\/\/librairie7l.com\/en\/?s={search_term_string}"},"query-input":"required name=search_term_string"}],"inLanguage":"en-US"},{"@type":"Organization","@id":"https:\/\/librairie7l.com\/en\/#organization","name":"Librairie 7L","url":"https:\/\/librairie7l.com\/en\/","logo":{"@type":"ImageObject","inLanguage":"en-US","@id":"https:\/\/librairie7l.com\/en\/#\/schema\/logo\/image\/","url":"https:\/\/librairie7l.com\/wp-content\/uploads\/2022\/08\/logo-1.png","contentUrl":"https:\/\/librairie7l.com\/wp-content\/uploads\/2022\/08\/logo-1.png","width":227,"height":301,"caption":"Librairie 7L"},"image":{"@id":"https:\/\/librairie7l.com\/en\/#\/schema\/logo\/image\/"}}]}},"_links":{"self":[{"href":"https:\/\/librairie7l.com\/en\/wp-json\/wp\/v2\/product\/20539"}],"collection":[{"href":"https:\/\/librairie7l.com\/en\/wp-json\/wp\/v2\/product"}],"about":[{"href":"https:\/\/librairie7l.com\/en\/wp-json\/wp\/v2\/types\/product"}],"wp:featuredmedia":[{"embeddable":true,"href":"https:\/\/librairie7l.com\/en\/wp-json\/wp\/v2\/media\/20537"}],"wp:attachment":[{"href":"https:\/\/librairie7l.com\/en\/wp-json\/wp\/v2\/media?parent=20539"}],"wp:term":[{"taxonomy":"product_cat","embeddable":true,"href":"https:\/\/librairie7l.com\/en\/wp-json\/wp\/v2\/product_cat?post=20539"},{"taxonomy":"product_tag","embeddable":true,"href":"https:\/\/librairie7l.com\/en\/wp-json\/wp\/v2\/product_tag?post=20539"}],"curies":[{"name":"wp","href":"https:\/\/api.w.org\/{rel}","templated":true}]}}