{"id":20595,"date":"2023-05-09T18:14:23","date_gmt":"2023-05-09T16:14:23","guid":{"rendered":"https:\/\/librairie7l.com\/?post_type=product&#038;p=20595"},"modified":"2026-04-30T09:45:29","modified_gmt":"2026-04-30T07:45:29","slug":"lurcat-intime-oeuvres-sur-papier","status":"publish","type":"product","link":"https:\/\/librairie7l.com\/en\/produit\/lurcat-intime-oeuvres-sur-papier\/","title":{"rendered":"LURCAT INTIME : OEUVRES SUR PAPIER"},"content":{"rendered":"<p>\u00ab J&#8217;use de crayons Gilbert n\u00b0 6, de Cont\u00e9 dessin n\u00b0 0 pour les noirs et les gris secs&#8230; J&#8217;ai dessin\u00e9 \u00e0 l&#8217;encre de Chine et \u00e0 la plume un paysage tir\u00e9 de ma peinture de Sceaux&#8230; Pour les aquarelles toujours le m\u00eame sentiment de g\u00eane. Impossibilit\u00e9 de s\u00e9rieuse r\u00e9alisation. J&#8217;use du blanc tir\u00e9 du papier et j&#8217;aur\u00e9ole mes personnages de la cha\u00eene des passages qui les relient \u00e0 l&#8217;espace. J&#8217;obtiens des peintures fort claires parfois dans certains morceaux solides, rarement d&#8217;unit\u00e9. C&#8217;est un instrument de recherche et cela ne va pas plus loin \u00bb (Jean Lur\u00e7at, 1916) \u00ab Depuis la r\u00e9trospective qui lui a \u00e9t\u00e9 consacr\u00e9e aux Gobelins en 2016 et qui l&#8217;a fait d\u00e9couvrir au grand public, on connaissait surtout Jean Lur\u00e7at pour ses tapisseries et ses peintures expressives et color\u00e9es. Mais cet artiste incroyablement \u00e9clectique ma\u00eetrisait de nombreuses techniques ; il \u00e9tait peintre, lissier, graveur, calligraphe, lithographe, c\u00e9ramiste et dessinateur&#8230; L&#8217;ouvrage que nous lui consacrons r\u00e9v\u00e8le un visage in\u00e9dit de Lur\u00e7at. \u00c0 l&#8217;exception de ses ann\u00e9es de jeunesse, il n&#8217;y a pas eu d&#8217;exposition consacr\u00e9e uniquement \u00e0 ses oeuvres sur papier. Il en demeure pourtant plus d&#8217;un millier conserv\u00e9 dans la maison de l&#8217;artiste. Nous proposons ici un voyage libre \u00e0 travers des oeuvres qui, pour beaucoup d&#8217;entre elles, n&#8217;ont jamais \u00e9t\u00e9 montr\u00e9es. Ce fonds exceptionnel, cet aspect de son talent constituent une v\u00e9ritable d\u00e9couverte po\u00e9tique&#8230; Lur\u00e7at fr\u00e9quentait le Tout-Montparnasse des ann\u00e9es 1920 ; ces tourbillons d&#8217;id\u00e9es, ce fourmillement de couleurs illustrent \u00e0 la fois l&#8217;\u00e9poque dont il est le t\u00e9moin et sa flamboyante cr\u00e9ativit\u00e9. Au croisement des arts plastiques avec lesquels il flirtait, on retrouve dans cet ensemble de dessins choisis au fil de sa carri\u00e8re l&#8217;unit\u00e9 d&#8217;un artiste engag\u00e9 dans son temps.<br \/>\nJean Lur\u00e7at avait \u00e9t\u00e9 \u00e9lu membre de notre Compagnie en 1964, Simone Lur\u00e7at s&#8217;est donc tout naturellement adress\u00e9e \u00e0 l&#8217;Acad\u00e9mie des beaux-arts de l&#8217;Institut de France pour conserver sa maison-atelier, le mobilier et les oeuvres qui s&#8217;y trouvent, afin d&#8217;ouvrir au public cette belle endormie construite par son fr\u00e8re, l&#8217;architecte Andr\u00e9 Lur\u00e7at. Savourons cette occasion rare de p\u00e9n\u00e9trer plus avant dans la cr\u00e9ation d&#8217;un artiste foisonnant du xxe si\u00e8cle, avant de le retrouver dans l&#8217;univers de son atelier de la Villa Seurat \u00bb (Jean-Michel Wilmotte, Membre de l&#8217;Acad\u00e9mie des beaux-arts, Directeur de la maison-atelier Lur\u00e7at)<\/p>\n","protected":false},"excerpt":{"rendered":"<p>\u00ab J&#8217;use de crayons Gilbert n\u00b0 6, de Cont\u00e9 dessin n\u00b0 0 pour les noirs et les gris secs&#8230; J&#8217;ai dessin\u00e9 \u00e0 l&#8217;encre de Chine et \u00e0 la plume un paysage tir\u00e9 de ma peinture de Sceaux&#8230; Pour les aquarelles toujours le m\u00eame sentiment de g\u00eane. Impossibilit\u00e9 de s\u00e9rieuse r\u00e9alisation. J&#8217;use du blanc tir\u00e9 du [&hellip;]<\/p>\n","protected":false},"featured_media":20593,"template":"","meta":[],"product_cat":[2948,2953],"product_tag":[],"acf":[],"yoast_head":"<!-- This site is optimized with the Yoast SEO plugin v20.11 - https:\/\/yoast.com\/wordpress\/plugins\/seo\/ -->\n<title>LURCAT INTIME : OEUVRES SUR PAPIER - Librairie 7L<\/title>\n<meta name=\"robots\" content=\"index, follow, max-snippet:-1, max-image-preview:large, max-video-preview:-1\" \/>\n<link rel=\"canonical\" href=\"https:\/\/librairie7l.com\/en\/produit\/lurcat-intime-oeuvres-sur-papier\/\" \/>\n<meta property=\"og:locale\" content=\"en_US\" \/>\n<meta property=\"og:type\" content=\"article\" \/>\n<meta property=\"og:title\" content=\"LURCAT INTIME : OEUVRES SUR PAPIER - Librairie 7L\" \/>\n<meta property=\"og:description\" content=\"\u00ab J&#8217;use de crayons Gilbert n\u00b0 6, de Cont\u00e9 dessin n\u00b0 0 pour les noirs et les gris secs&#8230; J&#8217;ai dessin\u00e9 \u00e0 l&#8217;encre de Chine et \u00e0 la plume un paysage tir\u00e9 de ma peinture de Sceaux&#8230; Pour les aquarelles toujours le m\u00eame sentiment de g\u00eane. Impossibilit\u00e9 de s\u00e9rieuse r\u00e9alisation. J&#8217;use du blanc tir\u00e9 du [&hellip;]\" \/>\n<meta property=\"og:url\" content=\"https:\/\/librairie7l.com\/en\/produit\/lurcat-intime-oeuvres-sur-papier\/\" \/>\n<meta property=\"og:site_name\" content=\"Librairie 7L\" \/>\n<meta property=\"article:modified_time\" content=\"2026-04-30T07:45:29+00:00\" \/>\n<meta property=\"og:image\" content=\"https:\/\/librairie7l.com\/wp-content\/uploads\/2021\/06\/9782867423048_1_75.jpg\" \/>\n\t<meta property=\"og:image:width\" content=\"600\" \/>\n\t<meta property=\"og:image:height\" content=\"830\" \/>\n\t<meta property=\"og:image:type\" content=\"image\/jpeg\" \/>\n<meta name=\"twitter:card\" content=\"summary_large_image\" \/>\n<meta name=\"twitter:label1\" content=\"Est. reading time\" \/>\n\t<meta name=\"twitter:data1\" content=\"2 minutes\" \/>\n<script type=\"application\/ld+json\" class=\"yoast-schema-graph\">{\"@context\":\"https:\/\/schema.org\",\"@graph\":[{\"@type\":\"WebPage\",\"@id\":\"https:\/\/librairie7l.com\/en\/produit\/lurcat-intime-oeuvres-sur-papier\/\",\"url\":\"https:\/\/librairie7l.com\/en\/produit\/lurcat-intime-oeuvres-sur-papier\/\",\"name\":\"LURCAT INTIME : OEUVRES SUR PAPIER - Librairie 7L\",\"isPartOf\":{\"@id\":\"https:\/\/librairie7l.com\/en\/#website\"},\"datePublished\":\"2023-05-09T16:14:23+00:00\",\"dateModified\":\"2026-04-30T07:45:29+00:00\",\"breadcrumb\":{\"@id\":\"https:\/\/librairie7l.com\/en\/produit\/lurcat-intime-oeuvres-sur-papier\/#breadcrumb\"},\"inLanguage\":\"en-US\",\"potentialAction\":[{\"@type\":\"ReadAction\",\"target\":[\"https:\/\/librairie7l.com\/en\/produit\/lurcat-intime-oeuvres-sur-papier\/\"]}]},{\"@type\":\"BreadcrumbList\",\"@id\":\"https:\/\/librairie7l.com\/en\/produit\/lurcat-intime-oeuvres-sur-papier\/#breadcrumb\",\"itemListElement\":[{\"@type\":\"ListItem\",\"position\":1,\"name\":\"Accueil\",\"item\":\"https:\/\/librairie7l.com\/en\/\"},{\"@type\":\"ListItem\",\"position\":2,\"name\":\"Shop\",\"item\":\"https:\/\/librairie7l.com\/en\/shop\/\"},{\"@type\":\"ListItem\",\"position\":3,\"name\":\"LURCAT INTIME : OEUVRES SUR PAPIER\"}]},{\"@type\":\"WebSite\",\"@id\":\"https:\/\/librairie7l.com\/en\/#website\",\"url\":\"https:\/\/librairie7l.com\/en\/\",\"name\":\"Librairie 7L\",\"description\":\"Librairie fond\u00e9e en 1999 par Karl Lagerfeld \u00e0 Paris\",\"publisher\":{\"@id\":\"https:\/\/librairie7l.com\/en\/#organization\"},\"potentialAction\":[{\"@type\":\"SearchAction\",\"target\":{\"@type\":\"EntryPoint\",\"urlTemplate\":\"https:\/\/librairie7l.com\/en\/?s={search_term_string}\"},\"query-input\":\"required name=search_term_string\"}],\"inLanguage\":\"en-US\"},{\"@type\":\"Organization\",\"@id\":\"https:\/\/librairie7l.com\/en\/#organization\",\"name\":\"Librairie 7L\",\"url\":\"https:\/\/librairie7l.com\/en\/\",\"logo\":{\"@type\":\"ImageObject\",\"inLanguage\":\"en-US\",\"@id\":\"https:\/\/librairie7l.com\/en\/#\/schema\/logo\/image\/\",\"url\":\"https:\/\/librairie7l.com\/wp-content\/uploads\/2022\/08\/logo-1.png\",\"contentUrl\":\"https:\/\/librairie7l.com\/wp-content\/uploads\/2022\/08\/logo-1.png\",\"width\":227,\"height\":301,\"caption\":\"Librairie 7L\"},\"image\":{\"@id\":\"https:\/\/librairie7l.com\/en\/#\/schema\/logo\/image\/\"}}]}<\/script>\n<!-- \/ Yoast SEO plugin. -->","yoast_head_json":{"title":"LURCAT INTIME : OEUVRES SUR PAPIER - Librairie 7L","robots":{"index":"index","follow":"follow","max-snippet":"max-snippet:-1","max-image-preview":"max-image-preview:large","max-video-preview":"max-video-preview:-1"},"canonical":"https:\/\/librairie7l.com\/en\/produit\/lurcat-intime-oeuvres-sur-papier\/","og_locale":"en_US","og_type":"article","og_title":"LURCAT INTIME : OEUVRES SUR PAPIER - Librairie 7L","og_description":"\u00ab J&#8217;use de crayons Gilbert n\u00b0 6, de Cont\u00e9 dessin n\u00b0 0 pour les noirs et les gris secs&#8230; J&#8217;ai dessin\u00e9 \u00e0 l&#8217;encre de Chine et \u00e0 la plume un paysage tir\u00e9 de ma peinture de Sceaux&#8230; Pour les aquarelles toujours le m\u00eame sentiment de g\u00eane. Impossibilit\u00e9 de s\u00e9rieuse r\u00e9alisation. J&#8217;use du blanc tir\u00e9 du [&hellip;]","og_url":"https:\/\/librairie7l.com\/en\/produit\/lurcat-intime-oeuvres-sur-papier\/","og_site_name":"Librairie 7L","article_modified_time":"2026-04-30T07:45:29+00:00","og_image":[{"width":600,"height":830,"url":"https:\/\/librairie7l.com\/wp-content\/uploads\/2021\/06\/9782867423048_1_75.jpg","type":"image\/jpeg"}],"twitter_card":"summary_large_image","twitter_misc":{"Est. reading time":"2 minutes"},"schema":{"@context":"https:\/\/schema.org","@graph":[{"@type":"WebPage","@id":"https:\/\/librairie7l.com\/en\/produit\/lurcat-intime-oeuvres-sur-papier\/","url":"https:\/\/librairie7l.com\/en\/produit\/lurcat-intime-oeuvres-sur-papier\/","name":"LURCAT INTIME : OEUVRES SUR PAPIER - Librairie 7L","isPartOf":{"@id":"https:\/\/librairie7l.com\/en\/#website"},"datePublished":"2023-05-09T16:14:23+00:00","dateModified":"2026-04-30T07:45:29+00:00","breadcrumb":{"@id":"https:\/\/librairie7l.com\/en\/produit\/lurcat-intime-oeuvres-sur-papier\/#breadcrumb"},"inLanguage":"en-US","potentialAction":[{"@type":"ReadAction","target":["https:\/\/librairie7l.com\/en\/produit\/lurcat-intime-oeuvres-sur-papier\/"]}]},{"@type":"BreadcrumbList","@id":"https:\/\/librairie7l.com\/en\/produit\/lurcat-intime-oeuvres-sur-papier\/#breadcrumb","itemListElement":[{"@type":"ListItem","position":1,"name":"Accueil","item":"https:\/\/librairie7l.com\/en\/"},{"@type":"ListItem","position":2,"name":"Shop","item":"https:\/\/librairie7l.com\/en\/shop\/"},{"@type":"ListItem","position":3,"name":"LURCAT INTIME : OEUVRES SUR PAPIER"}]},{"@type":"WebSite","@id":"https:\/\/librairie7l.com\/en\/#website","url":"https:\/\/librairie7l.com\/en\/","name":"Librairie 7L","description":"Librairie fond\u00e9e en 1999 par Karl Lagerfeld \u00e0 Paris","publisher":{"@id":"https:\/\/librairie7l.com\/en\/#organization"},"potentialAction":[{"@type":"SearchAction","target":{"@type":"EntryPoint","urlTemplate":"https:\/\/librairie7l.com\/en\/?s={search_term_string}"},"query-input":"required name=search_term_string"}],"inLanguage":"en-US"},{"@type":"Organization","@id":"https:\/\/librairie7l.com\/en\/#organization","name":"Librairie 7L","url":"https:\/\/librairie7l.com\/en\/","logo":{"@type":"ImageObject","inLanguage":"en-US","@id":"https:\/\/librairie7l.com\/en\/#\/schema\/logo\/image\/","url":"https:\/\/librairie7l.com\/wp-content\/uploads\/2022\/08\/logo-1.png","contentUrl":"https:\/\/librairie7l.com\/wp-content\/uploads\/2022\/08\/logo-1.png","width":227,"height":301,"caption":"Librairie 7L"},"image":{"@id":"https:\/\/librairie7l.com\/en\/#\/schema\/logo\/image\/"}}]}},"_links":{"self":[{"href":"https:\/\/librairie7l.com\/en\/wp-json\/wp\/v2\/product\/20595"}],"collection":[{"href":"https:\/\/librairie7l.com\/en\/wp-json\/wp\/v2\/product"}],"about":[{"href":"https:\/\/librairie7l.com\/en\/wp-json\/wp\/v2\/types\/product"}],"wp:featuredmedia":[{"embeddable":true,"href":"https:\/\/librairie7l.com\/en\/wp-json\/wp\/v2\/media\/20593"}],"wp:attachment":[{"href":"https:\/\/librairie7l.com\/en\/wp-json\/wp\/v2\/media?parent=20595"}],"wp:term":[{"taxonomy":"product_cat","embeddable":true,"href":"https:\/\/librairie7l.com\/en\/wp-json\/wp\/v2\/product_cat?post=20595"},{"taxonomy":"product_tag","embeddable":true,"href":"https:\/\/librairie7l.com\/en\/wp-json\/wp\/v2\/product_tag?post=20595"}],"curies":[{"name":"wp","href":"https:\/\/api.w.org\/{rel}","templated":true}]}}