{"id":20603,"date":"2023-05-09T18:14:29","date_gmt":"2023-05-09T16:14:29","guid":{"rendered":"https:\/\/librairie7l.com\/?post_type=product&#038;p=20603"},"modified":"2026-05-03T14:27:25","modified_gmt":"2026-05-03T12:27:25","slug":"metamorphose","status":"publish","type":"product","link":"https:\/\/librairie7l.com\/en\/produit\/metamorphose\/","title":{"rendered":"M\u00c9TAMORPHOSE"},"content":{"rendered":"<p>Fond\u00e9e en 1870, la Samaritaine est un des b\u00e2timent les plus embl\u00e9matique de Paris. Subtil m\u00e9lange d&#8217;Art d\u00e9co et d&#8217;Art nouveau, il s&#8217;est agrandi, \u00e0 \u00e9volu\u00e9, s&#8217;est transform\u00e9 au fur et \u00e0 mesure des ann\u00e9es jusqu&#8217;\u00e0 sa fermeture pour travaux en 2005. En parall\u00e8le d&#8217;une grande campagne de production d&#8217;oeuvres faite \u00e0 une cinquantaine d&#8217;artiste entre 2013 et 2019 pour constituer une collection (Samaritaines, Atelier EXB, 2021), la Samaritaine a accord\u00e9 entre 2015 et 2020 un acc\u00e8s exclusif au chantier \u00e0 deux photographes, Pierre-Olivier Deschamps et Vladimir Vasilev, dans le but de faire un \u00e9tat des lieux de la m\u00e9tamorphose du b\u00e2timent. Ce chantier gigantesque de plus de 70 000 m2 sur 10 niveaux, en plein coeur de Paris, est donc devenu pendant 5 ans le terrain de jeu des deux artistes. Pierre-Olivier Deschamps s&#8217;est int\u00e9ress\u00e9 \u00e0 l&#8217;architecture, aux \u00e9chelles de taille et aux couleurs, extraordinaires, que le chaos organis\u00e9 du chantier a cr\u00e9\u00e9es. Ce travail \u00e0 la chambre photographique est une approche picturale des lieux, il donne \u00e0 voir une beaut\u00e9 inattendue, \u00e0 la mani\u00e8re d&#8217;un peintre. Vladimir Vasilev quant \u00e0 lui s&#8217;est approch\u00e9 des hommes et des femmes qui s&#8217;activaient dans cette fourmili\u00e8re, pour les mettre en sc\u00e8ne et donner un visage aux multiples facettes \u00e0 cette transformation. Le livre M\u00e9tamorphose m\u00eale ses deux approches dans un d\u00e9roul\u00e9 chronologique qui pose \u00e0 la fois le cadre physique du b\u00e2timent, avec ses mati\u00e8res, son gigantisme, ses couleurs, et s&#8217;entrecoupe de sc\u00e9nettes o\u00f9 les humains existent \u00e0 l&#8217;int\u00e9rieur. Les images sont accompagn\u00e9es d&#8217;un entretien avec les deux artistes r\u00e9alis\u00e9 par Christian Caujolle, grand sp\u00e9cialiste de la photographie, qui contextualise cette campagne si particuli\u00e8re.<\/p>\n","protected":false},"excerpt":{"rendered":"<p>Fond\u00e9e en 1870, la Samaritaine est un des b\u00e2timent les plus embl\u00e9matique de Paris. Subtil m\u00e9lange d&#8217;Art d\u00e9co et d&#8217;Art nouveau, il s&#8217;est agrandi, \u00e0 \u00e9volu\u00e9, s&#8217;est transform\u00e9 au fur et \u00e0 mesure des ann\u00e9es jusqu&#8217;\u00e0 sa fermeture pour travaux en 2005. En parall\u00e8le d&#8217;une grande campagne de production d&#8217;oeuvres faite \u00e0 une cinquantaine d&#8217;artiste [&hellip;]<\/p>\n","protected":false},"featured_media":20601,"template":"","meta":[],"product_cat":[2948,2951],"product_tag":[],"acf":[],"yoast_head":"<!-- This site is optimized with the Yoast SEO plugin v20.11 - https:\/\/yoast.com\/wordpress\/plugins\/seo\/ -->\n<title>M\u00c9TAMORPHOSE - Librairie 7L<\/title>\n<meta name=\"robots\" content=\"index, follow, max-snippet:-1, max-image-preview:large, max-video-preview:-1\" \/>\n<link rel=\"canonical\" href=\"https:\/\/librairie7l.com\/en\/produit\/metamorphose\/\" \/>\n<meta property=\"og:locale\" content=\"en_US\" \/>\n<meta property=\"og:type\" content=\"article\" \/>\n<meta property=\"og:title\" content=\"M\u00c9TAMORPHOSE - Librairie 7L\" \/>\n<meta property=\"og:description\" content=\"Fond\u00e9e en 1870, la Samaritaine est un des b\u00e2timent les plus embl\u00e9matique de Paris. Subtil m\u00e9lange d&#8217;Art d\u00e9co et d&#8217;Art nouveau, il s&#8217;est agrandi, \u00e0 \u00e9volu\u00e9, s&#8217;est transform\u00e9 au fur et \u00e0 mesure des ann\u00e9es jusqu&#8217;\u00e0 sa fermeture pour travaux en 2005. En parall\u00e8le d&#8217;une grande campagne de production d&#8217;oeuvres faite \u00e0 une cinquantaine d&#8217;artiste [&hellip;]\" \/>\n<meta property=\"og:url\" content=\"https:\/\/librairie7l.com\/en\/produit\/metamorphose\/\" \/>\n<meta property=\"og:site_name\" content=\"Librairie 7L\" \/>\n<meta property=\"article:modified_time\" content=\"2026-05-03T12:27:25+00:00\" \/>\n<meta property=\"og:image\" content=\"https:\/\/librairie7l.com\/wp-content\/uploads\/2021\/11\/9782365113090_1_75.jpg\" \/>\n\t<meta property=\"og:image:width\" content=\"400\" \/>\n\t<meta property=\"og:image:height\" content=\"529\" \/>\n\t<meta property=\"og:image:type\" content=\"image\/jpeg\" \/>\n<meta name=\"twitter:card\" content=\"summary_large_image\" \/>\n<meta name=\"twitter:label1\" content=\"Est. reading time\" \/>\n\t<meta name=\"twitter:data1\" content=\"1 minute\" \/>\n<script type=\"application\/ld+json\" class=\"yoast-schema-graph\">{\"@context\":\"https:\/\/schema.org\",\"@graph\":[{\"@type\":\"WebPage\",\"@id\":\"https:\/\/librairie7l.com\/en\/produit\/metamorphose\/\",\"url\":\"https:\/\/librairie7l.com\/en\/produit\/metamorphose\/\",\"name\":\"M\u00c9TAMORPHOSE - Librairie 7L\",\"isPartOf\":{\"@id\":\"https:\/\/librairie7l.com\/en\/#website\"},\"datePublished\":\"2023-05-09T16:14:29+00:00\",\"dateModified\":\"2026-05-03T12:27:25+00:00\",\"breadcrumb\":{\"@id\":\"https:\/\/librairie7l.com\/en\/produit\/metamorphose\/#breadcrumb\"},\"inLanguage\":\"en-US\",\"potentialAction\":[{\"@type\":\"ReadAction\",\"target\":[\"https:\/\/librairie7l.com\/en\/produit\/metamorphose\/\"]}]},{\"@type\":\"BreadcrumbList\",\"@id\":\"https:\/\/librairie7l.com\/en\/produit\/metamorphose\/#breadcrumb\",\"itemListElement\":[{\"@type\":\"ListItem\",\"position\":1,\"name\":\"Accueil\",\"item\":\"https:\/\/librairie7l.com\/en\/\"},{\"@type\":\"ListItem\",\"position\":2,\"name\":\"Shop\",\"item\":\"https:\/\/librairie7l.com\/en\/shop\/\"},{\"@type\":\"ListItem\",\"position\":3,\"name\":\"M\u00c9TAMORPHOSE\"}]},{\"@type\":\"WebSite\",\"@id\":\"https:\/\/librairie7l.com\/en\/#website\",\"url\":\"https:\/\/librairie7l.com\/en\/\",\"name\":\"Librairie 7L\",\"description\":\"Librairie fond\u00e9e en 1999 par Karl Lagerfeld \u00e0 Paris\",\"publisher\":{\"@id\":\"https:\/\/librairie7l.com\/en\/#organization\"},\"potentialAction\":[{\"@type\":\"SearchAction\",\"target\":{\"@type\":\"EntryPoint\",\"urlTemplate\":\"https:\/\/librairie7l.com\/en\/?s={search_term_string}\"},\"query-input\":\"required name=search_term_string\"}],\"inLanguage\":\"en-US\"},{\"@type\":\"Organization\",\"@id\":\"https:\/\/librairie7l.com\/en\/#organization\",\"name\":\"Librairie 7L\",\"url\":\"https:\/\/librairie7l.com\/en\/\",\"logo\":{\"@type\":\"ImageObject\",\"inLanguage\":\"en-US\",\"@id\":\"https:\/\/librairie7l.com\/en\/#\/schema\/logo\/image\/\",\"url\":\"https:\/\/librairie7l.com\/wp-content\/uploads\/2022\/08\/logo-1.png\",\"contentUrl\":\"https:\/\/librairie7l.com\/wp-content\/uploads\/2022\/08\/logo-1.png\",\"width\":227,\"height\":301,\"caption\":\"Librairie 7L\"},\"image\":{\"@id\":\"https:\/\/librairie7l.com\/en\/#\/schema\/logo\/image\/\"}}]}<\/script>\n<!-- \/ Yoast SEO plugin. -->","yoast_head_json":{"title":"M\u00c9TAMORPHOSE - Librairie 7L","robots":{"index":"index","follow":"follow","max-snippet":"max-snippet:-1","max-image-preview":"max-image-preview:large","max-video-preview":"max-video-preview:-1"},"canonical":"https:\/\/librairie7l.com\/en\/produit\/metamorphose\/","og_locale":"en_US","og_type":"article","og_title":"M\u00c9TAMORPHOSE - Librairie 7L","og_description":"Fond\u00e9e en 1870, la Samaritaine est un des b\u00e2timent les plus embl\u00e9matique de Paris. Subtil m\u00e9lange d&#8217;Art d\u00e9co et d&#8217;Art nouveau, il s&#8217;est agrandi, \u00e0 \u00e9volu\u00e9, s&#8217;est transform\u00e9 au fur et \u00e0 mesure des ann\u00e9es jusqu&#8217;\u00e0 sa fermeture pour travaux en 2005. En parall\u00e8le d&#8217;une grande campagne de production d&#8217;oeuvres faite \u00e0 une cinquantaine d&#8217;artiste [&hellip;]","og_url":"https:\/\/librairie7l.com\/en\/produit\/metamorphose\/","og_site_name":"Librairie 7L","article_modified_time":"2026-05-03T12:27:25+00:00","og_image":[{"width":400,"height":529,"url":"https:\/\/librairie7l.com\/wp-content\/uploads\/2021\/11\/9782365113090_1_75.jpg","type":"image\/jpeg"}],"twitter_card":"summary_large_image","twitter_misc":{"Est. reading time":"1 minute"},"schema":{"@context":"https:\/\/schema.org","@graph":[{"@type":"WebPage","@id":"https:\/\/librairie7l.com\/en\/produit\/metamorphose\/","url":"https:\/\/librairie7l.com\/en\/produit\/metamorphose\/","name":"M\u00c9TAMORPHOSE - Librairie 7L","isPartOf":{"@id":"https:\/\/librairie7l.com\/en\/#website"},"datePublished":"2023-05-09T16:14:29+00:00","dateModified":"2026-05-03T12:27:25+00:00","breadcrumb":{"@id":"https:\/\/librairie7l.com\/en\/produit\/metamorphose\/#breadcrumb"},"inLanguage":"en-US","potentialAction":[{"@type":"ReadAction","target":["https:\/\/librairie7l.com\/en\/produit\/metamorphose\/"]}]},{"@type":"BreadcrumbList","@id":"https:\/\/librairie7l.com\/en\/produit\/metamorphose\/#breadcrumb","itemListElement":[{"@type":"ListItem","position":1,"name":"Accueil","item":"https:\/\/librairie7l.com\/en\/"},{"@type":"ListItem","position":2,"name":"Shop","item":"https:\/\/librairie7l.com\/en\/shop\/"},{"@type":"ListItem","position":3,"name":"M\u00c9TAMORPHOSE"}]},{"@type":"WebSite","@id":"https:\/\/librairie7l.com\/en\/#website","url":"https:\/\/librairie7l.com\/en\/","name":"Librairie 7L","description":"Librairie fond\u00e9e en 1999 par Karl Lagerfeld \u00e0 Paris","publisher":{"@id":"https:\/\/librairie7l.com\/en\/#organization"},"potentialAction":[{"@type":"SearchAction","target":{"@type":"EntryPoint","urlTemplate":"https:\/\/librairie7l.com\/en\/?s={search_term_string}"},"query-input":"required name=search_term_string"}],"inLanguage":"en-US"},{"@type":"Organization","@id":"https:\/\/librairie7l.com\/en\/#organization","name":"Librairie 7L","url":"https:\/\/librairie7l.com\/en\/","logo":{"@type":"ImageObject","inLanguage":"en-US","@id":"https:\/\/librairie7l.com\/en\/#\/schema\/logo\/image\/","url":"https:\/\/librairie7l.com\/wp-content\/uploads\/2022\/08\/logo-1.png","contentUrl":"https:\/\/librairie7l.com\/wp-content\/uploads\/2022\/08\/logo-1.png","width":227,"height":301,"caption":"Librairie 7L"},"image":{"@id":"https:\/\/librairie7l.com\/en\/#\/schema\/logo\/image\/"}}]}},"_links":{"self":[{"href":"https:\/\/librairie7l.com\/en\/wp-json\/wp\/v2\/product\/20603"}],"collection":[{"href":"https:\/\/librairie7l.com\/en\/wp-json\/wp\/v2\/product"}],"about":[{"href":"https:\/\/librairie7l.com\/en\/wp-json\/wp\/v2\/types\/product"}],"wp:featuredmedia":[{"embeddable":true,"href":"https:\/\/librairie7l.com\/en\/wp-json\/wp\/v2\/media\/20601"}],"wp:attachment":[{"href":"https:\/\/librairie7l.com\/en\/wp-json\/wp\/v2\/media?parent=20603"}],"wp:term":[{"taxonomy":"product_cat","embeddable":true,"href":"https:\/\/librairie7l.com\/en\/wp-json\/wp\/v2\/product_cat?post=20603"},{"taxonomy":"product_tag","embeddable":true,"href":"https:\/\/librairie7l.com\/en\/wp-json\/wp\/v2\/product_tag?post=20603"}],"curies":[{"name":"wp","href":"https:\/\/api.w.org\/{rel}","templated":true}]}}