{"id":20611,"date":"2023-05-09T18:14:37","date_gmt":"2023-05-09T16:14:37","guid":{"rendered":"https:\/\/librairie7l.com\/?post_type=product&#038;p=20611"},"modified":"2026-04-06T14:06:35","modified_gmt":"2026-04-06T12:06:35","slug":"le-temps-est-cache-dans-les-plis-dune-fleur","status":"publish","type":"product","link":"https:\/\/librairie7l.com\/en\/produit\/le-temps-est-cache-dans-les-plis-dune-fleur\/","title":{"rendered":"LE TEMPS EST CACH\u00c9 DANS LES PLIS D&#8217;UNE FLEUR"},"content":{"rendered":"<p>Le temps est cach\u00e9 dans les plis d&#8217;une fleur est le nouvel opus de l&#8217;artiste Anne-Lise Broyer. Poursuivant son exp\u00e9rience de la litt\u00e9rature par le regard, Anne-Lise Broyer, invit\u00e9e \u00e0 s\u00e9journer \u00e0 Deauville et en Normandie dans le cadre d&#8217;une r\u00e9sidence-cr\u00e9ation, trace ici une ligne qui relie des livres, des auteurs entre eux (Duras, Flaubert, Proust, Sagan&#8230;) des moments de vie qui n&#8217;ont pas grand-chose en commun si ce n&#8217;est un territoire et le fait qu&#8217;ils constituent pour elle une r\u00e9activation de ses premiers \u00e9mois litt\u00e9raires.<br \/>\nDans un subtil maillage, Anne-Lise Broyer fait notamment revivre l&#8217;enfant qu&#8217;elle \u00e9tait, \u00e0 distance du monde, mais aussi celui de L&#8217;\u00e9t\u00e9 80, perdu dans sa vision. Les Roches-Noires, le Grand-H\u00f4tel de Cabourg c\u00f4toient les paysages de Madame Bovary.<br \/>\nLes textes de Colette Fellous et Jean-Luc Germain fabriquent un \u00e9cho aux images.<\/p>\n","protected":false},"excerpt":{"rendered":"<p>Le temps est cach\u00e9 dans les plis d&#8217;une fleur est le nouvel opus de l&#8217;artiste Anne-Lise Broyer. Poursuivant son exp\u00e9rience de la litt\u00e9rature par le regard, Anne-Lise Broyer, invit\u00e9e \u00e0 s\u00e9journer \u00e0 Deauville et en Normandie dans le cadre d&#8217;une r\u00e9sidence-cr\u00e9ation, trace ici une ligne qui relie des livres, des auteurs entre eux (Duras, Flaubert, [&hellip;]<\/p>\n","protected":false},"featured_media":41829,"template":"","meta":[],"product_cat":[2948,2958],"product_tag":[],"acf":[],"yoast_head":"<!-- This site is optimized with the Yoast SEO plugin v20.11 - https:\/\/yoast.com\/wordpress\/plugins\/seo\/ -->\n<title>LE TEMPS EST CACH\u00c9 DANS LES PLIS D&#039;UNE FLEUR - Librairie 7L<\/title>\n<meta name=\"robots\" content=\"index, follow, max-snippet:-1, max-image-preview:large, max-video-preview:-1\" \/>\n<link rel=\"canonical\" href=\"https:\/\/librairie7l.com\/en\/produit\/le-temps-est-cache-dans-les-plis-dune-fleur\/\" \/>\n<meta property=\"og:locale\" content=\"en_US\" \/>\n<meta property=\"og:type\" content=\"article\" \/>\n<meta property=\"og:title\" content=\"LE TEMPS EST CACH\u00c9 DANS LES PLIS D&#039;UNE FLEUR - Librairie 7L\" \/>\n<meta property=\"og:description\" content=\"Le temps est cach\u00e9 dans les plis d&#8217;une fleur est le nouvel opus de l&#8217;artiste Anne-Lise Broyer. Poursuivant son exp\u00e9rience de la litt\u00e9rature par le regard, Anne-Lise Broyer, invit\u00e9e \u00e0 s\u00e9journer \u00e0 Deauville et en Normandie dans le cadre d&#8217;une r\u00e9sidence-cr\u00e9ation, trace ici une ligne qui relie des livres, des auteurs entre eux (Duras, Flaubert, [&hellip;]\" \/>\n<meta property=\"og:url\" content=\"https:\/\/librairie7l.com\/en\/produit\/le-temps-est-cache-dans-les-plis-dune-fleur\/\" \/>\n<meta property=\"og:site_name\" content=\"Librairie 7L\" \/>\n<meta property=\"article:modified_time\" content=\"2026-04-06T12:06:35+00:00\" \/>\n<meta name=\"twitter:card\" content=\"summary_large_image\" \/>\n<meta name=\"twitter:label1\" content=\"Est. reading time\" \/>\n\t<meta name=\"twitter:data1\" content=\"1 minute\" \/>\n<script type=\"application\/ld+json\" class=\"yoast-schema-graph\">{\"@context\":\"https:\/\/schema.org\",\"@graph\":[{\"@type\":\"WebPage\",\"@id\":\"https:\/\/librairie7l.com\/en\/produit\/le-temps-est-cache-dans-les-plis-dune-fleur\/\",\"url\":\"https:\/\/librairie7l.com\/en\/produit\/le-temps-est-cache-dans-les-plis-dune-fleur\/\",\"name\":\"LE TEMPS EST CACH\u00c9 DANS LES PLIS D'UNE FLEUR - Librairie 7L\",\"isPartOf\":{\"@id\":\"https:\/\/librairie7l.com\/en\/#website\"},\"datePublished\":\"2023-05-09T16:14:37+00:00\",\"dateModified\":\"2026-04-06T12:06:35+00:00\",\"breadcrumb\":{\"@id\":\"https:\/\/librairie7l.com\/en\/produit\/le-temps-est-cache-dans-les-plis-dune-fleur\/#breadcrumb\"},\"inLanguage\":\"en-US\",\"potentialAction\":[{\"@type\":\"ReadAction\",\"target\":[\"https:\/\/librairie7l.com\/en\/produit\/le-temps-est-cache-dans-les-plis-dune-fleur\/\"]}]},{\"@type\":\"BreadcrumbList\",\"@id\":\"https:\/\/librairie7l.com\/en\/produit\/le-temps-est-cache-dans-les-plis-dune-fleur\/#breadcrumb\",\"itemListElement\":[{\"@type\":\"ListItem\",\"position\":1,\"name\":\"Accueil\",\"item\":\"https:\/\/librairie7l.com\/en\/\"},{\"@type\":\"ListItem\",\"position\":2,\"name\":\"Shop\",\"item\":\"https:\/\/librairie7l.com\/en\/shop\/\"},{\"@type\":\"ListItem\",\"position\":3,\"name\":\"LE TEMPS EST CACH\u00c9 DANS LES PLIS D&#8217;UNE FLEUR\"}]},{\"@type\":\"WebSite\",\"@id\":\"https:\/\/librairie7l.com\/en\/#website\",\"url\":\"https:\/\/librairie7l.com\/en\/\",\"name\":\"Librairie 7L\",\"description\":\"Librairie fond\u00e9e en 1999 par Karl Lagerfeld \u00e0 Paris\",\"publisher\":{\"@id\":\"https:\/\/librairie7l.com\/en\/#organization\"},\"potentialAction\":[{\"@type\":\"SearchAction\",\"target\":{\"@type\":\"EntryPoint\",\"urlTemplate\":\"https:\/\/librairie7l.com\/en\/?s={search_term_string}\"},\"query-input\":\"required name=search_term_string\"}],\"inLanguage\":\"en-US\"},{\"@type\":\"Organization\",\"@id\":\"https:\/\/librairie7l.com\/en\/#organization\",\"name\":\"Librairie 7L\",\"url\":\"https:\/\/librairie7l.com\/en\/\",\"logo\":{\"@type\":\"ImageObject\",\"inLanguage\":\"en-US\",\"@id\":\"https:\/\/librairie7l.com\/en\/#\/schema\/logo\/image\/\",\"url\":\"https:\/\/librairie7l.com\/wp-content\/uploads\/2022\/08\/logo-1.png\",\"contentUrl\":\"https:\/\/librairie7l.com\/wp-content\/uploads\/2022\/08\/logo-1.png\",\"width\":227,\"height\":301,\"caption\":\"Librairie 7L\"},\"image\":{\"@id\":\"https:\/\/librairie7l.com\/en\/#\/schema\/logo\/image\/\"}}]}<\/script>\n<!-- \/ Yoast SEO plugin. -->","yoast_head_json":{"title":"LE TEMPS EST CACH\u00c9 DANS LES PLIS D'UNE FLEUR - Librairie 7L","robots":{"index":"index","follow":"follow","max-snippet":"max-snippet:-1","max-image-preview":"max-image-preview:large","max-video-preview":"max-video-preview:-1"},"canonical":"https:\/\/librairie7l.com\/en\/produit\/le-temps-est-cache-dans-les-plis-dune-fleur\/","og_locale":"en_US","og_type":"article","og_title":"LE TEMPS EST CACH\u00c9 DANS LES PLIS D'UNE FLEUR - Librairie 7L","og_description":"Le temps est cach\u00e9 dans les plis d&#8217;une fleur est le nouvel opus de l&#8217;artiste Anne-Lise Broyer. Poursuivant son exp\u00e9rience de la litt\u00e9rature par le regard, Anne-Lise Broyer, invit\u00e9e \u00e0 s\u00e9journer \u00e0 Deauville et en Normandie dans le cadre d&#8217;une r\u00e9sidence-cr\u00e9ation, trace ici une ligne qui relie des livres, des auteurs entre eux (Duras, Flaubert, [&hellip;]","og_url":"https:\/\/librairie7l.com\/en\/produit\/le-temps-est-cache-dans-les-plis-dune-fleur\/","og_site_name":"Librairie 7L","article_modified_time":"2026-04-06T12:06:35+00:00","twitter_card":"summary_large_image","twitter_misc":{"Est. reading time":"1 minute"},"schema":{"@context":"https:\/\/schema.org","@graph":[{"@type":"WebPage","@id":"https:\/\/librairie7l.com\/en\/produit\/le-temps-est-cache-dans-les-plis-dune-fleur\/","url":"https:\/\/librairie7l.com\/en\/produit\/le-temps-est-cache-dans-les-plis-dune-fleur\/","name":"LE TEMPS EST CACH\u00c9 DANS LES PLIS D'UNE FLEUR - Librairie 7L","isPartOf":{"@id":"https:\/\/librairie7l.com\/en\/#website"},"datePublished":"2023-05-09T16:14:37+00:00","dateModified":"2026-04-06T12:06:35+00:00","breadcrumb":{"@id":"https:\/\/librairie7l.com\/en\/produit\/le-temps-est-cache-dans-les-plis-dune-fleur\/#breadcrumb"},"inLanguage":"en-US","potentialAction":[{"@type":"ReadAction","target":["https:\/\/librairie7l.com\/en\/produit\/le-temps-est-cache-dans-les-plis-dune-fleur\/"]}]},{"@type":"BreadcrumbList","@id":"https:\/\/librairie7l.com\/en\/produit\/le-temps-est-cache-dans-les-plis-dune-fleur\/#breadcrumb","itemListElement":[{"@type":"ListItem","position":1,"name":"Accueil","item":"https:\/\/librairie7l.com\/en\/"},{"@type":"ListItem","position":2,"name":"Shop","item":"https:\/\/librairie7l.com\/en\/shop\/"},{"@type":"ListItem","position":3,"name":"LE TEMPS EST CACH\u00c9 DANS LES PLIS D&#8217;UNE FLEUR"}]},{"@type":"WebSite","@id":"https:\/\/librairie7l.com\/en\/#website","url":"https:\/\/librairie7l.com\/en\/","name":"Librairie 7L","description":"Librairie fond\u00e9e en 1999 par Karl Lagerfeld \u00e0 Paris","publisher":{"@id":"https:\/\/librairie7l.com\/en\/#organization"},"potentialAction":[{"@type":"SearchAction","target":{"@type":"EntryPoint","urlTemplate":"https:\/\/librairie7l.com\/en\/?s={search_term_string}"},"query-input":"required name=search_term_string"}],"inLanguage":"en-US"},{"@type":"Organization","@id":"https:\/\/librairie7l.com\/en\/#organization","name":"Librairie 7L","url":"https:\/\/librairie7l.com\/en\/","logo":{"@type":"ImageObject","inLanguage":"en-US","@id":"https:\/\/librairie7l.com\/en\/#\/schema\/logo\/image\/","url":"https:\/\/librairie7l.com\/wp-content\/uploads\/2022\/08\/logo-1.png","contentUrl":"https:\/\/librairie7l.com\/wp-content\/uploads\/2022\/08\/logo-1.png","width":227,"height":301,"caption":"Librairie 7L"},"image":{"@id":"https:\/\/librairie7l.com\/en\/#\/schema\/logo\/image\/"}}]}},"_links":{"self":[{"href":"https:\/\/librairie7l.com\/en\/wp-json\/wp\/v2\/product\/20611"}],"collection":[{"href":"https:\/\/librairie7l.com\/en\/wp-json\/wp\/v2\/product"}],"about":[{"href":"https:\/\/librairie7l.com\/en\/wp-json\/wp\/v2\/types\/product"}],"wp:featuredmedia":[{"embeddable":true,"href":"https:\/\/librairie7l.com\/en\/wp-json\/wp\/v2\/media\/41829"}],"wp:attachment":[{"href":"https:\/\/librairie7l.com\/en\/wp-json\/wp\/v2\/media?parent=20611"}],"wp:term":[{"taxonomy":"product_cat","embeddable":true,"href":"https:\/\/librairie7l.com\/en\/wp-json\/wp\/v2\/product_cat?post=20611"},{"taxonomy":"product_tag","embeddable":true,"href":"https:\/\/librairie7l.com\/en\/wp-json\/wp\/v2\/product_tag?post=20611"}],"curies":[{"name":"wp","href":"https:\/\/api.w.org\/{rel}","templated":true}]}}