{"id":20703,"date":"2023-05-09T18:15:49","date_gmt":"2023-05-09T16:15:49","guid":{"rendered":"https:\/\/librairie7l.com\/?post_type=product&#038;p=20703"},"modified":"2026-04-18T11:32:53","modified_gmt":"2026-04-18T09:32:53","slug":"passages-de-temoins-pour-luciano-fabro-textes-images-oeuvres","status":"publish","type":"product","link":"https:\/\/librairie7l.com\/en\/produit\/passages-de-temoins-pour-luciano-fabro-textes-images-oeuvres\/","title":{"rendered":"PASSAGES DE T\u00c9MOINS POUR LUCIANO FABRO : TEXTES, IMAGES, OEUVRES"},"content":{"rendered":"<p>Ce livre na\u00eet du d\u00e9sir d&#8217;explorer et d&#8217;approfondir la figure de Luciano Fabro \u00e0 travers les yeux et les mots des amis et des artistes qui l&#8217;ont fr\u00e9quent\u00e9, afin de restaurer sa m\u00e9moire et son souvenir. Le volume comprend des textes, des images et des oeuvres comme dans un banquet o\u00f9 les diff\u00e9rents artistes participent, en donnant une phrase, une photographie ou une oeuvre, faisant revivre la m\u00e9moire de Fabro \u00e0 travers ces souvenirs. Un v\u00e9ritable \u00abpassage de t\u00e9moin\u00bb pour donner forme aux souvenirs personnels des figures qui ont marqu\u00e9 la vie et la carri\u00e8re de Luciano Fabro. En effet, le t\u00e9moin est celui qui transmet et conserve la m\u00e9moire et la v\u00e9rit\u00e9, et \u00e0 travers ce livre nous revivons les gestes, les connaissances et les mouvements que Fabro, \u00e0 travers son oeuvre et sa personne, a initi\u00e9s.<\/p>\n","protected":false},"excerpt":{"rendered":"<p>Ce livre na\u00eet du d\u00e9sir d&#8217;explorer et d&#8217;approfondir la figure de Luciano Fabro \u00e0 travers les yeux et les mots des amis et des artistes qui l&#8217;ont fr\u00e9quent\u00e9, afin de restaurer sa m\u00e9moire et son souvenir. Le volume comprend des textes, des images et des oeuvres comme dans un banquet o\u00f9 les diff\u00e9rents artistes participent, [&hellip;]<\/p>\n","protected":false},"featured_media":20701,"template":"","meta":[],"product_cat":[2948,2953],"product_tag":[],"acf":[],"yoast_head":"<!-- This site is optimized with the Yoast SEO plugin v20.11 - https:\/\/yoast.com\/wordpress\/plugins\/seo\/ -->\n<title>PASSAGES DE T\u00c9MOINS POUR LUCIANO FABRO : TEXTES, IMAGES, OEUVRES - Librairie 7L<\/title>\n<meta name=\"robots\" content=\"index, follow, max-snippet:-1, max-image-preview:large, max-video-preview:-1\" \/>\n<link rel=\"canonical\" href=\"https:\/\/librairie7l.com\/en\/produit\/passages-de-temoins-pour-luciano-fabro-textes-images-oeuvres\/\" \/>\n<meta property=\"og:locale\" content=\"en_US\" \/>\n<meta property=\"og:type\" content=\"article\" \/>\n<meta property=\"og:title\" content=\"PASSAGES DE T\u00c9MOINS POUR LUCIANO FABRO : TEXTES, IMAGES, OEUVRES - Librairie 7L\" \/>\n<meta property=\"og:description\" content=\"Ce livre na\u00eet du d\u00e9sir d&#8217;explorer et d&#8217;approfondir la figure de Luciano Fabro \u00e0 travers les yeux et les mots des amis et des artistes qui l&#8217;ont fr\u00e9quent\u00e9, afin de restaurer sa m\u00e9moire et son souvenir. Le volume comprend des textes, des images et des oeuvres comme dans un banquet o\u00f9 les diff\u00e9rents artistes participent, [&hellip;]\" \/>\n<meta property=\"og:url\" content=\"https:\/\/librairie7l.com\/en\/produit\/passages-de-temoins-pour-luciano-fabro-textes-images-oeuvres\/\" \/>\n<meta property=\"og:site_name\" content=\"Librairie 7L\" \/>\n<meta property=\"article:modified_time\" content=\"2026-04-18T09:32:53+00:00\" \/>\n<meta property=\"og:image\" content=\"https:\/\/librairie7l.com\/wp-content\/uploads\/2023\/01\/9788874399857_1_75.jpg\" \/>\n\t<meta property=\"og:image:width\" content=\"355\" \/>\n\t<meta property=\"og:image:height\" content=\"499\" \/>\n\t<meta property=\"og:image:type\" content=\"image\/jpeg\" \/>\n<meta name=\"twitter:card\" content=\"summary_large_image\" \/>\n<meta name=\"twitter:label1\" content=\"Est. reading time\" \/>\n\t<meta name=\"twitter:data1\" content=\"1 minute\" \/>\n<script type=\"application\/ld+json\" class=\"yoast-schema-graph\">{\"@context\":\"https:\/\/schema.org\",\"@graph\":[{\"@type\":\"WebPage\",\"@id\":\"https:\/\/librairie7l.com\/en\/produit\/passages-de-temoins-pour-luciano-fabro-textes-images-oeuvres\/\",\"url\":\"https:\/\/librairie7l.com\/en\/produit\/passages-de-temoins-pour-luciano-fabro-textes-images-oeuvres\/\",\"name\":\"PASSAGES DE T\u00c9MOINS POUR LUCIANO FABRO : TEXTES, IMAGES, OEUVRES - Librairie 7L\",\"isPartOf\":{\"@id\":\"https:\/\/librairie7l.com\/en\/#website\"},\"datePublished\":\"2023-05-09T16:15:49+00:00\",\"dateModified\":\"2026-04-18T09:32:53+00:00\",\"breadcrumb\":{\"@id\":\"https:\/\/librairie7l.com\/en\/produit\/passages-de-temoins-pour-luciano-fabro-textes-images-oeuvres\/#breadcrumb\"},\"inLanguage\":\"en-US\",\"potentialAction\":[{\"@type\":\"ReadAction\",\"target\":[\"https:\/\/librairie7l.com\/en\/produit\/passages-de-temoins-pour-luciano-fabro-textes-images-oeuvres\/\"]}]},{\"@type\":\"BreadcrumbList\",\"@id\":\"https:\/\/librairie7l.com\/en\/produit\/passages-de-temoins-pour-luciano-fabro-textes-images-oeuvres\/#breadcrumb\",\"itemListElement\":[{\"@type\":\"ListItem\",\"position\":1,\"name\":\"Accueil\",\"item\":\"https:\/\/librairie7l.com\/en\/\"},{\"@type\":\"ListItem\",\"position\":2,\"name\":\"Shop\",\"item\":\"https:\/\/librairie7l.com\/en\/shop\/\"},{\"@type\":\"ListItem\",\"position\":3,\"name\":\"PASSAGES DE T\u00c9MOINS POUR LUCIANO FABRO : TEXTES, IMAGES, OEUVRES\"}]},{\"@type\":\"WebSite\",\"@id\":\"https:\/\/librairie7l.com\/en\/#website\",\"url\":\"https:\/\/librairie7l.com\/en\/\",\"name\":\"Librairie 7L\",\"description\":\"Librairie fond\u00e9e en 1999 par Karl Lagerfeld \u00e0 Paris\",\"publisher\":{\"@id\":\"https:\/\/librairie7l.com\/en\/#organization\"},\"potentialAction\":[{\"@type\":\"SearchAction\",\"target\":{\"@type\":\"EntryPoint\",\"urlTemplate\":\"https:\/\/librairie7l.com\/en\/?s={search_term_string}\"},\"query-input\":\"required name=search_term_string\"}],\"inLanguage\":\"en-US\"},{\"@type\":\"Organization\",\"@id\":\"https:\/\/librairie7l.com\/en\/#organization\",\"name\":\"Librairie 7L\",\"url\":\"https:\/\/librairie7l.com\/en\/\",\"logo\":{\"@type\":\"ImageObject\",\"inLanguage\":\"en-US\",\"@id\":\"https:\/\/librairie7l.com\/en\/#\/schema\/logo\/image\/\",\"url\":\"https:\/\/librairie7l.com\/wp-content\/uploads\/2022\/08\/logo-1.png\",\"contentUrl\":\"https:\/\/librairie7l.com\/wp-content\/uploads\/2022\/08\/logo-1.png\",\"width\":227,\"height\":301,\"caption\":\"Librairie 7L\"},\"image\":{\"@id\":\"https:\/\/librairie7l.com\/en\/#\/schema\/logo\/image\/\"}}]}<\/script>\n<!-- \/ Yoast SEO plugin. -->","yoast_head_json":{"title":"PASSAGES DE T\u00c9MOINS POUR LUCIANO FABRO : TEXTES, IMAGES, OEUVRES - Librairie 7L","robots":{"index":"index","follow":"follow","max-snippet":"max-snippet:-1","max-image-preview":"max-image-preview:large","max-video-preview":"max-video-preview:-1"},"canonical":"https:\/\/librairie7l.com\/en\/produit\/passages-de-temoins-pour-luciano-fabro-textes-images-oeuvres\/","og_locale":"en_US","og_type":"article","og_title":"PASSAGES DE T\u00c9MOINS POUR LUCIANO FABRO : TEXTES, IMAGES, OEUVRES - Librairie 7L","og_description":"Ce livre na\u00eet du d\u00e9sir d&#8217;explorer et d&#8217;approfondir la figure de Luciano Fabro \u00e0 travers les yeux et les mots des amis et des artistes qui l&#8217;ont fr\u00e9quent\u00e9, afin de restaurer sa m\u00e9moire et son souvenir. Le volume comprend des textes, des images et des oeuvres comme dans un banquet o\u00f9 les diff\u00e9rents artistes participent, [&hellip;]","og_url":"https:\/\/librairie7l.com\/en\/produit\/passages-de-temoins-pour-luciano-fabro-textes-images-oeuvres\/","og_site_name":"Librairie 7L","article_modified_time":"2026-04-18T09:32:53+00:00","og_image":[{"width":355,"height":499,"url":"https:\/\/librairie7l.com\/wp-content\/uploads\/2023\/01\/9788874399857_1_75.jpg","type":"image\/jpeg"}],"twitter_card":"summary_large_image","twitter_misc":{"Est. reading time":"1 minute"},"schema":{"@context":"https:\/\/schema.org","@graph":[{"@type":"WebPage","@id":"https:\/\/librairie7l.com\/en\/produit\/passages-de-temoins-pour-luciano-fabro-textes-images-oeuvres\/","url":"https:\/\/librairie7l.com\/en\/produit\/passages-de-temoins-pour-luciano-fabro-textes-images-oeuvres\/","name":"PASSAGES DE T\u00c9MOINS POUR LUCIANO FABRO : TEXTES, IMAGES, OEUVRES - Librairie 7L","isPartOf":{"@id":"https:\/\/librairie7l.com\/en\/#website"},"datePublished":"2023-05-09T16:15:49+00:00","dateModified":"2026-04-18T09:32:53+00:00","breadcrumb":{"@id":"https:\/\/librairie7l.com\/en\/produit\/passages-de-temoins-pour-luciano-fabro-textes-images-oeuvres\/#breadcrumb"},"inLanguage":"en-US","potentialAction":[{"@type":"ReadAction","target":["https:\/\/librairie7l.com\/en\/produit\/passages-de-temoins-pour-luciano-fabro-textes-images-oeuvres\/"]}]},{"@type":"BreadcrumbList","@id":"https:\/\/librairie7l.com\/en\/produit\/passages-de-temoins-pour-luciano-fabro-textes-images-oeuvres\/#breadcrumb","itemListElement":[{"@type":"ListItem","position":1,"name":"Accueil","item":"https:\/\/librairie7l.com\/en\/"},{"@type":"ListItem","position":2,"name":"Shop","item":"https:\/\/librairie7l.com\/en\/shop\/"},{"@type":"ListItem","position":3,"name":"PASSAGES DE T\u00c9MOINS POUR LUCIANO FABRO : TEXTES, IMAGES, OEUVRES"}]},{"@type":"WebSite","@id":"https:\/\/librairie7l.com\/en\/#website","url":"https:\/\/librairie7l.com\/en\/","name":"Librairie 7L","description":"Librairie fond\u00e9e en 1999 par Karl Lagerfeld \u00e0 Paris","publisher":{"@id":"https:\/\/librairie7l.com\/en\/#organization"},"potentialAction":[{"@type":"SearchAction","target":{"@type":"EntryPoint","urlTemplate":"https:\/\/librairie7l.com\/en\/?s={search_term_string}"},"query-input":"required name=search_term_string"}],"inLanguage":"en-US"},{"@type":"Organization","@id":"https:\/\/librairie7l.com\/en\/#organization","name":"Librairie 7L","url":"https:\/\/librairie7l.com\/en\/","logo":{"@type":"ImageObject","inLanguage":"en-US","@id":"https:\/\/librairie7l.com\/en\/#\/schema\/logo\/image\/","url":"https:\/\/librairie7l.com\/wp-content\/uploads\/2022\/08\/logo-1.png","contentUrl":"https:\/\/librairie7l.com\/wp-content\/uploads\/2022\/08\/logo-1.png","width":227,"height":301,"caption":"Librairie 7L"},"image":{"@id":"https:\/\/librairie7l.com\/en\/#\/schema\/logo\/image\/"}}]}},"_links":{"self":[{"href":"https:\/\/librairie7l.com\/en\/wp-json\/wp\/v2\/product\/20703"}],"collection":[{"href":"https:\/\/librairie7l.com\/en\/wp-json\/wp\/v2\/product"}],"about":[{"href":"https:\/\/librairie7l.com\/en\/wp-json\/wp\/v2\/types\/product"}],"wp:featuredmedia":[{"embeddable":true,"href":"https:\/\/librairie7l.com\/en\/wp-json\/wp\/v2\/media\/20701"}],"wp:attachment":[{"href":"https:\/\/librairie7l.com\/en\/wp-json\/wp\/v2\/media?parent=20703"}],"wp:term":[{"taxonomy":"product_cat","embeddable":true,"href":"https:\/\/librairie7l.com\/en\/wp-json\/wp\/v2\/product_cat?post=20703"},{"taxonomy":"product_tag","embeddable":true,"href":"https:\/\/librairie7l.com\/en\/wp-json\/wp\/v2\/product_tag?post=20703"}],"curies":[{"name":"wp","href":"https:\/\/api.w.org\/{rel}","templated":true}]}}