{"id":20747,"date":"2023-05-09T18:16:25","date_gmt":"2023-05-09T16:16:25","guid":{"rendered":"https:\/\/librairie7l.com\/?post_type=product&#038;p=20747"},"modified":"2026-04-07T01:17:12","modified_gmt":"2026-04-06T23:17:12","slug":"les-chitas-dalcobaca-collection-pereira-de-sampaio","status":"publish","type":"product","link":"https:\/\/librairie7l.com\/en\/produit\/les-chitas-dalcobaca-collection-pereira-de-sampaio\/","title":{"rendered":"LES CHITAS D&#8217;ALCOBA\u00c7A : COLLECTION PEREIRA DE SAMPAIO"},"content":{"rendered":"<p>\u00c0 l&#8217;occasion de la saison crois\u00e9e France-Portugal 2022, le mus\u00e9e de la Toile de Jouy propose de faire d\u00e9couvrir \u00e0 son public la collection Pereira de Sampaio de chitas d&#8217;Alcoba\u00e7a. Avec plus d&#8217;une cinquantaine de pi\u00e8ces pr\u00e9sent\u00e9es, cette exposition repose sur l&#8217;\u00e9tude approfondie et in\u00e9dite de ce tissu traditionnel portugais, consid\u00e9r\u00e9 comme la toile de coton imprim\u00e9e la plus connue du Portugal. Fabriqu\u00e9s entre la fin du xviiie et le xixe si\u00e8cle \u00e0 Alcoba\u00e7a &#8211; une cit\u00e9 de l&#8217;ouest portugais d\u00e9velopp\u00e9e autour d\u00b4un important monast\u00e8re de l\u00b4ordre de C\u00eeteaux -, les chitas participent, comme la toile de Jouy, au rayonnement de leur territoire et influencent encore aujourd&#8217;hui la cr\u00e9ation contemporaine. Un remarquable ensemble de couvre-lits, foulards et serviettes, abondamment d\u00e9cor\u00e9s, t\u00e9moignent de celle qui est consid\u00e9r\u00e9e comme l&#8217;une des productions majeures du textile imprim\u00e9 portugais.<\/p>\n","protected":false},"excerpt":{"rendered":"<p>\u00c0 l&#8217;occasion de la saison crois\u00e9e France-Portugal 2022, le mus\u00e9e de la Toile de Jouy propose de faire d\u00e9couvrir \u00e0 son public la collection Pereira de Sampaio de chitas d&#8217;Alcoba\u00e7a. Avec plus d&#8217;une cinquantaine de pi\u00e8ces pr\u00e9sent\u00e9es, cette exposition repose sur l&#8217;\u00e9tude approfondie et in\u00e9dite de ce tissu traditionnel portugais, consid\u00e9r\u00e9 comme la toile de [&hellip;]<\/p>\n","protected":false},"featured_media":20745,"template":"","meta":[],"product_cat":[2948,2952],"product_tag":[],"acf":[],"yoast_head":"<!-- This site is optimized with the Yoast SEO plugin v20.11 - https:\/\/yoast.com\/wordpress\/plugins\/seo\/ -->\n<title>LES CHITAS D&#039;ALCOBA\u00c7A : COLLECTION PEREIRA DE SAMPAIO - Librairie 7L<\/title>\n<meta name=\"robots\" content=\"index, follow, max-snippet:-1, max-image-preview:large, max-video-preview:-1\" \/>\n<link rel=\"canonical\" href=\"https:\/\/librairie7l.com\/en\/produit\/les-chitas-dalcobaca-collection-pereira-de-sampaio\/\" \/>\n<meta property=\"og:locale\" content=\"en_US\" \/>\n<meta property=\"og:type\" content=\"article\" \/>\n<meta property=\"og:title\" content=\"LES CHITAS D&#039;ALCOBA\u00c7A : COLLECTION PEREIRA DE SAMPAIO - Librairie 7L\" \/>\n<meta property=\"og:description\" content=\"\u00c0 l&#8217;occasion de la saison crois\u00e9e France-Portugal 2022, le mus\u00e9e de la Toile de Jouy propose de faire d\u00e9couvrir \u00e0 son public la collection Pereira de Sampaio de chitas d&#8217;Alcoba\u00e7a. Avec plus d&#8217;une cinquantaine de pi\u00e8ces pr\u00e9sent\u00e9es, cette exposition repose sur l&#8217;\u00e9tude approfondie et in\u00e9dite de ce tissu traditionnel portugais, consid\u00e9r\u00e9 comme la toile de [&hellip;]\" \/>\n<meta property=\"og:url\" content=\"https:\/\/librairie7l.com\/en\/produit\/les-chitas-dalcobaca-collection-pereira-de-sampaio\/\" \/>\n<meta property=\"og:site_name\" content=\"Librairie 7L\" \/>\n<meta property=\"article:modified_time\" content=\"2026-04-06T23:17:12+00:00\" \/>\n<meta property=\"og:image\" content=\"https:\/\/librairie7l.com\/wp-content\/uploads\/2022\/06\/9788836652099_1_75.jpg\" \/>\n\t<meta property=\"og:image:width\" content=\"600\" \/>\n\t<meta property=\"og:image:height\" content=\"600\" \/>\n\t<meta property=\"og:image:type\" content=\"image\/jpeg\" \/>\n<meta name=\"twitter:card\" content=\"summary_large_image\" \/>\n<meta name=\"twitter:label1\" content=\"Est. reading time\" \/>\n\t<meta name=\"twitter:data1\" content=\"1 minute\" \/>\n<script type=\"application\/ld+json\" class=\"yoast-schema-graph\">{\"@context\":\"https:\/\/schema.org\",\"@graph\":[{\"@type\":\"WebPage\",\"@id\":\"https:\/\/librairie7l.com\/en\/produit\/les-chitas-dalcobaca-collection-pereira-de-sampaio\/\",\"url\":\"https:\/\/librairie7l.com\/en\/produit\/les-chitas-dalcobaca-collection-pereira-de-sampaio\/\",\"name\":\"LES CHITAS D'ALCOBA\u00c7A : COLLECTION PEREIRA DE SAMPAIO - Librairie 7L\",\"isPartOf\":{\"@id\":\"https:\/\/librairie7l.com\/en\/#website\"},\"datePublished\":\"2023-05-09T16:16:25+00:00\",\"dateModified\":\"2026-04-06T23:17:12+00:00\",\"breadcrumb\":{\"@id\":\"https:\/\/librairie7l.com\/en\/produit\/les-chitas-dalcobaca-collection-pereira-de-sampaio\/#breadcrumb\"},\"inLanguage\":\"en-US\",\"potentialAction\":[{\"@type\":\"ReadAction\",\"target\":[\"https:\/\/librairie7l.com\/en\/produit\/les-chitas-dalcobaca-collection-pereira-de-sampaio\/\"]}]},{\"@type\":\"BreadcrumbList\",\"@id\":\"https:\/\/librairie7l.com\/en\/produit\/les-chitas-dalcobaca-collection-pereira-de-sampaio\/#breadcrumb\",\"itemListElement\":[{\"@type\":\"ListItem\",\"position\":1,\"name\":\"Accueil\",\"item\":\"https:\/\/librairie7l.com\/en\/\"},{\"@type\":\"ListItem\",\"position\":2,\"name\":\"Shop\",\"item\":\"https:\/\/librairie7l.com\/en\/shop\/\"},{\"@type\":\"ListItem\",\"position\":3,\"name\":\"LES CHITAS D&#8217;ALCOBA\u00c7A : COLLECTION PEREIRA DE SAMPAIO\"}]},{\"@type\":\"WebSite\",\"@id\":\"https:\/\/librairie7l.com\/en\/#website\",\"url\":\"https:\/\/librairie7l.com\/en\/\",\"name\":\"Librairie 7L\",\"description\":\"Librairie fond\u00e9e en 1999 par Karl Lagerfeld \u00e0 Paris\",\"publisher\":{\"@id\":\"https:\/\/librairie7l.com\/en\/#organization\"},\"potentialAction\":[{\"@type\":\"SearchAction\",\"target\":{\"@type\":\"EntryPoint\",\"urlTemplate\":\"https:\/\/librairie7l.com\/en\/?s={search_term_string}\"},\"query-input\":\"required name=search_term_string\"}],\"inLanguage\":\"en-US\"},{\"@type\":\"Organization\",\"@id\":\"https:\/\/librairie7l.com\/en\/#organization\",\"name\":\"Librairie 7L\",\"url\":\"https:\/\/librairie7l.com\/en\/\",\"logo\":{\"@type\":\"ImageObject\",\"inLanguage\":\"en-US\",\"@id\":\"https:\/\/librairie7l.com\/en\/#\/schema\/logo\/image\/\",\"url\":\"https:\/\/librairie7l.com\/wp-content\/uploads\/2022\/08\/logo-1.png\",\"contentUrl\":\"https:\/\/librairie7l.com\/wp-content\/uploads\/2022\/08\/logo-1.png\",\"width\":227,\"height\":301,\"caption\":\"Librairie 7L\"},\"image\":{\"@id\":\"https:\/\/librairie7l.com\/en\/#\/schema\/logo\/image\/\"}}]}<\/script>\n<!-- \/ Yoast SEO plugin. -->","yoast_head_json":{"title":"LES CHITAS D'ALCOBA\u00c7A : COLLECTION PEREIRA DE SAMPAIO - Librairie 7L","robots":{"index":"index","follow":"follow","max-snippet":"max-snippet:-1","max-image-preview":"max-image-preview:large","max-video-preview":"max-video-preview:-1"},"canonical":"https:\/\/librairie7l.com\/en\/produit\/les-chitas-dalcobaca-collection-pereira-de-sampaio\/","og_locale":"en_US","og_type":"article","og_title":"LES CHITAS D'ALCOBA\u00c7A : COLLECTION PEREIRA DE SAMPAIO - Librairie 7L","og_description":"\u00c0 l&#8217;occasion de la saison crois\u00e9e France-Portugal 2022, le mus\u00e9e de la Toile de Jouy propose de faire d\u00e9couvrir \u00e0 son public la collection Pereira de Sampaio de chitas d&#8217;Alcoba\u00e7a. Avec plus d&#8217;une cinquantaine de pi\u00e8ces pr\u00e9sent\u00e9es, cette exposition repose sur l&#8217;\u00e9tude approfondie et in\u00e9dite de ce tissu traditionnel portugais, consid\u00e9r\u00e9 comme la toile de [&hellip;]","og_url":"https:\/\/librairie7l.com\/en\/produit\/les-chitas-dalcobaca-collection-pereira-de-sampaio\/","og_site_name":"Librairie 7L","article_modified_time":"2026-04-06T23:17:12+00:00","og_image":[{"width":600,"height":600,"url":"https:\/\/librairie7l.com\/wp-content\/uploads\/2022\/06\/9788836652099_1_75.jpg","type":"image\/jpeg"}],"twitter_card":"summary_large_image","twitter_misc":{"Est. reading time":"1 minute"},"schema":{"@context":"https:\/\/schema.org","@graph":[{"@type":"WebPage","@id":"https:\/\/librairie7l.com\/en\/produit\/les-chitas-dalcobaca-collection-pereira-de-sampaio\/","url":"https:\/\/librairie7l.com\/en\/produit\/les-chitas-dalcobaca-collection-pereira-de-sampaio\/","name":"LES CHITAS D'ALCOBA\u00c7A : COLLECTION PEREIRA DE SAMPAIO - Librairie 7L","isPartOf":{"@id":"https:\/\/librairie7l.com\/en\/#website"},"datePublished":"2023-05-09T16:16:25+00:00","dateModified":"2026-04-06T23:17:12+00:00","breadcrumb":{"@id":"https:\/\/librairie7l.com\/en\/produit\/les-chitas-dalcobaca-collection-pereira-de-sampaio\/#breadcrumb"},"inLanguage":"en-US","potentialAction":[{"@type":"ReadAction","target":["https:\/\/librairie7l.com\/en\/produit\/les-chitas-dalcobaca-collection-pereira-de-sampaio\/"]}]},{"@type":"BreadcrumbList","@id":"https:\/\/librairie7l.com\/en\/produit\/les-chitas-dalcobaca-collection-pereira-de-sampaio\/#breadcrumb","itemListElement":[{"@type":"ListItem","position":1,"name":"Accueil","item":"https:\/\/librairie7l.com\/en\/"},{"@type":"ListItem","position":2,"name":"Shop","item":"https:\/\/librairie7l.com\/en\/shop\/"},{"@type":"ListItem","position":3,"name":"LES CHITAS D&#8217;ALCOBA\u00c7A : COLLECTION PEREIRA DE SAMPAIO"}]},{"@type":"WebSite","@id":"https:\/\/librairie7l.com\/en\/#website","url":"https:\/\/librairie7l.com\/en\/","name":"Librairie 7L","description":"Librairie fond\u00e9e en 1999 par Karl Lagerfeld \u00e0 Paris","publisher":{"@id":"https:\/\/librairie7l.com\/en\/#organization"},"potentialAction":[{"@type":"SearchAction","target":{"@type":"EntryPoint","urlTemplate":"https:\/\/librairie7l.com\/en\/?s={search_term_string}"},"query-input":"required name=search_term_string"}],"inLanguage":"en-US"},{"@type":"Organization","@id":"https:\/\/librairie7l.com\/en\/#organization","name":"Librairie 7L","url":"https:\/\/librairie7l.com\/en\/","logo":{"@type":"ImageObject","inLanguage":"en-US","@id":"https:\/\/librairie7l.com\/en\/#\/schema\/logo\/image\/","url":"https:\/\/librairie7l.com\/wp-content\/uploads\/2022\/08\/logo-1.png","contentUrl":"https:\/\/librairie7l.com\/wp-content\/uploads\/2022\/08\/logo-1.png","width":227,"height":301,"caption":"Librairie 7L"},"image":{"@id":"https:\/\/librairie7l.com\/en\/#\/schema\/logo\/image\/"}}]}},"_links":{"self":[{"href":"https:\/\/librairie7l.com\/en\/wp-json\/wp\/v2\/product\/20747"}],"collection":[{"href":"https:\/\/librairie7l.com\/en\/wp-json\/wp\/v2\/product"}],"about":[{"href":"https:\/\/librairie7l.com\/en\/wp-json\/wp\/v2\/types\/product"}],"wp:featuredmedia":[{"embeddable":true,"href":"https:\/\/librairie7l.com\/en\/wp-json\/wp\/v2\/media\/20745"}],"wp:attachment":[{"href":"https:\/\/librairie7l.com\/en\/wp-json\/wp\/v2\/media?parent=20747"}],"wp:term":[{"taxonomy":"product_cat","embeddable":true,"href":"https:\/\/librairie7l.com\/en\/wp-json\/wp\/v2\/product_cat?post=20747"},{"taxonomy":"product_tag","embeddable":true,"href":"https:\/\/librairie7l.com\/en\/wp-json\/wp\/v2\/product_tag?post=20747"}],"curies":[{"name":"wp","href":"https:\/\/api.w.org\/{rel}","templated":true}]}}