{"id":20751,"date":"2023-05-09T18:16:28","date_gmt":"2023-05-09T16:16:28","guid":{"rendered":"https:\/\/librairie7l.com\/?post_type=product&#038;p=20751"},"modified":"2026-04-28T21:37:23","modified_gmt":"2026-04-28T19:37:23","slug":"toerist-modernist","status":"publish","type":"product","link":"https:\/\/librairie7l.com\/en\/produit\/toerist-modernist\/","title":{"rendered":"TOERIST MODERNIST"},"content":{"rendered":"<p>En 2019, Gerlin Heestermans a lanc\u00e9 la plate-forme en ligne Toerist Modernist comme une ode au joyaux du patrimoine moderniste souvent m\u00e9connus de la Belgique. Rapidement, son hobby (rep\u00e9rer des maisons et des b\u00e2timents, trouver le courage de sonner \u00e0 la porte et de demander une visite) est devenu presque une obsession. Elle a \u00e9labor\u00e9 plusieurs promenades architecturales et organise \u00e9galement des visites sur mesure, afin de mettre en valeur les nombreux b\u00e2timents, et des belles maisons modernistes de la Belgique. Son compte Instagram @toeristmodernist compte plus de 24K d&#8217;abonn\u00e9s et il est devenu un incontournable pour les amateurs d&#8217;architecture. Dans ce guide, Gerlin partage ses 12 meilleures promenades dan des endroits comme Charleroi, Deurne, Tornhout, Li\u00e8ge, Ostende ou Mariakerke. Chaque promenade est d\u00e9crite en d\u00e9tail et illustr\u00e9e de photos de fa\u00e7ades ext\u00e9rieures et d&#8217;un plan clair, suivi d&#8217;une s\u00e9lection d&#8217;images int\u00e9rieures inspirantes de certaines des maison du parcours.<\/p>\n","protected":false},"excerpt":{"rendered":"<p>En 2019, Gerlin Heestermans a lanc\u00e9 la plate-forme en ligne Toerist Modernist comme une ode au joyaux du patrimoine moderniste souvent m\u00e9connus de la Belgique. Rapidement, son hobby (rep\u00e9rer des maisons et des b\u00e2timents, trouver le courage de sonner \u00e0 la porte et de demander une visite) est devenu presque une obsession. Elle a \u00e9labor\u00e9 [&hellip;]<\/p>\n","protected":false},"featured_media":20749,"template":"","meta":[],"product_cat":[2948,2950],"product_tag":[],"acf":[],"yoast_head":"<!-- This site is optimized with the Yoast SEO plugin v20.11 - https:\/\/yoast.com\/wordpress\/plugins\/seo\/ -->\n<title>TOERIST MODERNIST - Librairie 7L<\/title>\n<meta name=\"robots\" content=\"index, follow, max-snippet:-1, max-image-preview:large, max-video-preview:-1\" \/>\n<link rel=\"canonical\" href=\"https:\/\/librairie7l.com\/en\/produit\/toerist-modernist\/\" \/>\n<meta property=\"og:locale\" content=\"en_US\" \/>\n<meta property=\"og:type\" content=\"article\" \/>\n<meta property=\"og:title\" content=\"TOERIST MODERNIST - Librairie 7L\" \/>\n<meta property=\"og:description\" content=\"En 2019, Gerlin Heestermans a lanc\u00e9 la plate-forme en ligne Toerist Modernist comme une ode au joyaux du patrimoine moderniste souvent m\u00e9connus de la Belgique. Rapidement, son hobby (rep\u00e9rer des maisons et des b\u00e2timents, trouver le courage de sonner \u00e0 la porte et de demander une visite) est devenu presque une obsession. Elle a \u00e9labor\u00e9 [&hellip;]\" \/>\n<meta property=\"og:url\" content=\"https:\/\/librairie7l.com\/en\/produit\/toerist-modernist\/\" \/>\n<meta property=\"og:site_name\" content=\"Librairie 7L\" \/>\n<meta property=\"article:modified_time\" content=\"2026-04-28T19:37:23+00:00\" \/>\n<meta property=\"og:image\" content=\"https:\/\/librairie7l.com\/wp-content\/uploads\/2023\/04\/9789460583438_1_75.jpg\" \/>\n\t<meta property=\"og:image:width\" content=\"376\" \/>\n\t<meta property=\"og:image:height\" content=\"600\" \/>\n\t<meta property=\"og:image:type\" content=\"image\/jpeg\" \/>\n<meta name=\"twitter:card\" content=\"summary_large_image\" \/>\n<meta name=\"twitter:label1\" content=\"Est. reading time\" \/>\n\t<meta name=\"twitter:data1\" content=\"1 minute\" \/>\n<script type=\"application\/ld+json\" class=\"yoast-schema-graph\">{\"@context\":\"https:\/\/schema.org\",\"@graph\":[{\"@type\":\"WebPage\",\"@id\":\"https:\/\/librairie7l.com\/en\/produit\/toerist-modernist\/\",\"url\":\"https:\/\/librairie7l.com\/en\/produit\/toerist-modernist\/\",\"name\":\"TOERIST MODERNIST - Librairie 7L\",\"isPartOf\":{\"@id\":\"https:\/\/librairie7l.com\/en\/#website\"},\"datePublished\":\"2023-05-09T16:16:28+00:00\",\"dateModified\":\"2026-04-28T19:37:23+00:00\",\"breadcrumb\":{\"@id\":\"https:\/\/librairie7l.com\/en\/produit\/toerist-modernist\/#breadcrumb\"},\"inLanguage\":\"en-US\",\"potentialAction\":[{\"@type\":\"ReadAction\",\"target\":[\"https:\/\/librairie7l.com\/en\/produit\/toerist-modernist\/\"]}]},{\"@type\":\"BreadcrumbList\",\"@id\":\"https:\/\/librairie7l.com\/en\/produit\/toerist-modernist\/#breadcrumb\",\"itemListElement\":[{\"@type\":\"ListItem\",\"position\":1,\"name\":\"Accueil\",\"item\":\"https:\/\/librairie7l.com\/en\/\"},{\"@type\":\"ListItem\",\"position\":2,\"name\":\"Shop\",\"item\":\"https:\/\/librairie7l.com\/en\/shop\/\"},{\"@type\":\"ListItem\",\"position\":3,\"name\":\"TOERIST MODERNIST\"}]},{\"@type\":\"WebSite\",\"@id\":\"https:\/\/librairie7l.com\/en\/#website\",\"url\":\"https:\/\/librairie7l.com\/en\/\",\"name\":\"Librairie 7L\",\"description\":\"Librairie fond\u00e9e en 1999 par Karl Lagerfeld \u00e0 Paris\",\"publisher\":{\"@id\":\"https:\/\/librairie7l.com\/en\/#organization\"},\"potentialAction\":[{\"@type\":\"SearchAction\",\"target\":{\"@type\":\"EntryPoint\",\"urlTemplate\":\"https:\/\/librairie7l.com\/en\/?s={search_term_string}\"},\"query-input\":\"required name=search_term_string\"}],\"inLanguage\":\"en-US\"},{\"@type\":\"Organization\",\"@id\":\"https:\/\/librairie7l.com\/en\/#organization\",\"name\":\"Librairie 7L\",\"url\":\"https:\/\/librairie7l.com\/en\/\",\"logo\":{\"@type\":\"ImageObject\",\"inLanguage\":\"en-US\",\"@id\":\"https:\/\/librairie7l.com\/en\/#\/schema\/logo\/image\/\",\"url\":\"https:\/\/librairie7l.com\/wp-content\/uploads\/2022\/08\/logo-1.png\",\"contentUrl\":\"https:\/\/librairie7l.com\/wp-content\/uploads\/2022\/08\/logo-1.png\",\"width\":227,\"height\":301,\"caption\":\"Librairie 7L\"},\"image\":{\"@id\":\"https:\/\/librairie7l.com\/en\/#\/schema\/logo\/image\/\"}}]}<\/script>\n<!-- \/ Yoast SEO plugin. -->","yoast_head_json":{"title":"TOERIST MODERNIST - Librairie 7L","robots":{"index":"index","follow":"follow","max-snippet":"max-snippet:-1","max-image-preview":"max-image-preview:large","max-video-preview":"max-video-preview:-1"},"canonical":"https:\/\/librairie7l.com\/en\/produit\/toerist-modernist\/","og_locale":"en_US","og_type":"article","og_title":"TOERIST MODERNIST - Librairie 7L","og_description":"En 2019, Gerlin Heestermans a lanc\u00e9 la plate-forme en ligne Toerist Modernist comme une ode au joyaux du patrimoine moderniste souvent m\u00e9connus de la Belgique. Rapidement, son hobby (rep\u00e9rer des maisons et des b\u00e2timents, trouver le courage de sonner \u00e0 la porte et de demander une visite) est devenu presque une obsession. Elle a \u00e9labor\u00e9 [&hellip;]","og_url":"https:\/\/librairie7l.com\/en\/produit\/toerist-modernist\/","og_site_name":"Librairie 7L","article_modified_time":"2026-04-28T19:37:23+00:00","og_image":[{"width":376,"height":600,"url":"https:\/\/librairie7l.com\/wp-content\/uploads\/2023\/04\/9789460583438_1_75.jpg","type":"image\/jpeg"}],"twitter_card":"summary_large_image","twitter_misc":{"Est. reading time":"1 minute"},"schema":{"@context":"https:\/\/schema.org","@graph":[{"@type":"WebPage","@id":"https:\/\/librairie7l.com\/en\/produit\/toerist-modernist\/","url":"https:\/\/librairie7l.com\/en\/produit\/toerist-modernist\/","name":"TOERIST MODERNIST - Librairie 7L","isPartOf":{"@id":"https:\/\/librairie7l.com\/en\/#website"},"datePublished":"2023-05-09T16:16:28+00:00","dateModified":"2026-04-28T19:37:23+00:00","breadcrumb":{"@id":"https:\/\/librairie7l.com\/en\/produit\/toerist-modernist\/#breadcrumb"},"inLanguage":"en-US","potentialAction":[{"@type":"ReadAction","target":["https:\/\/librairie7l.com\/en\/produit\/toerist-modernist\/"]}]},{"@type":"BreadcrumbList","@id":"https:\/\/librairie7l.com\/en\/produit\/toerist-modernist\/#breadcrumb","itemListElement":[{"@type":"ListItem","position":1,"name":"Accueil","item":"https:\/\/librairie7l.com\/en\/"},{"@type":"ListItem","position":2,"name":"Shop","item":"https:\/\/librairie7l.com\/en\/shop\/"},{"@type":"ListItem","position":3,"name":"TOERIST MODERNIST"}]},{"@type":"WebSite","@id":"https:\/\/librairie7l.com\/en\/#website","url":"https:\/\/librairie7l.com\/en\/","name":"Librairie 7L","description":"Librairie fond\u00e9e en 1999 par Karl Lagerfeld \u00e0 Paris","publisher":{"@id":"https:\/\/librairie7l.com\/en\/#organization"},"potentialAction":[{"@type":"SearchAction","target":{"@type":"EntryPoint","urlTemplate":"https:\/\/librairie7l.com\/en\/?s={search_term_string}"},"query-input":"required name=search_term_string"}],"inLanguage":"en-US"},{"@type":"Organization","@id":"https:\/\/librairie7l.com\/en\/#organization","name":"Librairie 7L","url":"https:\/\/librairie7l.com\/en\/","logo":{"@type":"ImageObject","inLanguage":"en-US","@id":"https:\/\/librairie7l.com\/en\/#\/schema\/logo\/image\/","url":"https:\/\/librairie7l.com\/wp-content\/uploads\/2022\/08\/logo-1.png","contentUrl":"https:\/\/librairie7l.com\/wp-content\/uploads\/2022\/08\/logo-1.png","width":227,"height":301,"caption":"Librairie 7L"},"image":{"@id":"https:\/\/librairie7l.com\/en\/#\/schema\/logo\/image\/"}}]}},"_links":{"self":[{"href":"https:\/\/librairie7l.com\/en\/wp-json\/wp\/v2\/product\/20751"}],"collection":[{"href":"https:\/\/librairie7l.com\/en\/wp-json\/wp\/v2\/product"}],"about":[{"href":"https:\/\/librairie7l.com\/en\/wp-json\/wp\/v2\/types\/product"}],"wp:featuredmedia":[{"embeddable":true,"href":"https:\/\/librairie7l.com\/en\/wp-json\/wp\/v2\/media\/20749"}],"wp:attachment":[{"href":"https:\/\/librairie7l.com\/en\/wp-json\/wp\/v2\/media?parent=20751"}],"wp:term":[{"taxonomy":"product_cat","embeddable":true,"href":"https:\/\/librairie7l.com\/en\/wp-json\/wp\/v2\/product_cat?post=20751"},{"taxonomy":"product_tag","embeddable":true,"href":"https:\/\/librairie7l.com\/en\/wp-json\/wp\/v2\/product_tag?post=20751"}],"curies":[{"name":"wp","href":"https:\/\/api.w.org\/{rel}","templated":true}]}}