{"id":20763,"date":"2023-05-09T18:16:37","date_gmt":"2023-05-09T16:16:37","guid":{"rendered":"https:\/\/librairie7l.com\/?post_type=product&#038;p=20763"},"modified":"2026-04-13T07:34:27","modified_gmt":"2026-04-13T05:34:27","slug":"le-mural-nomade","status":"publish","type":"product","link":"https:\/\/librairie7l.com\/en\/produit\/le-mural-nomade\/","title":{"rendered":"LE MURAL NOMADE"},"content":{"rendered":"<p>Le Corbusier parlait de la tapisserie comme d&#8217;un art \u00ab\u00a0mural nomade\u00a0\u00bb. Incarnant pour lui une troisi\u00e8me voie entre art et design, peinture et sculpture, la tapisserie se pr\u00eatait particuli\u00e8rement au dialogue avec l&#8217;architecture.<\/p>\n<p>L&#8217;exposition permet de d\u00e9couvrir la richesse et la diversit\u00e9 de la tapisserie des ann\u00e9es soixante \u00e0 nos jours. En effet les ann\u00e9es soixante sont charni\u00e8res dans le renouveau de la tapisserie avec deux courants pr\u00e9sent\u00e9s dans l&#8217;exposition\u00a0:<br \/>\n&#8211; Celui des tapisseries issues des commandes pass\u00e9es par les Manufactures nationales des Gobelins ou de Beauvais aux grands artistes contemporains et aux avant-gardes dans la tradition qui remonte \u00e0 la cr\u00e9ation des Manufactures au 17\u00e8me si\u00e8cle par Colbert. Parmi les nombreux artistes sollicit\u00e9s nous retrouvons notamment : Genevi\u00e8ve Asse, Pierrette Bloch, Pierre Buraglio, Alexander Calder, Edouardo Chilida, Le Corbusier, Sonia Delaunay, Julije Kniffer, Aur\u00e9lie Nemours, Gustave Singier, Raoul Ubac, Victor Vasarely, Vieira Da Silva.<br \/>\n&#8211; En parall\u00e8le \u00e9merge le courant de la \u00ab\u00a0Nouvelle Tapisserie\u00a0\u00bb r\u00e9v\u00e9l\u00e9 au public en 1962 \u00e0 la premi\u00e8re Biennale internationale de la tapisserie \u00e0 Lausanne. Ce mouvement se caract\u00e9rise par un renouvellement des techniques, m\u00ealant inspirations traditionnelles europ\u00e9ennes et am\u00e9rindiennes, ainsi que l&#8217;utilisation de mat\u00e9riaux nouveaux. Les tapisseries deviennent de v\u00e9ritables sculptures textiles. De bidimensionnelles qu&#8217;elles \u00e9taient depuis des si\u00e8cles, les tapisseries deviennent tridimensionnelles avec une libert\u00e9 de tissage qui s&#8217;\u00e9mancipe des techniques traditionnelles. \u00ab\u00a0La tapisserie \u00e9tait traditionnelle, bidimensionnelle, ultra-technique et bourgeoise. La voil\u00e0 d\u00e9poussi\u00e9r\u00e9e et subversive\u00a0!\u00a0\u00bb. Les artistes qui repr\u00e9sentent ce mouvement sont notamment : Josep Grau-Garriga, Gleb, Jagoda Buic, Olga De Amaral, Alfred Manessier.<br \/>\nLe catalogue de l&#8217;exposition pr\u00e9sente un ensemble important de tapisseries avec des pi\u00e8ces tiss\u00e9es souvent insoup\u00e7onn\u00e9es de figures majeures de l&#8217;art ou m\u00e9connues du grand public, mais qui ont toutes le point commun d&#8217;avoir marqu\u00e9 l&#8217;art dans la tapisserie des cinquante derni\u00e8res ann\u00e9es.<br \/>\nAvec les textes de : Brigitte Bouvier, directrice de la fondation le Corbusier\u00a0; Lucile Montagne, conservatrice au Mobilier national\u00a0; Bertrand Dumas, conservateur \u00e0 la Fondation Gandur pour l&#8217;art.<\/p>\n","protected":false},"excerpt":{"rendered":"<p>Le Corbusier parlait de la tapisserie comme d&#8217;un art \u00ab\u00a0mural nomade\u00a0\u00bb. Incarnant pour lui une troisi\u00e8me voie entre art et design, peinture et sculpture, la tapisserie se pr\u00eatait particuli\u00e8rement au dialogue avec l&#8217;architecture. L&#8217;exposition permet de d\u00e9couvrir la richesse et la diversit\u00e9 de la tapisserie des ann\u00e9es soixante \u00e0 nos jours. En effet les ann\u00e9es [&hellip;]<\/p>\n","protected":false},"featured_media":20761,"template":"","meta":[],"product_cat":[2948,2952],"product_tag":[],"acf":[],"yoast_head":"<!-- This site is optimized with the Yoast SEO plugin v20.11 - https:\/\/yoast.com\/wordpress\/plugins\/seo\/ -->\n<title>LE MURAL NOMADE - Librairie 7L<\/title>\n<meta name=\"robots\" content=\"index, follow, max-snippet:-1, max-image-preview:large, max-video-preview:-1\" \/>\n<link rel=\"canonical\" href=\"https:\/\/librairie7l.com\/en\/produit\/le-mural-nomade\/\" \/>\n<meta property=\"og:locale\" content=\"en_US\" \/>\n<meta property=\"og:type\" content=\"article\" \/>\n<meta property=\"og:title\" content=\"LE MURAL NOMADE - Librairie 7L\" \/>\n<meta property=\"og:description\" content=\"Le Corbusier parlait de la tapisserie comme d&#8217;un art \u00ab\u00a0mural nomade\u00a0\u00bb. Incarnant pour lui une troisi\u00e8me voie entre art et design, peinture et sculpture, la tapisserie se pr\u00eatait particuli\u00e8rement au dialogue avec l&#8217;architecture. L&#8217;exposition permet de d\u00e9couvrir la richesse et la diversit\u00e9 de la tapisserie des ann\u00e9es soixante \u00e0 nos jours. En effet les ann\u00e9es [&hellip;]\" \/>\n<meta property=\"og:url\" content=\"https:\/\/librairie7l.com\/en\/produit\/le-mural-nomade\/\" \/>\n<meta property=\"og:site_name\" content=\"Librairie 7L\" \/>\n<meta property=\"article:modified_time\" content=\"2026-04-13T05:34:27+00:00\" \/>\n<meta property=\"og:image\" content=\"https:\/\/librairie7l.com\/wp-content\/uploads\/2020\/10\/9782363062871_1_75.jpg\" \/>\n\t<meta property=\"og:image:width\" content=\"350\" \/>\n\t<meta property=\"og:image:height\" content=\"459\" \/>\n\t<meta property=\"og:image:type\" content=\"image\/jpeg\" \/>\n<meta name=\"twitter:card\" content=\"summary_large_image\" \/>\n<meta name=\"twitter:label1\" content=\"Est. reading time\" \/>\n\t<meta name=\"twitter:data1\" content=\"2 minutes\" \/>\n<script type=\"application\/ld+json\" class=\"yoast-schema-graph\">{\"@context\":\"https:\/\/schema.org\",\"@graph\":[{\"@type\":\"WebPage\",\"@id\":\"https:\/\/librairie7l.com\/en\/produit\/le-mural-nomade\/\",\"url\":\"https:\/\/librairie7l.com\/en\/produit\/le-mural-nomade\/\",\"name\":\"LE MURAL NOMADE - Librairie 7L\",\"isPartOf\":{\"@id\":\"https:\/\/librairie7l.com\/en\/#website\"},\"datePublished\":\"2023-05-09T16:16:37+00:00\",\"dateModified\":\"2026-04-13T05:34:27+00:00\",\"breadcrumb\":{\"@id\":\"https:\/\/librairie7l.com\/en\/produit\/le-mural-nomade\/#breadcrumb\"},\"inLanguage\":\"en-US\",\"potentialAction\":[{\"@type\":\"ReadAction\",\"target\":[\"https:\/\/librairie7l.com\/en\/produit\/le-mural-nomade\/\"]}]},{\"@type\":\"BreadcrumbList\",\"@id\":\"https:\/\/librairie7l.com\/en\/produit\/le-mural-nomade\/#breadcrumb\",\"itemListElement\":[{\"@type\":\"ListItem\",\"position\":1,\"name\":\"Accueil\",\"item\":\"https:\/\/librairie7l.com\/en\/\"},{\"@type\":\"ListItem\",\"position\":2,\"name\":\"Shop\",\"item\":\"https:\/\/librairie7l.com\/en\/shop\/\"},{\"@type\":\"ListItem\",\"position\":3,\"name\":\"LE MURAL NOMADE\"}]},{\"@type\":\"WebSite\",\"@id\":\"https:\/\/librairie7l.com\/en\/#website\",\"url\":\"https:\/\/librairie7l.com\/en\/\",\"name\":\"Librairie 7L\",\"description\":\"Librairie fond\u00e9e en 1999 par Karl Lagerfeld \u00e0 Paris\",\"publisher\":{\"@id\":\"https:\/\/librairie7l.com\/en\/#organization\"},\"potentialAction\":[{\"@type\":\"SearchAction\",\"target\":{\"@type\":\"EntryPoint\",\"urlTemplate\":\"https:\/\/librairie7l.com\/en\/?s={search_term_string}\"},\"query-input\":\"required name=search_term_string\"}],\"inLanguage\":\"en-US\"},{\"@type\":\"Organization\",\"@id\":\"https:\/\/librairie7l.com\/en\/#organization\",\"name\":\"Librairie 7L\",\"url\":\"https:\/\/librairie7l.com\/en\/\",\"logo\":{\"@type\":\"ImageObject\",\"inLanguage\":\"en-US\",\"@id\":\"https:\/\/librairie7l.com\/en\/#\/schema\/logo\/image\/\",\"url\":\"https:\/\/librairie7l.com\/wp-content\/uploads\/2022\/08\/logo-1.png\",\"contentUrl\":\"https:\/\/librairie7l.com\/wp-content\/uploads\/2022\/08\/logo-1.png\",\"width\":227,\"height\":301,\"caption\":\"Librairie 7L\"},\"image\":{\"@id\":\"https:\/\/librairie7l.com\/en\/#\/schema\/logo\/image\/\"}}]}<\/script>\n<!-- \/ Yoast SEO plugin. -->","yoast_head_json":{"title":"LE MURAL NOMADE - Librairie 7L","robots":{"index":"index","follow":"follow","max-snippet":"max-snippet:-1","max-image-preview":"max-image-preview:large","max-video-preview":"max-video-preview:-1"},"canonical":"https:\/\/librairie7l.com\/en\/produit\/le-mural-nomade\/","og_locale":"en_US","og_type":"article","og_title":"LE MURAL NOMADE - Librairie 7L","og_description":"Le Corbusier parlait de la tapisserie comme d&#8217;un art \u00ab\u00a0mural nomade\u00a0\u00bb. Incarnant pour lui une troisi\u00e8me voie entre art et design, peinture et sculpture, la tapisserie se pr\u00eatait particuli\u00e8rement au dialogue avec l&#8217;architecture. L&#8217;exposition permet de d\u00e9couvrir la richesse et la diversit\u00e9 de la tapisserie des ann\u00e9es soixante \u00e0 nos jours. En effet les ann\u00e9es [&hellip;]","og_url":"https:\/\/librairie7l.com\/en\/produit\/le-mural-nomade\/","og_site_name":"Librairie 7L","article_modified_time":"2026-04-13T05:34:27+00:00","og_image":[{"width":350,"height":459,"url":"https:\/\/librairie7l.com\/wp-content\/uploads\/2020\/10\/9782363062871_1_75.jpg","type":"image\/jpeg"}],"twitter_card":"summary_large_image","twitter_misc":{"Est. reading time":"2 minutes"},"schema":{"@context":"https:\/\/schema.org","@graph":[{"@type":"WebPage","@id":"https:\/\/librairie7l.com\/en\/produit\/le-mural-nomade\/","url":"https:\/\/librairie7l.com\/en\/produit\/le-mural-nomade\/","name":"LE MURAL NOMADE - Librairie 7L","isPartOf":{"@id":"https:\/\/librairie7l.com\/en\/#website"},"datePublished":"2023-05-09T16:16:37+00:00","dateModified":"2026-04-13T05:34:27+00:00","breadcrumb":{"@id":"https:\/\/librairie7l.com\/en\/produit\/le-mural-nomade\/#breadcrumb"},"inLanguage":"en-US","potentialAction":[{"@type":"ReadAction","target":["https:\/\/librairie7l.com\/en\/produit\/le-mural-nomade\/"]}]},{"@type":"BreadcrumbList","@id":"https:\/\/librairie7l.com\/en\/produit\/le-mural-nomade\/#breadcrumb","itemListElement":[{"@type":"ListItem","position":1,"name":"Accueil","item":"https:\/\/librairie7l.com\/en\/"},{"@type":"ListItem","position":2,"name":"Shop","item":"https:\/\/librairie7l.com\/en\/shop\/"},{"@type":"ListItem","position":3,"name":"LE MURAL NOMADE"}]},{"@type":"WebSite","@id":"https:\/\/librairie7l.com\/en\/#website","url":"https:\/\/librairie7l.com\/en\/","name":"Librairie 7L","description":"Librairie fond\u00e9e en 1999 par Karl Lagerfeld \u00e0 Paris","publisher":{"@id":"https:\/\/librairie7l.com\/en\/#organization"},"potentialAction":[{"@type":"SearchAction","target":{"@type":"EntryPoint","urlTemplate":"https:\/\/librairie7l.com\/en\/?s={search_term_string}"},"query-input":"required name=search_term_string"}],"inLanguage":"en-US"},{"@type":"Organization","@id":"https:\/\/librairie7l.com\/en\/#organization","name":"Librairie 7L","url":"https:\/\/librairie7l.com\/en\/","logo":{"@type":"ImageObject","inLanguage":"en-US","@id":"https:\/\/librairie7l.com\/en\/#\/schema\/logo\/image\/","url":"https:\/\/librairie7l.com\/wp-content\/uploads\/2022\/08\/logo-1.png","contentUrl":"https:\/\/librairie7l.com\/wp-content\/uploads\/2022\/08\/logo-1.png","width":227,"height":301,"caption":"Librairie 7L"},"image":{"@id":"https:\/\/librairie7l.com\/en\/#\/schema\/logo\/image\/"}}]}},"_links":{"self":[{"href":"https:\/\/librairie7l.com\/en\/wp-json\/wp\/v2\/product\/20763"}],"collection":[{"href":"https:\/\/librairie7l.com\/en\/wp-json\/wp\/v2\/product"}],"about":[{"href":"https:\/\/librairie7l.com\/en\/wp-json\/wp\/v2\/types\/product"}],"wp:featuredmedia":[{"embeddable":true,"href":"https:\/\/librairie7l.com\/en\/wp-json\/wp\/v2\/media\/20761"}],"wp:attachment":[{"href":"https:\/\/librairie7l.com\/en\/wp-json\/wp\/v2\/media?parent=20763"}],"wp:term":[{"taxonomy":"product_cat","embeddable":true,"href":"https:\/\/librairie7l.com\/en\/wp-json\/wp\/v2\/product_cat?post=20763"},{"taxonomy":"product_tag","embeddable":true,"href":"https:\/\/librairie7l.com\/en\/wp-json\/wp\/v2\/product_tag?post=20763"}],"curies":[{"name":"wp","href":"https:\/\/api.w.org\/{rel}","templated":true}]}}