{"id":20779,"date":"2023-05-09T18:16:50","date_gmt":"2023-05-09T16:16:50","guid":{"rendered":"https:\/\/librairie7l.com\/?post_type=product&#038;p=20779"},"modified":"2026-04-06T12:06:58","modified_gmt":"2026-04-06T10:06:58","slug":"villas-et-palais-de-rome","status":"publish","type":"product","link":"https:\/\/librairie7l.com\/en\/produit\/villas-et-palais-de-rome\/","title":{"rendered":"VILLAS ET PALAIS DE ROME"},"content":{"rendered":"<p>Un livre unique sur le fabuleux patrimoine de la Ville \u00e9ternelle.<br \/>\nParmi tous les monuments architecturaux qui font de Rome la ville la plus riche et la plus fascinante du monde, les palais occupent une position tr\u00e8s privil\u00e9gi\u00e9e au c\u00f4t\u00e9 des \u00e9glises et des vestiges les plus imposants de l&#8217;Antiquit\u00e9.<\/p>\n<p> Une telle profusion de palais, priv\u00e9s pour la plupart, s&#8217;explique en premier lieu par la pr\u00e9sence du Saint-Si\u00e8ge dont le souverain supr\u00eame fut longtemps choisi parmi les membres des grandes dynasties italiennes qui c\u00e9l\u00e9br\u00e8rent leur ascension en \u00e9difiant d&#8217;admirables palais.<\/p>\n<p> D&#8217;autres facteurs, historique et \u00e9conomique pour la plupart, contribu\u00e8rent \u00e0 la construction de ces grandioses palais, auxquels travaill\u00e8rent les architectes les plus prestigieux (Bramante, Michel-Ange, Sangallo, Le Bernin, Ponzio, Borromini, Fontana) et les peintres les plus c\u00e9l\u00e8bres de leur g\u00e9n\u00e9ration : les Carrache, Reni, le Guerchin, Pierre de Cortone, Salviati, sans oublier cette p\u00e9pini\u00e8re de d\u00e9corateurs bolonais qui, deux si\u00e8cles durant, firent leur apprentissage dans la Rome pontificale.<\/p>\n<p> Ces palais ont conserv\u00e9 une bonne part de leurs d\u00e9cors et de leurs ameublements originels gr\u00e2ce \u00e0 l&#8217;institution de fedecommesso (fid\u00e9i commis) qui obligeait le propri\u00e9taire \u00e0 garder en totalit\u00e9 et sur place les richesses artistiques amass\u00e9es au fil des si\u00e8cles. C&#8217;est \u00e0 cette heureuse disposition que nous devons la sauvegarde de ce fabuleux patrimoine comportant des oeuvres de Rapha\u00ebl, Titien, Corr\u00e8ge, Tintoret, V\u00e9ron\u00e8se, Carrache, Caravage, Reni, Guerchin, Rubens, Van Dyck et de tant d&#8217;autres ma\u00eetres des \u00e9coles italiennes et \u00e9trang\u00e8res, sans parler des antiquit\u00e9s classiques qui sont pr\u00e9sentes dans toutes les collections.<\/p>\n","protected":false},"excerpt":{"rendered":"<p>Un livre unique sur le fabuleux patrimoine de la Ville \u00e9ternelle. Parmi tous les monuments architecturaux qui font de Rome la ville la plus riche et la plus fascinante du monde, les palais occupent une position tr\u00e8s privil\u00e9gi\u00e9e au c\u00f4t\u00e9 des \u00e9glises et des vestiges les plus imposants de l&#8217;Antiquit\u00e9. Une telle profusion de palais, [&hellip;]<\/p>\n","protected":false},"featured_media":20777,"template":"","meta":[],"product_cat":[2948,2951],"product_tag":[],"acf":[],"yoast_head":"<!-- This site is optimized with the Yoast SEO plugin v20.11 - https:\/\/yoast.com\/wordpress\/plugins\/seo\/ -->\n<title>VILLAS ET PALAIS DE ROME - Librairie 7L<\/title>\n<meta name=\"robots\" content=\"index, follow, max-snippet:-1, max-image-preview:large, max-video-preview:-1\" \/>\n<link rel=\"canonical\" href=\"https:\/\/librairie7l.com\/en\/produit\/villas-et-palais-de-rome\/\" \/>\n<meta property=\"og:locale\" content=\"en_US\" \/>\n<meta property=\"og:type\" content=\"article\" \/>\n<meta property=\"og:title\" content=\"VILLAS ET PALAIS DE ROME - Librairie 7L\" \/>\n<meta property=\"og:description\" content=\"Un livre unique sur le fabuleux patrimoine de la Ville \u00e9ternelle. Parmi tous les monuments architecturaux qui font de Rome la ville la plus riche et la plus fascinante du monde, les palais occupent une position tr\u00e8s privil\u00e9gi\u00e9e au c\u00f4t\u00e9 des \u00e9glises et des vestiges les plus imposants de l&#8217;Antiquit\u00e9. Une telle profusion de palais, [&hellip;]\" \/>\n<meta property=\"og:url\" content=\"https:\/\/librairie7l.com\/en\/produit\/villas-et-palais-de-rome\/\" \/>\n<meta property=\"og:site_name\" content=\"Librairie 7L\" \/>\n<meta property=\"article:modified_time\" content=\"2026-04-06T10:06:58+00:00\" \/>\n<meta property=\"og:image\" content=\"https:\/\/librairie7l.com\/wp-content\/uploads\/2015\/08\/9782809912852_1_75.jpg\" \/>\n\t<meta property=\"og:image:width\" content=\"600\" \/>\n\t<meta property=\"og:image:height\" content=\"665\" \/>\n\t<meta property=\"og:image:type\" content=\"image\/jpeg\" \/>\n<meta name=\"twitter:card\" content=\"summary_large_image\" \/>\n<meta name=\"twitter:label1\" content=\"Est. reading time\" \/>\n\t<meta name=\"twitter:data1\" content=\"1 minute\" \/>\n<script type=\"application\/ld+json\" class=\"yoast-schema-graph\">{\"@context\":\"https:\/\/schema.org\",\"@graph\":[{\"@type\":\"WebPage\",\"@id\":\"https:\/\/librairie7l.com\/en\/produit\/villas-et-palais-de-rome\/\",\"url\":\"https:\/\/librairie7l.com\/en\/produit\/villas-et-palais-de-rome\/\",\"name\":\"VILLAS ET PALAIS DE ROME - Librairie 7L\",\"isPartOf\":{\"@id\":\"https:\/\/librairie7l.com\/en\/#website\"},\"datePublished\":\"2023-05-09T16:16:50+00:00\",\"dateModified\":\"2026-04-06T10:06:58+00:00\",\"breadcrumb\":{\"@id\":\"https:\/\/librairie7l.com\/en\/produit\/villas-et-palais-de-rome\/#breadcrumb\"},\"inLanguage\":\"en-US\",\"potentialAction\":[{\"@type\":\"ReadAction\",\"target\":[\"https:\/\/librairie7l.com\/en\/produit\/villas-et-palais-de-rome\/\"]}]},{\"@type\":\"BreadcrumbList\",\"@id\":\"https:\/\/librairie7l.com\/en\/produit\/villas-et-palais-de-rome\/#breadcrumb\",\"itemListElement\":[{\"@type\":\"ListItem\",\"position\":1,\"name\":\"Accueil\",\"item\":\"https:\/\/librairie7l.com\/en\/\"},{\"@type\":\"ListItem\",\"position\":2,\"name\":\"Shop\",\"item\":\"https:\/\/librairie7l.com\/en\/shop\/\"},{\"@type\":\"ListItem\",\"position\":3,\"name\":\"VILLAS ET PALAIS DE ROME\"}]},{\"@type\":\"WebSite\",\"@id\":\"https:\/\/librairie7l.com\/en\/#website\",\"url\":\"https:\/\/librairie7l.com\/en\/\",\"name\":\"Librairie 7L\",\"description\":\"Librairie fond\u00e9e en 1999 par Karl Lagerfeld \u00e0 Paris\",\"publisher\":{\"@id\":\"https:\/\/librairie7l.com\/en\/#organization\"},\"potentialAction\":[{\"@type\":\"SearchAction\",\"target\":{\"@type\":\"EntryPoint\",\"urlTemplate\":\"https:\/\/librairie7l.com\/en\/?s={search_term_string}\"},\"query-input\":\"required name=search_term_string\"}],\"inLanguage\":\"en-US\"},{\"@type\":\"Organization\",\"@id\":\"https:\/\/librairie7l.com\/en\/#organization\",\"name\":\"Librairie 7L\",\"url\":\"https:\/\/librairie7l.com\/en\/\",\"logo\":{\"@type\":\"ImageObject\",\"inLanguage\":\"en-US\",\"@id\":\"https:\/\/librairie7l.com\/en\/#\/schema\/logo\/image\/\",\"url\":\"https:\/\/librairie7l.com\/wp-content\/uploads\/2022\/08\/logo-1.png\",\"contentUrl\":\"https:\/\/librairie7l.com\/wp-content\/uploads\/2022\/08\/logo-1.png\",\"width\":227,\"height\":301,\"caption\":\"Librairie 7L\"},\"image\":{\"@id\":\"https:\/\/librairie7l.com\/en\/#\/schema\/logo\/image\/\"}}]}<\/script>\n<!-- \/ Yoast SEO plugin. -->","yoast_head_json":{"title":"VILLAS ET PALAIS DE ROME - Librairie 7L","robots":{"index":"index","follow":"follow","max-snippet":"max-snippet:-1","max-image-preview":"max-image-preview:large","max-video-preview":"max-video-preview:-1"},"canonical":"https:\/\/librairie7l.com\/en\/produit\/villas-et-palais-de-rome\/","og_locale":"en_US","og_type":"article","og_title":"VILLAS ET PALAIS DE ROME - Librairie 7L","og_description":"Un livre unique sur le fabuleux patrimoine de la Ville \u00e9ternelle. Parmi tous les monuments architecturaux qui font de Rome la ville la plus riche et la plus fascinante du monde, les palais occupent une position tr\u00e8s privil\u00e9gi\u00e9e au c\u00f4t\u00e9 des \u00e9glises et des vestiges les plus imposants de l&#8217;Antiquit\u00e9. Une telle profusion de palais, [&hellip;]","og_url":"https:\/\/librairie7l.com\/en\/produit\/villas-et-palais-de-rome\/","og_site_name":"Librairie 7L","article_modified_time":"2026-04-06T10:06:58+00:00","og_image":[{"width":600,"height":665,"url":"https:\/\/librairie7l.com\/wp-content\/uploads\/2015\/08\/9782809912852_1_75.jpg","type":"image\/jpeg"}],"twitter_card":"summary_large_image","twitter_misc":{"Est. reading time":"1 minute"},"schema":{"@context":"https:\/\/schema.org","@graph":[{"@type":"WebPage","@id":"https:\/\/librairie7l.com\/en\/produit\/villas-et-palais-de-rome\/","url":"https:\/\/librairie7l.com\/en\/produit\/villas-et-palais-de-rome\/","name":"VILLAS ET PALAIS DE ROME - Librairie 7L","isPartOf":{"@id":"https:\/\/librairie7l.com\/en\/#website"},"datePublished":"2023-05-09T16:16:50+00:00","dateModified":"2026-04-06T10:06:58+00:00","breadcrumb":{"@id":"https:\/\/librairie7l.com\/en\/produit\/villas-et-palais-de-rome\/#breadcrumb"},"inLanguage":"en-US","potentialAction":[{"@type":"ReadAction","target":["https:\/\/librairie7l.com\/en\/produit\/villas-et-palais-de-rome\/"]}]},{"@type":"BreadcrumbList","@id":"https:\/\/librairie7l.com\/en\/produit\/villas-et-palais-de-rome\/#breadcrumb","itemListElement":[{"@type":"ListItem","position":1,"name":"Accueil","item":"https:\/\/librairie7l.com\/en\/"},{"@type":"ListItem","position":2,"name":"Shop","item":"https:\/\/librairie7l.com\/en\/shop\/"},{"@type":"ListItem","position":3,"name":"VILLAS ET PALAIS DE ROME"}]},{"@type":"WebSite","@id":"https:\/\/librairie7l.com\/en\/#website","url":"https:\/\/librairie7l.com\/en\/","name":"Librairie 7L","description":"Librairie fond\u00e9e en 1999 par Karl Lagerfeld \u00e0 Paris","publisher":{"@id":"https:\/\/librairie7l.com\/en\/#organization"},"potentialAction":[{"@type":"SearchAction","target":{"@type":"EntryPoint","urlTemplate":"https:\/\/librairie7l.com\/en\/?s={search_term_string}"},"query-input":"required name=search_term_string"}],"inLanguage":"en-US"},{"@type":"Organization","@id":"https:\/\/librairie7l.com\/en\/#organization","name":"Librairie 7L","url":"https:\/\/librairie7l.com\/en\/","logo":{"@type":"ImageObject","inLanguage":"en-US","@id":"https:\/\/librairie7l.com\/en\/#\/schema\/logo\/image\/","url":"https:\/\/librairie7l.com\/wp-content\/uploads\/2022\/08\/logo-1.png","contentUrl":"https:\/\/librairie7l.com\/wp-content\/uploads\/2022\/08\/logo-1.png","width":227,"height":301,"caption":"Librairie 7L"},"image":{"@id":"https:\/\/librairie7l.com\/en\/#\/schema\/logo\/image\/"}}]}},"_links":{"self":[{"href":"https:\/\/librairie7l.com\/en\/wp-json\/wp\/v2\/product\/20779"}],"collection":[{"href":"https:\/\/librairie7l.com\/en\/wp-json\/wp\/v2\/product"}],"about":[{"href":"https:\/\/librairie7l.com\/en\/wp-json\/wp\/v2\/types\/product"}],"wp:featuredmedia":[{"embeddable":true,"href":"https:\/\/librairie7l.com\/en\/wp-json\/wp\/v2\/media\/20777"}],"wp:attachment":[{"href":"https:\/\/librairie7l.com\/en\/wp-json\/wp\/v2\/media?parent=20779"}],"wp:term":[{"taxonomy":"product_cat","embeddable":true,"href":"https:\/\/librairie7l.com\/en\/wp-json\/wp\/v2\/product_cat?post=20779"},{"taxonomy":"product_tag","embeddable":true,"href":"https:\/\/librairie7l.com\/en\/wp-json\/wp\/v2\/product_tag?post=20779"}],"curies":[{"name":"wp","href":"https:\/\/api.w.org\/{rel}","templated":true}]}}