{"id":20791,"date":"2023-05-09T18:16:59","date_gmt":"2023-05-09T16:16:59","guid":{"rendered":"https:\/\/librairie7l.com\/?post_type=product&#038;p=20791"},"modified":"2026-04-23T10:26:37","modified_gmt":"2026-04-23T08:26:37","slug":"craftland-japan","status":"publish","type":"product","link":"https:\/\/librairie7l.com\/en\/produit\/craftland-japan\/","title":{"rendered":"CRAFTLAND JAPAN"},"content":{"rendered":"<p>Cet ouvrage est le r\u00e9sultat d&#8217;une longue recherche sur l&#8217;artisanat au Japon aujourd&#8217;hui par les deux autrices Uwe R\u00f6ttgen et Katharina Zettl. Celles-ci ont sillonn\u00e9 le Japon pendant plusieurs mois pour d\u00e9couvrir les sp\u00e9cificit\u00e9s artisanales de chaque r\u00e9gion. Ayant d\u00e9couvert plusieurs centaines de cr\u00e9ateurs entre innovation et tradition, elles en ont s\u00e9lectionn\u00e9 25 et nous les font d\u00e9couvrir r\u00e9gion par r\u00e9gion, avec de belles photos. Sculpture d&#8217;ustensiles en bois, teinture traditionnelle \u00e0 l&#8217;indigo, c\u00e9ramique, tressage d&#8217;objets en bambou, ces artisans vivant souvent dans des r\u00e9gions recul\u00e9es et rurales sont mis \u00e0 l&#8217;honneur. L&#8217;attention est port\u00e9e \u00e0 la fois sur la qualit\u00e9 de gestes ancestraux et sur le renouvellement des techniques.<\/p>\n","protected":false},"excerpt":{"rendered":"<p>Cet ouvrage est le r\u00e9sultat d&#8217;une longue recherche sur l&#8217;artisanat au Japon aujourd&#8217;hui par les deux autrices Uwe R\u00f6ttgen et Katharina Zettl. Celles-ci ont sillonn\u00e9 le Japon pendant plusieurs mois pour d\u00e9couvrir les sp\u00e9cificit\u00e9s artisanales de chaque r\u00e9gion. Ayant d\u00e9couvert plusieurs centaines de cr\u00e9ateurs entre innovation et tradition, elles en ont s\u00e9lectionn\u00e9 25 et nous [&hellip;]<\/p>\n","protected":false},"featured_media":20789,"template":"","meta":[],"product_cat":[2948,2952],"product_tag":[],"acf":[],"yoast_head":"<!-- This site is optimized with the Yoast SEO plugin v20.11 - https:\/\/yoast.com\/wordpress\/plugins\/seo\/ -->\n<title>CRAFTLAND JAPAN - Librairie 7L<\/title>\n<meta name=\"robots\" content=\"index, follow, max-snippet:-1, max-image-preview:large, max-video-preview:-1\" \/>\n<link rel=\"canonical\" href=\"https:\/\/librairie7l.com\/en\/produit\/craftland-japan\/\" \/>\n<meta property=\"og:locale\" content=\"en_US\" \/>\n<meta property=\"og:type\" content=\"article\" \/>\n<meta property=\"og:title\" content=\"CRAFTLAND JAPAN - Librairie 7L\" \/>\n<meta property=\"og:description\" content=\"Cet ouvrage est le r\u00e9sultat d&#8217;une longue recherche sur l&#8217;artisanat au Japon aujourd&#8217;hui par les deux autrices Uwe R\u00f6ttgen et Katharina Zettl. Celles-ci ont sillonn\u00e9 le Japon pendant plusieurs mois pour d\u00e9couvrir les sp\u00e9cificit\u00e9s artisanales de chaque r\u00e9gion. Ayant d\u00e9couvert plusieurs centaines de cr\u00e9ateurs entre innovation et tradition, elles en ont s\u00e9lectionn\u00e9 25 et nous [&hellip;]\" \/>\n<meta property=\"og:url\" content=\"https:\/\/librairie7l.com\/en\/produit\/craftland-japan\/\" \/>\n<meta property=\"og:site_name\" content=\"Librairie 7L\" \/>\n<meta property=\"article:modified_time\" content=\"2026-04-23T08:26:37+00:00\" \/>\n<meta property=\"og:image\" content=\"https:\/\/librairie7l.com\/wp-content\/uploads\/2020\/03\/9780500295342_1_75.jpg\" \/>\n\t<meta property=\"og:image:width\" content=\"158\" \/>\n\t<meta property=\"og:image:height\" content=\"220\" \/>\n\t<meta property=\"og:image:type\" content=\"image\/jpeg\" \/>\n<meta name=\"twitter:card\" content=\"summary_large_image\" \/>\n<meta name=\"twitter:label1\" content=\"Est. reading time\" \/>\n\t<meta name=\"twitter:data1\" content=\"1 minute\" \/>\n<script type=\"application\/ld+json\" class=\"yoast-schema-graph\">{\"@context\":\"https:\/\/schema.org\",\"@graph\":[{\"@type\":\"WebPage\",\"@id\":\"https:\/\/librairie7l.com\/en\/produit\/craftland-japan\/\",\"url\":\"https:\/\/librairie7l.com\/en\/produit\/craftland-japan\/\",\"name\":\"CRAFTLAND JAPAN - Librairie 7L\",\"isPartOf\":{\"@id\":\"https:\/\/librairie7l.com\/en\/#website\"},\"datePublished\":\"2023-05-09T16:16:59+00:00\",\"dateModified\":\"2026-04-23T08:26:37+00:00\",\"breadcrumb\":{\"@id\":\"https:\/\/librairie7l.com\/en\/produit\/craftland-japan\/#breadcrumb\"},\"inLanguage\":\"en-US\",\"potentialAction\":[{\"@type\":\"ReadAction\",\"target\":[\"https:\/\/librairie7l.com\/en\/produit\/craftland-japan\/\"]}]},{\"@type\":\"BreadcrumbList\",\"@id\":\"https:\/\/librairie7l.com\/en\/produit\/craftland-japan\/#breadcrumb\",\"itemListElement\":[{\"@type\":\"ListItem\",\"position\":1,\"name\":\"Accueil\",\"item\":\"https:\/\/librairie7l.com\/en\/\"},{\"@type\":\"ListItem\",\"position\":2,\"name\":\"Shop\",\"item\":\"https:\/\/librairie7l.com\/en\/shop\/\"},{\"@type\":\"ListItem\",\"position\":3,\"name\":\"CRAFTLAND JAPAN\"}]},{\"@type\":\"WebSite\",\"@id\":\"https:\/\/librairie7l.com\/en\/#website\",\"url\":\"https:\/\/librairie7l.com\/en\/\",\"name\":\"Librairie 7L\",\"description\":\"Librairie fond\u00e9e en 1999 par Karl Lagerfeld \u00e0 Paris\",\"publisher\":{\"@id\":\"https:\/\/librairie7l.com\/en\/#organization\"},\"potentialAction\":[{\"@type\":\"SearchAction\",\"target\":{\"@type\":\"EntryPoint\",\"urlTemplate\":\"https:\/\/librairie7l.com\/en\/?s={search_term_string}\"},\"query-input\":\"required name=search_term_string\"}],\"inLanguage\":\"en-US\"},{\"@type\":\"Organization\",\"@id\":\"https:\/\/librairie7l.com\/en\/#organization\",\"name\":\"Librairie 7L\",\"url\":\"https:\/\/librairie7l.com\/en\/\",\"logo\":{\"@type\":\"ImageObject\",\"inLanguage\":\"en-US\",\"@id\":\"https:\/\/librairie7l.com\/en\/#\/schema\/logo\/image\/\",\"url\":\"https:\/\/librairie7l.com\/wp-content\/uploads\/2022\/08\/logo-1.png\",\"contentUrl\":\"https:\/\/librairie7l.com\/wp-content\/uploads\/2022\/08\/logo-1.png\",\"width\":227,\"height\":301,\"caption\":\"Librairie 7L\"},\"image\":{\"@id\":\"https:\/\/librairie7l.com\/en\/#\/schema\/logo\/image\/\"}}]}<\/script>\n<!-- \/ Yoast SEO plugin. -->","yoast_head_json":{"title":"CRAFTLAND JAPAN - Librairie 7L","robots":{"index":"index","follow":"follow","max-snippet":"max-snippet:-1","max-image-preview":"max-image-preview:large","max-video-preview":"max-video-preview:-1"},"canonical":"https:\/\/librairie7l.com\/en\/produit\/craftland-japan\/","og_locale":"en_US","og_type":"article","og_title":"CRAFTLAND JAPAN - Librairie 7L","og_description":"Cet ouvrage est le r\u00e9sultat d&#8217;une longue recherche sur l&#8217;artisanat au Japon aujourd&#8217;hui par les deux autrices Uwe R\u00f6ttgen et Katharina Zettl. Celles-ci ont sillonn\u00e9 le Japon pendant plusieurs mois pour d\u00e9couvrir les sp\u00e9cificit\u00e9s artisanales de chaque r\u00e9gion. Ayant d\u00e9couvert plusieurs centaines de cr\u00e9ateurs entre innovation et tradition, elles en ont s\u00e9lectionn\u00e9 25 et nous [&hellip;]","og_url":"https:\/\/librairie7l.com\/en\/produit\/craftland-japan\/","og_site_name":"Librairie 7L","article_modified_time":"2026-04-23T08:26:37+00:00","og_image":[{"width":158,"height":220,"url":"https:\/\/librairie7l.com\/wp-content\/uploads\/2020\/03\/9780500295342_1_75.jpg","type":"image\/jpeg"}],"twitter_card":"summary_large_image","twitter_misc":{"Est. reading time":"1 minute"},"schema":{"@context":"https:\/\/schema.org","@graph":[{"@type":"WebPage","@id":"https:\/\/librairie7l.com\/en\/produit\/craftland-japan\/","url":"https:\/\/librairie7l.com\/en\/produit\/craftland-japan\/","name":"CRAFTLAND JAPAN - Librairie 7L","isPartOf":{"@id":"https:\/\/librairie7l.com\/en\/#website"},"datePublished":"2023-05-09T16:16:59+00:00","dateModified":"2026-04-23T08:26:37+00:00","breadcrumb":{"@id":"https:\/\/librairie7l.com\/en\/produit\/craftland-japan\/#breadcrumb"},"inLanguage":"en-US","potentialAction":[{"@type":"ReadAction","target":["https:\/\/librairie7l.com\/en\/produit\/craftland-japan\/"]}]},{"@type":"BreadcrumbList","@id":"https:\/\/librairie7l.com\/en\/produit\/craftland-japan\/#breadcrumb","itemListElement":[{"@type":"ListItem","position":1,"name":"Accueil","item":"https:\/\/librairie7l.com\/en\/"},{"@type":"ListItem","position":2,"name":"Shop","item":"https:\/\/librairie7l.com\/en\/shop\/"},{"@type":"ListItem","position":3,"name":"CRAFTLAND JAPAN"}]},{"@type":"WebSite","@id":"https:\/\/librairie7l.com\/en\/#website","url":"https:\/\/librairie7l.com\/en\/","name":"Librairie 7L","description":"Librairie fond\u00e9e en 1999 par Karl Lagerfeld \u00e0 Paris","publisher":{"@id":"https:\/\/librairie7l.com\/en\/#organization"},"potentialAction":[{"@type":"SearchAction","target":{"@type":"EntryPoint","urlTemplate":"https:\/\/librairie7l.com\/en\/?s={search_term_string}"},"query-input":"required name=search_term_string"}],"inLanguage":"en-US"},{"@type":"Organization","@id":"https:\/\/librairie7l.com\/en\/#organization","name":"Librairie 7L","url":"https:\/\/librairie7l.com\/en\/","logo":{"@type":"ImageObject","inLanguage":"en-US","@id":"https:\/\/librairie7l.com\/en\/#\/schema\/logo\/image\/","url":"https:\/\/librairie7l.com\/wp-content\/uploads\/2022\/08\/logo-1.png","contentUrl":"https:\/\/librairie7l.com\/wp-content\/uploads\/2022\/08\/logo-1.png","width":227,"height":301,"caption":"Librairie 7L"},"image":{"@id":"https:\/\/librairie7l.com\/en\/#\/schema\/logo\/image\/"}}]}},"_links":{"self":[{"href":"https:\/\/librairie7l.com\/en\/wp-json\/wp\/v2\/product\/20791"}],"collection":[{"href":"https:\/\/librairie7l.com\/en\/wp-json\/wp\/v2\/product"}],"about":[{"href":"https:\/\/librairie7l.com\/en\/wp-json\/wp\/v2\/types\/product"}],"wp:featuredmedia":[{"embeddable":true,"href":"https:\/\/librairie7l.com\/en\/wp-json\/wp\/v2\/media\/20789"}],"wp:attachment":[{"href":"https:\/\/librairie7l.com\/en\/wp-json\/wp\/v2\/media?parent=20791"}],"wp:term":[{"taxonomy":"product_cat","embeddable":true,"href":"https:\/\/librairie7l.com\/en\/wp-json\/wp\/v2\/product_cat?post=20791"},{"taxonomy":"product_tag","embeddable":true,"href":"https:\/\/librairie7l.com\/en\/wp-json\/wp\/v2\/product_tag?post=20791"}],"curies":[{"name":"wp","href":"https:\/\/api.w.org\/{rel}","templated":true}]}}