{"id":20819,"date":"2023-05-09T18:17:23","date_gmt":"2023-05-09T16:17:23","guid":{"rendered":"https:\/\/librairie7l.com\/?post_type=product&#038;p=20819"},"modified":"2026-04-22T15:06:58","modified_gmt":"2026-04-22T13:06:58","slug":"le-galuchat","status":"publish","type":"product","link":"https:\/\/librairie7l.com\/en\/produit\/le-galuchat\/","title":{"rendered":"LE GALUCHAT"},"content":{"rendered":"<p>Le galuchat est une peau de poisson (roussette, chien de mer, diverses raies et requins) dont l&#8217;utilisation est tr\u00e8s ancienne, notamment au Proche-Orient et en Asie. En Europe, elle \u00e9tait utilis\u00e9e depuis longtemps comme abrasif, et fut mis \u00e0 la mode au 18e si\u00e8cle en gainerie par Jean-Claude Galluchat qui l&#8217;associa \u00e0 l&#8217;artisanat de luxe et lui laissa son nom. Le 19e si\u00e8cle fit honneur au galuchat, mais son utilisation reste surtout associ\u00e9e la p\u00e9riode Art D\u00e9co, ou Ruhlmann et d&#8217;autres grands noms l&#8217;utilis\u00e8rent dans le mobilier. Il tomba ensuite dans l&#8217;oubli, et la technique de sa &#8220;mise&#8221; en oeuvre fut perdue. <\/p>\n<p>Jean Perfettini s&#8217;est appliqu\u00e9 avec succ\u00e8s \u00e0 la retrouver : \u00ab Personne ne savait r\u00e9ellement comment pratiquaient les anciens et c&#8217;est par t\u00e2tonnements, essais divers, recherches \u00e0 droite et \u00e0 gauche, recueil de bribes d&#8217;informations chez les uns et les autres, que nous avons r\u00e9ussi \u00e0 traiter du galuchat de mani\u00e8re relativement compl\u00e8te. \u00bb Apr\u00e8s avoir replac\u00e9 le galuchat dans son contexte historique, l&#8217;auteur s&#8217;int\u00e9resse aux esp\u00e8ces de poissons utilis\u00e9es et \u00e0 l&#8217;aspect des peaux (petits grains et gros grains). Il d\u00e9crit ensuite la mise en oeuvre. Il traite enfin de la restauration des objets en galuchat. Une bibliographie tr\u00e8s compl\u00e8te termine l&#8217;ouvrage.<\/p>\n<p>De nos jours, le galuchat conna\u00eet un renouveau en d\u00e9coration, \u00e9b\u00e9nisterie et maroquinerie : il continue de nous fasciner, aussi luxueux que myst\u00e9rieux.<\/p>\n","protected":false},"excerpt":{"rendered":"<p>Le galuchat est une peau de poisson (roussette, chien de mer, diverses raies et requins) dont l&#8217;utilisation est tr\u00e8s ancienne, notamment au Proche-Orient et en Asie. En Europe, elle \u00e9tait utilis\u00e9e depuis longtemps comme abrasif, et fut mis \u00e0 la mode au 18e si\u00e8cle en gainerie par Jean-Claude Galluchat qui l&#8217;associa \u00e0 l&#8217;artisanat de luxe [&hellip;]<\/p>\n","protected":false},"featured_media":20817,"template":"","meta":[],"product_cat":[2948,2952],"product_tag":[],"acf":[],"yoast_head":"<!-- This site is optimized with the Yoast SEO plugin v20.11 - https:\/\/yoast.com\/wordpress\/plugins\/seo\/ -->\n<title>LE GALUCHAT - Librairie 7L<\/title>\n<meta name=\"robots\" content=\"index, follow, max-snippet:-1, max-image-preview:large, max-video-preview:-1\" \/>\n<link rel=\"canonical\" href=\"https:\/\/librairie7l.com\/en\/produit\/le-galuchat\/\" \/>\n<meta property=\"og:locale\" content=\"en_US\" \/>\n<meta property=\"og:type\" content=\"article\" \/>\n<meta property=\"og:title\" content=\"LE GALUCHAT - Librairie 7L\" \/>\n<meta property=\"og:description\" content=\"Le galuchat est une peau de poisson (roussette, chien de mer, diverses raies et requins) dont l&#8217;utilisation est tr\u00e8s ancienne, notamment au Proche-Orient et en Asie. En Europe, elle \u00e9tait utilis\u00e9e depuis longtemps comme abrasif, et fut mis \u00e0 la mode au 18e si\u00e8cle en gainerie par Jean-Claude Galluchat qui l&#8217;associa \u00e0 l&#8217;artisanat de luxe [&hellip;]\" \/>\n<meta property=\"og:url\" content=\"https:\/\/librairie7l.com\/en\/produit\/le-galuchat\/\" \/>\n<meta property=\"og:site_name\" content=\"Librairie 7L\" \/>\n<meta property=\"article:modified_time\" content=\"2026-04-22T13:06:58+00:00\" \/>\n<meta property=\"og:image\" content=\"https:\/\/librairie7l.com\/wp-content\/uploads\/2016\/03\/9782851012043_1_75.jpg\" \/>\n\t<meta property=\"og:image:width\" content=\"591\" \/>\n\t<meta property=\"og:image:height\" content=\"716\" \/>\n\t<meta property=\"og:image:type\" content=\"image\/jpeg\" \/>\n<meta name=\"twitter:card\" content=\"summary_large_image\" \/>\n<meta name=\"twitter:label1\" content=\"Est. reading time\" \/>\n\t<meta name=\"twitter:data1\" content=\"1 minute\" \/>\n<script type=\"application\/ld+json\" class=\"yoast-schema-graph\">{\"@context\":\"https:\/\/schema.org\",\"@graph\":[{\"@type\":\"WebPage\",\"@id\":\"https:\/\/librairie7l.com\/en\/produit\/le-galuchat\/\",\"url\":\"https:\/\/librairie7l.com\/en\/produit\/le-galuchat\/\",\"name\":\"LE GALUCHAT - Librairie 7L\",\"isPartOf\":{\"@id\":\"https:\/\/librairie7l.com\/en\/#website\"},\"datePublished\":\"2023-05-09T16:17:23+00:00\",\"dateModified\":\"2026-04-22T13:06:58+00:00\",\"breadcrumb\":{\"@id\":\"https:\/\/librairie7l.com\/en\/produit\/le-galuchat\/#breadcrumb\"},\"inLanguage\":\"en-US\",\"potentialAction\":[{\"@type\":\"ReadAction\",\"target\":[\"https:\/\/librairie7l.com\/en\/produit\/le-galuchat\/\"]}]},{\"@type\":\"BreadcrumbList\",\"@id\":\"https:\/\/librairie7l.com\/en\/produit\/le-galuchat\/#breadcrumb\",\"itemListElement\":[{\"@type\":\"ListItem\",\"position\":1,\"name\":\"Accueil\",\"item\":\"https:\/\/librairie7l.com\/en\/\"},{\"@type\":\"ListItem\",\"position\":2,\"name\":\"Shop\",\"item\":\"https:\/\/librairie7l.com\/en\/shop\/\"},{\"@type\":\"ListItem\",\"position\":3,\"name\":\"LE GALUCHAT\"}]},{\"@type\":\"WebSite\",\"@id\":\"https:\/\/librairie7l.com\/en\/#website\",\"url\":\"https:\/\/librairie7l.com\/en\/\",\"name\":\"Librairie 7L\",\"description\":\"Librairie fond\u00e9e en 1999 par Karl Lagerfeld \u00e0 Paris\",\"publisher\":{\"@id\":\"https:\/\/librairie7l.com\/en\/#organization\"},\"potentialAction\":[{\"@type\":\"SearchAction\",\"target\":{\"@type\":\"EntryPoint\",\"urlTemplate\":\"https:\/\/librairie7l.com\/en\/?s={search_term_string}\"},\"query-input\":\"required name=search_term_string\"}],\"inLanguage\":\"en-US\"},{\"@type\":\"Organization\",\"@id\":\"https:\/\/librairie7l.com\/en\/#organization\",\"name\":\"Librairie 7L\",\"url\":\"https:\/\/librairie7l.com\/en\/\",\"logo\":{\"@type\":\"ImageObject\",\"inLanguage\":\"en-US\",\"@id\":\"https:\/\/librairie7l.com\/en\/#\/schema\/logo\/image\/\",\"url\":\"https:\/\/librairie7l.com\/wp-content\/uploads\/2022\/08\/logo-1.png\",\"contentUrl\":\"https:\/\/librairie7l.com\/wp-content\/uploads\/2022\/08\/logo-1.png\",\"width\":227,\"height\":301,\"caption\":\"Librairie 7L\"},\"image\":{\"@id\":\"https:\/\/librairie7l.com\/en\/#\/schema\/logo\/image\/\"}}]}<\/script>\n<!-- \/ Yoast SEO plugin. -->","yoast_head_json":{"title":"LE GALUCHAT - Librairie 7L","robots":{"index":"index","follow":"follow","max-snippet":"max-snippet:-1","max-image-preview":"max-image-preview:large","max-video-preview":"max-video-preview:-1"},"canonical":"https:\/\/librairie7l.com\/en\/produit\/le-galuchat\/","og_locale":"en_US","og_type":"article","og_title":"LE GALUCHAT - Librairie 7L","og_description":"Le galuchat est une peau de poisson (roussette, chien de mer, diverses raies et requins) dont l&#8217;utilisation est tr\u00e8s ancienne, notamment au Proche-Orient et en Asie. En Europe, elle \u00e9tait utilis\u00e9e depuis longtemps comme abrasif, et fut mis \u00e0 la mode au 18e si\u00e8cle en gainerie par Jean-Claude Galluchat qui l&#8217;associa \u00e0 l&#8217;artisanat de luxe [&hellip;]","og_url":"https:\/\/librairie7l.com\/en\/produit\/le-galuchat\/","og_site_name":"Librairie 7L","article_modified_time":"2026-04-22T13:06:58+00:00","og_image":[{"width":591,"height":716,"url":"https:\/\/librairie7l.com\/wp-content\/uploads\/2016\/03\/9782851012043_1_75.jpg","type":"image\/jpeg"}],"twitter_card":"summary_large_image","twitter_misc":{"Est. reading time":"1 minute"},"schema":{"@context":"https:\/\/schema.org","@graph":[{"@type":"WebPage","@id":"https:\/\/librairie7l.com\/en\/produit\/le-galuchat\/","url":"https:\/\/librairie7l.com\/en\/produit\/le-galuchat\/","name":"LE GALUCHAT - Librairie 7L","isPartOf":{"@id":"https:\/\/librairie7l.com\/en\/#website"},"datePublished":"2023-05-09T16:17:23+00:00","dateModified":"2026-04-22T13:06:58+00:00","breadcrumb":{"@id":"https:\/\/librairie7l.com\/en\/produit\/le-galuchat\/#breadcrumb"},"inLanguage":"en-US","potentialAction":[{"@type":"ReadAction","target":["https:\/\/librairie7l.com\/en\/produit\/le-galuchat\/"]}]},{"@type":"BreadcrumbList","@id":"https:\/\/librairie7l.com\/en\/produit\/le-galuchat\/#breadcrumb","itemListElement":[{"@type":"ListItem","position":1,"name":"Accueil","item":"https:\/\/librairie7l.com\/en\/"},{"@type":"ListItem","position":2,"name":"Shop","item":"https:\/\/librairie7l.com\/en\/shop\/"},{"@type":"ListItem","position":3,"name":"LE GALUCHAT"}]},{"@type":"WebSite","@id":"https:\/\/librairie7l.com\/en\/#website","url":"https:\/\/librairie7l.com\/en\/","name":"Librairie 7L","description":"Librairie fond\u00e9e en 1999 par Karl Lagerfeld \u00e0 Paris","publisher":{"@id":"https:\/\/librairie7l.com\/en\/#organization"},"potentialAction":[{"@type":"SearchAction","target":{"@type":"EntryPoint","urlTemplate":"https:\/\/librairie7l.com\/en\/?s={search_term_string}"},"query-input":"required name=search_term_string"}],"inLanguage":"en-US"},{"@type":"Organization","@id":"https:\/\/librairie7l.com\/en\/#organization","name":"Librairie 7L","url":"https:\/\/librairie7l.com\/en\/","logo":{"@type":"ImageObject","inLanguage":"en-US","@id":"https:\/\/librairie7l.com\/en\/#\/schema\/logo\/image\/","url":"https:\/\/librairie7l.com\/wp-content\/uploads\/2022\/08\/logo-1.png","contentUrl":"https:\/\/librairie7l.com\/wp-content\/uploads\/2022\/08\/logo-1.png","width":227,"height":301,"caption":"Librairie 7L"},"image":{"@id":"https:\/\/librairie7l.com\/en\/#\/schema\/logo\/image\/"}}]}},"_links":{"self":[{"href":"https:\/\/librairie7l.com\/en\/wp-json\/wp\/v2\/product\/20819"}],"collection":[{"href":"https:\/\/librairie7l.com\/en\/wp-json\/wp\/v2\/product"}],"about":[{"href":"https:\/\/librairie7l.com\/en\/wp-json\/wp\/v2\/types\/product"}],"wp:featuredmedia":[{"embeddable":true,"href":"https:\/\/librairie7l.com\/en\/wp-json\/wp\/v2\/media\/20817"}],"wp:attachment":[{"href":"https:\/\/librairie7l.com\/en\/wp-json\/wp\/v2\/media?parent=20819"}],"wp:term":[{"taxonomy":"product_cat","embeddable":true,"href":"https:\/\/librairie7l.com\/en\/wp-json\/wp\/v2\/product_cat?post=20819"},{"taxonomy":"product_tag","embeddable":true,"href":"https:\/\/librairie7l.com\/en\/wp-json\/wp\/v2\/product_tag?post=20819"}],"curies":[{"name":"wp","href":"https:\/\/api.w.org\/{rel}","templated":true}]}}