{"id":20827,"date":"2023-05-09T18:17:30","date_gmt":"2023-05-09T16:17:30","guid":{"rendered":"https:\/\/librairie7l.com\/?post_type=product&#038;p=20827"},"modified":"2026-04-23T11:38:26","modified_gmt":"2026-04-23T09:38:26","slug":"matieres-et-savoir-faire-dexception","status":"publish","type":"product","link":"https:\/\/librairie7l.com\/en\/produit\/matieres-et-savoir-faire-dexception\/","title":{"rendered":"MATI\u00c8RES ET SAVOIR-FAIRE D&#8217;EXCEPTION"},"content":{"rendered":"<p>Edition concentr\u00e9e de Mati\u00e8res d&#8217;exception, ouvrage de r\u00e9f\u00e9rence dans l&#8217;univers des mati\u00e8res du luxe, ce livre invite le lecteur \u00e0 la d\u00e9couverte. Il s&#8217;attache \u00e0 mettre en lumi\u00e8re le savoir-faire unique d&#8217;une nouvelle g\u00e9n\u00e9ration de cr\u00e9ateurs et d&#8217;artisans d&#8217;art. Plus de 300 photographies constituent un r\u00e9pertoire riche et original pour les architectes, designers et d\u00e9corateurs, mais aussi pour les artistes et amateurs passionn\u00e9s.<br \/>\nA travers une s\u00e9lection pointue d&#8217;images, en grande partie des gros plans, l&#8217;auteur r\u00e9v\u00e8le l&#8217;essence esth\u00e9tique des mati\u00e8res, souligne la beaut\u00e9 d&#8217;un d\u00e9tail, capture l&#8217;\u00e9clat d&#8217;une r\u00e9alisation. Six parties (le bois, le verre, le m\u00e9tal, l&#8217;animal, le min\u00e9ral et le textile) illustrent la dynamique qui entoure la naissance d&#8217;une mati\u00e8re d&#8217;exception. Une source d&#8217;inspirations essentielle pour les m\u00e9tiers de la cr\u00e9ation.<\/p>\n","protected":false},"excerpt":{"rendered":"<p>Edition concentr\u00e9e de Mati\u00e8res d&#8217;exception, ouvrage de r\u00e9f\u00e9rence dans l&#8217;univers des mati\u00e8res du luxe, ce livre invite le lecteur \u00e0 la d\u00e9couverte. Il s&#8217;attache \u00e0 mettre en lumi\u00e8re le savoir-faire unique d&#8217;une nouvelle g\u00e9n\u00e9ration de cr\u00e9ateurs et d&#8217;artisans d&#8217;art. Plus de 300 photographies constituent un r\u00e9pertoire riche et original pour les architectes, designers et d\u00e9corateurs, [&hellip;]<\/p>\n","protected":false},"featured_media":20825,"template":"","meta":[],"product_cat":[2948,2952],"product_tag":[],"acf":[],"yoast_head":"<!-- This site is optimized with the Yoast SEO plugin v20.11 - https:\/\/yoast.com\/wordpress\/plugins\/seo\/ -->\n<title>MATI\u00c8RES ET SAVOIR-FAIRE D&#039;EXCEPTION - Librairie 7L<\/title>\n<meta name=\"robots\" content=\"index, follow, max-snippet:-1, max-image-preview:large, max-video-preview:-1\" \/>\n<link rel=\"canonical\" href=\"https:\/\/librairie7l.com\/en\/produit\/matieres-et-savoir-faire-dexception\/\" \/>\n<meta property=\"og:locale\" content=\"en_US\" \/>\n<meta property=\"og:type\" content=\"article\" \/>\n<meta property=\"og:title\" content=\"MATI\u00c8RES ET SAVOIR-FAIRE D&#039;EXCEPTION - Librairie 7L\" \/>\n<meta property=\"og:description\" content=\"Edition concentr\u00e9e de Mati\u00e8res d&#8217;exception, ouvrage de r\u00e9f\u00e9rence dans l&#8217;univers des mati\u00e8res du luxe, ce livre invite le lecteur \u00e0 la d\u00e9couverte. Il s&#8217;attache \u00e0 mettre en lumi\u00e8re le savoir-faire unique d&#8217;une nouvelle g\u00e9n\u00e9ration de cr\u00e9ateurs et d&#8217;artisans d&#8217;art. Plus de 300 photographies constituent un r\u00e9pertoire riche et original pour les architectes, designers et d\u00e9corateurs, [&hellip;]\" \/>\n<meta property=\"og:url\" content=\"https:\/\/librairie7l.com\/en\/produit\/matieres-et-savoir-faire-dexception\/\" \/>\n<meta property=\"og:site_name\" content=\"Librairie 7L\" \/>\n<meta property=\"article:modified_time\" content=\"2026-04-23T09:38:26+00:00\" \/>\n<meta property=\"og:image\" content=\"https:\/\/librairie7l.com\/wp-content\/uploads\/2016\/04\/9782851012005_1_75.jpg\" \/>\n\t<meta property=\"og:image:width\" content=\"600\" \/>\n\t<meta property=\"og:image:height\" content=\"782\" \/>\n\t<meta property=\"og:image:type\" content=\"image\/jpeg\" \/>\n<meta name=\"twitter:card\" content=\"summary_large_image\" \/>\n<meta name=\"twitter:label1\" content=\"Est. reading time\" \/>\n\t<meta name=\"twitter:data1\" content=\"1 minute\" \/>\n<script type=\"application\/ld+json\" class=\"yoast-schema-graph\">{\"@context\":\"https:\/\/schema.org\",\"@graph\":[{\"@type\":\"WebPage\",\"@id\":\"https:\/\/librairie7l.com\/en\/produit\/matieres-et-savoir-faire-dexception\/\",\"url\":\"https:\/\/librairie7l.com\/en\/produit\/matieres-et-savoir-faire-dexception\/\",\"name\":\"MATI\u00c8RES ET SAVOIR-FAIRE D'EXCEPTION - Librairie 7L\",\"isPartOf\":{\"@id\":\"https:\/\/librairie7l.com\/en\/#website\"},\"datePublished\":\"2023-05-09T16:17:30+00:00\",\"dateModified\":\"2026-04-23T09:38:26+00:00\",\"breadcrumb\":{\"@id\":\"https:\/\/librairie7l.com\/en\/produit\/matieres-et-savoir-faire-dexception\/#breadcrumb\"},\"inLanguage\":\"en-US\",\"potentialAction\":[{\"@type\":\"ReadAction\",\"target\":[\"https:\/\/librairie7l.com\/en\/produit\/matieres-et-savoir-faire-dexception\/\"]}]},{\"@type\":\"BreadcrumbList\",\"@id\":\"https:\/\/librairie7l.com\/en\/produit\/matieres-et-savoir-faire-dexception\/#breadcrumb\",\"itemListElement\":[{\"@type\":\"ListItem\",\"position\":1,\"name\":\"Accueil\",\"item\":\"https:\/\/librairie7l.com\/en\/\"},{\"@type\":\"ListItem\",\"position\":2,\"name\":\"Shop\",\"item\":\"https:\/\/librairie7l.com\/en\/shop\/\"},{\"@type\":\"ListItem\",\"position\":3,\"name\":\"MATI\u00c8RES ET SAVOIR-FAIRE D&#8217;EXCEPTION\"}]},{\"@type\":\"WebSite\",\"@id\":\"https:\/\/librairie7l.com\/en\/#website\",\"url\":\"https:\/\/librairie7l.com\/en\/\",\"name\":\"Librairie 7L\",\"description\":\"Librairie fond\u00e9e en 1999 par Karl Lagerfeld \u00e0 Paris\",\"publisher\":{\"@id\":\"https:\/\/librairie7l.com\/en\/#organization\"},\"potentialAction\":[{\"@type\":\"SearchAction\",\"target\":{\"@type\":\"EntryPoint\",\"urlTemplate\":\"https:\/\/librairie7l.com\/en\/?s={search_term_string}\"},\"query-input\":\"required name=search_term_string\"}],\"inLanguage\":\"en-US\"},{\"@type\":\"Organization\",\"@id\":\"https:\/\/librairie7l.com\/en\/#organization\",\"name\":\"Librairie 7L\",\"url\":\"https:\/\/librairie7l.com\/en\/\",\"logo\":{\"@type\":\"ImageObject\",\"inLanguage\":\"en-US\",\"@id\":\"https:\/\/librairie7l.com\/en\/#\/schema\/logo\/image\/\",\"url\":\"https:\/\/librairie7l.com\/wp-content\/uploads\/2022\/08\/logo-1.png\",\"contentUrl\":\"https:\/\/librairie7l.com\/wp-content\/uploads\/2022\/08\/logo-1.png\",\"width\":227,\"height\":301,\"caption\":\"Librairie 7L\"},\"image\":{\"@id\":\"https:\/\/librairie7l.com\/en\/#\/schema\/logo\/image\/\"}}]}<\/script>\n<!-- \/ Yoast SEO plugin. -->","yoast_head_json":{"title":"MATI\u00c8RES ET SAVOIR-FAIRE D'EXCEPTION - Librairie 7L","robots":{"index":"index","follow":"follow","max-snippet":"max-snippet:-1","max-image-preview":"max-image-preview:large","max-video-preview":"max-video-preview:-1"},"canonical":"https:\/\/librairie7l.com\/en\/produit\/matieres-et-savoir-faire-dexception\/","og_locale":"en_US","og_type":"article","og_title":"MATI\u00c8RES ET SAVOIR-FAIRE D'EXCEPTION - Librairie 7L","og_description":"Edition concentr\u00e9e de Mati\u00e8res d&#8217;exception, ouvrage de r\u00e9f\u00e9rence dans l&#8217;univers des mati\u00e8res du luxe, ce livre invite le lecteur \u00e0 la d\u00e9couverte. Il s&#8217;attache \u00e0 mettre en lumi\u00e8re le savoir-faire unique d&#8217;une nouvelle g\u00e9n\u00e9ration de cr\u00e9ateurs et d&#8217;artisans d&#8217;art. Plus de 300 photographies constituent un r\u00e9pertoire riche et original pour les architectes, designers et d\u00e9corateurs, [&hellip;]","og_url":"https:\/\/librairie7l.com\/en\/produit\/matieres-et-savoir-faire-dexception\/","og_site_name":"Librairie 7L","article_modified_time":"2026-04-23T09:38:26+00:00","og_image":[{"width":600,"height":782,"url":"https:\/\/librairie7l.com\/wp-content\/uploads\/2016\/04\/9782851012005_1_75.jpg","type":"image\/jpeg"}],"twitter_card":"summary_large_image","twitter_misc":{"Est. reading time":"1 minute"},"schema":{"@context":"https:\/\/schema.org","@graph":[{"@type":"WebPage","@id":"https:\/\/librairie7l.com\/en\/produit\/matieres-et-savoir-faire-dexception\/","url":"https:\/\/librairie7l.com\/en\/produit\/matieres-et-savoir-faire-dexception\/","name":"MATI\u00c8RES ET SAVOIR-FAIRE D'EXCEPTION - Librairie 7L","isPartOf":{"@id":"https:\/\/librairie7l.com\/en\/#website"},"datePublished":"2023-05-09T16:17:30+00:00","dateModified":"2026-04-23T09:38:26+00:00","breadcrumb":{"@id":"https:\/\/librairie7l.com\/en\/produit\/matieres-et-savoir-faire-dexception\/#breadcrumb"},"inLanguage":"en-US","potentialAction":[{"@type":"ReadAction","target":["https:\/\/librairie7l.com\/en\/produit\/matieres-et-savoir-faire-dexception\/"]}]},{"@type":"BreadcrumbList","@id":"https:\/\/librairie7l.com\/en\/produit\/matieres-et-savoir-faire-dexception\/#breadcrumb","itemListElement":[{"@type":"ListItem","position":1,"name":"Accueil","item":"https:\/\/librairie7l.com\/en\/"},{"@type":"ListItem","position":2,"name":"Shop","item":"https:\/\/librairie7l.com\/en\/shop\/"},{"@type":"ListItem","position":3,"name":"MATI\u00c8RES ET SAVOIR-FAIRE D&#8217;EXCEPTION"}]},{"@type":"WebSite","@id":"https:\/\/librairie7l.com\/en\/#website","url":"https:\/\/librairie7l.com\/en\/","name":"Librairie 7L","description":"Librairie fond\u00e9e en 1999 par Karl Lagerfeld \u00e0 Paris","publisher":{"@id":"https:\/\/librairie7l.com\/en\/#organization"},"potentialAction":[{"@type":"SearchAction","target":{"@type":"EntryPoint","urlTemplate":"https:\/\/librairie7l.com\/en\/?s={search_term_string}"},"query-input":"required name=search_term_string"}],"inLanguage":"en-US"},{"@type":"Organization","@id":"https:\/\/librairie7l.com\/en\/#organization","name":"Librairie 7L","url":"https:\/\/librairie7l.com\/en\/","logo":{"@type":"ImageObject","inLanguage":"en-US","@id":"https:\/\/librairie7l.com\/en\/#\/schema\/logo\/image\/","url":"https:\/\/librairie7l.com\/wp-content\/uploads\/2022\/08\/logo-1.png","contentUrl":"https:\/\/librairie7l.com\/wp-content\/uploads\/2022\/08\/logo-1.png","width":227,"height":301,"caption":"Librairie 7L"},"image":{"@id":"https:\/\/librairie7l.com\/en\/#\/schema\/logo\/image\/"}}]}},"_links":{"self":[{"href":"https:\/\/librairie7l.com\/en\/wp-json\/wp\/v2\/product\/20827"}],"collection":[{"href":"https:\/\/librairie7l.com\/en\/wp-json\/wp\/v2\/product"}],"about":[{"href":"https:\/\/librairie7l.com\/en\/wp-json\/wp\/v2\/types\/product"}],"wp:featuredmedia":[{"embeddable":true,"href":"https:\/\/librairie7l.com\/en\/wp-json\/wp\/v2\/media\/20825"}],"wp:attachment":[{"href":"https:\/\/librairie7l.com\/en\/wp-json\/wp\/v2\/media?parent=20827"}],"wp:term":[{"taxonomy":"product_cat","embeddable":true,"href":"https:\/\/librairie7l.com\/en\/wp-json\/wp\/v2\/product_cat?post=20827"},{"taxonomy":"product_tag","embeddable":true,"href":"https:\/\/librairie7l.com\/en\/wp-json\/wp\/v2\/product_tag?post=20827"}],"curies":[{"name":"wp","href":"https:\/\/api.w.org\/{rel}","templated":true}]}}