{"id":20839,"date":"2023-05-09T18:17:40","date_gmt":"2023-05-09T16:17:40","guid":{"rendered":"https:\/\/librairie7l.com\/?post_type=product&#038;p=20839"},"modified":"2026-04-22T13:06:48","modified_gmt":"2026-04-22T11:06:48","slug":"jacques-doucet-collectionneur-et-mecene","status":"publish","type":"product","link":"https:\/\/librairie7l.com\/en\/produit\/jacques-doucet-collectionneur-et-mecene\/","title":{"rendered":"JACQUES DOUCET, COLLECTIONNEUR ET M\u00c9C\u00c8NE"},"content":{"rendered":"<p>Entre 1880 et les ann\u00e9es 1920, le couturier Jacques Doucet habilla les dames de la haute soci\u00e9t\u00e9 : R\u00e9jane et Sarah Bernhardt \u00e9taient ses clientes, les chroniqueurs de mode relataient r\u00e9guli\u00e8rement ses cr\u00e9ations et l&#8217;Albertine de Proust r\u00eavait de se voir dans \u00ab tel peignoir de Doucet aux manches doubl\u00e9es de rose \u00bb.<br \/>\nMais Jacques Doucet \u00e9tait surtout un amoureux de l&#8217;art et fut l&#8217;un des plus importants collectionneurs de son temps. Il s&#8217;entoura des meilleurs conseillers, Andr\u00e9 Breton, Andr\u00e9 Suar\u00e8s ou Pierre Reverdy, et, gr\u00e2ce \u00e0 son immense fortune, acheta les plus belles oeuvres :<br \/>\nSes dessins, sculptures, peintures constituaient de fabuleuses collections qu&#8217;il installa dans des demeures con\u00e7ues comme des \u00e9crins.<br \/>\nTout commen\u00e7a par une collection d&#8217;art du XVIIIe si\u00e8cle o\u00f9 les Watteau le disputaient aux Chardin, Clodion et Hubert Robert. La vente de cet ensemble, en 1912, eut un grand retentissement. Doucet se passionnait aussi pour les impressionnistes : les peintures de Degas, Monet, Manet, Van Gogh ou Seurat ornaient ses salons. Homme curieux, il sut reconna\u00eetre l&#8217;importance des avant-gardes et fut le premier propri\u00e9taire des Demoiselles d&#8217;Avignon de Picasso ; des toiles de Duchamp, Picabia, Matisse, le Douanier Rousseau et Mir\u00f3, des meubles de Legrain, Iribe, Eileen-Gray et des reliures de Rose Adler trouvaient place chez lui.<br \/>\nM\u00e9c\u00e8ne g\u00e9n\u00e9reux, Jacques Doucet finan\u00e7a des revues (Nord-Sud) et des campagnes photographiques en Chine et au Japon. Ayant \u00e0 coeur de r\u00e9unir la documentation permettant d&#8217;approfondir les connaissances de tous, il \u00e9tait l&#8217;aff\u00fbt de pi\u00e8ces rares (manuscrits, \u00e9ditions originales&#8230;) et des documents n\u00e9cessaires \u00e0 la compr\u00e9hension des oeuvres de l&#8217;esprit. Il cr\u00e9a deux des plus grandes biblioth\u00e8ques de son temps : la biblioth\u00e8que d&#8217;Art et d&#8217;Arch\u00e9ologie et la biblioth\u00e8que litt\u00e9raire.<br \/>\nC&#8217;est cette histoire que raconte ce livre : il restitue ces collections aujourd&#8217;hui dispers\u00e9es, t\u00e9moins d&#8217;une \u00e9poque \u00e0 la fois douloureuse et enthousiaste et qui rassemblaient \u00ab tout ce qui compte par la beaut\u00e9 de l&#8217;oeuvre, par la raret\u00e9 du sentiment et par le sens de l&#8217;art \u00bb (Andr\u00e9 Suar\u00e8s).<\/p>\n","protected":false},"excerpt":{"rendered":"<p>Entre 1880 et les ann\u00e9es 1920, le couturier Jacques Doucet habilla les dames de la haute soci\u00e9t\u00e9 : R\u00e9jane et Sarah Bernhardt \u00e9taient ses clientes, les chroniqueurs de mode relataient r\u00e9guli\u00e8rement ses cr\u00e9ations et l&#8217;Albertine de Proust r\u00eavait de se voir dans \u00ab tel peignoir de Doucet aux manches doubl\u00e9es de rose \u00bb. Mais Jacques [&hellip;]<\/p>\n","protected":false},"featured_media":20837,"template":"","meta":[],"product_cat":[2948,2952],"product_tag":[],"acf":[],"yoast_head":"<!-- This site is optimized with the Yoast SEO plugin v20.11 - https:\/\/yoast.com\/wordpress\/plugins\/seo\/ -->\n<title>JACQUES DOUCET, COLLECTIONNEUR ET M\u00c9C\u00c8NE - Librairie 7L<\/title>\n<meta name=\"robots\" content=\"index, follow, max-snippet:-1, max-image-preview:large, max-video-preview:-1\" \/>\n<link rel=\"canonical\" href=\"https:\/\/librairie7l.com\/en\/produit\/jacques-doucet-collectionneur-et-mecene\/\" \/>\n<meta property=\"og:locale\" content=\"en_US\" \/>\n<meta property=\"og:type\" content=\"article\" \/>\n<meta property=\"og:title\" content=\"JACQUES DOUCET, COLLECTIONNEUR ET M\u00c9C\u00c8NE - Librairie 7L\" \/>\n<meta property=\"og:description\" content=\"Entre 1880 et les ann\u00e9es 1920, le couturier Jacques Doucet habilla les dames de la haute soci\u00e9t\u00e9 : R\u00e9jane et Sarah Bernhardt \u00e9taient ses clientes, les chroniqueurs de mode relataient r\u00e9guli\u00e8rement ses cr\u00e9ations et l&#8217;Albertine de Proust r\u00eavait de se voir dans \u00ab tel peignoir de Doucet aux manches doubl\u00e9es de rose \u00bb. Mais Jacques [&hellip;]\" \/>\n<meta property=\"og:url\" content=\"https:\/\/librairie7l.com\/en\/produit\/jacques-doucet-collectionneur-et-mecene\/\" \/>\n<meta property=\"og:site_name\" content=\"Librairie 7L\" \/>\n<meta property=\"article:modified_time\" content=\"2026-04-22T11:06:48+00:00\" \/>\n<meta property=\"og:image\" content=\"https:\/\/librairie7l.com\/wp-content\/uploads\/2016\/11\/9782916914671_1_75.jpg\" \/>\n\t<meta property=\"og:image:width\" content=\"600\" \/>\n\t<meta property=\"og:image:height\" content=\"799\" \/>\n\t<meta property=\"og:image:type\" content=\"image\/jpeg\" \/>\n<meta name=\"twitter:card\" content=\"summary_large_image\" \/>\n<meta name=\"twitter:label1\" content=\"Est. reading time\" \/>\n\t<meta name=\"twitter:data1\" content=\"2 minutes\" \/>\n<script type=\"application\/ld+json\" class=\"yoast-schema-graph\">{\"@context\":\"https:\/\/schema.org\",\"@graph\":[{\"@type\":\"WebPage\",\"@id\":\"https:\/\/librairie7l.com\/en\/produit\/jacques-doucet-collectionneur-et-mecene\/\",\"url\":\"https:\/\/librairie7l.com\/en\/produit\/jacques-doucet-collectionneur-et-mecene\/\",\"name\":\"JACQUES DOUCET, COLLECTIONNEUR ET M\u00c9C\u00c8NE - Librairie 7L\",\"isPartOf\":{\"@id\":\"https:\/\/librairie7l.com\/en\/#website\"},\"datePublished\":\"2023-05-09T16:17:40+00:00\",\"dateModified\":\"2026-04-22T11:06:48+00:00\",\"breadcrumb\":{\"@id\":\"https:\/\/librairie7l.com\/en\/produit\/jacques-doucet-collectionneur-et-mecene\/#breadcrumb\"},\"inLanguage\":\"en-US\",\"potentialAction\":[{\"@type\":\"ReadAction\",\"target\":[\"https:\/\/librairie7l.com\/en\/produit\/jacques-doucet-collectionneur-et-mecene\/\"]}]},{\"@type\":\"BreadcrumbList\",\"@id\":\"https:\/\/librairie7l.com\/en\/produit\/jacques-doucet-collectionneur-et-mecene\/#breadcrumb\",\"itemListElement\":[{\"@type\":\"ListItem\",\"position\":1,\"name\":\"Accueil\",\"item\":\"https:\/\/librairie7l.com\/en\/\"},{\"@type\":\"ListItem\",\"position\":2,\"name\":\"Shop\",\"item\":\"https:\/\/librairie7l.com\/en\/shop\/\"},{\"@type\":\"ListItem\",\"position\":3,\"name\":\"JACQUES DOUCET, COLLECTIONNEUR ET M\u00c9C\u00c8NE\"}]},{\"@type\":\"WebSite\",\"@id\":\"https:\/\/librairie7l.com\/en\/#website\",\"url\":\"https:\/\/librairie7l.com\/en\/\",\"name\":\"Librairie 7L\",\"description\":\"Librairie fond\u00e9e en 1999 par Karl Lagerfeld \u00e0 Paris\",\"publisher\":{\"@id\":\"https:\/\/librairie7l.com\/en\/#organization\"},\"potentialAction\":[{\"@type\":\"SearchAction\",\"target\":{\"@type\":\"EntryPoint\",\"urlTemplate\":\"https:\/\/librairie7l.com\/en\/?s={search_term_string}\"},\"query-input\":\"required name=search_term_string\"}],\"inLanguage\":\"en-US\"},{\"@type\":\"Organization\",\"@id\":\"https:\/\/librairie7l.com\/en\/#organization\",\"name\":\"Librairie 7L\",\"url\":\"https:\/\/librairie7l.com\/en\/\",\"logo\":{\"@type\":\"ImageObject\",\"inLanguage\":\"en-US\",\"@id\":\"https:\/\/librairie7l.com\/en\/#\/schema\/logo\/image\/\",\"url\":\"https:\/\/librairie7l.com\/wp-content\/uploads\/2022\/08\/logo-1.png\",\"contentUrl\":\"https:\/\/librairie7l.com\/wp-content\/uploads\/2022\/08\/logo-1.png\",\"width\":227,\"height\":301,\"caption\":\"Librairie 7L\"},\"image\":{\"@id\":\"https:\/\/librairie7l.com\/en\/#\/schema\/logo\/image\/\"}}]}<\/script>\n<!-- \/ Yoast SEO plugin. -->","yoast_head_json":{"title":"JACQUES DOUCET, COLLECTIONNEUR ET M\u00c9C\u00c8NE - Librairie 7L","robots":{"index":"index","follow":"follow","max-snippet":"max-snippet:-1","max-image-preview":"max-image-preview:large","max-video-preview":"max-video-preview:-1"},"canonical":"https:\/\/librairie7l.com\/en\/produit\/jacques-doucet-collectionneur-et-mecene\/","og_locale":"en_US","og_type":"article","og_title":"JACQUES DOUCET, COLLECTIONNEUR ET M\u00c9C\u00c8NE - Librairie 7L","og_description":"Entre 1880 et les ann\u00e9es 1920, le couturier Jacques Doucet habilla les dames de la haute soci\u00e9t\u00e9 : R\u00e9jane et Sarah Bernhardt \u00e9taient ses clientes, les chroniqueurs de mode relataient r\u00e9guli\u00e8rement ses cr\u00e9ations et l&#8217;Albertine de Proust r\u00eavait de se voir dans \u00ab tel peignoir de Doucet aux manches doubl\u00e9es de rose \u00bb. Mais Jacques [&hellip;]","og_url":"https:\/\/librairie7l.com\/en\/produit\/jacques-doucet-collectionneur-et-mecene\/","og_site_name":"Librairie 7L","article_modified_time":"2026-04-22T11:06:48+00:00","og_image":[{"width":600,"height":799,"url":"https:\/\/librairie7l.com\/wp-content\/uploads\/2016\/11\/9782916914671_1_75.jpg","type":"image\/jpeg"}],"twitter_card":"summary_large_image","twitter_misc":{"Est. reading time":"2 minutes"},"schema":{"@context":"https:\/\/schema.org","@graph":[{"@type":"WebPage","@id":"https:\/\/librairie7l.com\/en\/produit\/jacques-doucet-collectionneur-et-mecene\/","url":"https:\/\/librairie7l.com\/en\/produit\/jacques-doucet-collectionneur-et-mecene\/","name":"JACQUES DOUCET, COLLECTIONNEUR ET M\u00c9C\u00c8NE - Librairie 7L","isPartOf":{"@id":"https:\/\/librairie7l.com\/en\/#website"},"datePublished":"2023-05-09T16:17:40+00:00","dateModified":"2026-04-22T11:06:48+00:00","breadcrumb":{"@id":"https:\/\/librairie7l.com\/en\/produit\/jacques-doucet-collectionneur-et-mecene\/#breadcrumb"},"inLanguage":"en-US","potentialAction":[{"@type":"ReadAction","target":["https:\/\/librairie7l.com\/en\/produit\/jacques-doucet-collectionneur-et-mecene\/"]}]},{"@type":"BreadcrumbList","@id":"https:\/\/librairie7l.com\/en\/produit\/jacques-doucet-collectionneur-et-mecene\/#breadcrumb","itemListElement":[{"@type":"ListItem","position":1,"name":"Accueil","item":"https:\/\/librairie7l.com\/en\/"},{"@type":"ListItem","position":2,"name":"Shop","item":"https:\/\/librairie7l.com\/en\/shop\/"},{"@type":"ListItem","position":3,"name":"JACQUES DOUCET, COLLECTIONNEUR ET M\u00c9C\u00c8NE"}]},{"@type":"WebSite","@id":"https:\/\/librairie7l.com\/en\/#website","url":"https:\/\/librairie7l.com\/en\/","name":"Librairie 7L","description":"Librairie fond\u00e9e en 1999 par Karl Lagerfeld \u00e0 Paris","publisher":{"@id":"https:\/\/librairie7l.com\/en\/#organization"},"potentialAction":[{"@type":"SearchAction","target":{"@type":"EntryPoint","urlTemplate":"https:\/\/librairie7l.com\/en\/?s={search_term_string}"},"query-input":"required name=search_term_string"}],"inLanguage":"en-US"},{"@type":"Organization","@id":"https:\/\/librairie7l.com\/en\/#organization","name":"Librairie 7L","url":"https:\/\/librairie7l.com\/en\/","logo":{"@type":"ImageObject","inLanguage":"en-US","@id":"https:\/\/librairie7l.com\/en\/#\/schema\/logo\/image\/","url":"https:\/\/librairie7l.com\/wp-content\/uploads\/2022\/08\/logo-1.png","contentUrl":"https:\/\/librairie7l.com\/wp-content\/uploads\/2022\/08\/logo-1.png","width":227,"height":301,"caption":"Librairie 7L"},"image":{"@id":"https:\/\/librairie7l.com\/en\/#\/schema\/logo\/image\/"}}]}},"_links":{"self":[{"href":"https:\/\/librairie7l.com\/en\/wp-json\/wp\/v2\/product\/20839"}],"collection":[{"href":"https:\/\/librairie7l.com\/en\/wp-json\/wp\/v2\/product"}],"about":[{"href":"https:\/\/librairie7l.com\/en\/wp-json\/wp\/v2\/types\/product"}],"wp:featuredmedia":[{"embeddable":true,"href":"https:\/\/librairie7l.com\/en\/wp-json\/wp\/v2\/media\/20837"}],"wp:attachment":[{"href":"https:\/\/librairie7l.com\/en\/wp-json\/wp\/v2\/media?parent=20839"}],"wp:term":[{"taxonomy":"product_cat","embeddable":true,"href":"https:\/\/librairie7l.com\/en\/wp-json\/wp\/v2\/product_cat?post=20839"},{"taxonomy":"product_tag","embeddable":true,"href":"https:\/\/librairie7l.com\/en\/wp-json\/wp\/v2\/product_tag?post=20839"}],"curies":[{"name":"wp","href":"https:\/\/api.w.org\/{rel}","templated":true}]}}