{"id":20847,"date":"2023-05-09T18:17:50","date_gmt":"2023-05-09T16:17:50","guid":{"rendered":"https:\/\/librairie7l.com\/?post_type=product&#038;p=20847"},"modified":"2026-04-05T11:39:06","modified_gmt":"2026-04-05T09:39:06","slug":"wiener-werkstatte-1903-1932-the-luxury-of-beauty","status":"publish","type":"product","link":"https:\/\/librairie7l.com\/en\/produit\/wiener-werkstatte-1903-1932-the-luxury-of-beauty\/","title":{"rendered":"WIENER WERKSTATTE, 1903-1932: THE LUXURY OF BEAUTY"},"content":{"rendered":"<p>Le Wiener Werkst\u00e4tte, fond\u00e9 en 1903 par Josef Hoffmann et Koloman Moser \u00e0 Vienne, adh\u00e9rait aux principes du mouvement Arts and Crafts, concevant pour le public des objets pens\u00e9s par des artistes et fabriqu\u00e9s par des artisans d&#8217;exception. Jusqu&#8217;au d\u00e9but des ann\u00e9es 1930, ce collectif s&#8217;est illustr\u00e9 dans plusieurs champs artistiques : c\u00e9ramique, mobilier, verre, bijouterie, m\u00e9tallurgie et textile. Cet ouvrage c\u00e9l\u00e8bre l&#8217;histoire et les membres du Wiener Werkst\u00e4tte en pr\u00e9sentant les r\u00e9alisations de ces cr\u00e9atifs \u00e9levant l&#8217;artisanat au rang d&#8217;art et qui ont influenc\u00e9 des g\u00e9n\u00e9rations d&#8217;artistes par la suite, du Bauhaus \u00e0 l&#8217;Art D\u00e9co.<\/p>\n","protected":false},"excerpt":{"rendered":"<p>Le Wiener Werkst\u00e4tte, fond\u00e9 en 1903 par Josef Hoffmann et Koloman Moser \u00e0 Vienne, adh\u00e9rait aux principes du mouvement Arts and Crafts, concevant pour le public des objets pens\u00e9s par des artistes et fabriqu\u00e9s par des artisans d&#8217;exception. Jusqu&#8217;au d\u00e9but des ann\u00e9es 1930, ce collectif s&#8217;est illustr\u00e9 dans plusieurs champs artistiques : c\u00e9ramique, mobilier, verre, [&hellip;]<\/p>\n","protected":false},"featured_media":20845,"template":"","meta":[],"product_cat":[2948,2952],"product_tag":[],"acf":[],"yoast_head":"<!-- This site is optimized with the Yoast SEO plugin v20.11 - https:\/\/yoast.com\/wordpress\/plugins\/seo\/ -->\n<title>WIENER WERKSTATTE, 1903-1932: THE LUXURY OF BEAUTY - Librairie 7L<\/title>\n<meta name=\"robots\" content=\"index, follow, max-snippet:-1, max-image-preview:large, max-video-preview:-1\" \/>\n<link rel=\"canonical\" href=\"https:\/\/librairie7l.com\/en\/produit\/wiener-werkstatte-1903-1932-the-luxury-of-beauty\/\" \/>\n<meta property=\"og:locale\" content=\"en_US\" \/>\n<meta property=\"og:type\" content=\"article\" \/>\n<meta property=\"og:title\" content=\"WIENER WERKSTATTE, 1903-1932: THE LUXURY OF BEAUTY - Librairie 7L\" \/>\n<meta property=\"og:description\" content=\"Le Wiener Werkst\u00e4tte, fond\u00e9 en 1903 par Josef Hoffmann et Koloman Moser \u00e0 Vienne, adh\u00e9rait aux principes du mouvement Arts and Crafts, concevant pour le public des objets pens\u00e9s par des artistes et fabriqu\u00e9s par des artisans d&#8217;exception. Jusqu&#8217;au d\u00e9but des ann\u00e9es 1930, ce collectif s&#8217;est illustr\u00e9 dans plusieurs champs artistiques : c\u00e9ramique, mobilier, verre, [&hellip;]\" \/>\n<meta property=\"og:url\" content=\"https:\/\/librairie7l.com\/en\/produit\/wiener-werkstatte-1903-1932-the-luxury-of-beauty\/\" \/>\n<meta property=\"og:site_name\" content=\"Librairie 7L\" \/>\n<meta property=\"article:modified_time\" content=\"2026-04-05T09:39:06+00:00\" \/>\n<meta property=\"og:image\" content=\"https:\/\/librairie7l.com\/wp-content\/uploads\/2017\/09\/9783791357164_1_75.jpg\" \/>\n\t<meta property=\"og:image:width\" content=\"600\" \/>\n\t<meta property=\"og:image:height\" content=\"731\" \/>\n\t<meta property=\"og:image:type\" content=\"image\/jpeg\" \/>\n<meta name=\"twitter:card\" content=\"summary_large_image\" \/>\n<meta name=\"twitter:label1\" content=\"Est. reading time\" \/>\n\t<meta name=\"twitter:data1\" content=\"1 minute\" \/>\n<script type=\"application\/ld+json\" class=\"yoast-schema-graph\">{\"@context\":\"https:\/\/schema.org\",\"@graph\":[{\"@type\":\"WebPage\",\"@id\":\"https:\/\/librairie7l.com\/en\/produit\/wiener-werkstatte-1903-1932-the-luxury-of-beauty\/\",\"url\":\"https:\/\/librairie7l.com\/en\/produit\/wiener-werkstatte-1903-1932-the-luxury-of-beauty\/\",\"name\":\"WIENER WERKSTATTE, 1903-1932: THE LUXURY OF BEAUTY - Librairie 7L\",\"isPartOf\":{\"@id\":\"https:\/\/librairie7l.com\/en\/#website\"},\"datePublished\":\"2023-05-09T16:17:50+00:00\",\"dateModified\":\"2026-04-05T09:39:06+00:00\",\"breadcrumb\":{\"@id\":\"https:\/\/librairie7l.com\/en\/produit\/wiener-werkstatte-1903-1932-the-luxury-of-beauty\/#breadcrumb\"},\"inLanguage\":\"en-US\",\"potentialAction\":[{\"@type\":\"ReadAction\",\"target\":[\"https:\/\/librairie7l.com\/en\/produit\/wiener-werkstatte-1903-1932-the-luxury-of-beauty\/\"]}]},{\"@type\":\"BreadcrumbList\",\"@id\":\"https:\/\/librairie7l.com\/en\/produit\/wiener-werkstatte-1903-1932-the-luxury-of-beauty\/#breadcrumb\",\"itemListElement\":[{\"@type\":\"ListItem\",\"position\":1,\"name\":\"Accueil\",\"item\":\"https:\/\/librairie7l.com\/en\/\"},{\"@type\":\"ListItem\",\"position\":2,\"name\":\"Shop\",\"item\":\"https:\/\/librairie7l.com\/en\/shop\/\"},{\"@type\":\"ListItem\",\"position\":3,\"name\":\"WIENER WERKSTATTE, 1903-1932: THE LUXURY OF BEAUTY\"}]},{\"@type\":\"WebSite\",\"@id\":\"https:\/\/librairie7l.com\/en\/#website\",\"url\":\"https:\/\/librairie7l.com\/en\/\",\"name\":\"Librairie 7L\",\"description\":\"Librairie fond\u00e9e en 1999 par Karl Lagerfeld \u00e0 Paris\",\"publisher\":{\"@id\":\"https:\/\/librairie7l.com\/en\/#organization\"},\"potentialAction\":[{\"@type\":\"SearchAction\",\"target\":{\"@type\":\"EntryPoint\",\"urlTemplate\":\"https:\/\/librairie7l.com\/en\/?s={search_term_string}\"},\"query-input\":\"required name=search_term_string\"}],\"inLanguage\":\"en-US\"},{\"@type\":\"Organization\",\"@id\":\"https:\/\/librairie7l.com\/en\/#organization\",\"name\":\"Librairie 7L\",\"url\":\"https:\/\/librairie7l.com\/en\/\",\"logo\":{\"@type\":\"ImageObject\",\"inLanguage\":\"en-US\",\"@id\":\"https:\/\/librairie7l.com\/en\/#\/schema\/logo\/image\/\",\"url\":\"https:\/\/librairie7l.com\/wp-content\/uploads\/2022\/08\/logo-1.png\",\"contentUrl\":\"https:\/\/librairie7l.com\/wp-content\/uploads\/2022\/08\/logo-1.png\",\"width\":227,\"height\":301,\"caption\":\"Librairie 7L\"},\"image\":{\"@id\":\"https:\/\/librairie7l.com\/en\/#\/schema\/logo\/image\/\"}}]}<\/script>\n<!-- \/ Yoast SEO plugin. -->","yoast_head_json":{"title":"WIENER WERKSTATTE, 1903-1932: THE LUXURY OF BEAUTY - Librairie 7L","robots":{"index":"index","follow":"follow","max-snippet":"max-snippet:-1","max-image-preview":"max-image-preview:large","max-video-preview":"max-video-preview:-1"},"canonical":"https:\/\/librairie7l.com\/en\/produit\/wiener-werkstatte-1903-1932-the-luxury-of-beauty\/","og_locale":"en_US","og_type":"article","og_title":"WIENER WERKSTATTE, 1903-1932: THE LUXURY OF BEAUTY - Librairie 7L","og_description":"Le Wiener Werkst\u00e4tte, fond\u00e9 en 1903 par Josef Hoffmann et Koloman Moser \u00e0 Vienne, adh\u00e9rait aux principes du mouvement Arts and Crafts, concevant pour le public des objets pens\u00e9s par des artistes et fabriqu\u00e9s par des artisans d&#8217;exception. Jusqu&#8217;au d\u00e9but des ann\u00e9es 1930, ce collectif s&#8217;est illustr\u00e9 dans plusieurs champs artistiques : c\u00e9ramique, mobilier, verre, [&hellip;]","og_url":"https:\/\/librairie7l.com\/en\/produit\/wiener-werkstatte-1903-1932-the-luxury-of-beauty\/","og_site_name":"Librairie 7L","article_modified_time":"2026-04-05T09:39:06+00:00","og_image":[{"width":600,"height":731,"url":"https:\/\/librairie7l.com\/wp-content\/uploads\/2017\/09\/9783791357164_1_75.jpg","type":"image\/jpeg"}],"twitter_card":"summary_large_image","twitter_misc":{"Est. reading time":"1 minute"},"schema":{"@context":"https:\/\/schema.org","@graph":[{"@type":"WebPage","@id":"https:\/\/librairie7l.com\/en\/produit\/wiener-werkstatte-1903-1932-the-luxury-of-beauty\/","url":"https:\/\/librairie7l.com\/en\/produit\/wiener-werkstatte-1903-1932-the-luxury-of-beauty\/","name":"WIENER WERKSTATTE, 1903-1932: THE LUXURY OF BEAUTY - Librairie 7L","isPartOf":{"@id":"https:\/\/librairie7l.com\/en\/#website"},"datePublished":"2023-05-09T16:17:50+00:00","dateModified":"2026-04-05T09:39:06+00:00","breadcrumb":{"@id":"https:\/\/librairie7l.com\/en\/produit\/wiener-werkstatte-1903-1932-the-luxury-of-beauty\/#breadcrumb"},"inLanguage":"en-US","potentialAction":[{"@type":"ReadAction","target":["https:\/\/librairie7l.com\/en\/produit\/wiener-werkstatte-1903-1932-the-luxury-of-beauty\/"]}]},{"@type":"BreadcrumbList","@id":"https:\/\/librairie7l.com\/en\/produit\/wiener-werkstatte-1903-1932-the-luxury-of-beauty\/#breadcrumb","itemListElement":[{"@type":"ListItem","position":1,"name":"Accueil","item":"https:\/\/librairie7l.com\/en\/"},{"@type":"ListItem","position":2,"name":"Shop","item":"https:\/\/librairie7l.com\/en\/shop\/"},{"@type":"ListItem","position":3,"name":"WIENER WERKSTATTE, 1903-1932: THE LUXURY OF BEAUTY"}]},{"@type":"WebSite","@id":"https:\/\/librairie7l.com\/en\/#website","url":"https:\/\/librairie7l.com\/en\/","name":"Librairie 7L","description":"Librairie fond\u00e9e en 1999 par Karl Lagerfeld \u00e0 Paris","publisher":{"@id":"https:\/\/librairie7l.com\/en\/#organization"},"potentialAction":[{"@type":"SearchAction","target":{"@type":"EntryPoint","urlTemplate":"https:\/\/librairie7l.com\/en\/?s={search_term_string}"},"query-input":"required name=search_term_string"}],"inLanguage":"en-US"},{"@type":"Organization","@id":"https:\/\/librairie7l.com\/en\/#organization","name":"Librairie 7L","url":"https:\/\/librairie7l.com\/en\/","logo":{"@type":"ImageObject","inLanguage":"en-US","@id":"https:\/\/librairie7l.com\/en\/#\/schema\/logo\/image\/","url":"https:\/\/librairie7l.com\/wp-content\/uploads\/2022\/08\/logo-1.png","contentUrl":"https:\/\/librairie7l.com\/wp-content\/uploads\/2022\/08\/logo-1.png","width":227,"height":301,"caption":"Librairie 7L"},"image":{"@id":"https:\/\/librairie7l.com\/en\/#\/schema\/logo\/image\/"}}]}},"_links":{"self":[{"href":"https:\/\/librairie7l.com\/en\/wp-json\/wp\/v2\/product\/20847"}],"collection":[{"href":"https:\/\/librairie7l.com\/en\/wp-json\/wp\/v2\/product"}],"about":[{"href":"https:\/\/librairie7l.com\/en\/wp-json\/wp\/v2\/types\/product"}],"wp:featuredmedia":[{"embeddable":true,"href":"https:\/\/librairie7l.com\/en\/wp-json\/wp\/v2\/media\/20845"}],"wp:attachment":[{"href":"https:\/\/librairie7l.com\/en\/wp-json\/wp\/v2\/media?parent=20847"}],"wp:term":[{"taxonomy":"product_cat","embeddable":true,"href":"https:\/\/librairie7l.com\/en\/wp-json\/wp\/v2\/product_cat?post=20847"},{"taxonomy":"product_tag","embeddable":true,"href":"https:\/\/librairie7l.com\/en\/wp-json\/wp\/v2\/product_tag?post=20847"}],"curies":[{"name":"wp","href":"https:\/\/api.w.org\/{rel}","templated":true}]}}