{"id":20887,"date":"2023-05-09T18:18:24","date_gmt":"2023-05-09T16:18:24","guid":{"rendered":"https:\/\/librairie7l.com\/?post_type=product&#038;p=20887"},"modified":"2026-04-06T20:06:33","modified_gmt":"2026-04-06T18:06:33","slug":"vues-artistiques-les-etablissements-decoux","status":"publish","type":"product","link":"https:\/\/librairie7l.com\/en\/produit\/vues-artistiques-les-etablissements-decoux\/","title":{"rendered":"VUES ARTISTIQUES ; LES ETABLISSEMENTS DECOUX"},"content":{"rendered":"<p>Cet album de \u00ab vues artistiques \u00bb reproduit, class\u00e9es par planches th\u00e9matiques, des photographies imprim\u00e9es sur cartes postales datant des ann\u00e9es 1900-1925. cette collection pousse \u00e0 interroger les rapports entre les mani\u00e8res par lesquelles l&#8217;art de la peinture de la seconde moiti\u00e9 du xixe si\u00e8cle, d&#8217;une part, et la photographie industrielle tir\u00e9e sur carte postale au d\u00e9but du si\u00e8cle suivant, d&#8217;autre part, ont su rendre le monde environnant.<br \/>\nBien que les mat\u00e9rialit\u00e9s diff\u00e8rent, les cartes attestent d&#8217;une continuit\u00e9, parfois d&#8217;une co\u00efncidence, avec des tableaux. il suffit d&#8217;observer comment sont trait\u00e9s certains sites : Paris, son fleuve, ses avenues, ses parcs, ses champs de courses, puis les territoire champ\u00eatres aux alentours de la capitale, et plus loin le th\u00e9\u00e2tre de la c\u00f4te normande, et jusqu&#8217;au d\u00e9tour par le midi ou, de l&#8217;autre c\u00f4t\u00e9 de la M\u00e9diterran\u00e9e, par la colonie alg\u00e9rienne. avec la diffusion massive de la photographie sous forme de cartes postales, des photographes du d\u00e9but du xxe si\u00e8cle ont reproduit plus que jamais le spectacle du monde environnant et se sont valoris\u00e9s en pensant le faire \u00e0 la mani\u00e8re de l&#8217;art.<\/p>\n","protected":false},"excerpt":{"rendered":"<p>Cet album de \u00ab vues artistiques \u00bb reproduit, class\u00e9es par planches th\u00e9matiques, des photographies imprim\u00e9es sur cartes postales datant des ann\u00e9es 1900-1925. cette collection pousse \u00e0 interroger les rapports entre les mani\u00e8res par lesquelles l&#8217;art de la peinture de la seconde moiti\u00e9 du xixe si\u00e8cle, d&#8217;une part, et la photographie industrielle tir\u00e9e sur carte postale [&hellip;]<\/p>\n","protected":false},"featured_media":20885,"template":"","meta":[],"product_cat":[2948,2958],"product_tag":[],"acf":[],"yoast_head":"<!-- This site is optimized with the Yoast SEO plugin v20.11 - https:\/\/yoast.com\/wordpress\/plugins\/seo\/ -->\n<title>VUES ARTISTIQUES ; LES ETABLISSEMENTS DECOUX - Librairie 7L<\/title>\n<meta name=\"robots\" content=\"index, follow, max-snippet:-1, max-image-preview:large, max-video-preview:-1\" \/>\n<link rel=\"canonical\" href=\"https:\/\/librairie7l.com\/en\/produit\/vues-artistiques-les-etablissements-decoux\/\" \/>\n<meta property=\"og:locale\" content=\"en_US\" \/>\n<meta property=\"og:type\" content=\"article\" \/>\n<meta property=\"og:title\" content=\"VUES ARTISTIQUES ; LES ETABLISSEMENTS DECOUX - Librairie 7L\" \/>\n<meta property=\"og:description\" content=\"Cet album de \u00ab vues artistiques \u00bb reproduit, class\u00e9es par planches th\u00e9matiques, des photographies imprim\u00e9es sur cartes postales datant des ann\u00e9es 1900-1925. cette collection pousse \u00e0 interroger les rapports entre les mani\u00e8res par lesquelles l&#8217;art de la peinture de la seconde moiti\u00e9 du xixe si\u00e8cle, d&#8217;une part, et la photographie industrielle tir\u00e9e sur carte postale [&hellip;]\" \/>\n<meta property=\"og:url\" content=\"https:\/\/librairie7l.com\/en\/produit\/vues-artistiques-les-etablissements-decoux\/\" \/>\n<meta property=\"og:site_name\" content=\"Librairie 7L\" \/>\n<meta property=\"article:modified_time\" content=\"2026-04-06T18:06:33+00:00\" \/>\n<meta property=\"og:image\" content=\"https:\/\/librairie7l.com\/wp-content\/uploads\/2020\/07\/9782873175481_1_75.jpg\" \/>\n\t<meta property=\"og:image:width\" content=\"374\" \/>\n\t<meta property=\"og:image:height\" content=\"500\" \/>\n\t<meta property=\"og:image:type\" content=\"image\/jpeg\" \/>\n<meta name=\"twitter:card\" content=\"summary_large_image\" \/>\n<meta name=\"twitter:label1\" content=\"Est. reading time\" \/>\n\t<meta name=\"twitter:data1\" content=\"1 minute\" \/>\n<script type=\"application\/ld+json\" class=\"yoast-schema-graph\">{\"@context\":\"https:\/\/schema.org\",\"@graph\":[{\"@type\":\"WebPage\",\"@id\":\"https:\/\/librairie7l.com\/en\/produit\/vues-artistiques-les-etablissements-decoux\/\",\"url\":\"https:\/\/librairie7l.com\/en\/produit\/vues-artistiques-les-etablissements-decoux\/\",\"name\":\"VUES ARTISTIQUES ; LES ETABLISSEMENTS DECOUX - Librairie 7L\",\"isPartOf\":{\"@id\":\"https:\/\/librairie7l.com\/en\/#website\"},\"datePublished\":\"2023-05-09T16:18:24+00:00\",\"dateModified\":\"2026-04-06T18:06:33+00:00\",\"breadcrumb\":{\"@id\":\"https:\/\/librairie7l.com\/en\/produit\/vues-artistiques-les-etablissements-decoux\/#breadcrumb\"},\"inLanguage\":\"en-US\",\"potentialAction\":[{\"@type\":\"ReadAction\",\"target\":[\"https:\/\/librairie7l.com\/en\/produit\/vues-artistiques-les-etablissements-decoux\/\"]}]},{\"@type\":\"BreadcrumbList\",\"@id\":\"https:\/\/librairie7l.com\/en\/produit\/vues-artistiques-les-etablissements-decoux\/#breadcrumb\",\"itemListElement\":[{\"@type\":\"ListItem\",\"position\":1,\"name\":\"Accueil\",\"item\":\"https:\/\/librairie7l.com\/en\/\"},{\"@type\":\"ListItem\",\"position\":2,\"name\":\"Shop\",\"item\":\"https:\/\/librairie7l.com\/en\/shop\/\"},{\"@type\":\"ListItem\",\"position\":3,\"name\":\"VUES ARTISTIQUES ; LES ETABLISSEMENTS DECOUX\"}]},{\"@type\":\"WebSite\",\"@id\":\"https:\/\/librairie7l.com\/en\/#website\",\"url\":\"https:\/\/librairie7l.com\/en\/\",\"name\":\"Librairie 7L\",\"description\":\"Librairie fond\u00e9e en 1999 par Karl Lagerfeld \u00e0 Paris\",\"publisher\":{\"@id\":\"https:\/\/librairie7l.com\/en\/#organization\"},\"potentialAction\":[{\"@type\":\"SearchAction\",\"target\":{\"@type\":\"EntryPoint\",\"urlTemplate\":\"https:\/\/librairie7l.com\/en\/?s={search_term_string}\"},\"query-input\":\"required name=search_term_string\"}],\"inLanguage\":\"en-US\"},{\"@type\":\"Organization\",\"@id\":\"https:\/\/librairie7l.com\/en\/#organization\",\"name\":\"Librairie 7L\",\"url\":\"https:\/\/librairie7l.com\/en\/\",\"logo\":{\"@type\":\"ImageObject\",\"inLanguage\":\"en-US\",\"@id\":\"https:\/\/librairie7l.com\/en\/#\/schema\/logo\/image\/\",\"url\":\"https:\/\/librairie7l.com\/wp-content\/uploads\/2022\/08\/logo-1.png\",\"contentUrl\":\"https:\/\/librairie7l.com\/wp-content\/uploads\/2022\/08\/logo-1.png\",\"width\":227,\"height\":301,\"caption\":\"Librairie 7L\"},\"image\":{\"@id\":\"https:\/\/librairie7l.com\/en\/#\/schema\/logo\/image\/\"}}]}<\/script>\n<!-- \/ Yoast SEO plugin. -->","yoast_head_json":{"title":"VUES ARTISTIQUES ; LES ETABLISSEMENTS DECOUX - Librairie 7L","robots":{"index":"index","follow":"follow","max-snippet":"max-snippet:-1","max-image-preview":"max-image-preview:large","max-video-preview":"max-video-preview:-1"},"canonical":"https:\/\/librairie7l.com\/en\/produit\/vues-artistiques-les-etablissements-decoux\/","og_locale":"en_US","og_type":"article","og_title":"VUES ARTISTIQUES ; LES ETABLISSEMENTS DECOUX - Librairie 7L","og_description":"Cet album de \u00ab vues artistiques \u00bb reproduit, class\u00e9es par planches th\u00e9matiques, des photographies imprim\u00e9es sur cartes postales datant des ann\u00e9es 1900-1925. cette collection pousse \u00e0 interroger les rapports entre les mani\u00e8res par lesquelles l&#8217;art de la peinture de la seconde moiti\u00e9 du xixe si\u00e8cle, d&#8217;une part, et la photographie industrielle tir\u00e9e sur carte postale [&hellip;]","og_url":"https:\/\/librairie7l.com\/en\/produit\/vues-artistiques-les-etablissements-decoux\/","og_site_name":"Librairie 7L","article_modified_time":"2026-04-06T18:06:33+00:00","og_image":[{"width":374,"height":500,"url":"https:\/\/librairie7l.com\/wp-content\/uploads\/2020\/07\/9782873175481_1_75.jpg","type":"image\/jpeg"}],"twitter_card":"summary_large_image","twitter_misc":{"Est. reading time":"1 minute"},"schema":{"@context":"https:\/\/schema.org","@graph":[{"@type":"WebPage","@id":"https:\/\/librairie7l.com\/en\/produit\/vues-artistiques-les-etablissements-decoux\/","url":"https:\/\/librairie7l.com\/en\/produit\/vues-artistiques-les-etablissements-decoux\/","name":"VUES ARTISTIQUES ; LES ETABLISSEMENTS DECOUX - Librairie 7L","isPartOf":{"@id":"https:\/\/librairie7l.com\/en\/#website"},"datePublished":"2023-05-09T16:18:24+00:00","dateModified":"2026-04-06T18:06:33+00:00","breadcrumb":{"@id":"https:\/\/librairie7l.com\/en\/produit\/vues-artistiques-les-etablissements-decoux\/#breadcrumb"},"inLanguage":"en-US","potentialAction":[{"@type":"ReadAction","target":["https:\/\/librairie7l.com\/en\/produit\/vues-artistiques-les-etablissements-decoux\/"]}]},{"@type":"BreadcrumbList","@id":"https:\/\/librairie7l.com\/en\/produit\/vues-artistiques-les-etablissements-decoux\/#breadcrumb","itemListElement":[{"@type":"ListItem","position":1,"name":"Accueil","item":"https:\/\/librairie7l.com\/en\/"},{"@type":"ListItem","position":2,"name":"Shop","item":"https:\/\/librairie7l.com\/en\/shop\/"},{"@type":"ListItem","position":3,"name":"VUES ARTISTIQUES ; LES ETABLISSEMENTS DECOUX"}]},{"@type":"WebSite","@id":"https:\/\/librairie7l.com\/en\/#website","url":"https:\/\/librairie7l.com\/en\/","name":"Librairie 7L","description":"Librairie fond\u00e9e en 1999 par Karl Lagerfeld \u00e0 Paris","publisher":{"@id":"https:\/\/librairie7l.com\/en\/#organization"},"potentialAction":[{"@type":"SearchAction","target":{"@type":"EntryPoint","urlTemplate":"https:\/\/librairie7l.com\/en\/?s={search_term_string}"},"query-input":"required name=search_term_string"}],"inLanguage":"en-US"},{"@type":"Organization","@id":"https:\/\/librairie7l.com\/en\/#organization","name":"Librairie 7L","url":"https:\/\/librairie7l.com\/en\/","logo":{"@type":"ImageObject","inLanguage":"en-US","@id":"https:\/\/librairie7l.com\/en\/#\/schema\/logo\/image\/","url":"https:\/\/librairie7l.com\/wp-content\/uploads\/2022\/08\/logo-1.png","contentUrl":"https:\/\/librairie7l.com\/wp-content\/uploads\/2022\/08\/logo-1.png","width":227,"height":301,"caption":"Librairie 7L"},"image":{"@id":"https:\/\/librairie7l.com\/en\/#\/schema\/logo\/image\/"}}]}},"_links":{"self":[{"href":"https:\/\/librairie7l.com\/en\/wp-json\/wp\/v2\/product\/20887"}],"collection":[{"href":"https:\/\/librairie7l.com\/en\/wp-json\/wp\/v2\/product"}],"about":[{"href":"https:\/\/librairie7l.com\/en\/wp-json\/wp\/v2\/types\/product"}],"wp:featuredmedia":[{"embeddable":true,"href":"https:\/\/librairie7l.com\/en\/wp-json\/wp\/v2\/media\/20885"}],"wp:attachment":[{"href":"https:\/\/librairie7l.com\/en\/wp-json\/wp\/v2\/media?parent=20887"}],"wp:term":[{"taxonomy":"product_cat","embeddable":true,"href":"https:\/\/librairie7l.com\/en\/wp-json\/wp\/v2\/product_cat?post=20887"},{"taxonomy":"product_tag","embeddable":true,"href":"https:\/\/librairie7l.com\/en\/wp-json\/wp\/v2\/product_tag?post=20887"}],"curies":[{"name":"wp","href":"https:\/\/api.w.org\/{rel}","templated":true}]}}