{"id":20943,"date":"2023-05-09T18:19:11","date_gmt":"2023-05-09T16:19:11","guid":{"rendered":"https:\/\/librairie7l.com\/?post_type=product&#038;p=20943"},"modified":"2026-04-18T05:59:53","modified_gmt":"2026-04-18T03:59:53","slug":"espinha","status":"publish","type":"product","link":"https:\/\/librairie7l.com\/en\/produit\/espinha\/","title":{"rendered":"ESPINHA"},"content":{"rendered":"<p>Espinha est une invitation \u00e0 p\u00e9n\u00e9trer l&#8217;univers de Shinji Nagabe, un photographe br\u00e9silien qui a grandi dans une famille japonaise traditionnelle. Guid\u00e9 par cette double culture, il pratique une photographie surprenante, combinaison de poses formelles et statiques qui \u00e9voquent l&#8217;univers pictural japonais avec des couleurs tropicales et des accessoires typiques du culte syncr\u00e9tiste br\u00e9silien.<br \/>\nJournaliste de formation, Shinji Nagabe a gard\u00e9 le go\u00fbt d&#8217;une qu\u00eate documentaire et cr\u00e9e une symbiose entre r\u00e9alit\u00e9 et fantaisie. Les symboles du candombl\u00e9 africain et du carnaval br\u00e9silien s&#8217;entrem\u00ealent avec myst\u00e8re. Immerg\u00e9 dans plusieurs \u00c9tats br\u00e9siliens, le photographe travaille avec la complicit\u00e9 d&#8217;enfants puisant l&#8217;inspiration de ses mises en sc\u00e8ne dans l&#8217;histoire et les fables fantastiques.<\/p>\n","protected":false},"excerpt":{"rendered":"<p>Espinha est une invitation \u00e0 p\u00e9n\u00e9trer l&#8217;univers de Shinji Nagabe, un photographe br\u00e9silien qui a grandi dans une famille japonaise traditionnelle. Guid\u00e9 par cette double culture, il pratique une photographie surprenante, combinaison de poses formelles et statiques qui \u00e9voquent l&#8217;univers pictural japonais avec des couleurs tropicales et des accessoires typiques du culte syncr\u00e9tiste br\u00e9silien. Journaliste [&hellip;]<\/p>\n","protected":false},"featured_media":20941,"template":"","meta":[],"product_cat":[2948,2958],"product_tag":[],"acf":[],"yoast_head":"<!-- This site is optimized with the Yoast SEO plugin v20.11 - https:\/\/yoast.com\/wordpress\/plugins\/seo\/ -->\n<title>ESPINHA - Librairie 7L<\/title>\n<meta name=\"robots\" content=\"index, follow, max-snippet:-1, max-image-preview:large, max-video-preview:-1\" \/>\n<link rel=\"canonical\" href=\"https:\/\/librairie7l.com\/en\/produit\/espinha\/\" \/>\n<meta property=\"og:locale\" content=\"en_US\" \/>\n<meta property=\"og:type\" content=\"article\" \/>\n<meta property=\"og:title\" content=\"ESPINHA - Librairie 7L\" \/>\n<meta property=\"og:description\" content=\"Espinha est une invitation \u00e0 p\u00e9n\u00e9trer l&#8217;univers de Shinji Nagabe, un photographe br\u00e9silien qui a grandi dans une famille japonaise traditionnelle. Guid\u00e9 par cette double culture, il pratique une photographie surprenante, combinaison de poses formelles et statiques qui \u00e9voquent l&#8217;univers pictural japonais avec des couleurs tropicales et des accessoires typiques du culte syncr\u00e9tiste br\u00e9silien. Journaliste [&hellip;]\" \/>\n<meta property=\"og:url\" content=\"https:\/\/librairie7l.com\/en\/produit\/espinha\/\" \/>\n<meta property=\"og:site_name\" content=\"Librairie 7L\" \/>\n<meta property=\"article:modified_time\" content=\"2026-04-18T03:59:53+00:00\" \/>\n<meta property=\"og:image\" content=\"https:\/\/librairie7l.com\/wp-content\/uploads\/2019\/07\/9782367441368_1_75.jpg\" \/>\n\t<meta property=\"og:image:width\" content=\"600\" \/>\n\t<meta property=\"og:image:height\" content=\"771\" \/>\n\t<meta property=\"og:image:type\" content=\"image\/jpeg\" \/>\n<meta name=\"twitter:card\" content=\"summary_large_image\" \/>\n<meta name=\"twitter:label1\" content=\"Est. reading time\" \/>\n\t<meta name=\"twitter:data1\" content=\"1 minute\" \/>\n<script type=\"application\/ld+json\" class=\"yoast-schema-graph\">{\"@context\":\"https:\/\/schema.org\",\"@graph\":[{\"@type\":\"WebPage\",\"@id\":\"https:\/\/librairie7l.com\/en\/produit\/espinha\/\",\"url\":\"https:\/\/librairie7l.com\/en\/produit\/espinha\/\",\"name\":\"ESPINHA - Librairie 7L\",\"isPartOf\":{\"@id\":\"https:\/\/librairie7l.com\/en\/#website\"},\"datePublished\":\"2023-05-09T16:19:11+00:00\",\"dateModified\":\"2026-04-18T03:59:53+00:00\",\"breadcrumb\":{\"@id\":\"https:\/\/librairie7l.com\/en\/produit\/espinha\/#breadcrumb\"},\"inLanguage\":\"en-US\",\"potentialAction\":[{\"@type\":\"ReadAction\",\"target\":[\"https:\/\/librairie7l.com\/en\/produit\/espinha\/\"]}]},{\"@type\":\"BreadcrumbList\",\"@id\":\"https:\/\/librairie7l.com\/en\/produit\/espinha\/#breadcrumb\",\"itemListElement\":[{\"@type\":\"ListItem\",\"position\":1,\"name\":\"Accueil\",\"item\":\"https:\/\/librairie7l.com\/en\/\"},{\"@type\":\"ListItem\",\"position\":2,\"name\":\"Shop\",\"item\":\"https:\/\/librairie7l.com\/en\/shop\/\"},{\"@type\":\"ListItem\",\"position\":3,\"name\":\"ESPINHA\"}]},{\"@type\":\"WebSite\",\"@id\":\"https:\/\/librairie7l.com\/en\/#website\",\"url\":\"https:\/\/librairie7l.com\/en\/\",\"name\":\"Librairie 7L\",\"description\":\"Librairie fond\u00e9e en 1999 par Karl Lagerfeld \u00e0 Paris\",\"publisher\":{\"@id\":\"https:\/\/librairie7l.com\/en\/#organization\"},\"potentialAction\":[{\"@type\":\"SearchAction\",\"target\":{\"@type\":\"EntryPoint\",\"urlTemplate\":\"https:\/\/librairie7l.com\/en\/?s={search_term_string}\"},\"query-input\":\"required name=search_term_string\"}],\"inLanguage\":\"en-US\"},{\"@type\":\"Organization\",\"@id\":\"https:\/\/librairie7l.com\/en\/#organization\",\"name\":\"Librairie 7L\",\"url\":\"https:\/\/librairie7l.com\/en\/\",\"logo\":{\"@type\":\"ImageObject\",\"inLanguage\":\"en-US\",\"@id\":\"https:\/\/librairie7l.com\/en\/#\/schema\/logo\/image\/\",\"url\":\"https:\/\/librairie7l.com\/wp-content\/uploads\/2022\/08\/logo-1.png\",\"contentUrl\":\"https:\/\/librairie7l.com\/wp-content\/uploads\/2022\/08\/logo-1.png\",\"width\":227,\"height\":301,\"caption\":\"Librairie 7L\"},\"image\":{\"@id\":\"https:\/\/librairie7l.com\/en\/#\/schema\/logo\/image\/\"}}]}<\/script>\n<!-- \/ Yoast SEO plugin. -->","yoast_head_json":{"title":"ESPINHA - Librairie 7L","robots":{"index":"index","follow":"follow","max-snippet":"max-snippet:-1","max-image-preview":"max-image-preview:large","max-video-preview":"max-video-preview:-1"},"canonical":"https:\/\/librairie7l.com\/en\/produit\/espinha\/","og_locale":"en_US","og_type":"article","og_title":"ESPINHA - Librairie 7L","og_description":"Espinha est une invitation \u00e0 p\u00e9n\u00e9trer l&#8217;univers de Shinji Nagabe, un photographe br\u00e9silien qui a grandi dans une famille japonaise traditionnelle. Guid\u00e9 par cette double culture, il pratique une photographie surprenante, combinaison de poses formelles et statiques qui \u00e9voquent l&#8217;univers pictural japonais avec des couleurs tropicales et des accessoires typiques du culte syncr\u00e9tiste br\u00e9silien. Journaliste [&hellip;]","og_url":"https:\/\/librairie7l.com\/en\/produit\/espinha\/","og_site_name":"Librairie 7L","article_modified_time":"2026-04-18T03:59:53+00:00","og_image":[{"width":600,"height":771,"url":"https:\/\/librairie7l.com\/wp-content\/uploads\/2019\/07\/9782367441368_1_75.jpg","type":"image\/jpeg"}],"twitter_card":"summary_large_image","twitter_misc":{"Est. reading time":"1 minute"},"schema":{"@context":"https:\/\/schema.org","@graph":[{"@type":"WebPage","@id":"https:\/\/librairie7l.com\/en\/produit\/espinha\/","url":"https:\/\/librairie7l.com\/en\/produit\/espinha\/","name":"ESPINHA - Librairie 7L","isPartOf":{"@id":"https:\/\/librairie7l.com\/en\/#website"},"datePublished":"2023-05-09T16:19:11+00:00","dateModified":"2026-04-18T03:59:53+00:00","breadcrumb":{"@id":"https:\/\/librairie7l.com\/en\/produit\/espinha\/#breadcrumb"},"inLanguage":"en-US","potentialAction":[{"@type":"ReadAction","target":["https:\/\/librairie7l.com\/en\/produit\/espinha\/"]}]},{"@type":"BreadcrumbList","@id":"https:\/\/librairie7l.com\/en\/produit\/espinha\/#breadcrumb","itemListElement":[{"@type":"ListItem","position":1,"name":"Accueil","item":"https:\/\/librairie7l.com\/en\/"},{"@type":"ListItem","position":2,"name":"Shop","item":"https:\/\/librairie7l.com\/en\/shop\/"},{"@type":"ListItem","position":3,"name":"ESPINHA"}]},{"@type":"WebSite","@id":"https:\/\/librairie7l.com\/en\/#website","url":"https:\/\/librairie7l.com\/en\/","name":"Librairie 7L","description":"Librairie fond\u00e9e en 1999 par Karl Lagerfeld \u00e0 Paris","publisher":{"@id":"https:\/\/librairie7l.com\/en\/#organization"},"potentialAction":[{"@type":"SearchAction","target":{"@type":"EntryPoint","urlTemplate":"https:\/\/librairie7l.com\/en\/?s={search_term_string}"},"query-input":"required name=search_term_string"}],"inLanguage":"en-US"},{"@type":"Organization","@id":"https:\/\/librairie7l.com\/en\/#organization","name":"Librairie 7L","url":"https:\/\/librairie7l.com\/en\/","logo":{"@type":"ImageObject","inLanguage":"en-US","@id":"https:\/\/librairie7l.com\/en\/#\/schema\/logo\/image\/","url":"https:\/\/librairie7l.com\/wp-content\/uploads\/2022\/08\/logo-1.png","contentUrl":"https:\/\/librairie7l.com\/wp-content\/uploads\/2022\/08\/logo-1.png","width":227,"height":301,"caption":"Librairie 7L"},"image":{"@id":"https:\/\/librairie7l.com\/en\/#\/schema\/logo\/image\/"}}]}},"_links":{"self":[{"href":"https:\/\/librairie7l.com\/en\/wp-json\/wp\/v2\/product\/20943"}],"collection":[{"href":"https:\/\/librairie7l.com\/en\/wp-json\/wp\/v2\/product"}],"about":[{"href":"https:\/\/librairie7l.com\/en\/wp-json\/wp\/v2\/types\/product"}],"wp:featuredmedia":[{"embeddable":true,"href":"https:\/\/librairie7l.com\/en\/wp-json\/wp\/v2\/media\/20941"}],"wp:attachment":[{"href":"https:\/\/librairie7l.com\/en\/wp-json\/wp\/v2\/media?parent=20943"}],"wp:term":[{"taxonomy":"product_cat","embeddable":true,"href":"https:\/\/librairie7l.com\/en\/wp-json\/wp\/v2\/product_cat?post=20943"},{"taxonomy":"product_tag","embeddable":true,"href":"https:\/\/librairie7l.com\/en\/wp-json\/wp\/v2\/product_tag?post=20943"}],"curies":[{"name":"wp","href":"https:\/\/api.w.org\/{rel}","templated":true}]}}