{"id":20991,"date":"2023-05-09T18:19:54","date_gmt":"2023-05-09T16:19:54","guid":{"rendered":"https:\/\/librairie7l.com\/?post_type=product&#038;p=20991"},"modified":"2026-04-07T03:56:22","modified_gmt":"2026-04-07T01:56:22","slug":"peter-lindbergh-images-of-women-1-francais-allemand","status":"publish","type":"product","link":"https:\/\/librairie7l.com\/en\/produit\/peter-lindbergh-images-of-women-1-francais-allemand\/","title":{"rendered":"PETER LINDBERGH IMAGES OF WOMEN 1 \/FRANCAIS\/ALLEMAND"},"content":{"rendered":"<p>Bien plus int\u00e9ress\u00e9 par le charisme et la personnalit\u00e9 que par la perfection et le glamour, Lindbergh a jou\u00e9 un r\u00f4le central dans la cr\u00e9ation de l&#8217;id\u00e9al de beaut\u00e9 des ann\u00e9es 90. Ce premier volet de sa monographie, publi\u00e9 pour la premi\u00e8re fois en 1997, est \u00e0 nouveau disponible dans une \u00e9dition \u00e0 couverture rigide de taille r\u00e9duite. Con\u00e7u par Juan Gatti, il donne un aper\u00e7u complet de ses photos de mode et portraits de c\u00e9l\u00e9brit\u00e9s, et comprend \u00e9galement un texte de Martin Harrison.<\/p>\n","protected":false},"excerpt":{"rendered":"<p>Bien plus int\u00e9ress\u00e9 par le charisme et la personnalit\u00e9 que par la perfection et le glamour, Lindbergh a jou\u00e9 un r\u00f4le central dans la cr\u00e9ation de l&#8217;id\u00e9al de beaut\u00e9 des ann\u00e9es 90. Ce premier volet de sa monographie, publi\u00e9 pour la premi\u00e8re fois en 1997, est \u00e0 nouveau disponible dans une \u00e9dition \u00e0 couverture rigide [&hellip;]<\/p>\n","protected":false},"featured_media":20989,"template":"","meta":[],"product_cat":[2948,2958],"product_tag":[],"acf":[],"yoast_head":"<!-- This site is optimized with the Yoast SEO plugin v20.11 - https:\/\/yoast.com\/wordpress\/plugins\/seo\/ -->\n<title>PETER LINDBERGH IMAGES OF WOMEN 1 \/FRANCAIS\/ALLEMAND - Librairie 7L<\/title>\n<meta name=\"robots\" content=\"index, follow, max-snippet:-1, max-image-preview:large, max-video-preview:-1\" \/>\n<link rel=\"canonical\" href=\"https:\/\/librairie7l.com\/en\/produit\/peter-lindbergh-images-of-women-1-francais-allemand\/\" \/>\n<meta property=\"og:locale\" content=\"en_US\" \/>\n<meta property=\"og:type\" content=\"article\" \/>\n<meta property=\"og:title\" content=\"PETER LINDBERGH IMAGES OF WOMEN 1 \/FRANCAIS\/ALLEMAND - Librairie 7L\" \/>\n<meta property=\"og:description\" content=\"Bien plus int\u00e9ress\u00e9 par le charisme et la personnalit\u00e9 que par la perfection et le glamour, Lindbergh a jou\u00e9 un r\u00f4le central dans la cr\u00e9ation de l&#8217;id\u00e9al de beaut\u00e9 des ann\u00e9es 90. Ce premier volet de sa monographie, publi\u00e9 pour la premi\u00e8re fois en 1997, est \u00e0 nouveau disponible dans une \u00e9dition \u00e0 couverture rigide [&hellip;]\" \/>\n<meta property=\"og:url\" content=\"https:\/\/librairie7l.com\/en\/produit\/peter-lindbergh-images-of-women-1-francais-allemand\/\" \/>\n<meta property=\"og:site_name\" content=\"Librairie 7L\" \/>\n<meta property=\"article:modified_time\" content=\"2026-04-07T01:56:22+00:00\" \/>\n<meta property=\"og:image\" content=\"https:\/\/librairie7l.com\/wp-content\/uploads\/2020\/03\/9783829608893_1_75.jpg\" \/>\n\t<meta property=\"og:image:width\" content=\"213\" \/>\n\t<meta property=\"og:image:height\" content=\"311\" \/>\n\t<meta property=\"og:image:type\" content=\"image\/jpeg\" \/>\n<meta name=\"twitter:card\" content=\"summary_large_image\" \/>\n<script type=\"application\/ld+json\" class=\"yoast-schema-graph\">{\"@context\":\"https:\/\/schema.org\",\"@graph\":[{\"@type\":\"WebPage\",\"@id\":\"https:\/\/librairie7l.com\/en\/produit\/peter-lindbergh-images-of-women-1-francais-allemand\/\",\"url\":\"https:\/\/librairie7l.com\/en\/produit\/peter-lindbergh-images-of-women-1-francais-allemand\/\",\"name\":\"PETER LINDBERGH IMAGES OF WOMEN 1 \/FRANCAIS\/ALLEMAND - Librairie 7L\",\"isPartOf\":{\"@id\":\"https:\/\/librairie7l.com\/en\/#website\"},\"datePublished\":\"2023-05-09T16:19:54+00:00\",\"dateModified\":\"2026-04-07T01:56:22+00:00\",\"breadcrumb\":{\"@id\":\"https:\/\/librairie7l.com\/en\/produit\/peter-lindbergh-images-of-women-1-francais-allemand\/#breadcrumb\"},\"inLanguage\":\"en-US\",\"potentialAction\":[{\"@type\":\"ReadAction\",\"target\":[\"https:\/\/librairie7l.com\/en\/produit\/peter-lindbergh-images-of-women-1-francais-allemand\/\"]}]},{\"@type\":\"BreadcrumbList\",\"@id\":\"https:\/\/librairie7l.com\/en\/produit\/peter-lindbergh-images-of-women-1-francais-allemand\/#breadcrumb\",\"itemListElement\":[{\"@type\":\"ListItem\",\"position\":1,\"name\":\"Accueil\",\"item\":\"https:\/\/librairie7l.com\/en\/\"},{\"@type\":\"ListItem\",\"position\":2,\"name\":\"Shop\",\"item\":\"https:\/\/librairie7l.com\/en\/shop\/\"},{\"@type\":\"ListItem\",\"position\":3,\"name\":\"PETER LINDBERGH IMAGES OF WOMEN 1 \/FRANCAIS\/ALLEMAND\"}]},{\"@type\":\"WebSite\",\"@id\":\"https:\/\/librairie7l.com\/en\/#website\",\"url\":\"https:\/\/librairie7l.com\/en\/\",\"name\":\"Librairie 7L\",\"description\":\"Librairie fond\u00e9e en 1999 par Karl Lagerfeld \u00e0 Paris\",\"publisher\":{\"@id\":\"https:\/\/librairie7l.com\/en\/#organization\"},\"potentialAction\":[{\"@type\":\"SearchAction\",\"target\":{\"@type\":\"EntryPoint\",\"urlTemplate\":\"https:\/\/librairie7l.com\/en\/?s={search_term_string}\"},\"query-input\":\"required name=search_term_string\"}],\"inLanguage\":\"en-US\"},{\"@type\":\"Organization\",\"@id\":\"https:\/\/librairie7l.com\/en\/#organization\",\"name\":\"Librairie 7L\",\"url\":\"https:\/\/librairie7l.com\/en\/\",\"logo\":{\"@type\":\"ImageObject\",\"inLanguage\":\"en-US\",\"@id\":\"https:\/\/librairie7l.com\/en\/#\/schema\/logo\/image\/\",\"url\":\"https:\/\/librairie7l.com\/wp-content\/uploads\/2022\/08\/logo-1.png\",\"contentUrl\":\"https:\/\/librairie7l.com\/wp-content\/uploads\/2022\/08\/logo-1.png\",\"width\":227,\"height\":301,\"caption\":\"Librairie 7L\"},\"image\":{\"@id\":\"https:\/\/librairie7l.com\/en\/#\/schema\/logo\/image\/\"}}]}<\/script>\n<!-- \/ Yoast SEO plugin. -->","yoast_head_json":{"title":"PETER LINDBERGH IMAGES OF WOMEN 1 \/FRANCAIS\/ALLEMAND - Librairie 7L","robots":{"index":"index","follow":"follow","max-snippet":"max-snippet:-1","max-image-preview":"max-image-preview:large","max-video-preview":"max-video-preview:-1"},"canonical":"https:\/\/librairie7l.com\/en\/produit\/peter-lindbergh-images-of-women-1-francais-allemand\/","og_locale":"en_US","og_type":"article","og_title":"PETER LINDBERGH IMAGES OF WOMEN 1 \/FRANCAIS\/ALLEMAND - Librairie 7L","og_description":"Bien plus int\u00e9ress\u00e9 par le charisme et la personnalit\u00e9 que par la perfection et le glamour, Lindbergh a jou\u00e9 un r\u00f4le central dans la cr\u00e9ation de l&#8217;id\u00e9al de beaut\u00e9 des ann\u00e9es 90. Ce premier volet de sa monographie, publi\u00e9 pour la premi\u00e8re fois en 1997, est \u00e0 nouveau disponible dans une \u00e9dition \u00e0 couverture rigide [&hellip;]","og_url":"https:\/\/librairie7l.com\/en\/produit\/peter-lindbergh-images-of-women-1-francais-allemand\/","og_site_name":"Librairie 7L","article_modified_time":"2026-04-07T01:56:22+00:00","og_image":[{"width":213,"height":311,"url":"https:\/\/librairie7l.com\/wp-content\/uploads\/2020\/03\/9783829608893_1_75.jpg","type":"image\/jpeg"}],"twitter_card":"summary_large_image","schema":{"@context":"https:\/\/schema.org","@graph":[{"@type":"WebPage","@id":"https:\/\/librairie7l.com\/en\/produit\/peter-lindbergh-images-of-women-1-francais-allemand\/","url":"https:\/\/librairie7l.com\/en\/produit\/peter-lindbergh-images-of-women-1-francais-allemand\/","name":"PETER LINDBERGH IMAGES OF WOMEN 1 \/FRANCAIS\/ALLEMAND - Librairie 7L","isPartOf":{"@id":"https:\/\/librairie7l.com\/en\/#website"},"datePublished":"2023-05-09T16:19:54+00:00","dateModified":"2026-04-07T01:56:22+00:00","breadcrumb":{"@id":"https:\/\/librairie7l.com\/en\/produit\/peter-lindbergh-images-of-women-1-francais-allemand\/#breadcrumb"},"inLanguage":"en-US","potentialAction":[{"@type":"ReadAction","target":["https:\/\/librairie7l.com\/en\/produit\/peter-lindbergh-images-of-women-1-francais-allemand\/"]}]},{"@type":"BreadcrumbList","@id":"https:\/\/librairie7l.com\/en\/produit\/peter-lindbergh-images-of-women-1-francais-allemand\/#breadcrumb","itemListElement":[{"@type":"ListItem","position":1,"name":"Accueil","item":"https:\/\/librairie7l.com\/en\/"},{"@type":"ListItem","position":2,"name":"Shop","item":"https:\/\/librairie7l.com\/en\/shop\/"},{"@type":"ListItem","position":3,"name":"PETER LINDBERGH IMAGES OF WOMEN 1 \/FRANCAIS\/ALLEMAND"}]},{"@type":"WebSite","@id":"https:\/\/librairie7l.com\/en\/#website","url":"https:\/\/librairie7l.com\/en\/","name":"Librairie 7L","description":"Librairie fond\u00e9e en 1999 par Karl Lagerfeld \u00e0 Paris","publisher":{"@id":"https:\/\/librairie7l.com\/en\/#organization"},"potentialAction":[{"@type":"SearchAction","target":{"@type":"EntryPoint","urlTemplate":"https:\/\/librairie7l.com\/en\/?s={search_term_string}"},"query-input":"required name=search_term_string"}],"inLanguage":"en-US"},{"@type":"Organization","@id":"https:\/\/librairie7l.com\/en\/#organization","name":"Librairie 7L","url":"https:\/\/librairie7l.com\/en\/","logo":{"@type":"ImageObject","inLanguage":"en-US","@id":"https:\/\/librairie7l.com\/en\/#\/schema\/logo\/image\/","url":"https:\/\/librairie7l.com\/wp-content\/uploads\/2022\/08\/logo-1.png","contentUrl":"https:\/\/librairie7l.com\/wp-content\/uploads\/2022\/08\/logo-1.png","width":227,"height":301,"caption":"Librairie 7L"},"image":{"@id":"https:\/\/librairie7l.com\/en\/#\/schema\/logo\/image\/"}}]}},"_links":{"self":[{"href":"https:\/\/librairie7l.com\/en\/wp-json\/wp\/v2\/product\/20991"}],"collection":[{"href":"https:\/\/librairie7l.com\/en\/wp-json\/wp\/v2\/product"}],"about":[{"href":"https:\/\/librairie7l.com\/en\/wp-json\/wp\/v2\/types\/product"}],"wp:featuredmedia":[{"embeddable":true,"href":"https:\/\/librairie7l.com\/en\/wp-json\/wp\/v2\/media\/20989"}],"wp:attachment":[{"href":"https:\/\/librairie7l.com\/en\/wp-json\/wp\/v2\/media?parent=20991"}],"wp:term":[{"taxonomy":"product_cat","embeddable":true,"href":"https:\/\/librairie7l.com\/en\/wp-json\/wp\/v2\/product_cat?post=20991"},{"taxonomy":"product_tag","embeddable":true,"href":"https:\/\/librairie7l.com\/en\/wp-json\/wp\/v2\/product_tag?post=20991"}],"curies":[{"name":"wp","href":"https:\/\/api.w.org\/{rel}","templated":true}]}}