{"id":21011,"date":"2023-05-09T18:20:10","date_gmt":"2023-05-09T16:20:10","guid":{"rendered":"https:\/\/librairie7l.com\/?post_type=product&#038;p=21011"},"modified":"2026-04-05T18:28:54","modified_gmt":"2026-04-05T16:28:54","slug":"tromper-les-yeux-miroirs-dans-le-grand-decor-en-europe-xviie-xviiie-siecles","status":"publish","type":"product","link":"https:\/\/librairie7l.com\/en\/produit\/tromper-les-yeux-miroirs-dans-le-grand-decor-en-europe-xviie-xviiie-siecles\/","title":{"rendered":"TROMPER LES YEUX : MIROIRS DANS LE GRAND D\u00c9COR EN EUROPE (XVIIE-XVIIIE SI\u00c8CLES)"},"content":{"rendered":"<p>Aspect majeur de la d\u00e9coration des palais royaux et princiers, les miroirs ont envahi toute l&#8217;Europe aux XVIIe et XVIIIe si\u00e8cles. Ornant les pi\u00e8ces priv\u00e9es comme les pi\u00e8ces de r\u00e9ception, ils n&#8217;ont eu de cesse de fasciner leurs contemporains gr\u00e2ce aux effets merveilleux et illusionnistes qu&#8217;ils rec\u00e8lent. Leur place dans la d\u00e9coration fixe des int\u00e9rieurs aristocratiques n&#8217;avait pourtant jamais fait l&#8217;objet d&#8217;une \u00e9tude sp\u00e9cifique. Cet ouvrage a pour ambition de combler ce manque en nous invitant \u00e0 comprendre comment les miroirs se sont impos\u00e9s dans l&#8217;architecture en bouleversant les mani\u00e8res d&#8217;habiter. Comment sont-ils devenus une mati\u00e8re du d\u00e9cor \u00e0 part enti\u00e8re ? Qui sont les acteurs de ces d\u00e9cors, de leur \u00e9laboration \u00e0 leur ex\u00e9cution en passant par leur diffusion ? Comment ont-ils \u00e9t\u00e9 utilis\u00e9s dans de v\u00e9ritables mises en sc\u00e8ne et que r\u00e9v\u00e8lent-ils en termes d&#8217;histoire du go\u00fbt ? Envisag\u00e9 sur un temps long de deux si\u00e8cles et dans une aire g\u00e9ographique cons\u00e9quente (France, Italie, Espagne, Allemagne, Autriche, Su\u00e8de), ce livre d\u00e9bute par une \u00e9tude du d\u00e9veloppement des d\u00e9cors de miroirs au XVIIe si\u00e8cle, avant d&#8217;interroger le r\u00f4le de la France dans la d\u00e9finition et la circulation des mod\u00e8les. Une partie importante est ensuite consacr\u00e9e aux typologies de cabinet et galerie de glaces, pi\u00e8ces les plus concern\u00e9es par ce type de d\u00e9cor. Enfin, la place des miroirs dans la pratique architecturale et leur r\u00f4le illusionniste sont trait\u00e9s dans une derni\u00e8re partie. Des premiers cabinets de miroirs disparus \u00e0 la c\u00e9l\u00e8bre galerie des Glaces, en passant par les nombreux d\u00e9cors des palais europ\u00e9ens, cet ouvrage richement illustr\u00e9 traite \u00e0 la fois de l&#8217;histoire du grand d\u00e9cor, de celle des techniques et des savoir-faire, mais aussi de l&#8217;histoire des \u00e9changes artistiques en Europe.<\/p>\n","protected":false},"excerpt":{"rendered":"<p>Aspect majeur de la d\u00e9coration des palais royaux et princiers, les miroirs ont envahi toute l&#8217;Europe aux XVIIe et XVIIIe si\u00e8cles. Ornant les pi\u00e8ces priv\u00e9es comme les pi\u00e8ces de r\u00e9ception, ils n&#8217;ont eu de cesse de fasciner leurs contemporains gr\u00e2ce aux effets merveilleux et illusionnistes qu&#8217;ils rec\u00e8lent. Leur place dans la d\u00e9coration fixe des int\u00e9rieurs [&hellip;]<\/p>\n","protected":false},"featured_media":21009,"template":"","meta":[],"product_cat":[2948,2952],"product_tag":[],"acf":[],"yoast_head":"<!-- This site is optimized with the Yoast SEO plugin v20.11 - https:\/\/yoast.com\/wordpress\/plugins\/seo\/ -->\n<title>TROMPER LES YEUX : MIROIRS DANS LE GRAND D\u00c9COR EN EUROPE (XVIIE-XVIIIE SI\u00c8CLES) - Librairie 7L<\/title>\n<meta name=\"robots\" content=\"index, follow, max-snippet:-1, max-image-preview:large, max-video-preview:-1\" \/>\n<link rel=\"canonical\" href=\"https:\/\/librairie7l.com\/en\/produit\/tromper-les-yeux-miroirs-dans-le-grand-decor-en-europe-xviie-xviiie-siecles\/\" \/>\n<meta property=\"og:locale\" content=\"en_US\" \/>\n<meta property=\"og:type\" content=\"article\" \/>\n<meta property=\"og:title\" content=\"TROMPER LES YEUX : MIROIRS DANS LE GRAND D\u00c9COR EN EUROPE (XVIIE-XVIIIE SI\u00c8CLES) - Librairie 7L\" \/>\n<meta property=\"og:description\" content=\"Aspect majeur de la d\u00e9coration des palais royaux et princiers, les miroirs ont envahi toute l&#8217;Europe aux XVIIe et XVIIIe si\u00e8cles. Ornant les pi\u00e8ces priv\u00e9es comme les pi\u00e8ces de r\u00e9ception, ils n&#8217;ont eu de cesse de fasciner leurs contemporains gr\u00e2ce aux effets merveilleux et illusionnistes qu&#8217;ils rec\u00e8lent. Leur place dans la d\u00e9coration fixe des int\u00e9rieurs [&hellip;]\" \/>\n<meta property=\"og:url\" content=\"https:\/\/librairie7l.com\/en\/produit\/tromper-les-yeux-miroirs-dans-le-grand-decor-en-europe-xviie-xviiie-siecles\/\" \/>\n<meta property=\"og:site_name\" content=\"Librairie 7L\" \/>\n<meta property=\"article:modified_time\" content=\"2026-04-05T16:28:54+00:00\" \/>\n<meta property=\"og:image\" content=\"https:\/\/librairie7l.com\/wp-content\/uploads\/2022\/01\/9782878442847_1_75.jpg\" \/>\n\t<meta property=\"og:image:width\" content=\"400\" \/>\n\t<meta property=\"og:image:height\" content=\"581\" \/>\n\t<meta property=\"og:image:type\" content=\"image\/jpeg\" \/>\n<meta name=\"twitter:card\" content=\"summary_large_image\" \/>\n<meta name=\"twitter:label1\" content=\"Est. reading time\" \/>\n\t<meta name=\"twitter:data1\" content=\"2 minutes\" \/>\n<script type=\"application\/ld+json\" class=\"yoast-schema-graph\">{\"@context\":\"https:\/\/schema.org\",\"@graph\":[{\"@type\":\"WebPage\",\"@id\":\"https:\/\/librairie7l.com\/en\/produit\/tromper-les-yeux-miroirs-dans-le-grand-decor-en-europe-xviie-xviiie-siecles\/\",\"url\":\"https:\/\/librairie7l.com\/en\/produit\/tromper-les-yeux-miroirs-dans-le-grand-decor-en-europe-xviie-xviiie-siecles\/\",\"name\":\"TROMPER LES YEUX : MIROIRS DANS LE GRAND D\u00c9COR EN EUROPE (XVIIE-XVIIIE SI\u00c8CLES) - Librairie 7L\",\"isPartOf\":{\"@id\":\"https:\/\/librairie7l.com\/en\/#website\"},\"datePublished\":\"2023-05-09T16:20:10+00:00\",\"dateModified\":\"2026-04-05T16:28:54+00:00\",\"breadcrumb\":{\"@id\":\"https:\/\/librairie7l.com\/en\/produit\/tromper-les-yeux-miroirs-dans-le-grand-decor-en-europe-xviie-xviiie-siecles\/#breadcrumb\"},\"inLanguage\":\"en-US\",\"potentialAction\":[{\"@type\":\"ReadAction\",\"target\":[\"https:\/\/librairie7l.com\/en\/produit\/tromper-les-yeux-miroirs-dans-le-grand-decor-en-europe-xviie-xviiie-siecles\/\"]}]},{\"@type\":\"BreadcrumbList\",\"@id\":\"https:\/\/librairie7l.com\/en\/produit\/tromper-les-yeux-miroirs-dans-le-grand-decor-en-europe-xviie-xviiie-siecles\/#breadcrumb\",\"itemListElement\":[{\"@type\":\"ListItem\",\"position\":1,\"name\":\"Accueil\",\"item\":\"https:\/\/librairie7l.com\/en\/\"},{\"@type\":\"ListItem\",\"position\":2,\"name\":\"Shop\",\"item\":\"https:\/\/librairie7l.com\/en\/shop\/\"},{\"@type\":\"ListItem\",\"position\":3,\"name\":\"TROMPER LES YEUX : MIROIRS DANS LE GRAND D\u00c9COR EN EUROPE (XVIIE-XVIIIE SI\u00c8CLES)\"}]},{\"@type\":\"WebSite\",\"@id\":\"https:\/\/librairie7l.com\/en\/#website\",\"url\":\"https:\/\/librairie7l.com\/en\/\",\"name\":\"Librairie 7L\",\"description\":\"Librairie fond\u00e9e en 1999 par Karl Lagerfeld \u00e0 Paris\",\"publisher\":{\"@id\":\"https:\/\/librairie7l.com\/en\/#organization\"},\"potentialAction\":[{\"@type\":\"SearchAction\",\"target\":{\"@type\":\"EntryPoint\",\"urlTemplate\":\"https:\/\/librairie7l.com\/en\/?s={search_term_string}\"},\"query-input\":\"required name=search_term_string\"}],\"inLanguage\":\"en-US\"},{\"@type\":\"Organization\",\"@id\":\"https:\/\/librairie7l.com\/en\/#organization\",\"name\":\"Librairie 7L\",\"url\":\"https:\/\/librairie7l.com\/en\/\",\"logo\":{\"@type\":\"ImageObject\",\"inLanguage\":\"en-US\",\"@id\":\"https:\/\/librairie7l.com\/en\/#\/schema\/logo\/image\/\",\"url\":\"https:\/\/librairie7l.com\/wp-content\/uploads\/2022\/08\/logo-1.png\",\"contentUrl\":\"https:\/\/librairie7l.com\/wp-content\/uploads\/2022\/08\/logo-1.png\",\"width\":227,\"height\":301,\"caption\":\"Librairie 7L\"},\"image\":{\"@id\":\"https:\/\/librairie7l.com\/en\/#\/schema\/logo\/image\/\"}}]}<\/script>\n<!-- \/ Yoast SEO plugin. -->","yoast_head_json":{"title":"TROMPER LES YEUX : MIROIRS DANS LE GRAND D\u00c9COR EN EUROPE (XVIIE-XVIIIE SI\u00c8CLES) - Librairie 7L","robots":{"index":"index","follow":"follow","max-snippet":"max-snippet:-1","max-image-preview":"max-image-preview:large","max-video-preview":"max-video-preview:-1"},"canonical":"https:\/\/librairie7l.com\/en\/produit\/tromper-les-yeux-miroirs-dans-le-grand-decor-en-europe-xviie-xviiie-siecles\/","og_locale":"en_US","og_type":"article","og_title":"TROMPER LES YEUX : MIROIRS DANS LE GRAND D\u00c9COR EN EUROPE (XVIIE-XVIIIE SI\u00c8CLES) - Librairie 7L","og_description":"Aspect majeur de la d\u00e9coration des palais royaux et princiers, les miroirs ont envahi toute l&#8217;Europe aux XVIIe et XVIIIe si\u00e8cles. Ornant les pi\u00e8ces priv\u00e9es comme les pi\u00e8ces de r\u00e9ception, ils n&#8217;ont eu de cesse de fasciner leurs contemporains gr\u00e2ce aux effets merveilleux et illusionnistes qu&#8217;ils rec\u00e8lent. Leur place dans la d\u00e9coration fixe des int\u00e9rieurs [&hellip;]","og_url":"https:\/\/librairie7l.com\/en\/produit\/tromper-les-yeux-miroirs-dans-le-grand-decor-en-europe-xviie-xviiie-siecles\/","og_site_name":"Librairie 7L","article_modified_time":"2026-04-05T16:28:54+00:00","og_image":[{"width":400,"height":581,"url":"https:\/\/librairie7l.com\/wp-content\/uploads\/2022\/01\/9782878442847_1_75.jpg","type":"image\/jpeg"}],"twitter_card":"summary_large_image","twitter_misc":{"Est. reading time":"2 minutes"},"schema":{"@context":"https:\/\/schema.org","@graph":[{"@type":"WebPage","@id":"https:\/\/librairie7l.com\/en\/produit\/tromper-les-yeux-miroirs-dans-le-grand-decor-en-europe-xviie-xviiie-siecles\/","url":"https:\/\/librairie7l.com\/en\/produit\/tromper-les-yeux-miroirs-dans-le-grand-decor-en-europe-xviie-xviiie-siecles\/","name":"TROMPER LES YEUX : MIROIRS DANS LE GRAND D\u00c9COR EN EUROPE (XVIIE-XVIIIE SI\u00c8CLES) - Librairie 7L","isPartOf":{"@id":"https:\/\/librairie7l.com\/en\/#website"},"datePublished":"2023-05-09T16:20:10+00:00","dateModified":"2026-04-05T16:28:54+00:00","breadcrumb":{"@id":"https:\/\/librairie7l.com\/en\/produit\/tromper-les-yeux-miroirs-dans-le-grand-decor-en-europe-xviie-xviiie-siecles\/#breadcrumb"},"inLanguage":"en-US","potentialAction":[{"@type":"ReadAction","target":["https:\/\/librairie7l.com\/en\/produit\/tromper-les-yeux-miroirs-dans-le-grand-decor-en-europe-xviie-xviiie-siecles\/"]}]},{"@type":"BreadcrumbList","@id":"https:\/\/librairie7l.com\/en\/produit\/tromper-les-yeux-miroirs-dans-le-grand-decor-en-europe-xviie-xviiie-siecles\/#breadcrumb","itemListElement":[{"@type":"ListItem","position":1,"name":"Accueil","item":"https:\/\/librairie7l.com\/en\/"},{"@type":"ListItem","position":2,"name":"Shop","item":"https:\/\/librairie7l.com\/en\/shop\/"},{"@type":"ListItem","position":3,"name":"TROMPER LES YEUX : MIROIRS DANS LE GRAND D\u00c9COR EN EUROPE (XVIIE-XVIIIE SI\u00c8CLES)"}]},{"@type":"WebSite","@id":"https:\/\/librairie7l.com\/en\/#website","url":"https:\/\/librairie7l.com\/en\/","name":"Librairie 7L","description":"Librairie fond\u00e9e en 1999 par Karl Lagerfeld \u00e0 Paris","publisher":{"@id":"https:\/\/librairie7l.com\/en\/#organization"},"potentialAction":[{"@type":"SearchAction","target":{"@type":"EntryPoint","urlTemplate":"https:\/\/librairie7l.com\/en\/?s={search_term_string}"},"query-input":"required name=search_term_string"}],"inLanguage":"en-US"},{"@type":"Organization","@id":"https:\/\/librairie7l.com\/en\/#organization","name":"Librairie 7L","url":"https:\/\/librairie7l.com\/en\/","logo":{"@type":"ImageObject","inLanguage":"en-US","@id":"https:\/\/librairie7l.com\/en\/#\/schema\/logo\/image\/","url":"https:\/\/librairie7l.com\/wp-content\/uploads\/2022\/08\/logo-1.png","contentUrl":"https:\/\/librairie7l.com\/wp-content\/uploads\/2022\/08\/logo-1.png","width":227,"height":301,"caption":"Librairie 7L"},"image":{"@id":"https:\/\/librairie7l.com\/en\/#\/schema\/logo\/image\/"}}]}},"_links":{"self":[{"href":"https:\/\/librairie7l.com\/en\/wp-json\/wp\/v2\/product\/21011"}],"collection":[{"href":"https:\/\/librairie7l.com\/en\/wp-json\/wp\/v2\/product"}],"about":[{"href":"https:\/\/librairie7l.com\/en\/wp-json\/wp\/v2\/types\/product"}],"wp:featuredmedia":[{"embeddable":true,"href":"https:\/\/librairie7l.com\/en\/wp-json\/wp\/v2\/media\/21009"}],"wp:attachment":[{"href":"https:\/\/librairie7l.com\/en\/wp-json\/wp\/v2\/media?parent=21011"}],"wp:term":[{"taxonomy":"product_cat","embeddable":true,"href":"https:\/\/librairie7l.com\/en\/wp-json\/wp\/v2\/product_cat?post=21011"},{"taxonomy":"product_tag","embeddable":true,"href":"https:\/\/librairie7l.com\/en\/wp-json\/wp\/v2\/product_tag?post=21011"}],"curies":[{"name":"wp","href":"https:\/\/api.w.org\/{rel}","templated":true}]}}